{"id":1400,"date":"2025-04-22T11:49:44","date_gmt":"2025-04-22T11:49:44","guid":{"rendered":"https:\/\/forcol.atic.blue\/?page_id=1400"},"modified":"2025-05-30T08:31:25","modified_gmt":"2025-05-30T08:31:25","slug":"politique-de-confidentialite","status":"publish","type":"page","link":"https:\/\/forcol.atic.blue\/fr\/politique-de-confidentialite\/","title":{"rendered":"Politique de Confidentialit\u00e9"},"content":{"rendered":"\t\t<div data-elementor-type=\"wp-page\" data-elementor-id=\"1400\" class=\"elementor elementor-1400 elementor-278\" data-elementor-post-type=\"page\">\n\t\t\t\t<div class=\"elementor-element elementor-element-add4571 e-flex e-con-boxed e-con e-parent\" data-id=\"add4571\" data-element_type=\"container\">\n\t\t\t\t\t<div class=\"e-con-inner\">\n\t\t\t\t<div class=\"elementor-element elementor-element-d18639d elementor-widget elementor-widget-heading\" data-id=\"d18639d\" data-element_type=\"widget\" data-widget_type=\"heading.default\">\n\t\t\t\t<div class=\"elementor-widget-container\">\n\t\t\t\t\t<h1 class=\"elementor-heading-title elementor-size-default\">Politique de Confidentialit\u00e9<\/h1>\t\t\t\t<\/div>\n\t\t\t\t<\/div>\n\t\t\t\t<div class=\"elementor-element elementor-element-4ef8ce8 elementor-widget elementor-widget-text-editor\" data-id=\"4ef8ce8\" data-element_type=\"widget\" data-widget_type=\"text-editor.default\">\n\t\t\t\t<div class=\"elementor-widget-container\">\n\t\t\t\t\t\t\t\t\t<ol><li><strong>Qui sommes-nous ?<\/strong><\/li><\/ol><p>La pr\u00e9sente Politique de Confidentialit\u00e9 r\u00e9gule le traitement des donn\u00e9es effectu\u00e9 par Origen Materiales, S.A. (ci-apr\u00e8s, \u00ab\u00a0Origen\u00a0\u00bb), domicili\u00e9e \u00e0 Camino Romeral, s\/n, 12004 Castell\u00f3n de la Plana (Castell\u00f3n), en relation avec les utilisateurs qui acc\u00e8dent ou contactent Origen via le Site Web \u2013 https:\/\u2026\u2026\u2026\u2026\u2026\u2026\u2026\u2026.<\/p><p>Sauf indication contraire, toutes les donn\u00e9es personnelles collect\u00e9es sur le Site Web sont obligatoires, \u00e9tant un \u00e9l\u00e9ment indispensable pour la prestation du service demand\u00e9. La non-fourniture de celles-ci entra\u00eenera l&rsquo;impossibilit\u00e9 de traiter votre demande ou de vous fournir le service contract\u00e9.<\/p><p>De plus, il est inform\u00e9 qu&rsquo;aucun des traitements couverts par cette politique de confidentialit\u00e9 ne contient de d\u00e9cisions individuelles automatis\u00e9es ni de transferts internationaux de donn\u00e9es.<\/p><p>\u00c0 cet \u00e9gard, vous confirmez et garantissez la v\u00e9racit\u00e9 et l&rsquo;exactitude des donn\u00e9es fournies et qu&rsquo;elles correspondent \u00e0 votre \u00e9tat actuel, devant communiquer tout changement qui se produit dans celles-ci, conform\u00e9ment \u00e0 la proc\u00e9dure \u00e9tablie au paragraphe 6 de cette Politique.<\/p><ol start=\"2\"><li><strong>\u00c0 quoi servent vos donn\u00e9es personnelles ?<\/strong><\/li><\/ol><p>Origen ne demandera et ne traitera que les donn\u00e9es personnelles n\u00e9cessaires pour traiter la demande effectu\u00e9e, fournir le service contract\u00e9 ou pouvoir initier et maintenir une relation commerciale, contractuelle et\/ou pr\u00e9contractuelle avec vous.<\/p><p>Ce qui pr\u00e9c\u00e8de peut impliquer le traitement de donn\u00e9es personnelles de clients, fournisseurs et\/ou possibles fournisseurs, investisseurs, candidats et tout autre utilisateur qui acc\u00e8de ou transmet des informations via le Site Web.<\/p><p>La simple navigation sur le Site Web, en g\u00e9n\u00e9ral, n&rsquo;impliquera pas le traitement de vos donn\u00e9es personnelles, sauf, dans des cas sp\u00e9cifiques, votre adresse IP et les donn\u00e9es relatives \u00e0 votre navigation, afin de g\u00e9rer et optimiser le Site Web.<\/p><p>Ci-dessous, les diff\u00e9rentes finalit\u00e9s pour lesquelles vos donn\u00e9es personnelles sont trait\u00e9es et les bases qui l\u00e9gitiment le traitement sont d\u00e9crites :<\/p><ol><li><strong>Sur la base de l&rsquo;int\u00e9r\u00eat l\u00e9gitime d&rsquo;Origen<\/strong><\/li><li>R\u00e9pondre \u00e0 vos demandes d&rsquo;information, de plaintes ou de suggestions ou toute autre question que vous souhaitez nous transmettre via le courrier de contact du Site Web, avec l&rsquo;int\u00e9r\u00eat l\u00e9gitime de prot\u00e9ger la r\u00e9putation de l&rsquo;organisation.<\/li><li>Transf\u00e9rer les donn\u00e9es que vous nous fournissez via le formulaire de contact ou le formulaire de carri\u00e8res du Site Web \u00e0 d&rsquo;autres entit\u00e9s du Groupe Simetr\u00eda\u00a0https:\/\/www.simetriagrupo.com\/sobre-simetria\/, auquel Origen appartient, \u00e0 des fins administratives et de gestion interne, avec l&rsquo;int\u00e9r\u00eat l\u00e9gitime d&rsquo;une gestion plus efficace.<\/li><li>Dans le cas o\u00f9 vous \u00eates client d&rsquo;Origen, vous envoyer des communications commerciales sur les produits et services offerts par Origen qui pourraient vous int\u00e9resser, li\u00e9s \u00e0 ceux que vous avez pr\u00e9c\u00e9demment contract\u00e9s, par tout moyen y compris \u00e9lectronique, avec l&rsquo;int\u00e9r\u00eat l\u00e9gitime d&rsquo;am\u00e9liorer les ventes.<\/li><li>G\u00e9rer votre abonnement \u00e0 notre Newsletter, sur les nouveaut\u00e9s de produit et nos faits les plus pertinents, avec l&rsquo;int\u00e9r\u00eat l\u00e9gitime de maintenir le contact habituel avec les abonn\u00e9s en fournissant des informations int\u00e9ressantes.<\/li><li>G\u00e9rer votre communication via le canal de d\u00e9nonciation de Simetr\u00eda, enqu\u00eater sur les faits d\u00e9nonc\u00e9s et adopter les mesures correctives pertinentes, en relation avec la pr\u00e9vention des infractions p\u00e9nales et de la responsabilit\u00e9 p\u00e9nale des personnes morales qui composent le Groupe Simetr\u00eda, et, le cas \u00e9ch\u00e9ant, vous informer du r\u00e9sultat de la proc\u00e9dure, avec l&rsquo;int\u00e9r\u00eat l\u00e9gitime de prot\u00e9ger la r\u00e9putation de l&rsquo;organisation.<\/li><li><strong>Sur la base de la relation pr\u00e9contractuelle<\/strong><\/li><li>G\u00e9rer la r\u00e9ception de votre candidature et votre possible participation \u00e0 des processus de s\u00e9lection du Groupe Simetr\u00eda\u00a0https:\/\/www.simetriagrupo.com\/sobre-simetria\/, auquel Origen appartient, dans lesquels votre profil pourrait correspondre.<\/li><\/ol><ul><li><strong>Sur la base de la relation contractuelle<\/strong><\/li><\/ul><ol><li>R\u00e9pondre \u00e0 vos demandes d&rsquo;information, de plaintes ou de suggestions ou toute autre question que vous souhaitez nous transmettre via le courrier de contact du Site Web, li\u00e9es aux produits ou services d&rsquo;Origen pr\u00e9c\u00e9demment contract\u00e9s par vous.<\/li><li><strong>Sur la base de votre consentement<\/strong><\/li><li>Vous envoyez des communications commerciales sur les produits ou services offerts par Origen qui pourraient vous int\u00e9resser, par tout moyen, y compris \u00e9lectronique.<\/li><li><strong>Sur la base d&rsquo;une obligation l\u00e9gale<\/strong><\/li><li>Communiquer des informations aux autorit\u00e9s publiques, r\u00e9gulateurs ou organismes gouvernementaux dans les cas o\u00f9 cela est n\u00e9cessaire par la loi, la r\u00e9glementation locale ou dans le respect des obligations r\u00e9glementaires.<\/li><\/ol><p>\u00a0<\/p><ol start=\"3\"><li><strong>Avec qui partageons-nous vos donn\u00e9es ?<\/strong><\/li><\/ol><p>Les donn\u00e9es personnelles que vous fournissez \u00e0 Origen peuvent \u00eatre communiqu\u00e9es aux cat\u00e9gories de destinataires suivantes :<\/p><ol><li>Autorit\u00e9s publiques, r\u00e9gulateurs ou organismes gouvernementaux dans les cas o\u00f9 cela est n\u00e9cessaire par la loi, la r\u00e9glementation locale ou dans le respect des obligations r\u00e9glementaires.<\/li><li>Entreprises faisant partie du Groupe Simetr\u00eda, auquel Origen appartient, afin de pouvoir g\u00e9rer correctement vos demandes, en raison de la centralisation des processus administratifs et informatiques existant au sein du Groupe, ainsi qu&rsquo;\u00e0 des fins commerciales dans le cas o\u00f9 vous avez donn\u00e9 votre consentement pour cela.<\/li><li>Autres organisations qui, en qualit\u00e9 de responsables du traitement, acc\u00e8dent ou re\u00e7oivent les donn\u00e9es personnelles sous les directives de notre organisation en tant que responsable du traitement et dans le cadre d&rsquo;un contrat de prestation de service de nature diff\u00e9rente (entreprises de conseil, formation, PRL, etc.)<\/li><li><strong>Comment prot\u00e9geons-nous vos donn\u00e9es ?<\/strong><\/li><\/ol><p>Origen dispose de politiques appropri\u00e9es, de mesures techniques et organisationnelles pour sauvegarder et prot\u00e9ger vos donn\u00e9es personnelles contre l&rsquo;acc\u00e8s ill\u00e9gal ou non autoris\u00e9, la perte ou la destruction accidentelle, les dommages, l&rsquo;utilisation et la divulgation ill\u00e9gale ou non autoris\u00e9e. De plus, Origen prendra toutes les pr\u00e9cautions raisonnables pour garantir que son personnel et les employ\u00e9s qui ont acc\u00e8s \u00e0 vos donn\u00e9es personnelles ont re\u00e7u une formation ad\u00e9quate.<\/p><p>En tout cas, il est inform\u00e9 \u00e0 l&rsquo;utilisateur que toute transmission de donn\u00e9es via Internet n&rsquo;est pas compl\u00e8tement s\u00e9curis\u00e9e et, en tant que telle, se fait \u00e0 ses propres risques. Bien que nous fassions de notre mieux pour prot\u00e9ger vos donn\u00e9es personnelles, Origen ne peut garantir la s\u00e9curit\u00e9 des donn\u00e9es personnelles transmises via notre Site Web.<\/p><ol start=\"5\"><li><strong>Pendant combien de temps conservons-nous les donn\u00e9es personnelles ?<\/strong><\/li><\/ol><p>Vos donn\u00e9es personnelles seront conserv\u00e9es pendant le temps n\u00e9cessaire pour pouvoir vous fournir les services demand\u00e9s. Une fois que toutes les actions n\u00e9cessaires pour g\u00e9rer et conclure les services demand\u00e9s auront \u00e9t\u00e9 effectu\u00e9es, vos donn\u00e9es personnelles seront supprim\u00e9es, sauf dans les cas o\u00f9 vous nous avez donn\u00e9 votre consentement expr\u00e8s pour vous envoyer des communications commerciales, auquel cas vos donn\u00e9es seront conserv\u00e9es jusqu&rsquo;\u00e0 ce que vous manifestiez votre opposition.<\/p><p>Nonobstant ce qui pr\u00e9c\u00e8de, vos donn\u00e9es seront conserv\u00e9es correctement bloqu\u00e9es, tant que des responsabilit\u00e9s peuvent d\u00e9couler de la prestation des services demand\u00e9s, ainsi que pour le respect d&rsquo;autres obligations l\u00e9gales \u00e0 la charge d&rsquo;Origen. Dans ces cas, Origen garantit qu&rsquo;il ne traitera pas les donn\u00e9es sauf si cela est n\u00e9cessaire pour la formulation, l&rsquo;exercice ou la d\u00e9fense de r\u00e9clamations ou lorsque cela est requis pour fournir les m\u00eames \u00e0 l&rsquo;Administration Publique, aux Juges et Tribunaux pendant la p\u00e9riode de prescription de vos droits ou obligations l\u00e9gales.<\/p><ol start=\"6\"><li><strong>Vos droits en mati\u00e8re de protection des donn\u00e9es<\/strong><\/li><\/ol><p>Nous vous informons qu&rsquo;en vertu de la l\u00e9gislation en vigueur en mati\u00e8re de protection des donn\u00e9es personnelles, vous avez le droit d&rsquo;exercer vos droits d&rsquo;acc\u00e8s, de rectification, de suppression, de limitation du traitement, de portabilit\u00e9 de vos donn\u00e9es et d&rsquo;opposition, ainsi que de vous opposer aux d\u00e9cisions individuelles automatis\u00e9es s&rsquo;il y en a, et de r\u00e9voquer \u00e0 tout moment les consentements que vous nous avez pr\u00e9alablement donn\u00e9s, en prouvant votre identit\u00e9 (par copie de votre carte d&rsquo;identit\u00e9 ou \u00e9quivalent) aupr\u00e8s de : Origen Materiales, S.A. \u00e0 l&rsquo;adresse : Edificio Simetr\u00eda, Paseo Buenavista, s\/n, 12.100 Grao de Castell\u00f3n (Castell\u00f3n), ou par email \u00e0\u00a0<a href=\"mailto:dpo@simetriagrupo.com\">dpo@simetriagrupo.com<\/a>.<\/p><p>De m\u00eame, si vous consid\u00e9rez qu&rsquo;Origen n&rsquo;a pas respect\u00e9 l&rsquo;un des droits susmentionn\u00e9s, vous aurez le droit de d\u00e9poser une plainte aupr\u00e8s de l&rsquo;Agence Espagnole de Protection des Donn\u00e9es \u00e0 l&rsquo;adresse Calle Jorge Juan, 6, 28001, Madrid (https:\/\/www.aepd.es\/).<\/p><p>De m\u00eame, vous pouvez contacter notre D\u00e9l\u00e9gu\u00e9 \u00e0 la Protection des Donn\u00e9es par email \u00e0\u00a0<a href=\"mailto:dpo@simetriagrupo.com\">dpo@simetriagrupo.com<\/a>.<\/p><p>\u00a0<\/p>\t\t\t\t\t\t\t\t<\/div>\n\t\t\t\t<\/div>\n\t\t\t\t\t<\/div>\n\t\t\t\t<\/div>\n\t\t\t\t<\/div>\n\t\t","protected":false},"excerpt":{"rendered":"<p>Politique de Confidentialit\u00e9 Qui sommes-nous ? La pr\u00e9sente Politique de Confidentialit\u00e9 r\u00e9gule le traitement des donn\u00e9es effectu\u00e9 par Origen Materiales, S.A. (ci-apr\u00e8s, \u00ab\u00a0Origen\u00a0\u00bb), domicili\u00e9e \u00e0 Camino Romeral, s\/n, 12004 Castell\u00f3n de la Plana (Castell\u00f3n), en relation avec les utilisateurs qui acc\u00e8dent ou contactent Origen via le Site Web \u2013 https:\/\u2026\u2026\u2026\u2026\u2026\u2026\u2026\u2026. Sauf indication contraire, toutes les [&hellip;]<\/p>\n","protected":false},"author":1,"featured_media":0,"parent":0,"menu_order":0,"comment_status":"closed","ping_status":"closed","template":"","meta":{"_acf_changed":false,"footnotes":""},"class_list":["post-1400","page","type-page","status-publish","hentry"],"acf":[],"yoast_head":"<!-- This site is optimized with the Yoast SEO plugin v24.9 - https:\/\/yoast.com\/wordpress\/plugins\/seo\/ -->\n<title>Politique de Confidentialit\u00e9 - Forcol<\/title>\n<meta name=\"robots\" content=\"noindex, follow, max-snippet:-1, max-image-preview:large, max-video-preview:-1\" \/>\n<meta property=\"og:locale\" content=\"fr_FR\" \/>\n<meta property=\"og:type\" content=\"article\" \/>\n<meta property=\"og:title\" content=\"Politique de Confidentialit\u00e9 - Forcol\" \/>\n<meta property=\"og:description\" content=\"Politique de Confidentialit\u00e9 Qui sommes-nous ? La pr\u00e9sente Politique de Confidentialit\u00e9 r\u00e9gule le traitement des donn\u00e9es effectu\u00e9 par Origen Materiales, S.A. (ci-apr\u00e8s, \u00ab\u00a0Origen\u00a0\u00bb), domicili\u00e9e \u00e0 Camino Romeral, s\/n, 12004 Castell\u00f3n de la Plana (Castell\u00f3n), en relation avec les utilisateurs qui acc\u00e8dent ou contactent Origen via le Site Web \u2013 https:\/\u2026\u2026\u2026\u2026\u2026\u2026\u2026\u2026. Sauf indication contraire, toutes les [&hellip;]\" \/>\n<meta property=\"og:url\" content=\"https:\/\/forcol.atic.blue\/fr\/politique-de-confidentialite\/\" \/>\n<meta property=\"og:site_name\" content=\"Forcol\" \/>\n<meta property=\"article:modified_time\" content=\"2025-05-30T08:31:25+00:00\" \/>\n<meta name=\"twitter:card\" content=\"summary_large_image\" \/>\n<meta name=\"twitter:label1\" content=\"Dur\u00e9e de lecture estim\u00e9e\" \/>\n\t<meta name=\"twitter:data1\" content=\"7 minutes\" \/>\n<script type=\"application\/ld+json\" class=\"yoast-schema-graph\">{\"@context\":\"https:\/\/schema.org\",\"@graph\":[{\"@type\":\"WebPage\",\"@id\":\"https:\/\/forcol.atic.blue\/fr\/politique-de-confidentialite\/\",\"url\":\"https:\/\/forcol.atic.blue\/fr\/politique-de-confidentialite\/\",\"name\":\"Politique de Confidentialit\u00e9 - Forcol\",\"isPartOf\":{\"@id\":\"https:\/\/forcol.atic.blue\/#website\"},\"datePublished\":\"2025-04-22T11:49:44+00:00\",\"dateModified\":\"2025-05-30T08:31:25+00:00\",\"breadcrumb\":{\"@id\":\"https:\/\/forcol.atic.blue\/fr\/politique-de-confidentialite\/#breadcrumb\"},\"inLanguage\":\"fr-FR\",\"potentialAction\":[{\"@type\":\"ReadAction\",\"target\":[\"https:\/\/forcol.atic.blue\/fr\/politique-de-confidentialite\/\"]}]},{\"@type\":\"BreadcrumbList\",\"@id\":\"https:\/\/forcol.atic.blue\/fr\/politique-de-confidentialite\/#breadcrumb\",\"itemListElement\":[{\"@type\":\"ListItem\",\"position\":1,\"name\":\"Portada\",\"item\":\"https:\/\/forcol.atic.blue\/\"},{\"@type\":\"ListItem\",\"position\":2,\"name\":\"Politique de Confidentialit\u00e9\"}]},{\"@type\":\"WebSite\",\"@id\":\"https:\/\/forcol.atic.blue\/#website\",\"url\":\"https:\/\/forcol.atic.blue\/\",\"name\":\"Forcol\",\"description\":\"\",\"potentialAction\":[{\"@type\":\"SearchAction\",\"target\":{\"@type\":\"EntryPoint\",\"urlTemplate\":\"https:\/\/forcol.atic.blue\/?s={search_term_string}\"},\"query-input\":{\"@type\":\"PropertyValueSpecification\",\"valueRequired\":true,\"valueName\":\"search_term_string\"}}],\"inLanguage\":\"fr-FR\"}]}<\/script>\n<!-- \/ Yoast SEO plugin. -->","yoast_head_json":{"title":"Politique de Confidentialit\u00e9 - Forcol","robots":{"index":"noindex","follow":"follow","max-snippet":"max-snippet:-1","max-image-preview":"max-image-preview:large","max-video-preview":"max-video-preview:-1"},"og_locale":"fr_FR","og_type":"article","og_title":"Politique de Confidentialit\u00e9 - Forcol","og_description":"Politique de Confidentialit\u00e9 Qui sommes-nous ? La pr\u00e9sente Politique de Confidentialit\u00e9 r\u00e9gule le traitement des donn\u00e9es effectu\u00e9 par Origen Materiales, S.A. (ci-apr\u00e8s, \u00ab\u00a0Origen\u00a0\u00bb), domicili\u00e9e \u00e0 Camino Romeral, s\/n, 12004 Castell\u00f3n de la Plana (Castell\u00f3n), en relation avec les utilisateurs qui acc\u00e8dent ou contactent Origen via le Site Web \u2013 https:\/\u2026\u2026\u2026\u2026\u2026\u2026\u2026\u2026. Sauf indication contraire, toutes les [&hellip;]","og_url":"https:\/\/forcol.atic.blue\/fr\/politique-de-confidentialite\/","og_site_name":"Forcol","article_modified_time":"2025-05-30T08:31:25+00:00","twitter_card":"summary_large_image","twitter_misc":{"Dur\u00e9e de lecture estim\u00e9e":"7 minutes"},"schema":{"@context":"https:\/\/schema.org","@graph":[{"@type":"WebPage","@id":"https:\/\/forcol.atic.blue\/fr\/politique-de-confidentialite\/","url":"https:\/\/forcol.atic.blue\/fr\/politique-de-confidentialite\/","name":"Politique de Confidentialit\u00e9 - Forcol","isPartOf":{"@id":"https:\/\/forcol.atic.blue\/#website"},"datePublished":"2025-04-22T11:49:44+00:00","dateModified":"2025-05-30T08:31:25+00:00","breadcrumb":{"@id":"https:\/\/forcol.atic.blue\/fr\/politique-de-confidentialite\/#breadcrumb"},"inLanguage":"fr-FR","potentialAction":[{"@type":"ReadAction","target":["https:\/\/forcol.atic.blue\/fr\/politique-de-confidentialite\/"]}]},{"@type":"BreadcrumbList","@id":"https:\/\/forcol.atic.blue\/fr\/politique-de-confidentialite\/#breadcrumb","itemListElement":[{"@type":"ListItem","position":1,"name":"Portada","item":"https:\/\/forcol.atic.blue\/"},{"@type":"ListItem","position":2,"name":"Politique de Confidentialit\u00e9"}]},{"@type":"WebSite","@id":"https:\/\/forcol.atic.blue\/#website","url":"https:\/\/forcol.atic.blue\/","name":"Forcol","description":"","potentialAction":[{"@type":"SearchAction","target":{"@type":"EntryPoint","urlTemplate":"https:\/\/forcol.atic.blue\/?s={search_term_string}"},"query-input":{"@type":"PropertyValueSpecification","valueRequired":true,"valueName":"search_term_string"}}],"inLanguage":"fr-FR"}]}},"_links":{"self":[{"href":"https:\/\/forcol.atic.blue\/fr\/wp-json\/wp\/v2\/pages\/1400","targetHints":{"allow":["GET"]}}],"collection":[{"href":"https:\/\/forcol.atic.blue\/fr\/wp-json\/wp\/v2\/pages"}],"about":[{"href":"https:\/\/forcol.atic.blue\/fr\/wp-json\/wp\/v2\/types\/page"}],"author":[{"embeddable":true,"href":"https:\/\/forcol.atic.blue\/fr\/wp-json\/wp\/v2\/users\/1"}],"replies":[{"embeddable":true,"href":"https:\/\/forcol.atic.blue\/fr\/wp-json\/wp\/v2\/comments?post=1400"}],"version-history":[{"count":4,"href":"https:\/\/forcol.atic.blue\/fr\/wp-json\/wp\/v2\/pages\/1400\/revisions"}],"predecessor-version":[{"id":1415,"href":"https:\/\/forcol.atic.blue\/fr\/wp-json\/wp\/v2\/pages\/1400\/revisions\/1415"}],"wp:attachment":[{"href":"https:\/\/forcol.atic.blue\/fr\/wp-json\/wp\/v2\/media?parent=1400"}],"curies":[{"name":"wp","href":"https:\/\/api.w.org\/{rel}","templated":true}]}}