{"id":826,"date":"2025-04-22T07:52:25","date_gmt":"2025-04-22T07:52:25","guid":{"rendered":"https:\/\/forcol.atic.blue\/?page_id=826"},"modified":"2025-05-08T12:22:42","modified_gmt":"2025-05-08T12:22:42","slug":"qui-sommes-nous","status":"publish","type":"page","link":"https:\/\/forcol.atic.blue\/fr\/qui-sommes-nous\/","title":{"rendered":"Qui sommes-nous"},"content":{"rendered":"\t\t<div data-elementor-type=\"wp-page\" data-elementor-id=\"826\" class=\"elementor elementor-826 elementor-14\" data-elementor-post-type=\"page\">\n\t\t\t\t<div class=\"elementor-element elementor-element-71dc38e quienes-somos e-flex e-con-boxed e-con e-parent\" data-id=\"71dc38e\" data-element_type=\"container\" data-settings=\"{&quot;background_background&quot;:&quot;classic&quot;}\">\n\t\t\t\t\t<div class=\"e-con-inner\">\n\t\t<div class=\"elementor-element elementor-element-c92d7a3 e-con-full e-flex e-con e-child\" data-id=\"c92d7a3\" data-element_type=\"container\">\n\t\t<div class=\"elementor-element elementor-element-a74c97e e-con-full e-flex e-con e-child\" data-id=\"a74c97e\" data-element_type=\"container\">\n\t\t\t\t<div class=\"elementor-element elementor-element-58fbfea elementor-invisible elementor-widget elementor-widget-heading\" data-id=\"58fbfea\" data-element_type=\"widget\" data-settings=\"{&quot;_animation&quot;:&quot;fadeInDown&quot;}\" data-widget_type=\"heading.default\">\n\t\t\t\t<div class=\"elementor-widget-container\">\n\t\t\t\t\t<h1 class=\"elementor-heading-title elementor-size-default\">Qui sommes-nous <\/h1>\t\t\t\t<\/div>\n\t\t\t\t<\/div>\n\t\t\t\t<div class=\"elementor-element elementor-element-d92eb59 elementor-invisible elementor-widget elementor-widget-text-editor\" data-id=\"d92eb59\" data-element_type=\"widget\" data-settings=\"{&quot;_animation&quot;:&quot;fadeInUp&quot;}\" data-widget_type=\"text-editor.default\">\n\t\t\t\t<div class=\"elementor-widget-container\">\n\t\t\t\t\t\t\t\t\t<p><strong>Forcol\u00ae<\/strong> est la marque sous laquelle Origen, la division mat\u00e9riaux de construction de Simetr\u00eda Grupo, commercialise des a dh \u00e9sifs cimentaires, mortiers de ma\u00e7onnerie, de ravalement, autonivelants, joints \ufb02exibles et tous types de mat\u00e9riaux pour la construction, con\u00e7us, produits et soud\u00e9s dans nos propres installations.<\/p><p>Chez Forcol, nous proposons une alternative de haute qualit\u00e9 en mati\u00e8re de colles \u00e0 carrelage et de produits chimiques pour la construction. Notre marque, issue d\u2019un secteur b\u00e9n\u00e9ficiant de plus de 50 ans d\u2019exp\u00e9rience au sein du groupe, repose sur des normes de qualit\u00e9 \u00e9lev\u00e9es et un service client efficace.<\/p>\t\t\t\t\t\t\t\t<\/div>\n\t\t\t\t<\/div>\n\t\t\t\t<\/div>\n\t\t<div class=\"elementor-element elementor-element-c4cd541 e-con-full e-flex e-con e-child\" data-id=\"c4cd541\" data-element_type=\"container\">\n\t\t\t\t<div class=\"elementor-element elementor-element-792b3bb elementor-invisible elementor-widget elementor-widget-image\" data-id=\"792b3bb\" data-element_type=\"widget\" data-settings=\"{&quot;_animation&quot;:&quot;fadeInRight&quot;}\" data-widget_type=\"image.default\">\n\t\t\t\t<div class=\"elementor-widget-container\">\n\t\t\t\t\t\t\t\t\t\t\t\t\t\t\t<img fetchpriority=\"high\" decoding=\"async\" width=\"800\" height=\"534\" src=\"https:\/\/forcol.atic.blue\/wp-content\/uploads\/2025\/04\/Planta-Origen-1024x683.jpg\" class=\"attachment-large size-large wp-image-336\" alt=\"\" srcset=\"https:\/\/forcol.atic.blue\/wp-content\/uploads\/2025\/04\/Planta-Origen-1024x683.jpg 1024w, https:\/\/forcol.atic.blue\/wp-content\/uploads\/2025\/04\/Planta-Origen-600x400.jpg 600w, https:\/\/forcol.atic.blue\/wp-content\/uploads\/2025\/04\/Planta-Origen-300x200.jpg 300w, https:\/\/forcol.atic.blue\/wp-content\/uploads\/2025\/04\/Planta-Origen-768x512.jpg 768w, https:\/\/forcol.atic.blue\/wp-content\/uploads\/2025\/04\/Planta-Origen-1536x1024.jpg 1536w, https:\/\/forcol.atic.blue\/wp-content\/uploads\/2025\/04\/Planta-Origen-2048x1366.jpg 2048w\" sizes=\"(max-width: 800px) 100vw, 800px\" \/>\t\t\t\t\t\t\t\t\t\t\t\t\t\t\t<\/div>\n\t\t\t\t<\/div>\n\t\t\t\t<\/div>\n\t\t\t\t<\/div>\n\t\t<div class=\"elementor-element elementor-element-3bc97b6 e-con-full e-flex e-con e-child\" data-id=\"3bc97b6\" data-element_type=\"container\">\n\t\t<div class=\"elementor-element elementor-element-7aea444 e-con-full e-flex e-con e-child\" data-id=\"7aea444\" data-element_type=\"container\">\n\t\t\t\t<div class=\"elementor-element elementor-element-3997717 elementor-invisible elementor-widget elementor-widget-image\" data-id=\"3997717\" data-element_type=\"widget\" data-settings=\"{&quot;_animation&quot;:&quot;fadeInLeft&quot;}\" data-widget_type=\"image.default\">\n\t\t\t\t<div class=\"elementor-widget-container\">\n\t\t\t\t\t\t\t\t\t\t\t\t\t\t\t<img decoding=\"async\" width=\"800\" height=\"534\" src=\"https:\/\/forcol.atic.blue\/wp-content\/uploads\/2025\/04\/ensacadora-forocol-0002_-1024x683.jpg\" class=\"attachment-large size-large wp-image-424\" alt=\"\" srcset=\"https:\/\/forcol.atic.blue\/wp-content\/uploads\/2025\/04\/ensacadora-forocol-0002_-1024x683.jpg 1024w, https:\/\/forcol.atic.blue\/wp-content\/uploads\/2025\/04\/ensacadora-forocol-0002_-600x400.jpg 600w, https:\/\/forcol.atic.blue\/wp-content\/uploads\/2025\/04\/ensacadora-forocol-0002_-300x200.jpg 300w, https:\/\/forcol.atic.blue\/wp-content\/uploads\/2025\/04\/ensacadora-forocol-0002_-768x512.jpg 768w, https:\/\/forcol.atic.blue\/wp-content\/uploads\/2025\/04\/ensacadora-forocol-0002_-1536x1024.jpg 1536w, https:\/\/forcol.atic.blue\/wp-content\/uploads\/2025\/04\/ensacadora-forocol-0002_-2048x1366.jpg 2048w\" sizes=\"(max-width: 800px) 100vw, 800px\" \/>\t\t\t\t\t\t\t\t\t\t\t\t\t\t\t<\/div>\n\t\t\t\t<\/div>\n\t\t\t\t<\/div>\n\t\t<div class=\"elementor-element elementor-element-11818dd e-con-full e-flex e-con e-child\" data-id=\"11818dd\" data-element_type=\"container\">\n\t\t\t\t<div class=\"elementor-element elementor-element-244e039 elementor-invisible elementor-widget elementor-widget-heading\" data-id=\"244e039\" data-element_type=\"widget\" data-settings=\"{&quot;_animation&quot;:&quot;fadeInDown&quot;}\" data-widget_type=\"heading.default\">\n\t\t\t\t<div class=\"elementor-widget-container\">\n\t\t\t\t\t<h2 class=\"elementor-heading-title elementor-size-default\">Parcours<\/h2>\t\t\t\t<\/div>\n\t\t\t\t<\/div>\n\t\t\t\t<div class=\"elementor-element elementor-element-fb5ceb5 elementor-invisible elementor-widget elementor-widget-text-editor\" data-id=\"fb5ceb5\" data-element_type=\"widget\" data-settings=\"{&quot;_animation&quot;:&quot;fadeInUp&quot;}\" data-widget_type=\"text-editor.default\">\n\t\t\t\t<div class=\"elementor-widget-container\">\n\t\t\t\t\t\t\t\t\t<p>La longue trajectoire de Simetr\u00eda Grupo, notamment dans le domaine des mat\u00e9riaux de construction, nous a permis d\u2019identifier les besoins du secteur et de d\u00e9velopper des produits adapt\u00e9s aux diff\u00e9rentes exigences du march\u00e9. Ainsi, chez Forcol, nous veillons \u00e0 ce que le choix du produit soit le plus appropri\u00e9 pour la pose de tout type de c\u00e9ramique et de rev\u00eatement.<\/p>\t\t\t\t\t\t\t\t<\/div>\n\t\t\t\t<\/div>\n\t\t\t\t<\/div>\n\t\t\t\t<\/div>\n\t\t\t\t\t<\/div>\n\t\t\t\t<\/div>\n\t\t<div class=\"elementor-element elementor-element-ff370f0 e-flex e-con-boxed e-con e-parent\" data-id=\"ff370f0\" data-element_type=\"container\" data-settings=\"{&quot;background_background&quot;:&quot;classic&quot;}\">\n\t\t\t\t\t<div class=\"e-con-inner\">\n\t\t<div class=\"elementor-element elementor-element-0b6380c e-con-full e-flex e-con e-child\" data-id=\"0b6380c\" data-element_type=\"container\">\n\t\t\t\t<div class=\"elementor-element elementor-element-5b86196 elementor-invisible elementor-widget elementor-widget-heading\" data-id=\"5b86196\" data-element_type=\"widget\" data-settings=\"{&quot;_animation&quot;:&quot;fadeInDown&quot;}\" data-widget_type=\"heading.default\">\n\t\t\t\t<div class=\"elementor-widget-container\">\n\t\t\t\t\t<h2 class=\"elementor-heading-title elementor-size-default\">UNE ALTERNATIVE INNOVANTE SUR LE MARCH\u00c9<\/h2>\t\t\t\t<\/div>\n\t\t\t\t<\/div>\n\t\t\t\t<\/div>\n\t\t<div class=\"elementor-element elementor-element-912c0bd e-con-full e-flex e-con e-child\" data-id=\"912c0bd\" data-element_type=\"container\">\n\t\t<div class=\"elementor-element elementor-element-cb14e77 e-con-full e-flex e-con e-child\" data-id=\"cb14e77\" data-element_type=\"container\" data-settings=\"{&quot;background_background&quot;:&quot;classic&quot;}\">\n\t\t\t\t<div class=\"elementor-element elementor-element-5c9aeba elementor-view-default elementor-invisible elementor-widget elementor-widget-icon\" data-id=\"5c9aeba\" data-element_type=\"widget\" data-settings=\"{&quot;_animation&quot;:&quot;fadeIn&quot;}\" data-widget_type=\"icon.default\">\n\t\t\t\t<div class=\"elementor-widget-container\">\n\t\t\t\t\t\t\t<div class=\"elementor-icon-wrapper\">\n\t\t\t<div class=\"elementor-icon\">\n\t\t\t<i aria-hidden=\"true\" class=\"icon icon-rocket\"><\/i>\t\t\t<\/div>\n\t\t<\/div>\n\t\t\t\t\t\t<\/div>\n\t\t\t\t<\/div>\n\t\t\t\t<div class=\"elementor-element elementor-element-a562cc9 elementor-widget elementor-widget-heading\" data-id=\"a562cc9\" data-element_type=\"widget\" data-settings=\"{&quot;_animation&quot;:&quot;none&quot;}\" data-widget_type=\"heading.default\">\n\t\t\t\t<div class=\"elementor-widget-container\">\n\t\t\t\t\t<h3 class=\"elementor-heading-title elementor-size-default\">OBJECTIF<\/h3>\t\t\t\t<\/div>\n\t\t\t\t<\/div>\n\t\t\t\t<div class=\"elementor-element elementor-element-d8009d1 elementor-widget elementor-widget-text-editor\" data-id=\"d8009d1\" data-element_type=\"widget\" data-settings=\"{&quot;_animation&quot;:&quot;none&quot;}\" data-widget_type=\"text-editor.default\">\n\t\t\t\t<div class=\"elementor-widget-container\">\n\t\t\t\t\t\t\t\t\t<p>Notre objectif est d\u2019offrir une alternative sur le march\u00e9 de la colle \u00e0 carrelage et des produits compl\u00e9mentaires, avec un service diff\u00e9renci\u00e9 bas\u00e9 sur l\u2019orientation client, l\u2019excellence, la durabilit\u00e9 et la qualit\u00e9 humaine de notre \u00e9quipe.<\/p>\t\t\t\t\t\t\t\t<\/div>\n\t\t\t\t<\/div>\n\t\t\t\t<\/div>\n\t\t<div class=\"elementor-element elementor-element-daa51ec e-con-full e-flex e-con e-child\" data-id=\"daa51ec\" data-element_type=\"container\" data-settings=\"{&quot;background_background&quot;:&quot;classic&quot;}\">\n\t\t\t\t<div class=\"elementor-element elementor-element-06b1081 elementor-view-default elementor-invisible elementor-widget elementor-widget-icon\" data-id=\"06b1081\" data-element_type=\"widget\" data-settings=\"{&quot;_animation&quot;:&quot;fadeIn&quot;}\" data-widget_type=\"icon.default\">\n\t\t\t\t<div class=\"elementor-widget-container\">\n\t\t\t\t\t\t\t<div class=\"elementor-icon-wrapper\">\n\t\t\t<div class=\"elementor-icon\">\n\t\t\t<i aria-hidden=\"true\" class=\"icon icon-support1\"><\/i>\t\t\t<\/div>\n\t\t<\/div>\n\t\t\t\t\t\t<\/div>\n\t\t\t\t<\/div>\n\t\t\t\t<div class=\"elementor-element elementor-element-e6bed87 elementor-widget elementor-widget-heading\" data-id=\"e6bed87\" data-element_type=\"widget\" data-settings=\"{&quot;_animation&quot;:&quot;none&quot;}\" data-widget_type=\"heading.default\">\n\t\t\t\t<div class=\"elementor-widget-container\">\n\t\t\t\t\t<h3 class=\"elementor-heading-title elementor-size-default\">SERVICE CLIENT<\/h3>\t\t\t\t<\/div>\n\t\t\t\t<\/div>\n\t\t\t\t<div class=\"elementor-element elementor-element-11c4dde elementor-widget elementor-widget-text-editor\" data-id=\"11c4dde\" data-element_type=\"widget\" data-settings=\"{&quot;_animation&quot;:&quot;none&quot;}\" data-widget_type=\"text-editor.default\">\n\t\t\t\t<div class=\"elementor-widget-container\">\n\t\t\t\t\t\t\t\t\t<p>Forcol dispose d\u2019un personnel commercial et technique hautement qualifi\u00e9 pour l\u2019attention personnalis\u00e9e, cr\u00e9ant ainsi un canal direct avec le client permettant de conna\u00eetre de premi\u00e8re main les besoins de ceux qui utilisent nos produits.<\/p>\t\t\t\t\t\t\t\t<\/div>\n\t\t\t\t<\/div>\n\t\t\t\t<\/div>\n\t\t<div class=\"elementor-element elementor-element-1532da9 e-con-full e-flex e-con e-child\" data-id=\"1532da9\" data-element_type=\"container\" data-settings=\"{&quot;background_background&quot;:&quot;classic&quot;}\">\n\t\t\t\t<div class=\"elementor-element elementor-element-5709aff elementor-widget elementor-widget-image\" data-id=\"5709aff\" data-element_type=\"widget\" data-widget_type=\"image.default\">\n\t\t\t\t<div class=\"elementor-widget-container\">\n\t\t\t\t\t\t\t\t\t\t\t\t\t\t\t<img decoding=\"async\" width=\"75\" height=\"89\" src=\"https:\/\/forcol.atic.blue\/wp-content\/uploads\/2025\/04\/icono_forcol.svg\" class=\"attachment-large size-large wp-image-99\" alt=\"\" \/>\t\t\t\t\t\t\t\t\t\t\t\t\t\t\t<\/div>\n\t\t\t\t<\/div>\n\t\t\t\t<div class=\"elementor-element elementor-element-ff377bb elementor-widget elementor-widget-heading\" data-id=\"ff377bb\" data-element_type=\"widget\" data-settings=\"{&quot;_animation&quot;:&quot;none&quot;}\" data-widget_type=\"heading.default\">\n\t\t\t\t<div class=\"elementor-widget-container\">\n\t\t\t\t\t<h3 class=\"elementor-heading-title elementor-size-default\">SERVICES<\/h3>\t\t\t\t<\/div>\n\t\t\t\t<\/div>\n\t\t\t\t<div class=\"elementor-element elementor-element-0fab358 elementor-widget elementor-widget-text-editor\" data-id=\"0fab358\" data-element_type=\"widget\" data-settings=\"{&quot;_animation&quot;:&quot;none&quot;}\" data-widget_type=\"text-editor.default\">\n\t\t\t\t<div class=\"elementor-widget-container\">\n\t\t\t\t\t\t\t\t\t<p>Faire partie d\u2019un groupe avec une exp\u00e9rience consolid\u00e9e dans le secteur des mat\u00e9riaux de construction nous garantit les connaissances et l\u2019exp\u00e9rience n\u00e9cessaires pour g\u00e9rer nos produits, les d\u00e9lais de r\u00e9ponse et le service client. Forcol dispose d\u2019une flotte moderne et \u00e9tendue de camions et de professionnels capables de livrer les produits au lieu et dans les d\u00e9lais convenus.<\/p>\t\t\t\t\t\t\t\t<\/div>\n\t\t\t\t<\/div>\n\t\t\t\t<\/div>\n\t\t\t\t<\/div>\n\t\t\t\t\t<\/div>\n\t\t\t\t<\/div>\n\t\t<div class=\"elementor-element elementor-element-7e865fc e-con-full e-flex e-con e-parent\" data-id=\"7e865fc\" data-element_type=\"container\" data-settings=\"{&quot;background_background&quot;:&quot;classic&quot;}\">\n\t\t\t\t<div class=\"elementor-element elementor-element-46d8818 elementor-widget elementor-widget-shortcode\" data-id=\"46d8818\" data-element_type=\"widget\" data-widget_type=\"shortcode.default\">\n\t\t\t\t<div class=\"elementor-widget-container\">\n\t\t\t\t\t\t\t<div class=\"elementor-shortcode\">\n   \t\t<div class=\"slider_empresa\">\n  \t\t\t<div class=\"item_slider_empresa\">\n\t\t   \t\t<img decoding=\"async\" src=\"\/wp-content\/uploads\/2025\/04\/ensacadora-forocol-0020_.jpg\">\n\t\t   \t<\/div>\t\n\t\t   \t<div class=\"item_slider_empresa\">\n\t\t   \t\t<img decoding=\"async\" src=\"\/wp-content\/uploads\/2025\/04\/ensacadora-forocol-0001_.jpg\">\n\t\t   \t<\/div>\t\n\t\t   \t<div class=\"item_slider_empresa\">\n\t\t   \t\t<img decoding=\"async\" src=\"\/wp-content\/uploads\/2025\/04\/ensacadora-forocol-0004_.jpg\">\n\t\t   \t<\/div>\t\n   \t\t<\/div><\/div>\n\t\t\t\t\t\t<\/div>\n\t\t\t\t<\/div>\n\t\t\t\t<\/div>\n\t\t<div class=\"elementor-element elementor-element-8b65a5d e-flex e-con-boxed e-con e-parent\" data-id=\"8b65a5d\" data-element_type=\"container\" data-settings=\"{&quot;background_background&quot;:&quot;classic&quot;}\">\n\t\t\t\t\t<div class=\"e-con-inner\">\n\t\t<div class=\"elementor-element elementor-element-1bd12b0 e-con-full e-flex e-con e-child\" data-id=\"1bd12b0\" data-element_type=\"container\">\n\t\t\t\t<div class=\"elementor-element elementor-element-bdda06a elementor-invisible elementor-widget elementor-widget-heading\" data-id=\"bdda06a\" data-element_type=\"widget\" data-settings=\"{&quot;_animation&quot;:&quot;fadeInDown&quot;}\" data-widget_type=\"heading.default\">\n\t\t\t\t<div class=\"elementor-widget-container\">\n\t\t\t\t\t<h2 class=\"elementor-heading-title elementor-size-default\">R&D+EXP\u00c9RIENCE<\/h2>\t\t\t\t<\/div>\n\t\t\t\t<\/div>\n\t\t\t\t<div class=\"elementor-element elementor-element-7bbecce elementor-invisible elementor-widget elementor-widget-text-editor\" data-id=\"7bbecce\" data-element_type=\"widget\" data-settings=\"{&quot;_animation&quot;:&quot;fadeInUp&quot;}\" data-widget_type=\"text-editor.default\">\n\t\t\t\t<div class=\"elementor-widget-container\">\n\t\t\t\t\t\t\t\t\t<p>Nous disposons d\u2019un laboratoire de recherche ax\u00e9 sur l\u2019am\u00e9lioration continue et l\u2019innovation des performances techniques de nos produits. La recherche et le d\u00e9veloppement font partie int\u00e9grante du travail quotidien de notre \u00e9quipe.<\/p><p>Gr\u00e2ce \u00e0 l\u2019\u00e9coute active et \u00e0 l\u2019exp\u00e9rience approfondie du groupe dans le secteur de la construction, nous \u00e9largissons continuellement notre gamme de produits afin de r\u00e9pondre \u00e0 toutes les exigences qui pourraient se pr\u00e9senter.<\/p><p>Pour le processus de fabrication et d\u2019ensachage, nous disposons d\u2019installations technologiquement avanc\u00e9es qui garantissent un haut standard de qualit\u00e9 pour tous nos produits.<\/p>\t\t\t\t\t\t\t\t<\/div>\n\t\t\t\t<\/div>\n\t\t\t\t<\/div>\n\t\t\t\t\t<\/div>\n\t\t\t\t<\/div>\n\t\t\t\t<\/div>\n\t\t","protected":false},"excerpt":{"rendered":"<p>Qui sommes-nous Forcol\u00ae est la marque sous laquelle Origen, la division mat\u00e9riaux de construction de Simetr\u00eda Grupo, commercialise des a dh \u00e9sifs cimentaires, mortiers de ma\u00e7onnerie, de ravalement, autonivelants, joints \ufb02exibles et tous types de mat\u00e9riaux pour la construction, con\u00e7us, produits et soud\u00e9s dans nos propres installations. Chez Forcol, nous proposons une alternative de haute [&hellip;]<\/p>\n","protected":false},"author":1,"featured_media":0,"parent":0,"menu_order":0,"comment_status":"closed","ping_status":"closed","template":"","meta":{"_acf_changed":false,"footnotes":""},"class_list":["post-826","page","type-page","status-publish","hentry"],"acf":[],"yoast_head":"<!-- This site is optimized with the Yoast SEO plugin v24.9 - https:\/\/yoast.com\/wordpress\/plugins\/seo\/ -->\n<title>Qui sommes-nous - Forcol<\/title>\n<meta name=\"robots\" content=\"noindex, follow, max-snippet:-1, max-image-preview:large, max-video-preview:-1\" \/>\n<meta property=\"og:locale\" content=\"fr_FR\" \/>\n<meta property=\"og:type\" content=\"article\" \/>\n<meta property=\"og:title\" content=\"Qui sommes-nous - Forcol\" \/>\n<meta property=\"og:description\" content=\"Qui sommes-nous Forcol\u00ae est la marque sous laquelle Origen, la division mat\u00e9riaux de construction de Simetr\u00eda Grupo, commercialise des a dh \u00e9sifs cimentaires, mortiers de ma\u00e7onnerie, de ravalement, autonivelants, joints \ufb02exibles et tous types de mat\u00e9riaux pour la construction, con\u00e7us, produits et soud\u00e9s dans nos propres installations. Chez Forcol, nous proposons une alternative de haute [&hellip;]\" \/>\n<meta property=\"og:url\" content=\"https:\/\/forcol.atic.blue\/quienes-somos\/\" \/>\n<meta property=\"og:site_name\" content=\"Forcol\" \/>\n<meta property=\"article:modified_time\" content=\"2025-05-08T12:22:42+00:00\" \/>\n<meta property=\"og:image\" content=\"https:\/\/forcol.atic.blue\/wp-content\/uploads\/2025\/04\/Planta-Origen-1024x683.jpg\" \/>\n\t<meta property=\"og:image:width\" content=\"1024\" \/>\n\t<meta property=\"og:image:height\" content=\"683\" \/>\n\t<meta property=\"og:image:type\" content=\"image\/jpeg\" \/>\n<meta name=\"twitter:card\" content=\"summary_large_image\" \/>\n<meta name=\"twitter:label1\" content=\"Dur\u00e9e de lecture estim\u00e9e\" \/>\n\t<meta name=\"twitter:data1\" content=\"3 minutes\" \/>\n<script type=\"application\/ld+json\" class=\"yoast-schema-graph\">{\"@context\":\"https:\/\/schema.org\",\"@graph\":[{\"@type\":\"WebPage\",\"@id\":\"https:\/\/forcol.atic.blue\/quienes-somos\/\",\"url\":\"https:\/\/forcol.atic.blue\/quienes-somos\/\",\"name\":\"Qui sommes-nous - Forcol\",\"isPartOf\":{\"@id\":\"https:\/\/forcol.atic.blue\/#website\"},\"primaryImageOfPage\":{\"@id\":\"https:\/\/forcol.atic.blue\/quienes-somos\/#primaryimage\"},\"image\":{\"@id\":\"https:\/\/forcol.atic.blue\/quienes-somos\/#primaryimage\"},\"thumbnailUrl\":\"https:\/\/forcol.atic.blue\/wp-content\/uploads\/2025\/04\/Planta-Origen-1024x683.jpg\",\"datePublished\":\"2025-04-22T07:52:25+00:00\",\"dateModified\":\"2025-05-08T12:22:42+00:00\",\"breadcrumb\":{\"@id\":\"https:\/\/forcol.atic.blue\/quienes-somos\/#breadcrumb\"},\"inLanguage\":\"fr-FR\",\"potentialAction\":[{\"@type\":\"ReadAction\",\"target\":[\"https:\/\/forcol.atic.blue\/quienes-somos\/\"]}]},{\"@type\":\"ImageObject\",\"inLanguage\":\"fr-FR\",\"@id\":\"https:\/\/forcol.atic.blue\/quienes-somos\/#primaryimage\",\"url\":\"https:\/\/forcol.atic.blue\/wp-content\/uploads\/2025\/04\/Planta-Origen-1024x683.jpg\",\"contentUrl\":\"https:\/\/forcol.atic.blue\/wp-content\/uploads\/2025\/04\/Planta-Origen-1024x683.jpg\"},{\"@type\":\"BreadcrumbList\",\"@id\":\"https:\/\/forcol.atic.blue\/quienes-somos\/#breadcrumb\",\"itemListElement\":[{\"@type\":\"ListItem\",\"position\":1,\"name\":\"Portada\",\"item\":\"https:\/\/forcol.atic.blue\/\"},{\"@type\":\"ListItem\",\"position\":2,\"name\":\"Qui sommes-nous\"}]},{\"@type\":\"WebSite\",\"@id\":\"https:\/\/forcol.atic.blue\/#website\",\"url\":\"https:\/\/forcol.atic.blue\/\",\"name\":\"Forcol\",\"description\":\"\",\"potentialAction\":[{\"@type\":\"SearchAction\",\"target\":{\"@type\":\"EntryPoint\",\"urlTemplate\":\"https:\/\/forcol.atic.blue\/?s={search_term_string}\"},\"query-input\":{\"@type\":\"PropertyValueSpecification\",\"valueRequired\":true,\"valueName\":\"search_term_string\"}}],\"inLanguage\":\"fr-FR\"}]}<\/script>\n<!-- \/ Yoast SEO plugin. -->","yoast_head_json":{"title":"Qui sommes-nous - Forcol","robots":{"index":"noindex","follow":"follow","max-snippet":"max-snippet:-1","max-image-preview":"max-image-preview:large","max-video-preview":"max-video-preview:-1"},"og_locale":"fr_FR","og_type":"article","og_title":"Qui sommes-nous - Forcol","og_description":"Qui sommes-nous Forcol\u00ae est la marque sous laquelle Origen, la division mat\u00e9riaux de construction de Simetr\u00eda Grupo, commercialise des a dh \u00e9sifs cimentaires, mortiers de ma\u00e7onnerie, de ravalement, autonivelants, joints \ufb02exibles et tous types de mat\u00e9riaux pour la construction, con\u00e7us, produits et soud\u00e9s dans nos propres installations. Chez Forcol, nous proposons une alternative de haute [&hellip;]","og_url":"https:\/\/forcol.atic.blue\/quienes-somos\/","og_site_name":"Forcol","article_modified_time":"2025-05-08T12:22:42+00:00","og_image":[{"width":1024,"height":683,"url":"https:\/\/forcol.atic.blue\/wp-content\/uploads\/2025\/04\/Planta-Origen-1024x683.jpg","type":"image\/jpeg"}],"twitter_card":"summary_large_image","twitter_misc":{"Dur\u00e9e de lecture estim\u00e9e":"3 minutes"},"schema":{"@context":"https:\/\/schema.org","@graph":[{"@type":"WebPage","@id":"https:\/\/forcol.atic.blue\/quienes-somos\/","url":"https:\/\/forcol.atic.blue\/quienes-somos\/","name":"Qui sommes-nous - Forcol","isPartOf":{"@id":"https:\/\/forcol.atic.blue\/#website"},"primaryImageOfPage":{"@id":"https:\/\/forcol.atic.blue\/quienes-somos\/#primaryimage"},"image":{"@id":"https:\/\/forcol.atic.blue\/quienes-somos\/#primaryimage"},"thumbnailUrl":"https:\/\/forcol.atic.blue\/wp-content\/uploads\/2025\/04\/Planta-Origen-1024x683.jpg","datePublished":"2025-04-22T07:52:25+00:00","dateModified":"2025-05-08T12:22:42+00:00","breadcrumb":{"@id":"https:\/\/forcol.atic.blue\/quienes-somos\/#breadcrumb"},"inLanguage":"fr-FR","potentialAction":[{"@type":"ReadAction","target":["https:\/\/forcol.atic.blue\/quienes-somos\/"]}]},{"@type":"ImageObject","inLanguage":"fr-FR","@id":"https:\/\/forcol.atic.blue\/quienes-somos\/#primaryimage","url":"https:\/\/forcol.atic.blue\/wp-content\/uploads\/2025\/04\/Planta-Origen-1024x683.jpg","contentUrl":"https:\/\/forcol.atic.blue\/wp-content\/uploads\/2025\/04\/Planta-Origen-1024x683.jpg"},{"@type":"BreadcrumbList","@id":"https:\/\/forcol.atic.blue\/quienes-somos\/#breadcrumb","itemListElement":[{"@type":"ListItem","position":1,"name":"Portada","item":"https:\/\/forcol.atic.blue\/"},{"@type":"ListItem","position":2,"name":"Qui sommes-nous"}]},{"@type":"WebSite","@id":"https:\/\/forcol.atic.blue\/#website","url":"https:\/\/forcol.atic.blue\/","name":"Forcol","description":"","potentialAction":[{"@type":"SearchAction","target":{"@type":"EntryPoint","urlTemplate":"https:\/\/forcol.atic.blue\/?s={search_term_string}"},"query-input":{"@type":"PropertyValueSpecification","valueRequired":true,"valueName":"search_term_string"}}],"inLanguage":"fr-FR"}]}},"_links":{"self":[{"href":"https:\/\/forcol.atic.blue\/fr\/wp-json\/wp\/v2\/pages\/826","targetHints":{"allow":["GET"]}}],"collection":[{"href":"https:\/\/forcol.atic.blue\/fr\/wp-json\/wp\/v2\/pages"}],"about":[{"href":"https:\/\/forcol.atic.blue\/fr\/wp-json\/wp\/v2\/types\/page"}],"author":[{"embeddable":true,"href":"https:\/\/forcol.atic.blue\/fr\/wp-json\/wp\/v2\/users\/1"}],"replies":[{"embeddable":true,"href":"https:\/\/forcol.atic.blue\/fr\/wp-json\/wp\/v2\/comments?post=826"}],"version-history":[{"count":10,"href":"https:\/\/forcol.atic.blue\/fr\/wp-json\/wp\/v2\/pages\/826\/revisions"}],"predecessor-version":[{"id":1169,"href":"https:\/\/forcol.atic.blue\/fr\/wp-json\/wp\/v2\/pages\/826\/revisions\/1169"}],"wp:attachment":[{"href":"https:\/\/forcol.atic.blue\/fr\/wp-json\/wp\/v2\/media?parent=826"}],"curies":[{"name":"wp","href":"https:\/\/api.w.org\/{rel}","templated":true}]}}