{"id":835,"date":"2025-04-29T08:38:27","date_gmt":"2025-04-29T08:38:27","guid":{"rendered":"https:\/\/forcol.atic.blue\/?page_id=835"},"modified":"2025-05-13T08:40:56","modified_gmt":"2025-05-13T08:40:56","slug":"maconnerie","status":"publish","type":"page","link":"https:\/\/forcol.atic.blue\/fr\/maconnerie\/","title":{"rendered":"MA\u00c7ONNERIE"},"content":{"rendered":"\t\t<div data-elementor-type=\"wp-page\" data-elementor-id=\"835\" class=\"elementor elementor-835 elementor-647\" data-elementor-post-type=\"page\">\n\t\t\t\t<div class=\"elementor-element elementor-element-5f7e806 e-flex e-con-boxed e-con e-parent\" data-id=\"5f7e806\" data-element_type=\"container\" data-settings=\"{&quot;background_background&quot;:&quot;classic&quot;}\">\n\t\t\t\t\t<div class=\"e-con-inner\">\n\t\t<div class=\"elementor-element elementor-element-31f496c e-con-full e-flex e-con e-child\" data-id=\"31f496c\" data-element_type=\"container\">\n\t\t\t\t<div class=\"elementor-element elementor-element-14ad9af elementor-widget elementor-widget-heading\" data-id=\"14ad9af\" data-element_type=\"widget\" data-settings=\"{&quot;_animation&quot;:&quot;none&quot;}\" data-widget_type=\"heading.default\">\n\t\t\t\t<div class=\"elementor-widget-container\">\n\t\t\t\t\t<h1 class=\"elementor-heading-title elementor-size-default\">MA\u00c7ONNERIE<\/h1>\t\t\t\t<\/div>\n\t\t\t\t<\/div>\n\t\t\t\t<div class=\"elementor-element elementor-element-9638316 elementor-invisible elementor-widget elementor-widget-heading\" data-id=\"9638316\" data-element_type=\"widget\" data-settings=\"{&quot;_animation&quot;:&quot;fadeInDown&quot;}\" data-widget_type=\"heading.default\">\n\t\t\t\t<div class=\"elementor-widget-container\">\n\t\t\t\t\t<h2 class=\"elementor-heading-title elementor-size-default\">FORCE, R\u00c9SISTANCE ET ADH\u00c9RENCE<\/h2>\t\t\t\t<\/div>\n\t\t\t\t<\/div>\n\t\t\t\t<div class=\"elementor-element elementor-element-24bf074 elementor-invisible elementor-widget elementor-widget-text-editor\" data-id=\"24bf074\" data-element_type=\"widget\" data-settings=\"{&quot;_animation&quot;:&quot;fadeInUp&quot;}\" data-widget_type=\"text-editor.default\">\n\t\t\t\t<div class=\"elementor-widget-container\">\n\t\t\t\t\t\t\t\t\t<p>Les produits de ma\u00e7onnerie sont des mat\u00e9riaux utilis\u00e9s dans la construction et la r\u00e9paration de structures, principalement pour la construction de murs, de toits et d&rsquo;autres parties essentielles d\u2019un b\u00e2timent.<\/p>\t\t\t\t\t\t\t\t<\/div>\n\t\t\t\t<\/div>\n\t\t\t\t<div class=\"elementor-element elementor-element-504815c elementor-align-left elementor-icon-list--layout-traditional elementor-list-item-link-full_width elementor-invisible elementor-widget elementor-widget-icon-list\" data-id=\"504815c\" data-element_type=\"widget\" data-settings=\"{&quot;_animation&quot;:&quot;fadeInUp&quot;}\" data-widget_type=\"icon-list.default\">\n\t\t\t\t<div class=\"elementor-widget-container\">\n\t\t\t\t\t\t\t<ul class=\"elementor-icon-list-items\">\n\t\t\t\t\t\t\t<li class=\"elementor-icon-list-item\">\n\t\t\t\t\t\t\t\t\t\t\t<a href=\"#productos\">\n\n\t\t\t\t\t\t\t\t\t\t\t\t<span class=\"elementor-icon-list-icon\">\n\t\t\t\t\t\t\t<i aria-hidden=\"true\" class=\"icon icon-arrow-right\"><\/i>\t\t\t\t\t\t<\/span>\n\t\t\t\t\t\t\t\t\t\t<span class=\"elementor-icon-list-text\">Produits<\/span>\n\t\t\t\t\t\t\t\t\t\t\t<\/a>\n\t\t\t\t\t\t\t\t\t<\/li>\n\t\t\t\t\t\t<\/ul>\n\t\t\t\t\t\t<\/div>\n\t\t\t\t<\/div>\n\t\t\t\t<\/div>\n\t\t<div class=\"elementor-element elementor-element-183a04d e-con-full e-flex e-con e-child\" data-id=\"183a04d\" data-element_type=\"container\">\n\t\t\t\t<div class=\"elementor-element elementor-element-bb576be elementor-invisible elementor-widget elementor-widget-image\" data-id=\"bb576be\" data-element_type=\"widget\" data-settings=\"{&quot;_animation&quot;:&quot;fadeInRight&quot;}\" data-widget_type=\"image.default\">\n\t\t\t\t<div class=\"elementor-widget-container\">\n\t\t\t\t\t\t\t\t\t\t\t\t\t\t\t<img fetchpriority=\"high\" decoding=\"async\" width=\"705\" height=\"504\" src=\"https:\/\/forcol.atic.blue\/wp-content\/uploads\/2025\/04\/ALBANILERIA.jpg\" class=\"attachment-large size-large wp-image-194\" alt=\"\" srcset=\"https:\/\/forcol.atic.blue\/wp-content\/uploads\/2025\/04\/ALBANILERIA.jpg 705w, https:\/\/forcol.atic.blue\/wp-content\/uploads\/2025\/04\/ALBANILERIA-600x429.jpg 600w, https:\/\/forcol.atic.blue\/wp-content\/uploads\/2025\/04\/ALBANILERIA-300x214.jpg 300w\" sizes=\"(max-width: 705px) 100vw, 705px\" \/>\t\t\t\t\t\t\t\t\t\t\t\t\t\t\t<\/div>\n\t\t\t\t<\/div>\n\t\t\t\t<\/div>\n\t\t\t\t\t<\/div>\n\t\t\t\t<\/div>\n\t\t<div class=\"elementor-element elementor-element-ca6107e e-flex e-con-boxed e-con e-parent\" data-id=\"ca6107e\" data-element_type=\"container\" id=\"productos\">\n\t\t\t\t\t<div class=\"e-con-inner\">\n\t\t\t\t<div class=\"elementor-element elementor-element-2cfdfae elementor-widget elementor-widget-heading\" data-id=\"2cfdfae\" data-element_type=\"widget\" data-settings=\"{&quot;_animation&quot;:&quot;none&quot;}\" data-widget_type=\"heading.default\">\n\t\t\t\t<div class=\"elementor-widget-container\">\n\t\t\t\t\t<h3 class=\"elementor-heading-title elementor-size-default\">Produits Ma\u00e7onnerie<\/h3>\t\t\t\t<\/div>\n\t\t\t\t<\/div>\n\t\t\t\t<div class=\"woocommerce elementor-element elementor-element-29684f9 elementor-grid-4 elementor-grid-tablet-2 elementor-grid-mobile-1 elementor-widget elementor-widget-loop-grid\" data-id=\"29684f9\" data-element_type=\"widget\" data-settings=\"{&quot;_skin&quot;:&quot;product&quot;,&quot;template_id&quot;:616,&quot;columns&quot;:4,&quot;columns_tablet&quot;:&quot;2&quot;,&quot;columns_mobile&quot;:&quot;1&quot;,&quot;edit_handle_selector&quot;:&quot;[data-elementor-type=\\&quot;loop-item\\&quot;]&quot;,&quot;row_gap&quot;:{&quot;unit&quot;:&quot;px&quot;,&quot;size&quot;:&quot;&quot;,&quot;sizes&quot;:[]},&quot;row_gap_tablet&quot;:{&quot;unit&quot;:&quot;px&quot;,&quot;size&quot;:&quot;&quot;,&quot;sizes&quot;:[]},&quot;row_gap_mobile&quot;:{&quot;unit&quot;:&quot;px&quot;,&quot;size&quot;:&quot;&quot;,&quot;sizes&quot;:[]}}\" data-widget_type=\"loop-grid.product\">\n\t\t\t\t<div class=\"elementor-widget-container\">\n\t\t\t\t\t\t\t<div class=\"e-loop-nothing-found-message\">\n\t\t<\/div>\n\t\t\t\t\t\t<\/div>\n\t\t\t\t<\/div>\n\t\t\t\t\t<\/div>\n\t\t\t\t<\/div>\n\t\t<div class=\"elementor-element elementor-element-340547a e-flex e-con-boxed e-con e-parent\" data-id=\"340547a\" data-element_type=\"container\">\n\t\t\t\t\t<div class=\"e-con-inner\">\n\t\t\t\t<div class=\"elementor-element elementor-element-cf8bd0a elementor-align-center elementor-widget elementor-widget-button\" data-id=\"cf8bd0a\" data-element_type=\"widget\" data-widget_type=\"button.default\">\n\t\t\t\t<div class=\"elementor-widget-container\">\n\t\t\t\t\t\t\t\t\t<div class=\"elementor-button-wrapper\">\n\t\t\t\t\t<a class=\"elementor-button elementor-button-link elementor-size-sm\" href=\"\/wp-content\/uploads\/2025\/05\/00-FICHAS-TECNICAS-FORCOL-ALBAN\u2560aILERIA-FRANCES.pdf\" target=\"_blank\">\n\t\t\t\t\t\t<span class=\"elementor-button-content-wrapper\">\n\t\t\t\t\t\t\t\t\t<span class=\"elementor-button-text\">t\u00e9l\u00e9charger le catalogue<\/span>\n\t\t\t\t\t<\/span>\n\t\t\t\t\t<\/a>\n\t\t\t\t<\/div>\n\t\t\t\t\t\t\t\t<\/div>\n\t\t\t\t<\/div>\n\t\t\t\t\t<\/div>\n\t\t\t\t<\/div>\n\t\t<div class=\"elementor-element elementor-element-da4b273 e-flex e-con-boxed e-con e-parent\" data-id=\"da4b273\" data-element_type=\"container\" data-settings=\"{&quot;background_background&quot;:&quot;classic&quot;}\">\n\t\t\t\t\t<div class=\"e-con-inner\">\n\t\t<div class=\"elementor-element elementor-element-6b33384 e-con-full e-flex e-con e-child\" data-id=\"6b33384\" data-element_type=\"container\">\n\t\t\t\t<div class=\"elementor-element elementor-element-5ffd43d elementor-invisible elementor-widget elementor-widget-heading\" data-id=\"5ffd43d\" data-element_type=\"widget\" data-settings=\"{&quot;_animation&quot;:&quot;fadeInDown&quot;}\" data-widget_type=\"heading.default\">\n\t\t\t\t<div class=\"elementor-widget-container\">\n\t\t\t\t\t<h4 class=\"elementor-heading-title elementor-size-default\">VOUS \u00caTES INT\u00c9RESS\u00c9 PAR NOS PRODUITS ??<\/h4>\t\t\t\t<\/div>\n\t\t\t\t<\/div>\n\t\t\t\t<div class=\"elementor-element elementor-element-3e33741 elementor-invisible elementor-widget elementor-widget-text-editor\" data-id=\"3e33741\" data-element_type=\"widget\" data-settings=\"{&quot;_animation&quot;:&quot;fadeInUp&quot;}\" data-widget_type=\"text-editor.default\">\n\t\t\t\t<div class=\"elementor-widget-container\">\n\t\t\t\t\t\t\t\t\tContactez-nous\t\t\t\t\t\t\t\t<\/div>\n\t\t\t\t<\/div>\n\t\t\t\t<\/div>\n\t\t<div class=\"elementor-element elementor-element-4003704 e-con-full e-flex e-con e-child\" data-id=\"4003704\" data-element_type=\"container\">\n\t\t<div class=\"elementor-element elementor-element-55e2e05 e-con-full e-flex e-con e-child\" data-id=\"55e2e05\" data-element_type=\"container\">\n\t\t\t\t<div class=\"elementor-element elementor-element-6c1356f elementor-position-left elementor-vertical-align-middle elementor-widget__width-inherit elementor-view-default elementor-mobile-position-top elementor-widget elementor-widget-icon-box\" data-id=\"6c1356f\" data-element_type=\"widget\" data-widget_type=\"icon-box.default\">\n\t\t\t\t<div class=\"elementor-widget-container\">\n\t\t\t\t\t\t\t<div class=\"elementor-icon-box-wrapper\">\n\n\t\t\t\t\t\t<div class=\"elementor-icon-box-icon\">\n\t\t\t\t<a href=\"\/fr\/contact\/\" class=\"elementor-icon\" tabindex=\"-1\" aria-label=\"CONTACT\">\n\t\t\t\t<i aria-hidden=\"true\" class=\"icon icon-envelope11\"><\/i>\t\t\t\t<\/a>\n\t\t\t<\/div>\n\t\t\t\n\t\t\t\t\t\t<div class=\"elementor-icon-box-content\">\n\n\t\t\t\t\t\t\t\t\t<div class=\"elementor-icon-box-title\">\n\t\t\t\t\t\t<a href=\"\/fr\/contact\/\" >\n\t\t\t\t\t\t\tCONTACT\t\t\t\t\t\t<\/a>\n\t\t\t\t\t<\/div>\n\t\t\t\t\n\t\t\t\t\n\t\t\t<\/div>\n\t\t\t\n\t\t<\/div>\n\t\t\t\t\t\t<\/div>\n\t\t\t\t<\/div>\n\t\t\t\t<\/div>\n\t\t<div class=\"elementor-element elementor-element-02e7867 e-con-full e-flex e-con e-child\" data-id=\"02e7867\" data-element_type=\"container\">\n\t\t\t\t<div class=\"elementor-element elementor-element-0f8548c elementor-position-left elementor-vertical-align-middle elementor-widget__width-inherit elementor-view-default elementor-mobile-position-top elementor-widget elementor-widget-icon-box\" data-id=\"0f8548c\" data-element_type=\"widget\" data-widget_type=\"icon-box.default\">\n\t\t\t\t<div class=\"elementor-widget-container\">\n\t\t\t\t\t\t\t<div class=\"elementor-icon-box-wrapper\">\n\n\t\t\t\t\t\t<div class=\"elementor-icon-box-icon\">\n\t\t\t\t<a href=\"\/fr\/emplacements\/\" class=\"elementor-icon\" tabindex=\"-1\" aria-label=\"Emplacements\">\n\t\t\t\t<i aria-hidden=\"true\" class=\"icon icon-map-marker1\"><\/i>\t\t\t\t<\/a>\n\t\t\t<\/div>\n\t\t\t\n\t\t\t\t\t\t<div class=\"elementor-icon-box-content\">\n\n\t\t\t\t\t\t\t\t\t<div class=\"elementor-icon-box-title\">\n\t\t\t\t\t\t<a href=\"\/fr\/emplacements\/\" >\n\t\t\t\t\t\t\tEmplacements\t\t\t\t\t\t<\/a>\n\t\t\t\t\t<\/div>\n\t\t\t\t\n\t\t\t\t\n\t\t\t<\/div>\n\t\t\t\n\t\t<\/div>\n\t\t\t\t\t\t<\/div>\n\t\t\t\t<\/div>\n\t\t\t\t<\/div>\n\t\t\t\t<\/div>\n\t\t\t\t\t<\/div>\n\t\t\t\t<\/div>\n\t\t<div class=\"elementor-element elementor-element-7c63c2d e-flex e-con-boxed e-con e-parent\" data-id=\"7c63c2d\" data-element_type=\"container\">\n\t\t\t\t\t<div class=\"e-con-inner\">\n\t\t\t\t<div class=\"elementor-element elementor-element-70e15b8 elementor-widget elementor-widget-heading\" data-id=\"70e15b8\" data-element_type=\"widget\" data-settings=\"{&quot;_animation&quot;:&quot;none&quot;}\" data-widget_type=\"heading.default\">\n\t\t\t\t<div class=\"elementor-widget-container\">\n\t\t\t\t\t<h3 class=\"elementor-heading-title elementor-size-default\">Cela peut aussi vous int\u00e9resser<\/h3>\t\t\t\t<\/div>\n\t\t\t\t<\/div>\n\t\t\t\t\t<\/div>\n\t\t\t\t<\/div>\n\t\t<div class=\"elementor-element elementor-element-f35960c e-grid e-con-boxed e-con e-parent\" data-id=\"f35960c\" data-element_type=\"container\">\n\t\t\t\t\t<div class=\"e-con-inner\">\n\t\t<div class=\"elementor-element elementor-element-8a8e507 e-con-full e-flex e-con e-child\" data-id=\"8a8e507\" data-element_type=\"container\">\n\t\t\t\t<div class=\"elementor-element elementor-element-5eb5704 elementor-widget elementor-widget-image\" data-id=\"5eb5704\" data-element_type=\"widget\" data-widget_type=\"image.default\">\n\t\t\t\t<div class=\"elementor-widget-container\">\n\t\t\t\t\t\t\t\t\t\t\t\t\t\t\t\t<a href=\"\/fr\/adhesifs-cementaires\/\">\n\t\t\t\t\t\t\t<img decoding=\"async\" width=\"353\" height=\"234\" src=\"https:\/\/forcol.atic.blue\/wp-content\/uploads\/2025\/04\/adhesivos-cementosos.jpg\" class=\"attachment-large size-large wp-image-192\" alt=\"\" srcset=\"https:\/\/forcol.atic.blue\/wp-content\/uploads\/2025\/04\/adhesivos-cementosos.jpg 353w, https:\/\/forcol.atic.blue\/wp-content\/uploads\/2025\/04\/adhesivos-cementosos-300x199.jpg 300w\" sizes=\"(max-width: 353px) 100vw, 353px\" \/>\t\t\t\t\t\t\t\t<\/a>\n\t\t\t\t\t\t\t\t\t\t\t\t\t\t\t<\/div>\n\t\t\t\t<\/div>\n\t\t\t\t<div class=\"elementor-element elementor-element-96d57e8 elementor-widget elementor-widget-heading\" data-id=\"96d57e8\" data-element_type=\"widget\" data-widget_type=\"heading.default\">\n\t\t\t\t<div class=\"elementor-widget-container\">\n\t\t\t\t\t<h2 class=\"elementor-heading-title elementor-size-default\"><a href=\"\/fr\/adhesifs-cementaires\/\">ADH\u00c9SIFS CEMENTAIRES<\/a><\/h2>\t\t\t\t<\/div>\n\t\t\t\t<\/div>\n\t\t\t\t<\/div>\n\t\t<div class=\"elementor-element elementor-element-c52ca79 e-con-full e-flex e-con e-child\" data-id=\"c52ca79\" data-element_type=\"container\">\n\t\t\t\t<div class=\"elementor-element elementor-element-bdf7960 elementor-widget elementor-widget-image\" data-id=\"bdf7960\" data-element_type=\"widget\" data-widget_type=\"image.default\">\n\t\t\t\t<div class=\"elementor-widget-container\">\n\t\t\t\t\t\t\t\t\t\t\t\t\t\t\t\t<a href=\"\/fr\/mortiers-autonivelants\/\">\n\t\t\t\t\t\t\t<img decoding=\"async\" width=\"374\" height=\"234\" src=\"https:\/\/forcol.atic.blue\/wp-content\/uploads\/2025\/04\/AUTONIVELANTES.jpg\" class=\"attachment-large size-large wp-image-196\" alt=\"\" srcset=\"https:\/\/forcol.atic.blue\/wp-content\/uploads\/2025\/04\/AUTONIVELANTES.jpg 374w, https:\/\/forcol.atic.blue\/wp-content\/uploads\/2025\/04\/AUTONIVELANTES-300x188.jpg 300w\" sizes=\"(max-width: 374px) 100vw, 374px\" \/>\t\t\t\t\t\t\t\t<\/a>\n\t\t\t\t\t\t\t\t\t\t\t\t\t\t\t<\/div>\n\t\t\t\t<\/div>\n\t\t\t\t<div class=\"elementor-element elementor-element-b3adb59 elementor-widget elementor-widget-heading\" data-id=\"b3adb59\" data-element_type=\"widget\" data-widget_type=\"heading.default\">\n\t\t\t\t<div class=\"elementor-widget-container\">\n\t\t\t\t\t<h2 class=\"elementor-heading-title elementor-size-default\"><a href=\"\/fr\/mortiers-autonivelants\/\">MORTIERS AUTONIVELANTS<\/a><\/h2>\t\t\t\t<\/div>\n\t\t\t\t<\/div>\n\t\t\t\t<\/div>\n\t\t<div class=\"elementor-element elementor-element-a321b35 e-con-full e-flex e-con e-child\" data-id=\"a321b35\" data-element_type=\"container\">\n\t\t\t\t<div class=\"elementor-element elementor-element-ea57fff elementor-widget elementor-widget-image\" data-id=\"ea57fff\" data-element_type=\"widget\" data-widget_type=\"image.default\">\n\t\t\t\t<div class=\"elementor-widget-container\">\n\t\t\t\t\t\t\t\t\t\t\t\t\t\t\t\t<a href=\"\/fr\/produits-de-jointoiement\/\">\n\t\t\t\t\t\t\t<img loading=\"lazy\" decoding=\"async\" width=\"302\" height=\"234\" src=\"https:\/\/forcol.atic.blue\/wp-content\/uploads\/2025\/04\/REJUNTADO.jpg\" class=\"attachment-large size-large wp-image-198\" alt=\"\" srcset=\"https:\/\/forcol.atic.blue\/wp-content\/uploads\/2025\/04\/REJUNTADO.jpg 302w, https:\/\/forcol.atic.blue\/wp-content\/uploads\/2025\/04\/REJUNTADO-300x232.jpg 300w\" sizes=\"(max-width: 302px) 100vw, 302px\" \/>\t\t\t\t\t\t\t\t<\/a>\n\t\t\t\t\t\t\t\t\t\t\t\t\t\t\t<\/div>\n\t\t\t\t<\/div>\n\t\t\t\t<div class=\"elementor-element elementor-element-32f6baf elementor-widget elementor-widget-heading\" data-id=\"32f6baf\" data-element_type=\"widget\" data-widget_type=\"heading.default\">\n\t\t\t\t<div class=\"elementor-widget-container\">\n\t\t\t\t\t<h2 class=\"elementor-heading-title elementor-size-default\"><a href=\"\/fr\/produits-de-jointoiement\/\">PRODUITS DE JOINTOIEMENT<\/a><\/h2>\t\t\t\t<\/div>\n\t\t\t\t<\/div>\n\t\t\t\t<\/div>\n\t\t\t\t\t<\/div>\n\t\t\t\t<\/div>\n\t\t\t\t<\/div>\n\t\t","protected":false},"excerpt":{"rendered":"<p>MA\u00c7ONNERIE FORCE, R\u00c9SISTANCE ET ADH\u00c9RENCE Les produits de ma\u00e7onnerie sont des mat\u00e9riaux utilis\u00e9s dans la construction et la r\u00e9paration de structures, principalement pour la construction de murs, de toits et d&rsquo;autres parties essentielles d\u2019un b\u00e2timent. Produits Produits Ma\u00e7onnerie t\u00e9l\u00e9charger le catalogue VOUS \u00caTES INT\u00c9RESS\u00c9 PAR NOS PRODUITS ?? Contactez-nous CONTACT Emplacements Cela peut aussi vous [&hellip;]<\/p>\n","protected":false},"author":1,"featured_media":0,"parent":0,"menu_order":0,"comment_status":"closed","ping_status":"closed","template":"","meta":{"_acf_changed":false,"footnotes":""},"class_list":["post-835","page","type-page","status-publish","hentry"],"acf":[],"yoast_head":"<!-- This site is optimized with the Yoast SEO plugin v24.9 - https:\/\/yoast.com\/wordpress\/plugins\/seo\/ -->\n<title>MA\u00c7ONNERIE - Forcol<\/title>\n<meta name=\"robots\" content=\"noindex, follow, max-snippet:-1, max-image-preview:large, max-video-preview:-1\" \/>\n<meta property=\"og:locale\" content=\"fr_FR\" \/>\n<meta property=\"og:type\" content=\"article\" \/>\n<meta property=\"og:title\" content=\"MA\u00c7ONNERIE - Forcol\" \/>\n<meta property=\"og:description\" content=\"MA\u00c7ONNERIE FORCE, R\u00c9SISTANCE ET ADH\u00c9RENCE Les produits de ma\u00e7onnerie sont des mat\u00e9riaux utilis\u00e9s dans la construction et la r\u00e9paration de structures, principalement pour la construction de murs, de toits et d&rsquo;autres parties essentielles d\u2019un b\u00e2timent. Produits Produits Ma\u00e7onnerie t\u00e9l\u00e9charger le catalogue VOUS \u00caTES INT\u00c9RESS\u00c9 PAR NOS PRODUITS ?? Contactez-nous CONTACT Emplacements Cela peut aussi vous [&hellip;]\" \/>\n<meta property=\"og:url\" content=\"https:\/\/forcol.atic.blue\/fr\/maconnerie\/\" \/>\n<meta property=\"og:site_name\" content=\"Forcol\" \/>\n<meta property=\"article:modified_time\" content=\"2025-05-13T08:40:56+00:00\" \/>\n<meta property=\"og:image\" content=\"https:\/\/forcol.atic.blue\/wp-content\/uploads\/2025\/04\/ALBANILERIA.jpg\" \/>\n\t<meta property=\"og:image:width\" content=\"705\" \/>\n\t<meta property=\"og:image:height\" content=\"504\" \/>\n\t<meta property=\"og:image:type\" content=\"image\/jpeg\" \/>\n<meta name=\"twitter:card\" content=\"summary_large_image\" \/>\n<meta name=\"twitter:label1\" content=\"Dur\u00e9e de lecture estim\u00e9e\" \/>\n\t<meta name=\"twitter:data1\" content=\"2 minutes\" \/>\n<script type=\"application\/ld+json\" class=\"yoast-schema-graph\">{\"@context\":\"https:\/\/schema.org\",\"@graph\":[{\"@type\":\"WebPage\",\"@id\":\"https:\/\/forcol.atic.blue\/fr\/maconnerie\/\",\"url\":\"https:\/\/forcol.atic.blue\/fr\/maconnerie\/\",\"name\":\"MA\u00c7ONNERIE - Forcol\",\"isPartOf\":{\"@id\":\"https:\/\/forcol.atic.blue\/#website\"},\"primaryImageOfPage\":{\"@id\":\"https:\/\/forcol.atic.blue\/fr\/maconnerie\/#primaryimage\"},\"image\":{\"@id\":\"https:\/\/forcol.atic.blue\/fr\/maconnerie\/#primaryimage\"},\"thumbnailUrl\":\"https:\/\/forcol.atic.blue\/wp-content\/uploads\/2025\/04\/ALBANILERIA.jpg\",\"datePublished\":\"2025-04-29T08:38:27+00:00\",\"dateModified\":\"2025-05-13T08:40:56+00:00\",\"breadcrumb\":{\"@id\":\"https:\/\/forcol.atic.blue\/fr\/maconnerie\/#breadcrumb\"},\"inLanguage\":\"fr-FR\",\"potentialAction\":[{\"@type\":\"ReadAction\",\"target\":[\"https:\/\/forcol.atic.blue\/fr\/maconnerie\/\"]}]},{\"@type\":\"ImageObject\",\"inLanguage\":\"fr-FR\",\"@id\":\"https:\/\/forcol.atic.blue\/fr\/maconnerie\/#primaryimage\",\"url\":\"https:\/\/forcol.atic.blue\/wp-content\/uploads\/2025\/04\/ALBANILERIA.jpg\",\"contentUrl\":\"https:\/\/forcol.atic.blue\/wp-content\/uploads\/2025\/04\/ALBANILERIA.jpg\"},{\"@type\":\"BreadcrumbList\",\"@id\":\"https:\/\/forcol.atic.blue\/fr\/maconnerie\/#breadcrumb\",\"itemListElement\":[{\"@type\":\"ListItem\",\"position\":1,\"name\":\"Portada\",\"item\":\"https:\/\/forcol.atic.blue\/\"},{\"@type\":\"ListItem\",\"position\":2,\"name\":\"MA\u00c7ONNERIE\"}]},{\"@type\":\"WebSite\",\"@id\":\"https:\/\/forcol.atic.blue\/#website\",\"url\":\"https:\/\/forcol.atic.blue\/\",\"name\":\"Forcol\",\"description\":\"\",\"potentialAction\":[{\"@type\":\"SearchAction\",\"target\":{\"@type\":\"EntryPoint\",\"urlTemplate\":\"https:\/\/forcol.atic.blue\/?s={search_term_string}\"},\"query-input\":{\"@type\":\"PropertyValueSpecification\",\"valueRequired\":true,\"valueName\":\"search_term_string\"}}],\"inLanguage\":\"fr-FR\"}]}<\/script>\n<!-- \/ Yoast SEO plugin. -->","yoast_head_json":{"title":"MA\u00c7ONNERIE - Forcol","robots":{"index":"noindex","follow":"follow","max-snippet":"max-snippet:-1","max-image-preview":"max-image-preview:large","max-video-preview":"max-video-preview:-1"},"og_locale":"fr_FR","og_type":"article","og_title":"MA\u00c7ONNERIE - Forcol","og_description":"MA\u00c7ONNERIE FORCE, R\u00c9SISTANCE ET ADH\u00c9RENCE Les produits de ma\u00e7onnerie sont des mat\u00e9riaux utilis\u00e9s dans la construction et la r\u00e9paration de structures, principalement pour la construction de murs, de toits et d&rsquo;autres parties essentielles d\u2019un b\u00e2timent. Produits Produits Ma\u00e7onnerie t\u00e9l\u00e9charger le catalogue VOUS \u00caTES INT\u00c9RESS\u00c9 PAR NOS PRODUITS ?? Contactez-nous CONTACT Emplacements Cela peut aussi vous [&hellip;]","og_url":"https:\/\/forcol.atic.blue\/fr\/maconnerie\/","og_site_name":"Forcol","article_modified_time":"2025-05-13T08:40:56+00:00","og_image":[{"width":705,"height":504,"url":"https:\/\/forcol.atic.blue\/wp-content\/uploads\/2025\/04\/ALBANILERIA.jpg","type":"image\/jpeg"}],"twitter_card":"summary_large_image","twitter_misc":{"Dur\u00e9e de lecture estim\u00e9e":"2 minutes"},"schema":{"@context":"https:\/\/schema.org","@graph":[{"@type":"WebPage","@id":"https:\/\/forcol.atic.blue\/fr\/maconnerie\/","url":"https:\/\/forcol.atic.blue\/fr\/maconnerie\/","name":"MA\u00c7ONNERIE - Forcol","isPartOf":{"@id":"https:\/\/forcol.atic.blue\/#website"},"primaryImageOfPage":{"@id":"https:\/\/forcol.atic.blue\/fr\/maconnerie\/#primaryimage"},"image":{"@id":"https:\/\/forcol.atic.blue\/fr\/maconnerie\/#primaryimage"},"thumbnailUrl":"https:\/\/forcol.atic.blue\/wp-content\/uploads\/2025\/04\/ALBANILERIA.jpg","datePublished":"2025-04-29T08:38:27+00:00","dateModified":"2025-05-13T08:40:56+00:00","breadcrumb":{"@id":"https:\/\/forcol.atic.blue\/fr\/maconnerie\/#breadcrumb"},"inLanguage":"fr-FR","potentialAction":[{"@type":"ReadAction","target":["https:\/\/forcol.atic.blue\/fr\/maconnerie\/"]}]},{"@type":"ImageObject","inLanguage":"fr-FR","@id":"https:\/\/forcol.atic.blue\/fr\/maconnerie\/#primaryimage","url":"https:\/\/forcol.atic.blue\/wp-content\/uploads\/2025\/04\/ALBANILERIA.jpg","contentUrl":"https:\/\/forcol.atic.blue\/wp-content\/uploads\/2025\/04\/ALBANILERIA.jpg"},{"@type":"BreadcrumbList","@id":"https:\/\/forcol.atic.blue\/fr\/maconnerie\/#breadcrumb","itemListElement":[{"@type":"ListItem","position":1,"name":"Portada","item":"https:\/\/forcol.atic.blue\/"},{"@type":"ListItem","position":2,"name":"MA\u00c7ONNERIE"}]},{"@type":"WebSite","@id":"https:\/\/forcol.atic.blue\/#website","url":"https:\/\/forcol.atic.blue\/","name":"Forcol","description":"","potentialAction":[{"@type":"SearchAction","target":{"@type":"EntryPoint","urlTemplate":"https:\/\/forcol.atic.blue\/?s={search_term_string}"},"query-input":{"@type":"PropertyValueSpecification","valueRequired":true,"valueName":"search_term_string"}}],"inLanguage":"fr-FR"}]}},"_links":{"self":[{"href":"https:\/\/forcol.atic.blue\/fr\/wp-json\/wp\/v2\/pages\/835","targetHints":{"allow":["GET"]}}],"collection":[{"href":"https:\/\/forcol.atic.blue\/fr\/wp-json\/wp\/v2\/pages"}],"about":[{"href":"https:\/\/forcol.atic.blue\/fr\/wp-json\/wp\/v2\/types\/page"}],"author":[{"embeddable":true,"href":"https:\/\/forcol.atic.blue\/fr\/wp-json\/wp\/v2\/users\/1"}],"replies":[{"embeddable":true,"href":"https:\/\/forcol.atic.blue\/fr\/wp-json\/wp\/v2\/comments?post=835"}],"version-history":[{"count":25,"href":"https:\/\/forcol.atic.blue\/fr\/wp-json\/wp\/v2\/pages\/835\/revisions"}],"predecessor-version":[{"id":1223,"href":"https:\/\/forcol.atic.blue\/fr\/wp-json\/wp\/v2\/pages\/835\/revisions\/1223"}],"wp:attachment":[{"href":"https:\/\/forcol.atic.blue\/fr\/wp-json\/wp\/v2\/media?parent=835"}],"curies":[{"name":"wp","href":"https:\/\/api.w.org\/{rel}","templated":true}]}}