{"id":837,"date":"2025-04-29T08:42:09","date_gmt":"2025-04-29T08:42:09","guid":{"rendered":"https:\/\/forcol.atic.blue\/?page_id=837"},"modified":"2025-05-13T08:41:11","modified_gmt":"2025-05-13T08:41:11","slug":"mortiers-autonivelants","status":"publish","type":"page","link":"https:\/\/forcol.atic.blue\/fr\/mortiers-autonivelants\/","title":{"rendered":"MORTIERS AUTONIVELANTS"},"content":{"rendered":"\t\t<div data-elementor-type=\"wp-page\" data-elementor-id=\"837\" class=\"elementor elementor-837 elementor-660\" data-elementor-post-type=\"page\">\n\t\t\t\t<div class=\"elementor-element elementor-element-b1748d2 e-flex e-con-boxed e-con e-parent\" data-id=\"b1748d2\" data-element_type=\"container\" data-settings=\"{&quot;background_background&quot;:&quot;classic&quot;}\">\n\t\t\t\t\t<div class=\"e-con-inner\">\n\t\t<div class=\"elementor-element elementor-element-4ddcde4 e-con-full e-flex e-con e-child\" data-id=\"4ddcde4\" data-element_type=\"container\">\n\t\t\t\t<div class=\"elementor-element elementor-element-bca2c48 elementor-widget elementor-widget-heading\" data-id=\"bca2c48\" data-element_type=\"widget\" data-settings=\"{&quot;_animation&quot;:&quot;none&quot;}\" data-widget_type=\"heading.default\">\n\t\t\t\t<div class=\"elementor-widget-container\">\n\t\t\t\t\t<h1 class=\"elementor-heading-title elementor-size-default\">MORTIERS AUTONIVELANTS<\/h1>\t\t\t\t<\/div>\n\t\t\t\t<\/div>\n\t\t\t\t<div class=\"elementor-element elementor-element-8711eee elementor-invisible elementor-widget elementor-widget-heading\" data-id=\"8711eee\" data-element_type=\"widget\" data-settings=\"{&quot;_animation&quot;:&quot;fadeInDown&quot;}\" data-widget_type=\"heading.default\">\n\t\t\t\t<div class=\"elementor-widget-container\">\n\t\t\t\t\t<h2 class=\"elementor-heading-title elementor-size-default\">NIVEAU SANS EFFORT, R\u00c9SULTATS PARFAITS<\/h2>\t\t\t\t<\/div>\n\t\t\t\t<\/div>\n\t\t\t\t<div class=\"elementor-element elementor-element-052c4a7 elementor-invisible elementor-widget elementor-widget-text-editor\" data-id=\"052c4a7\" data-element_type=\"widget\" data-settings=\"{&quot;_animation&quot;:&quot;fadeInUp&quot;}\" data-widget_type=\"text-editor.default\">\n\t\t\t\t<div class=\"elementor-widget-container\">\n\t\t\t\t\t\t\t\t\t<p>Les mortiers autonivelants sont des mat\u00e9riaux de construction sp\u00e9cialement con\u00e7us pour niveler les surfaces de mani\u00e8re automatique, \u00e9liminant les imperfections et cr\u00e9ant une couche uniforme et lisse. Ces produits sont couramment utilis\u00e9s pour pr\u00e9parer les sols avant d\u2019appliquer des finitions telles que la c\u00e9ramique, le parquet ou les tapis.<\/p>\t\t\t\t\t\t\t\t<\/div>\n\t\t\t\t<\/div>\n\t\t\t\t<div class=\"elementor-element elementor-element-853abe0 elementor-align-left elementor-icon-list--layout-traditional elementor-list-item-link-full_width elementor-invisible elementor-widget elementor-widget-icon-list\" data-id=\"853abe0\" data-element_type=\"widget\" data-settings=\"{&quot;_animation&quot;:&quot;fadeInUp&quot;}\" data-widget_type=\"icon-list.default\">\n\t\t\t\t<div class=\"elementor-widget-container\">\n\t\t\t\t\t\t\t<ul class=\"elementor-icon-list-items\">\n\t\t\t\t\t\t\t<li class=\"elementor-icon-list-item\">\n\t\t\t\t\t\t\t\t\t\t\t<a href=\"#productos\">\n\n\t\t\t\t\t\t\t\t\t\t\t\t<span class=\"elementor-icon-list-icon\">\n\t\t\t\t\t\t\t<i aria-hidden=\"true\" class=\"icon icon-arrow-right\"><\/i>\t\t\t\t\t\t<\/span>\n\t\t\t\t\t\t\t\t\t\t<span class=\"elementor-icon-list-text\">Produits<\/span>\n\t\t\t\t\t\t\t\t\t\t\t<\/a>\n\t\t\t\t\t\t\t\t\t<\/li>\n\t\t\t\t\t\t<\/ul>\n\t\t\t\t\t\t<\/div>\n\t\t\t\t<\/div>\n\t\t\t\t<\/div>\n\t\t<div class=\"elementor-element elementor-element-5c0353b e-con-full e-flex e-con e-child\" data-id=\"5c0353b\" data-element_type=\"container\">\n\t\t\t\t<div class=\"elementor-element elementor-element-f043185 elementor-invisible elementor-widget elementor-widget-image\" data-id=\"f043185\" data-element_type=\"widget\" data-settings=\"{&quot;_animation&quot;:&quot;fadeInRight&quot;}\" data-widget_type=\"image.default\">\n\t\t\t\t<div class=\"elementor-widget-container\">\n\t\t\t\t\t\t\t\t\t\t\t\t\t\t\t<img fetchpriority=\"high\" decoding=\"async\" width=\"374\" height=\"234\" src=\"https:\/\/forcol.atic.blue\/wp-content\/uploads\/2025\/04\/AUTONIVELANTES.jpg\" class=\"attachment-large size-large wp-image-196\" alt=\"\" srcset=\"https:\/\/forcol.atic.blue\/wp-content\/uploads\/2025\/04\/AUTONIVELANTES.jpg 374w, https:\/\/forcol.atic.blue\/wp-content\/uploads\/2025\/04\/AUTONIVELANTES-300x188.jpg 300w\" sizes=\"(max-width: 374px) 100vw, 374px\" \/>\t\t\t\t\t\t\t\t\t\t\t\t\t\t\t<\/div>\n\t\t\t\t<\/div>\n\t\t\t\t<\/div>\n\t\t\t\t\t<\/div>\n\t\t\t\t<\/div>\n\t\t<div class=\"elementor-element elementor-element-f14a165 e-flex e-con-boxed e-con e-parent\" data-id=\"f14a165\" data-element_type=\"container\" id=\"productos\">\n\t\t\t\t\t<div class=\"e-con-inner\">\n\t\t\t\t<div class=\"elementor-element elementor-element-7bb095d elementor-widget elementor-widget-heading\" data-id=\"7bb095d\" data-element_type=\"widget\" data-settings=\"{&quot;_animation&quot;:&quot;none&quot;}\" data-widget_type=\"heading.default\">\n\t\t\t\t<div class=\"elementor-widget-container\">\n\t\t\t\t\t<h3 class=\"elementor-heading-title elementor-size-default\">Produits Mortiers Autonivelants<\/h3>\t\t\t\t<\/div>\n\t\t\t\t<\/div>\n\t\t\t\t<div class=\"woocommerce elementor-element elementor-element-3e5a5f6 elementor-grid-4 elementor-grid-tablet-2 elementor-grid-mobile-1 elementor-widget elementor-widget-loop-grid\" data-id=\"3e5a5f6\" data-element_type=\"widget\" data-settings=\"{&quot;_skin&quot;:&quot;product&quot;,&quot;template_id&quot;:616,&quot;columns&quot;:4,&quot;columns_tablet&quot;:&quot;2&quot;,&quot;columns_mobile&quot;:&quot;1&quot;,&quot;edit_handle_selector&quot;:&quot;[data-elementor-type=\\&quot;loop-item\\&quot;]&quot;,&quot;row_gap&quot;:{&quot;unit&quot;:&quot;px&quot;,&quot;size&quot;:&quot;&quot;,&quot;sizes&quot;:[]},&quot;row_gap_tablet&quot;:{&quot;unit&quot;:&quot;px&quot;,&quot;size&quot;:&quot;&quot;,&quot;sizes&quot;:[]},&quot;row_gap_mobile&quot;:{&quot;unit&quot;:&quot;px&quot;,&quot;size&quot;:&quot;&quot;,&quot;sizes&quot;:[]}}\" data-widget_type=\"loop-grid.product\">\n\t\t\t\t<div class=\"elementor-widget-container\">\n\t\t\t\t\t\t\t<div class=\"e-loop-nothing-found-message\">\n\t\t<\/div>\n\t\t\t\t\t\t<\/div>\n\t\t\t\t<\/div>\n\t\t\t\t\t<\/div>\n\t\t\t\t<\/div>\n\t\t<div class=\"elementor-element elementor-element-bd581aa e-flex e-con-boxed e-con e-parent\" data-id=\"bd581aa\" data-element_type=\"container\">\n\t\t\t\t\t<div class=\"e-con-inner\">\n\t\t\t\t<div class=\"elementor-element elementor-element-4ad37d2 elementor-align-center elementor-widget elementor-widget-button\" data-id=\"4ad37d2\" data-element_type=\"widget\" data-widget_type=\"button.default\">\n\t\t\t\t<div class=\"elementor-widget-container\">\n\t\t\t\t\t\t\t\t\t<div class=\"elementor-button-wrapper\">\n\t\t\t\t\t<a class=\"elementor-button elementor-button-link elementor-size-sm\" href=\"\/wp-content\/uploads\/2025\/05\/00-FICHAS-TECNICAS-FORCOL-AUTONIVELANTES-FRANCES.pdf\" target=\"_blank\">\n\t\t\t\t\t\t<span class=\"elementor-button-content-wrapper\">\n\t\t\t\t\t\t\t\t\t<span class=\"elementor-button-text\">t\u00e9l\u00e9charger le catalogue<\/span>\n\t\t\t\t\t<\/span>\n\t\t\t\t\t<\/a>\n\t\t\t\t<\/div>\n\t\t\t\t\t\t\t\t<\/div>\n\t\t\t\t<\/div>\n\t\t\t\t\t<\/div>\n\t\t\t\t<\/div>\n\t\t<div class=\"elementor-element elementor-element-871147b e-flex e-con-boxed e-con e-parent\" data-id=\"871147b\" data-element_type=\"container\" data-settings=\"{&quot;background_background&quot;:&quot;classic&quot;}\">\n\t\t\t\t\t<div class=\"e-con-inner\">\n\t\t<div class=\"elementor-element elementor-element-85d6f7a e-con-full e-flex e-con e-child\" data-id=\"85d6f7a\" data-element_type=\"container\">\n\t\t\t\t<div class=\"elementor-element elementor-element-537190a elementor-invisible elementor-widget elementor-widget-heading\" data-id=\"537190a\" data-element_type=\"widget\" data-settings=\"{&quot;_animation&quot;:&quot;fadeInDown&quot;}\" data-widget_type=\"heading.default\">\n\t\t\t\t<div class=\"elementor-widget-container\">\n\t\t\t\t\t<h4 class=\"elementor-heading-title elementor-size-default\">VOUS \u00caTES INT\u00c9RESS\u00c9 PAR NOS PRODUITS?<\/h4>\t\t\t\t<\/div>\n\t\t\t\t<\/div>\n\t\t\t\t<div class=\"elementor-element elementor-element-5ade991 elementor-invisible elementor-widget elementor-widget-text-editor\" data-id=\"5ade991\" data-element_type=\"widget\" data-settings=\"{&quot;_animation&quot;:&quot;fadeInUp&quot;}\" data-widget_type=\"text-editor.default\">\n\t\t\t\t<div class=\"elementor-widget-container\">\n\t\t\t\t\t\t\t\t\tContactez-nous\t\t\t\t\t\t\t\t<\/div>\n\t\t\t\t<\/div>\n\t\t\t\t<\/div>\n\t\t<div class=\"elementor-element elementor-element-2075b45 e-con-full e-flex e-con e-child\" data-id=\"2075b45\" data-element_type=\"container\">\n\t\t<div class=\"elementor-element elementor-element-d7aecf5 e-con-full e-flex e-con e-child\" data-id=\"d7aecf5\" data-element_type=\"container\">\n\t\t\t\t<div class=\"elementor-element elementor-element-62d20b2 elementor-position-left elementor-vertical-align-middle elementor-widget__width-inherit elementor-view-default elementor-mobile-position-top elementor-widget elementor-widget-icon-box\" data-id=\"62d20b2\" data-element_type=\"widget\" data-widget_type=\"icon-box.default\">\n\t\t\t\t<div class=\"elementor-widget-container\">\n\t\t\t\t\t\t\t<div class=\"elementor-icon-box-wrapper\">\n\n\t\t\t\t\t\t<div class=\"elementor-icon-box-icon\">\n\t\t\t\t<a href=\"\/fr\/contact\/\" class=\"elementor-icon\" tabindex=\"-1\" aria-label=\"CONTACT\">\n\t\t\t\t<i aria-hidden=\"true\" class=\"icon icon-envelope11\"><\/i>\t\t\t\t<\/a>\n\t\t\t<\/div>\n\t\t\t\n\t\t\t\t\t\t<div class=\"elementor-icon-box-content\">\n\n\t\t\t\t\t\t\t\t\t<div class=\"elementor-icon-box-title\">\n\t\t\t\t\t\t<a href=\"\/fr\/contact\/\" >\n\t\t\t\t\t\t\tCONTACT\t\t\t\t\t\t<\/a>\n\t\t\t\t\t<\/div>\n\t\t\t\t\n\t\t\t\t\n\t\t\t<\/div>\n\t\t\t\n\t\t<\/div>\n\t\t\t\t\t\t<\/div>\n\t\t\t\t<\/div>\n\t\t\t\t<\/div>\n\t\t<div class=\"elementor-element elementor-element-eb6b7eb e-con-full e-flex e-con e-child\" data-id=\"eb6b7eb\" data-element_type=\"container\">\n\t\t\t\t<div class=\"elementor-element elementor-element-1d37692 elementor-position-left elementor-vertical-align-middle elementor-widget__width-inherit elementor-view-default elementor-mobile-position-top elementor-widget elementor-widget-icon-box\" data-id=\"1d37692\" data-element_type=\"widget\" data-widget_type=\"icon-box.default\">\n\t\t\t\t<div class=\"elementor-widget-container\">\n\t\t\t\t\t\t\t<div class=\"elementor-icon-box-wrapper\">\n\n\t\t\t\t\t\t<div class=\"elementor-icon-box-icon\">\n\t\t\t\t<a href=\"\/fr\/emplacements\/\" class=\"elementor-icon\" tabindex=\"-1\" aria-label=\"EMPLACEMENTS\">\n\t\t\t\t<i aria-hidden=\"true\" class=\"icon icon-map-marker1\"><\/i>\t\t\t\t<\/a>\n\t\t\t<\/div>\n\t\t\t\n\t\t\t\t\t\t<div class=\"elementor-icon-box-content\">\n\n\t\t\t\t\t\t\t\t\t<div class=\"elementor-icon-box-title\">\n\t\t\t\t\t\t<a href=\"\/fr\/emplacements\/\" >\n\t\t\t\t\t\t\tEMPLACEMENTS\t\t\t\t\t\t<\/a>\n\t\t\t\t\t<\/div>\n\t\t\t\t\n\t\t\t\t\n\t\t\t<\/div>\n\t\t\t\n\t\t<\/div>\n\t\t\t\t\t\t<\/div>\n\t\t\t\t<\/div>\n\t\t\t\t<\/div>\n\t\t\t\t<\/div>\n\t\t\t\t\t<\/div>\n\t\t\t\t<\/div>\n\t\t<div class=\"elementor-element elementor-element-5670b08 e-flex e-con-boxed e-con e-parent\" data-id=\"5670b08\" data-element_type=\"container\">\n\t\t\t\t\t<div class=\"e-con-inner\">\n\t\t\t\t<div class=\"elementor-element elementor-element-b096e2e elementor-widget elementor-widget-heading\" data-id=\"b096e2e\" data-element_type=\"widget\" data-settings=\"{&quot;_animation&quot;:&quot;none&quot;}\" data-widget_type=\"heading.default\">\n\t\t\t\t<div class=\"elementor-widget-container\">\n\t\t\t\t\t<h3 class=\"elementor-heading-title elementor-size-default\">Cela peut aussi vous int\u00e9resser<\/h3>\t\t\t\t<\/div>\n\t\t\t\t<\/div>\n\t\t\t\t\t<\/div>\n\t\t\t\t<\/div>\n\t\t<div class=\"elementor-element elementor-element-e3a8f2e e-grid e-con-boxed e-con e-parent\" data-id=\"e3a8f2e\" data-element_type=\"container\">\n\t\t\t\t\t<div class=\"e-con-inner\">\n\t\t<div class=\"elementor-element elementor-element-613e1f3 e-con-full e-flex e-con e-child\" data-id=\"613e1f3\" data-element_type=\"container\">\n\t\t\t\t<div class=\"elementor-element elementor-element-d3fb5ca elementor-widget elementor-widget-image\" data-id=\"d3fb5ca\" data-element_type=\"widget\" data-widget_type=\"image.default\">\n\t\t\t\t<div class=\"elementor-widget-container\">\n\t\t\t\t\t\t\t\t\t\t\t\t\t\t\t\t<a href=\"https:\/\/www.forcolmorteros.com\/fr\/adhesifs-cementaires\/\">\n\t\t\t\t\t\t\t<img decoding=\"async\" width=\"353\" height=\"234\" src=\"https:\/\/forcol.atic.blue\/wp-content\/uploads\/2025\/04\/adhesivos-cementosos.jpg\" class=\"attachment-large size-large wp-image-192\" alt=\"\" srcset=\"https:\/\/forcol.atic.blue\/wp-content\/uploads\/2025\/04\/adhesivos-cementosos.jpg 353w, https:\/\/forcol.atic.blue\/wp-content\/uploads\/2025\/04\/adhesivos-cementosos-300x199.jpg 300w\" sizes=\"(max-width: 353px) 100vw, 353px\" \/>\t\t\t\t\t\t\t\t<\/a>\n\t\t\t\t\t\t\t\t\t\t\t\t\t\t\t<\/div>\n\t\t\t\t<\/div>\n\t\t\t\t<div class=\"elementor-element elementor-element-c46ec6e elementor-widget elementor-widget-heading\" data-id=\"c46ec6e\" data-element_type=\"widget\" data-widget_type=\"heading.default\">\n\t\t\t\t<div class=\"elementor-widget-container\">\n\t\t\t\t\t<h2 class=\"elementor-heading-title elementor-size-default\"><a href=\"https:\/\/www.forcolmorteros.com\/fr\/adhesifs-cementaires\/\">ADH\u00c9SIFS CEMENTAIRES<\/a><\/h2>\t\t\t\t<\/div>\n\t\t\t\t<\/div>\n\t\t\t\t<\/div>\n\t\t<div class=\"elementor-element elementor-element-2cb6087 e-con-full e-flex e-con e-child\" data-id=\"2cb6087\" data-element_type=\"container\">\n\t\t\t\t<div class=\"elementor-element elementor-element-6e5b810 elementor-widget elementor-widget-image\" data-id=\"6e5b810\" data-element_type=\"widget\" data-widget_type=\"image.default\">\n\t\t\t\t<div class=\"elementor-widget-container\">\n\t\t\t\t\t\t\t\t\t\t\t\t\t\t\t\t<a href=\"https:\/\/www.forcolmorteros.com\/fr\/maconnerie\/\">\n\t\t\t\t\t\t\t<img decoding=\"async\" width=\"705\" height=\"504\" src=\"https:\/\/forcol.atic.blue\/wp-content\/uploads\/2025\/04\/ALBANILERIA.jpg\" class=\"attachment-large size-large wp-image-194\" alt=\"\" srcset=\"https:\/\/forcol.atic.blue\/wp-content\/uploads\/2025\/04\/ALBANILERIA.jpg 705w, https:\/\/forcol.atic.blue\/wp-content\/uploads\/2025\/04\/ALBANILERIA-600x429.jpg 600w, https:\/\/forcol.atic.blue\/wp-content\/uploads\/2025\/04\/ALBANILERIA-300x214.jpg 300w\" sizes=\"(max-width: 705px) 100vw, 705px\" \/>\t\t\t\t\t\t\t\t<\/a>\n\t\t\t\t\t\t\t\t\t\t\t\t\t\t\t<\/div>\n\t\t\t\t<\/div>\n\t\t\t\t<div class=\"elementor-element elementor-element-80f6ff8 elementor-widget elementor-widget-heading\" data-id=\"80f6ff8\" data-element_type=\"widget\" data-widget_type=\"heading.default\">\n\t\t\t\t<div class=\"elementor-widget-container\">\n\t\t\t\t\t<h2 class=\"elementor-heading-title elementor-size-default\"><a href=\"https:\/\/www.forcolmorteros.com\/fr\/maconnerie\/\">MA\u00c7ONNERIE<\/a><\/h2>\t\t\t\t<\/div>\n\t\t\t\t<\/div>\n\t\t\t\t<\/div>\n\t\t<div class=\"elementor-element elementor-element-fd98cdf e-con-full e-flex e-con e-child\" data-id=\"fd98cdf\" data-element_type=\"container\">\n\t\t\t\t<div class=\"elementor-element elementor-element-01ec119 elementor-widget elementor-widget-image\" data-id=\"01ec119\" data-element_type=\"widget\" data-widget_type=\"image.default\">\n\t\t\t\t<div class=\"elementor-widget-container\">\n\t\t\t\t\t\t\t\t\t\t\t\t\t\t\t\t<a href=\"https:\/\/www.forcolmorteros.com\/fr\/produits-de-jointoiement\/\">\n\t\t\t\t\t\t\t<img loading=\"lazy\" decoding=\"async\" width=\"302\" height=\"234\" src=\"https:\/\/forcol.atic.blue\/wp-content\/uploads\/2025\/04\/REJUNTADO.jpg\" class=\"attachment-large size-large wp-image-198\" alt=\"\" srcset=\"https:\/\/forcol.atic.blue\/wp-content\/uploads\/2025\/04\/REJUNTADO.jpg 302w, https:\/\/forcol.atic.blue\/wp-content\/uploads\/2025\/04\/REJUNTADO-300x232.jpg 300w\" sizes=\"(max-width: 302px) 100vw, 302px\" \/>\t\t\t\t\t\t\t\t<\/a>\n\t\t\t\t\t\t\t\t\t\t\t\t\t\t\t<\/div>\n\t\t\t\t<\/div>\n\t\t\t\t<div class=\"elementor-element elementor-element-dfa89c4 elementor-widget elementor-widget-heading\" data-id=\"dfa89c4\" data-element_type=\"widget\" data-widget_type=\"heading.default\">\n\t\t\t\t<div class=\"elementor-widget-container\">\n\t\t\t\t\t<h2 class=\"elementor-heading-title elementor-size-default\"><a href=\"https:\/\/www.forcolmorteros.com\/fr\/produits-de-jointoiement\/\">PRODUITS DE JOINTOIEMENT<\/a><\/h2>\t\t\t\t<\/div>\n\t\t\t\t<\/div>\n\t\t\t\t<\/div>\n\t\t\t\t\t<\/div>\n\t\t\t\t<\/div>\n\t\t\t\t<\/div>\n\t\t","protected":false},"excerpt":{"rendered":"<p>MORTIERS AUTONIVELANTS NIVEAU SANS EFFORT, R\u00c9SULTATS PARFAITS Les mortiers autonivelants sont des mat\u00e9riaux de construction sp\u00e9cialement con\u00e7us pour niveler les surfaces de mani\u00e8re automatique, \u00e9liminant les imperfections et cr\u00e9ant une couche uniforme et lisse. Ces produits sont couramment utilis\u00e9s pour pr\u00e9parer les sols avant d\u2019appliquer des finitions telles que la c\u00e9ramique, le parquet ou les [&hellip;]<\/p>\n","protected":false},"author":1,"featured_media":0,"parent":0,"menu_order":0,"comment_status":"closed","ping_status":"closed","template":"","meta":{"_acf_changed":false,"footnotes":""},"class_list":["post-837","page","type-page","status-publish","hentry"],"acf":[],"yoast_head":"<!-- This site is optimized with the Yoast SEO plugin v24.9 - https:\/\/yoast.com\/wordpress\/plugins\/seo\/ -->\n<title>MORTIERS AUTONIVELANTS - Forcol<\/title>\n<meta name=\"robots\" content=\"noindex, follow, max-snippet:-1, max-image-preview:large, max-video-preview:-1\" \/>\n<meta property=\"og:locale\" content=\"fr_FR\" \/>\n<meta property=\"og:type\" content=\"article\" \/>\n<meta property=\"og:title\" content=\"MORTIERS AUTONIVELANTS - Forcol\" \/>\n<meta property=\"og:description\" content=\"MORTIERS AUTONIVELANTS NIVEAU SANS EFFORT, R\u00c9SULTATS PARFAITS Les mortiers autonivelants sont des mat\u00e9riaux de construction sp\u00e9cialement con\u00e7us pour niveler les surfaces de mani\u00e8re automatique, \u00e9liminant les imperfections et cr\u00e9ant une couche uniforme et lisse. Ces produits sont couramment utilis\u00e9s pour pr\u00e9parer les sols avant d\u2019appliquer des finitions telles que la c\u00e9ramique, le parquet ou les [&hellip;]\" \/>\n<meta property=\"og:url\" content=\"https:\/\/forcol.atic.blue\/fr\/mortiers-autonivelants\/\" \/>\n<meta property=\"og:site_name\" content=\"Forcol\" \/>\n<meta property=\"article:modified_time\" content=\"2025-05-13T08:41:11+00:00\" \/>\n<meta property=\"og:image\" content=\"https:\/\/forcol.atic.blue\/wp-content\/uploads\/2025\/04\/AUTONIVELANTES.jpg\" \/>\n\t<meta property=\"og:image:width\" content=\"374\" \/>\n\t<meta property=\"og:image:height\" content=\"234\" \/>\n\t<meta property=\"og:image:type\" content=\"image\/jpeg\" \/>\n<meta name=\"twitter:card\" content=\"summary_large_image\" \/>\n<meta name=\"twitter:label1\" content=\"Dur\u00e9e de lecture estim\u00e9e\" \/>\n\t<meta name=\"twitter:data1\" content=\"2 minutes\" \/>\n<script type=\"application\/ld+json\" class=\"yoast-schema-graph\">{\"@context\":\"https:\/\/schema.org\",\"@graph\":[{\"@type\":\"WebPage\",\"@id\":\"https:\/\/forcol.atic.blue\/fr\/mortiers-autonivelants\/\",\"url\":\"https:\/\/forcol.atic.blue\/fr\/mortiers-autonivelants\/\",\"name\":\"MORTIERS AUTONIVELANTS - Forcol\",\"isPartOf\":{\"@id\":\"https:\/\/forcol.atic.blue\/#website\"},\"primaryImageOfPage\":{\"@id\":\"https:\/\/forcol.atic.blue\/fr\/mortiers-autonivelants\/#primaryimage\"},\"image\":{\"@id\":\"https:\/\/forcol.atic.blue\/fr\/mortiers-autonivelants\/#primaryimage\"},\"thumbnailUrl\":\"https:\/\/forcol.atic.blue\/wp-content\/uploads\/2025\/04\/AUTONIVELANTES.jpg\",\"datePublished\":\"2025-04-29T08:42:09+00:00\",\"dateModified\":\"2025-05-13T08:41:11+00:00\",\"breadcrumb\":{\"@id\":\"https:\/\/forcol.atic.blue\/fr\/mortiers-autonivelants\/#breadcrumb\"},\"inLanguage\":\"fr-FR\",\"potentialAction\":[{\"@type\":\"ReadAction\",\"target\":[\"https:\/\/forcol.atic.blue\/fr\/mortiers-autonivelants\/\"]}]},{\"@type\":\"ImageObject\",\"inLanguage\":\"fr-FR\",\"@id\":\"https:\/\/forcol.atic.blue\/fr\/mortiers-autonivelants\/#primaryimage\",\"url\":\"https:\/\/forcol.atic.blue\/wp-content\/uploads\/2025\/04\/AUTONIVELANTES.jpg\",\"contentUrl\":\"https:\/\/forcol.atic.blue\/wp-content\/uploads\/2025\/04\/AUTONIVELANTES.jpg\"},{\"@type\":\"BreadcrumbList\",\"@id\":\"https:\/\/forcol.atic.blue\/fr\/mortiers-autonivelants\/#breadcrumb\",\"itemListElement\":[{\"@type\":\"ListItem\",\"position\":1,\"name\":\"Portada\",\"item\":\"https:\/\/forcol.atic.blue\/\"},{\"@type\":\"ListItem\",\"position\":2,\"name\":\"MORTIERS AUTONIVELANTS\"}]},{\"@type\":\"WebSite\",\"@id\":\"https:\/\/forcol.atic.blue\/#website\",\"url\":\"https:\/\/forcol.atic.blue\/\",\"name\":\"Forcol\",\"description\":\"\",\"potentialAction\":[{\"@type\":\"SearchAction\",\"target\":{\"@type\":\"EntryPoint\",\"urlTemplate\":\"https:\/\/forcol.atic.blue\/?s={search_term_string}\"},\"query-input\":{\"@type\":\"PropertyValueSpecification\",\"valueRequired\":true,\"valueName\":\"search_term_string\"}}],\"inLanguage\":\"fr-FR\"}]}<\/script>\n<!-- \/ Yoast SEO plugin. -->","yoast_head_json":{"title":"MORTIERS AUTONIVELANTS - Forcol","robots":{"index":"noindex","follow":"follow","max-snippet":"max-snippet:-1","max-image-preview":"max-image-preview:large","max-video-preview":"max-video-preview:-1"},"og_locale":"fr_FR","og_type":"article","og_title":"MORTIERS AUTONIVELANTS - Forcol","og_description":"MORTIERS AUTONIVELANTS NIVEAU SANS EFFORT, R\u00c9SULTATS PARFAITS Les mortiers autonivelants sont des mat\u00e9riaux de construction sp\u00e9cialement con\u00e7us pour niveler les surfaces de mani\u00e8re automatique, \u00e9liminant les imperfections et cr\u00e9ant une couche uniforme et lisse. Ces produits sont couramment utilis\u00e9s pour pr\u00e9parer les sols avant d\u2019appliquer des finitions telles que la c\u00e9ramique, le parquet ou les [&hellip;]","og_url":"https:\/\/forcol.atic.blue\/fr\/mortiers-autonivelants\/","og_site_name":"Forcol","article_modified_time":"2025-05-13T08:41:11+00:00","og_image":[{"width":374,"height":234,"url":"https:\/\/forcol.atic.blue\/wp-content\/uploads\/2025\/04\/AUTONIVELANTES.jpg","type":"image\/jpeg"}],"twitter_card":"summary_large_image","twitter_misc":{"Dur\u00e9e de lecture estim\u00e9e":"2 minutes"},"schema":{"@context":"https:\/\/schema.org","@graph":[{"@type":"WebPage","@id":"https:\/\/forcol.atic.blue\/fr\/mortiers-autonivelants\/","url":"https:\/\/forcol.atic.blue\/fr\/mortiers-autonivelants\/","name":"MORTIERS AUTONIVELANTS - Forcol","isPartOf":{"@id":"https:\/\/forcol.atic.blue\/#website"},"primaryImageOfPage":{"@id":"https:\/\/forcol.atic.blue\/fr\/mortiers-autonivelants\/#primaryimage"},"image":{"@id":"https:\/\/forcol.atic.blue\/fr\/mortiers-autonivelants\/#primaryimage"},"thumbnailUrl":"https:\/\/forcol.atic.blue\/wp-content\/uploads\/2025\/04\/AUTONIVELANTES.jpg","datePublished":"2025-04-29T08:42:09+00:00","dateModified":"2025-05-13T08:41:11+00:00","breadcrumb":{"@id":"https:\/\/forcol.atic.blue\/fr\/mortiers-autonivelants\/#breadcrumb"},"inLanguage":"fr-FR","potentialAction":[{"@type":"ReadAction","target":["https:\/\/forcol.atic.blue\/fr\/mortiers-autonivelants\/"]}]},{"@type":"ImageObject","inLanguage":"fr-FR","@id":"https:\/\/forcol.atic.blue\/fr\/mortiers-autonivelants\/#primaryimage","url":"https:\/\/forcol.atic.blue\/wp-content\/uploads\/2025\/04\/AUTONIVELANTES.jpg","contentUrl":"https:\/\/forcol.atic.blue\/wp-content\/uploads\/2025\/04\/AUTONIVELANTES.jpg"},{"@type":"BreadcrumbList","@id":"https:\/\/forcol.atic.blue\/fr\/mortiers-autonivelants\/#breadcrumb","itemListElement":[{"@type":"ListItem","position":1,"name":"Portada","item":"https:\/\/forcol.atic.blue\/"},{"@type":"ListItem","position":2,"name":"MORTIERS AUTONIVELANTS"}]},{"@type":"WebSite","@id":"https:\/\/forcol.atic.blue\/#website","url":"https:\/\/forcol.atic.blue\/","name":"Forcol","description":"","potentialAction":[{"@type":"SearchAction","target":{"@type":"EntryPoint","urlTemplate":"https:\/\/forcol.atic.blue\/?s={search_term_string}"},"query-input":{"@type":"PropertyValueSpecification","valueRequired":true,"valueName":"search_term_string"}}],"inLanguage":"fr-FR"}]}},"_links":{"self":[{"href":"https:\/\/forcol.atic.blue\/fr\/wp-json\/wp\/v2\/pages\/837","targetHints":{"allow":["GET"]}}],"collection":[{"href":"https:\/\/forcol.atic.blue\/fr\/wp-json\/wp\/v2\/pages"}],"about":[{"href":"https:\/\/forcol.atic.blue\/fr\/wp-json\/wp\/v2\/types\/page"}],"author":[{"embeddable":true,"href":"https:\/\/forcol.atic.blue\/fr\/wp-json\/wp\/v2\/users\/1"}],"replies":[{"embeddable":true,"href":"https:\/\/forcol.atic.blue\/fr\/wp-json\/wp\/v2\/comments?post=837"}],"version-history":[{"count":27,"href":"https:\/\/forcol.atic.blue\/fr\/wp-json\/wp\/v2\/pages\/837\/revisions"}],"predecessor-version":[{"id":1226,"href":"https:\/\/forcol.atic.blue\/fr\/wp-json\/wp\/v2\/pages\/837\/revisions\/1226"}],"wp:attachment":[{"href":"https:\/\/forcol.atic.blue\/fr\/wp-json\/wp\/v2\/media?parent=837"}],"curies":[{"name":"wp","href":"https:\/\/api.w.org\/{rel}","templated":true}]}}