{"id":839,"date":"2025-04-29T08:45:18","date_gmt":"2025-04-29T08:45:18","guid":{"rendered":"https:\/\/forcol.atic.blue\/?page_id=839"},"modified":"2025-05-13T08:41:18","modified_gmt":"2025-05-13T08:41:18","slug":"produits-de-jointoiement","status":"publish","type":"page","link":"https:\/\/forcol.atic.blue\/fr\/produits-de-jointoiement\/","title":{"rendered":"PRODUITS DE JOINTOIEMENT"},"content":{"rendered":"\t\t<div data-elementor-type=\"wp-page\" data-elementor-id=\"839\" class=\"elementor elementor-839 elementor-666\" data-elementor-post-type=\"page\">\n\t\t\t\t<div class=\"elementor-element elementor-element-9949f91 e-flex e-con-boxed e-con e-parent\" data-id=\"9949f91\" data-element_type=\"container\" data-settings=\"{&quot;background_background&quot;:&quot;classic&quot;}\">\n\t\t\t\t\t<div class=\"e-con-inner\">\n\t\t<div class=\"elementor-element elementor-element-cb9f3be e-con-full e-flex e-con e-child\" data-id=\"cb9f3be\" data-element_type=\"container\">\n\t\t\t\t<div class=\"elementor-element elementor-element-46514a2 elementor-widget elementor-widget-heading\" data-id=\"46514a2\" data-element_type=\"widget\" data-settings=\"{&quot;_animation&quot;:&quot;none&quot;}\" data-widget_type=\"heading.default\">\n\t\t\t\t<div class=\"elementor-widget-container\">\n\t\t\t\t\t<h1 class=\"elementor-heading-title elementor-size-default\">PRODUITS DE JOINTOIEMENT<\/h1>\t\t\t\t<\/div>\n\t\t\t\t<\/div>\n\t\t\t\t<div class=\"elementor-element elementor-element-43f7239 elementor-invisible elementor-widget elementor-widget-heading\" data-id=\"43f7239\" data-element_type=\"widget\" data-settings=\"{&quot;_animation&quot;:&quot;fadeInDown&quot;}\" data-widget_type=\"heading.default\">\n\t\t\t\t<div class=\"elementor-widget-container\">\n\t\t\t\t\t<h2 class=\"elementor-heading-title elementor-size-default\">APPLICATION SIMPLE, JOINTS PARFAITS<\/h2>\t\t\t\t<\/div>\n\t\t\t\t<\/div>\n\t\t\t\t<div class=\"elementor-element elementor-element-c2bfe78 elementor-invisible elementor-widget elementor-widget-text-editor\" data-id=\"c2bfe78\" data-element_type=\"widget\" data-settings=\"{&quot;_animation&quot;:&quot;fadeInUp&quot;}\" data-widget_type=\"text-editor.default\">\n\t\t\t\t<div class=\"elementor-widget-container\">\n\t\t\t\t\t\t\t\t\t<p>Lors de la pose de carreaux en c\u00e9ramique, le mat\u00e9riau de jointoiement est utilis\u00e9 pour remplir et sceller les joints de pose. Ces joints sont les s\u00e9parations physiques entre les rev\u00eatements de carreaux et ont des fonctions m\u00e9caniques et esth\u00e9tiques.<\/p>\t\t\t\t\t\t\t\t<\/div>\n\t\t\t\t<\/div>\n\t\t\t\t<div class=\"elementor-element elementor-element-456f818 elementor-align-left elementor-icon-list--layout-traditional elementor-list-item-link-full_width elementor-invisible elementor-widget elementor-widget-icon-list\" data-id=\"456f818\" data-element_type=\"widget\" data-settings=\"{&quot;_animation&quot;:&quot;fadeInUp&quot;}\" data-widget_type=\"icon-list.default\">\n\t\t\t\t<div class=\"elementor-widget-container\">\n\t\t\t\t\t\t\t<ul class=\"elementor-icon-list-items\">\n\t\t\t\t\t\t\t<li class=\"elementor-icon-list-item\">\n\t\t\t\t\t\t\t\t\t\t\t<a href=\"#productos\">\n\n\t\t\t\t\t\t\t\t\t\t\t\t<span class=\"elementor-icon-list-icon\">\n\t\t\t\t\t\t\t<i aria-hidden=\"true\" class=\"icon icon-arrow-right\"><\/i>\t\t\t\t\t\t<\/span>\n\t\t\t\t\t\t\t\t\t\t<span class=\"elementor-icon-list-text\">Produits<\/span>\n\t\t\t\t\t\t\t\t\t\t\t<\/a>\n\t\t\t\t\t\t\t\t\t<\/li>\n\t\t\t\t\t\t<\/ul>\n\t\t\t\t\t\t<\/div>\n\t\t\t\t<\/div>\n\t\t\t\t<\/div>\n\t\t<div class=\"elementor-element elementor-element-7d7d23f e-con-full e-flex e-con e-child\" data-id=\"7d7d23f\" data-element_type=\"container\">\n\t\t\t\t<div class=\"elementor-element elementor-element-d20403d elementor-invisible elementor-widget elementor-widget-image\" data-id=\"d20403d\" data-element_type=\"widget\" data-settings=\"{&quot;_animation&quot;:&quot;fadeInRight&quot;}\" data-widget_type=\"image.default\">\n\t\t\t\t<div class=\"elementor-widget-container\">\n\t\t\t\t\t\t\t\t\t\t\t\t\t\t\t<img fetchpriority=\"high\" decoding=\"async\" width=\"302\" height=\"234\" src=\"https:\/\/forcol.atic.blue\/wp-content\/uploads\/2025\/04\/REJUNTADO.jpg\" class=\"attachment-large size-large wp-image-198\" alt=\"\" srcset=\"https:\/\/forcol.atic.blue\/wp-content\/uploads\/2025\/04\/REJUNTADO.jpg 302w, https:\/\/forcol.atic.blue\/wp-content\/uploads\/2025\/04\/REJUNTADO-300x232.jpg 300w\" sizes=\"(max-width: 302px) 100vw, 302px\" \/>\t\t\t\t\t\t\t\t\t\t\t\t\t\t\t<\/div>\n\t\t\t\t<\/div>\n\t\t\t\t<\/div>\n\t\t\t\t\t<\/div>\n\t\t\t\t<\/div>\n\t\t<div class=\"elementor-element elementor-element-edff209 e-flex e-con-boxed e-con e-parent\" data-id=\"edff209\" data-element_type=\"container\" id=\"productos\">\n\t\t\t\t\t<div class=\"e-con-inner\">\n\t\t\t\t<div class=\"elementor-element elementor-element-b22c89b elementor-widget elementor-widget-heading\" data-id=\"b22c89b\" data-element_type=\"widget\" data-settings=\"{&quot;_animation&quot;:&quot;none&quot;}\" data-widget_type=\"heading.default\">\n\t\t\t\t<div class=\"elementor-widget-container\">\n\t\t\t\t\t<h3 class=\"elementor-heading-title elementor-size-default\">Produits de Jointoiement<\/h3>\t\t\t\t<\/div>\n\t\t\t\t<\/div>\n\t\t\t\t<div class=\"woocommerce elementor-element elementor-element-2c87d8e elementor-grid-4 elementor-grid-tablet-2 elementor-grid-mobile-1 elementor-widget elementor-widget-loop-grid\" data-id=\"2c87d8e\" data-element_type=\"widget\" data-settings=\"{&quot;_skin&quot;:&quot;product&quot;,&quot;template_id&quot;:616,&quot;columns&quot;:4,&quot;columns_tablet&quot;:&quot;2&quot;,&quot;columns_mobile&quot;:&quot;1&quot;,&quot;edit_handle_selector&quot;:&quot;[data-elementor-type=\\&quot;loop-item\\&quot;]&quot;,&quot;row_gap&quot;:{&quot;unit&quot;:&quot;px&quot;,&quot;size&quot;:&quot;&quot;,&quot;sizes&quot;:[]},&quot;row_gap_tablet&quot;:{&quot;unit&quot;:&quot;px&quot;,&quot;size&quot;:&quot;&quot;,&quot;sizes&quot;:[]},&quot;row_gap_mobile&quot;:{&quot;unit&quot;:&quot;px&quot;,&quot;size&quot;:&quot;&quot;,&quot;sizes&quot;:[]}}\" data-widget_type=\"loop-grid.product\">\n\t\t\t\t<div class=\"elementor-widget-container\">\n\t\t\t\t\t\t\t<div class=\"e-loop-nothing-found-message\">\n\t\t<\/div>\n\t\t\t\t\t\t<\/div>\n\t\t\t\t<\/div>\n\t\t\t\t\t<\/div>\n\t\t\t\t<\/div>\n\t\t<div class=\"elementor-element elementor-element-843d9ac e-flex e-con-boxed e-con e-parent\" data-id=\"843d9ac\" data-element_type=\"container\" data-settings=\"{&quot;background_background&quot;:&quot;classic&quot;}\">\n\t\t\t\t\t<div class=\"e-con-inner\">\n\t\t<div class=\"elementor-element elementor-element-b7eb6aa e-con-full e-flex e-con e-child\" data-id=\"b7eb6aa\" data-element_type=\"container\">\n\t\t\t\t<div class=\"elementor-element elementor-element-2245aa2 elementor-invisible elementor-widget elementor-widget-heading\" data-id=\"2245aa2\" data-element_type=\"widget\" data-settings=\"{&quot;_animation&quot;:&quot;fadeInDown&quot;}\" data-widget_type=\"heading.default\">\n\t\t\t\t<div class=\"elementor-widget-container\">\n\t\t\t\t\t<h4 class=\"elementor-heading-title elementor-size-default\">VOUS \u00caTES INT\u00c9RESS\u00c9 PAR NOS PRODUITS?<\/h4>\t\t\t\t<\/div>\n\t\t\t\t<\/div>\n\t\t\t\t<div class=\"elementor-element elementor-element-8327762 elementor-invisible elementor-widget elementor-widget-text-editor\" data-id=\"8327762\" data-element_type=\"widget\" data-settings=\"{&quot;_animation&quot;:&quot;fadeInUp&quot;}\" data-widget_type=\"text-editor.default\">\n\t\t\t\t<div class=\"elementor-widget-container\">\n\t\t\t\t\t\t\t\t\tContactez-nous\t\t\t\t\t\t\t\t<\/div>\n\t\t\t\t<\/div>\n\t\t\t\t<\/div>\n\t\t<div class=\"elementor-element elementor-element-8267ba4 e-con-full e-flex e-con e-child\" data-id=\"8267ba4\" data-element_type=\"container\">\n\t\t<div class=\"elementor-element elementor-element-fc8c8bf e-con-full e-flex e-con e-child\" data-id=\"fc8c8bf\" data-element_type=\"container\">\n\t\t\t\t<div class=\"elementor-element elementor-element-b8f9938 elementor-position-left elementor-vertical-align-middle elementor-widget__width-inherit elementor-view-default elementor-mobile-position-top elementor-widget elementor-widget-icon-box\" data-id=\"b8f9938\" data-element_type=\"widget\" data-widget_type=\"icon-box.default\">\n\t\t\t\t<div class=\"elementor-widget-container\">\n\t\t\t\t\t\t\t<div class=\"elementor-icon-box-wrapper\">\n\n\t\t\t\t\t\t<div class=\"elementor-icon-box-icon\">\n\t\t\t\t<a href=\"\/fr\/contact\/\" class=\"elementor-icon\" tabindex=\"-1\" aria-label=\"CONTACT\">\n\t\t\t\t<i aria-hidden=\"true\" class=\"icon icon-envelope11\"><\/i>\t\t\t\t<\/a>\n\t\t\t<\/div>\n\t\t\t\n\t\t\t\t\t\t<div class=\"elementor-icon-box-content\">\n\n\t\t\t\t\t\t\t\t\t<div class=\"elementor-icon-box-title\">\n\t\t\t\t\t\t<a href=\"\/fr\/contact\/\" >\n\t\t\t\t\t\t\tCONTACT\t\t\t\t\t\t<\/a>\n\t\t\t\t\t<\/div>\n\t\t\t\t\n\t\t\t\t\n\t\t\t<\/div>\n\t\t\t\n\t\t<\/div>\n\t\t\t\t\t\t<\/div>\n\t\t\t\t<\/div>\n\t\t\t\t<\/div>\n\t\t<div class=\"elementor-element elementor-element-1b528ab e-con-full e-flex e-con e-child\" data-id=\"1b528ab\" data-element_type=\"container\">\n\t\t\t\t<div class=\"elementor-element elementor-element-88b2cc5 elementor-position-left elementor-vertical-align-middle elementor-widget__width-inherit elementor-view-default elementor-mobile-position-top elementor-widget elementor-widget-icon-box\" data-id=\"88b2cc5\" data-element_type=\"widget\" data-widget_type=\"icon-box.default\">\n\t\t\t\t<div class=\"elementor-widget-container\">\n\t\t\t\t\t\t\t<div class=\"elementor-icon-box-wrapper\">\n\n\t\t\t\t\t\t<div class=\"elementor-icon-box-icon\">\n\t\t\t\t<a href=\"https:\/\/www.forcolmorteros.com\/fr\/emplacements\/\" class=\"elementor-icon\" tabindex=\"-1\" aria-label=\"emplacements\">\n\t\t\t\t<i aria-hidden=\"true\" class=\"icon icon-map-marker1\"><\/i>\t\t\t\t<\/a>\n\t\t\t<\/div>\n\t\t\t\n\t\t\t\t\t\t<div class=\"elementor-icon-box-content\">\n\n\t\t\t\t\t\t\t\t\t<div class=\"elementor-icon-box-title\">\n\t\t\t\t\t\t<a href=\"https:\/\/www.forcolmorteros.com\/fr\/emplacements\/\" >\n\t\t\t\t\t\t\templacements\t\t\t\t\t\t<\/a>\n\t\t\t\t\t<\/div>\n\t\t\t\t\n\t\t\t\t\n\t\t\t<\/div>\n\t\t\t\n\t\t<\/div>\n\t\t\t\t\t\t<\/div>\n\t\t\t\t<\/div>\n\t\t\t\t<\/div>\n\t\t\t\t<\/div>\n\t\t\t\t\t<\/div>\n\t\t\t\t<\/div>\n\t\t<div class=\"elementor-element elementor-element-fcd01b5 e-flex e-con-boxed e-con e-parent\" data-id=\"fcd01b5\" data-element_type=\"container\">\n\t\t\t\t\t<div class=\"e-con-inner\">\n\t\t\t\t<div class=\"elementor-element elementor-element-ea46233 elementor-widget elementor-widget-heading\" data-id=\"ea46233\" data-element_type=\"widget\" data-settings=\"{&quot;_animation&quot;:&quot;none&quot;}\" data-widget_type=\"heading.default\">\n\t\t\t\t<div class=\"elementor-widget-container\">\n\t\t\t\t\t<h3 class=\"elementor-heading-title elementor-size-default\">Cela peut aussi vous int\u00e9resser<\/h3>\t\t\t\t<\/div>\n\t\t\t\t<\/div>\n\t\t\t\t\t<\/div>\n\t\t\t\t<\/div>\n\t\t<div class=\"elementor-element elementor-element-f5eaebf e-grid e-con-boxed e-con e-parent\" data-id=\"f5eaebf\" data-element_type=\"container\">\n\t\t\t\t\t<div class=\"e-con-inner\">\n\t\t<div class=\"elementor-element elementor-element-58e23eb e-con-full e-flex e-con e-child\" data-id=\"58e23eb\" data-element_type=\"container\">\n\t\t\t\t<div class=\"elementor-element elementor-element-976a127 elementor-widget elementor-widget-image\" data-id=\"976a127\" data-element_type=\"widget\" data-widget_type=\"image.default\">\n\t\t\t\t<div class=\"elementor-widget-container\">\n\t\t\t\t\t\t\t\t\t\t\t\t\t\t\t\t<a href=\"https:\/\/www.forcolmorteros.com\/fr\/adhesifs-cementaires\/\">\n\t\t\t\t\t\t\t<img decoding=\"async\" width=\"353\" height=\"234\" src=\"https:\/\/forcol.atic.blue\/wp-content\/uploads\/2025\/04\/adhesivos-cementosos.jpg\" class=\"attachment-large size-large wp-image-192\" alt=\"\" srcset=\"https:\/\/forcol.atic.blue\/wp-content\/uploads\/2025\/04\/adhesivos-cementosos.jpg 353w, https:\/\/forcol.atic.blue\/wp-content\/uploads\/2025\/04\/adhesivos-cementosos-300x199.jpg 300w\" sizes=\"(max-width: 353px) 100vw, 353px\" \/>\t\t\t\t\t\t\t\t<\/a>\n\t\t\t\t\t\t\t\t\t\t\t\t\t\t\t<\/div>\n\t\t\t\t<\/div>\n\t\t\t\t<div class=\"elementor-element elementor-element-b46712f elementor-widget elementor-widget-heading\" data-id=\"b46712f\" data-element_type=\"widget\" data-widget_type=\"heading.default\">\n\t\t\t\t<div class=\"elementor-widget-container\">\n\t\t\t\t\t<h2 class=\"elementor-heading-title elementor-size-default\"><a href=\"https:\/\/www.forcolmorteros.com\/fr\/adhesifs-cementaires\/\">ADH\u00c9SIFS CEMENTAIRES<\/a><\/h2>\t\t\t\t<\/div>\n\t\t\t\t<\/div>\n\t\t\t\t<\/div>\n\t\t<div class=\"elementor-element elementor-element-b355712 e-con-full e-flex e-con e-child\" data-id=\"b355712\" data-element_type=\"container\">\n\t\t\t\t<div class=\"elementor-element elementor-element-9af3af3 elementor-widget elementor-widget-image\" data-id=\"9af3af3\" data-element_type=\"widget\" data-widget_type=\"image.default\">\n\t\t\t\t<div class=\"elementor-widget-container\">\n\t\t\t\t\t\t\t\t\t\t\t\t\t\t\t\t<a href=\"https:\/\/www.forcolmorteros.com\/fr\/maconnerie\/\">\n\t\t\t\t\t\t\t<img decoding=\"async\" width=\"705\" height=\"504\" src=\"https:\/\/forcol.atic.blue\/wp-content\/uploads\/2025\/04\/ALBANILERIA.jpg\" class=\"attachment-large size-large wp-image-194\" alt=\"\" srcset=\"https:\/\/forcol.atic.blue\/wp-content\/uploads\/2025\/04\/ALBANILERIA.jpg 705w, https:\/\/forcol.atic.blue\/wp-content\/uploads\/2025\/04\/ALBANILERIA-600x429.jpg 600w, https:\/\/forcol.atic.blue\/wp-content\/uploads\/2025\/04\/ALBANILERIA-300x214.jpg 300w\" sizes=\"(max-width: 705px) 100vw, 705px\" \/>\t\t\t\t\t\t\t\t<\/a>\n\t\t\t\t\t\t\t\t\t\t\t\t\t\t\t<\/div>\n\t\t\t\t<\/div>\n\t\t\t\t<div class=\"elementor-element elementor-element-d8aaabe elementor-widget elementor-widget-heading\" data-id=\"d8aaabe\" data-element_type=\"widget\" data-widget_type=\"heading.default\">\n\t\t\t\t<div class=\"elementor-widget-container\">\n\t\t\t\t\t<h2 class=\"elementor-heading-title elementor-size-default\"><a href=\"https:\/\/www.forcolmorteros.com\/fr\/maconnerie\/\">MA\u00c7ONNERIE<\/a><\/h2>\t\t\t\t<\/div>\n\t\t\t\t<\/div>\n\t\t\t\t<\/div>\n\t\t<div class=\"elementor-element elementor-element-5376ae2 e-con-full e-flex e-con e-child\" data-id=\"5376ae2\" data-element_type=\"container\">\n\t\t\t\t<div class=\"elementor-element elementor-element-552ff1b elementor-widget elementor-widget-image\" data-id=\"552ff1b\" data-element_type=\"widget\" data-widget_type=\"image.default\">\n\t\t\t\t<div class=\"elementor-widget-container\">\n\t\t\t\t\t\t\t\t\t\t\t\t\t\t\t\t<a href=\"https:\/\/www.forcolmorteros.com\/fr\/mortiers-autonivelants\/\">\n\t\t\t\t\t\t\t<img loading=\"lazy\" decoding=\"async\" width=\"374\" height=\"234\" src=\"https:\/\/forcol.atic.blue\/wp-content\/uploads\/2025\/04\/AUTONIVELANTES.jpg\" class=\"attachment-large size-large wp-image-196\" alt=\"\" srcset=\"https:\/\/forcol.atic.blue\/wp-content\/uploads\/2025\/04\/AUTONIVELANTES.jpg 374w, https:\/\/forcol.atic.blue\/wp-content\/uploads\/2025\/04\/AUTONIVELANTES-300x188.jpg 300w\" sizes=\"(max-width: 374px) 100vw, 374px\" \/>\t\t\t\t\t\t\t\t<\/a>\n\t\t\t\t\t\t\t\t\t\t\t\t\t\t\t<\/div>\n\t\t\t\t<\/div>\n\t\t\t\t<div class=\"elementor-element elementor-element-b602316 elementor-widget elementor-widget-heading\" data-id=\"b602316\" data-element_type=\"widget\" data-widget_type=\"heading.default\">\n\t\t\t\t<div class=\"elementor-widget-container\">\n\t\t\t\t\t<h2 class=\"elementor-heading-title elementor-size-default\"><a href=\"https:\/\/www.forcolmorteros.com\/fr\/mortiers-autonivelants\/\">MORTIERS AUTONIVELANTS<\/a><\/h2>\t\t\t\t<\/div>\n\t\t\t\t<\/div>\n\t\t\t\t<\/div>\n\t\t\t\t\t<\/div>\n\t\t\t\t<\/div>\n\t\t\t\t<\/div>\n\t\t","protected":false},"excerpt":{"rendered":"<p>PRODUITS DE JOINTOIEMENT APPLICATION SIMPLE, JOINTS PARFAITS Lors de la pose de carreaux en c\u00e9ramique, le mat\u00e9riau de jointoiement est utilis\u00e9 pour remplir et sceller les joints de pose. Ces joints sont les s\u00e9parations physiques entre les rev\u00eatements de carreaux et ont des fonctions m\u00e9caniques et esth\u00e9tiques. Produits Produits de Jointoiement VOUS \u00caTES INT\u00c9RESS\u00c9 PAR [&hellip;]<\/p>\n","protected":false},"author":1,"featured_media":0,"parent":0,"menu_order":0,"comment_status":"closed","ping_status":"closed","template":"","meta":{"_acf_changed":false,"footnotes":""},"class_list":["post-839","page","type-page","status-publish","hentry"],"acf":[],"yoast_head":"<!-- This site is optimized with the Yoast SEO plugin v24.9 - https:\/\/yoast.com\/wordpress\/plugins\/seo\/ -->\n<title>PRODUITS DE JOINTOIEMENT - Forcol<\/title>\n<meta name=\"robots\" content=\"noindex, follow, max-snippet:-1, max-image-preview:large, max-video-preview:-1\" \/>\n<meta property=\"og:locale\" content=\"fr_FR\" \/>\n<meta property=\"og:type\" content=\"article\" \/>\n<meta property=\"og:title\" content=\"PRODUITS DE JOINTOIEMENT - Forcol\" \/>\n<meta property=\"og:description\" content=\"PRODUITS DE JOINTOIEMENT APPLICATION SIMPLE, JOINTS PARFAITS Lors de la pose de carreaux en c\u00e9ramique, le mat\u00e9riau de jointoiement est utilis\u00e9 pour remplir et sceller les joints de pose. Ces joints sont les s\u00e9parations physiques entre les rev\u00eatements de carreaux et ont des fonctions m\u00e9caniques et esth\u00e9tiques. Produits Produits de Jointoiement VOUS \u00caTES INT\u00c9RESS\u00c9 PAR [&hellip;]\" \/>\n<meta property=\"og:url\" content=\"https:\/\/forcol.atic.blue\/fr\/produits-de-jointoiement\/\" \/>\n<meta property=\"og:site_name\" content=\"Forcol\" \/>\n<meta property=\"article:modified_time\" content=\"2025-05-13T08:41:18+00:00\" \/>\n<meta property=\"og:image\" content=\"https:\/\/forcol.atic.blue\/wp-content\/uploads\/2025\/04\/REJUNTADO.jpg\" \/>\n\t<meta property=\"og:image:width\" content=\"302\" \/>\n\t<meta property=\"og:image:height\" content=\"234\" \/>\n\t<meta property=\"og:image:type\" content=\"image\/jpeg\" \/>\n<meta name=\"twitter:card\" content=\"summary_large_image\" \/>\n<meta name=\"twitter:label1\" content=\"Dur\u00e9e de lecture estim\u00e9e\" \/>\n\t<meta name=\"twitter:data1\" content=\"2 minutes\" \/>\n<script type=\"application\/ld+json\" class=\"yoast-schema-graph\">{\"@context\":\"https:\/\/schema.org\",\"@graph\":[{\"@type\":\"WebPage\",\"@id\":\"https:\/\/forcol.atic.blue\/fr\/produits-de-jointoiement\/\",\"url\":\"https:\/\/forcol.atic.blue\/fr\/produits-de-jointoiement\/\",\"name\":\"PRODUITS DE JOINTOIEMENT - Forcol\",\"isPartOf\":{\"@id\":\"https:\/\/forcol.atic.blue\/#website\"},\"primaryImageOfPage\":{\"@id\":\"https:\/\/forcol.atic.blue\/fr\/produits-de-jointoiement\/#primaryimage\"},\"image\":{\"@id\":\"https:\/\/forcol.atic.blue\/fr\/produits-de-jointoiement\/#primaryimage\"},\"thumbnailUrl\":\"https:\/\/forcol.atic.blue\/wp-content\/uploads\/2025\/04\/REJUNTADO.jpg\",\"datePublished\":\"2025-04-29T08:45:18+00:00\",\"dateModified\":\"2025-05-13T08:41:18+00:00\",\"breadcrumb\":{\"@id\":\"https:\/\/forcol.atic.blue\/fr\/produits-de-jointoiement\/#breadcrumb\"},\"inLanguage\":\"fr-FR\",\"potentialAction\":[{\"@type\":\"ReadAction\",\"target\":[\"https:\/\/forcol.atic.blue\/fr\/produits-de-jointoiement\/\"]}]},{\"@type\":\"ImageObject\",\"inLanguage\":\"fr-FR\",\"@id\":\"https:\/\/forcol.atic.blue\/fr\/produits-de-jointoiement\/#primaryimage\",\"url\":\"https:\/\/forcol.atic.blue\/wp-content\/uploads\/2025\/04\/REJUNTADO.jpg\",\"contentUrl\":\"https:\/\/forcol.atic.blue\/wp-content\/uploads\/2025\/04\/REJUNTADO.jpg\"},{\"@type\":\"BreadcrumbList\",\"@id\":\"https:\/\/forcol.atic.blue\/fr\/produits-de-jointoiement\/#breadcrumb\",\"itemListElement\":[{\"@type\":\"ListItem\",\"position\":1,\"name\":\"Portada\",\"item\":\"https:\/\/forcol.atic.blue\/\"},{\"@type\":\"ListItem\",\"position\":2,\"name\":\"PRODUITS DE JOINTOIEMENT\"}]},{\"@type\":\"WebSite\",\"@id\":\"https:\/\/forcol.atic.blue\/#website\",\"url\":\"https:\/\/forcol.atic.blue\/\",\"name\":\"Forcol\",\"description\":\"\",\"potentialAction\":[{\"@type\":\"SearchAction\",\"target\":{\"@type\":\"EntryPoint\",\"urlTemplate\":\"https:\/\/forcol.atic.blue\/?s={search_term_string}\"},\"query-input\":{\"@type\":\"PropertyValueSpecification\",\"valueRequired\":true,\"valueName\":\"search_term_string\"}}],\"inLanguage\":\"fr-FR\"}]}<\/script>\n<!-- \/ Yoast SEO plugin. -->","yoast_head_json":{"title":"PRODUITS DE JOINTOIEMENT - Forcol","robots":{"index":"noindex","follow":"follow","max-snippet":"max-snippet:-1","max-image-preview":"max-image-preview:large","max-video-preview":"max-video-preview:-1"},"og_locale":"fr_FR","og_type":"article","og_title":"PRODUITS DE JOINTOIEMENT - Forcol","og_description":"PRODUITS DE JOINTOIEMENT APPLICATION SIMPLE, JOINTS PARFAITS Lors de la pose de carreaux en c\u00e9ramique, le mat\u00e9riau de jointoiement est utilis\u00e9 pour remplir et sceller les joints de pose. Ces joints sont les s\u00e9parations physiques entre les rev\u00eatements de carreaux et ont des fonctions m\u00e9caniques et esth\u00e9tiques. Produits Produits de Jointoiement VOUS \u00caTES INT\u00c9RESS\u00c9 PAR [&hellip;]","og_url":"https:\/\/forcol.atic.blue\/fr\/produits-de-jointoiement\/","og_site_name":"Forcol","article_modified_time":"2025-05-13T08:41:18+00:00","og_image":[{"width":302,"height":234,"url":"https:\/\/forcol.atic.blue\/wp-content\/uploads\/2025\/04\/REJUNTADO.jpg","type":"image\/jpeg"}],"twitter_card":"summary_large_image","twitter_misc":{"Dur\u00e9e de lecture estim\u00e9e":"2 minutes"},"schema":{"@context":"https:\/\/schema.org","@graph":[{"@type":"WebPage","@id":"https:\/\/forcol.atic.blue\/fr\/produits-de-jointoiement\/","url":"https:\/\/forcol.atic.blue\/fr\/produits-de-jointoiement\/","name":"PRODUITS DE JOINTOIEMENT - Forcol","isPartOf":{"@id":"https:\/\/forcol.atic.blue\/#website"},"primaryImageOfPage":{"@id":"https:\/\/forcol.atic.blue\/fr\/produits-de-jointoiement\/#primaryimage"},"image":{"@id":"https:\/\/forcol.atic.blue\/fr\/produits-de-jointoiement\/#primaryimage"},"thumbnailUrl":"https:\/\/forcol.atic.blue\/wp-content\/uploads\/2025\/04\/REJUNTADO.jpg","datePublished":"2025-04-29T08:45:18+00:00","dateModified":"2025-05-13T08:41:18+00:00","breadcrumb":{"@id":"https:\/\/forcol.atic.blue\/fr\/produits-de-jointoiement\/#breadcrumb"},"inLanguage":"fr-FR","potentialAction":[{"@type":"ReadAction","target":["https:\/\/forcol.atic.blue\/fr\/produits-de-jointoiement\/"]}]},{"@type":"ImageObject","inLanguage":"fr-FR","@id":"https:\/\/forcol.atic.blue\/fr\/produits-de-jointoiement\/#primaryimage","url":"https:\/\/forcol.atic.blue\/wp-content\/uploads\/2025\/04\/REJUNTADO.jpg","contentUrl":"https:\/\/forcol.atic.blue\/wp-content\/uploads\/2025\/04\/REJUNTADO.jpg"},{"@type":"BreadcrumbList","@id":"https:\/\/forcol.atic.blue\/fr\/produits-de-jointoiement\/#breadcrumb","itemListElement":[{"@type":"ListItem","position":1,"name":"Portada","item":"https:\/\/forcol.atic.blue\/"},{"@type":"ListItem","position":2,"name":"PRODUITS DE JOINTOIEMENT"}]},{"@type":"WebSite","@id":"https:\/\/forcol.atic.blue\/#website","url":"https:\/\/forcol.atic.blue\/","name":"Forcol","description":"","potentialAction":[{"@type":"SearchAction","target":{"@type":"EntryPoint","urlTemplate":"https:\/\/forcol.atic.blue\/?s={search_term_string}"},"query-input":{"@type":"PropertyValueSpecification","valueRequired":true,"valueName":"search_term_string"}}],"inLanguage":"fr-FR"}]}},"_links":{"self":[{"href":"https:\/\/forcol.atic.blue\/fr\/wp-json\/wp\/v2\/pages\/839","targetHints":{"allow":["GET"]}}],"collection":[{"href":"https:\/\/forcol.atic.blue\/fr\/wp-json\/wp\/v2\/pages"}],"about":[{"href":"https:\/\/forcol.atic.blue\/fr\/wp-json\/wp\/v2\/types\/page"}],"author":[{"embeddable":true,"href":"https:\/\/forcol.atic.blue\/fr\/wp-json\/wp\/v2\/users\/1"}],"replies":[{"embeddable":true,"href":"https:\/\/forcol.atic.blue\/fr\/wp-json\/wp\/v2\/comments?post=839"}],"version-history":[{"count":28,"href":"https:\/\/forcol.atic.blue\/fr\/wp-json\/wp\/v2\/pages\/839\/revisions"}],"predecessor-version":[{"id":1229,"href":"https:\/\/forcol.atic.blue\/fr\/wp-json\/wp\/v2\/pages\/839\/revisions\/1229"}],"wp:attachment":[{"href":"https:\/\/forcol.atic.blue\/fr\/wp-json\/wp\/v2\/media?parent=839"}],"curies":[{"name":"wp","href":"https:\/\/api.w.org\/{rel}","templated":true}]}}