{"id":869,"date":"2025-04-22T07:59:00","date_gmt":"2025-04-22T07:59:00","guid":{"rendered":"https:\/\/forcol.atic.blue\/?page_id=869"},"modified":"2025-05-29T09:20:36","modified_gmt":"2025-05-29T09:20:36","slug":"emplacements","status":"publish","type":"page","link":"https:\/\/forcol.atic.blue\/fr\/emplacements\/","title":{"rendered":"\u00a0Emplacements"},"content":{"rendered":"\t\t<div data-elementor-type=\"wp-page\" data-elementor-id=\"869\" class=\"elementor elementor-869 elementor-16\" data-elementor-post-type=\"page\">\n\t\t\t\t<div class=\"elementor-element elementor-element-cc1dbfe e-flex e-con-boxed e-con e-parent\" data-id=\"cc1dbfe\" data-element_type=\"container\">\n\t\t\t\t\t<div class=\"e-con-inner\">\n\t\t\t\t<div class=\"elementor-element elementor-element-90a9408 elementor-widget elementor-widget-heading\" data-id=\"90a9408\" data-element_type=\"widget\" data-settings=\"{&quot;_animation&quot;:&quot;none&quot;}\" data-widget_type=\"heading.default\">\n\t\t\t\t<div class=\"elementor-widget-container\">\n\t\t\t\t\t<h1 class=\"elementor-heading-title elementor-size-default\">Emplacements<\/h1>\t\t\t\t<\/div>\n\t\t\t\t<\/div>\n\t\t\t\t\t<\/div>\n\t\t\t\t<\/div>\n\t\t<div class=\"elementor-element elementor-element-7fdd224 e-flex e-con-boxed e-con e-parent\" data-id=\"7fdd224\" data-element_type=\"container\">\n\t\t\t\t\t<div class=\"e-con-inner\">\n\t\t<div class=\"elementor-element elementor-element-dd1c080 e-con-full e-flex e-con e-child\" data-id=\"dd1c080\" data-element_type=\"container\">\n\t\t\t\t<div class=\"elementor-element elementor-element-485d51d elementor-widget elementor-widget-text-editor\" data-id=\"485d51d\" data-element_type=\"widget\" data-widget_type=\"text-editor.default\">\n\t\t\t\t<div class=\"elementor-widget-container\">\n\t\t\t\t\t\t\t\t\t<div class=\"item_ubicacion\" data-lat=\"38.248806223074766\" data-lon=\"-0.6954924393484337\"><div class=\"titulo\">Dep\u00f3sito Elche (Alicante)<\/div><div class=\"dir\">Partida De Alzabares Bajo, P-i, 27., 03203, Elche (Alicante)<\/div><\/div><div class=\"item_ubicacion\" data-lat=\"39.4503228138885\" data-lon=\"-0.5122549228076088\"><div class=\"titulo\">Dep\u00f3sito Aldaia (Valencia)<\/div><div class=\"dir\">CV-413, 75, 46960 Aldaia, Valencia<\/div><\/div><div class=\"item_ubicacion\" data-lat=\"40.42273865527169\" data-lon=\"0.4335237772175502\"><div class=\"titulo\">Dep\u00f3sito Benicarl\u00f3 (Castell\u00f3n)<\/div><div class=\"dir\">PARTIDA RIU, 7 &#8211; 7, 12580, Benicarl\u00f3 (Castell\u00f3n)<\/div><\/div><div class=\"item_ubicacion\" data-lat=\"40.01388538005733\" data-lon=\"-0.038786422793124824\"><div class=\"titulo\">Dep\u00f3sito Castell\u00f3n<\/div><div class=\"dir\">Avinguda Castell Vell 192, 12004 Castell\u00f3 de la Plana (Castell\u00f3n)<\/div><\/div><div class=\"item_ubicacion\" data-lat=\"40.016295979912115\" data-lon=\"-0.045020422793061864\"><div class=\"titulo\">F\u00e1brica Forcol<\/div><div class=\"dir\">Camino Romeral, S\/n, 12004, Castell\u00f3n De La Plana (Castell\u00f3n)<\/div><\/div>\t\t\t\t\t\t\t\t<\/div>\n\t\t\t\t<\/div>\n\t\t\t\t<\/div>\n\t\t<div class=\"elementor-element elementor-element-f7daf6c e-flex e-con-boxed e-con e-child\" data-id=\"f7daf6c\" data-element_type=\"container\">\n\t\t\t\t\t<div class=\"e-con-inner\">\n\t\t\t\t<div class=\"elementor-element elementor-element-d0e6d2d elementor-widget elementor-widget-image\" data-id=\"d0e6d2d\" data-element_type=\"widget\" data-widget_type=\"image.default\">\n\t\t\t\t<div class=\"elementor-widget-container\">\n\t\t\t\t\t\t\t\t\t\t\t\t\t\t\t<img fetchpriority=\"high\" decoding=\"async\" width=\"800\" height=\"450\" src=\"https:\/\/forcol.atic.blue\/wp-content\/uploads\/2025\/05\/Mapa-1-1024x576.jpg\" class=\"attachment-large size-large wp-image-1392\" alt=\"\" srcset=\"https:\/\/forcol.atic.blue\/wp-content\/uploads\/2025\/05\/Mapa-1-1024x576.jpg 1024w, https:\/\/forcol.atic.blue\/wp-content\/uploads\/2025\/05\/Mapa-1-300x169.jpg 300w, https:\/\/forcol.atic.blue\/wp-content\/uploads\/2025\/05\/Mapa-1-768x432.jpg 768w, https:\/\/forcol.atic.blue\/wp-content\/uploads\/2025\/05\/Mapa-1-1536x864.jpg 1536w, https:\/\/forcol.atic.blue\/wp-content\/uploads\/2025\/05\/Mapa-1-600x338.jpg 600w, https:\/\/forcol.atic.blue\/wp-content\/uploads\/2025\/05\/Mapa-1.jpg 1920w\" sizes=\"(max-width: 800px) 100vw, 800px\" \/>\t\t\t\t\t\t\t\t\t\t\t\t\t\t\t<\/div>\n\t\t\t\t<\/div>\n\t\t\t\t\t<\/div>\n\t\t\t\t<\/div>\n\t\t\t\t\t<\/div>\n\t\t\t\t<\/div>\n\t\t<div class=\"elementor-element elementor-element-241f642 elementor-hidden-desktop elementor-hidden-tablet elementor-hidden-mobile e-flex e-con-boxed e-con e-parent\" data-id=\"241f642\" data-element_type=\"container\" data-settings=\"{&quot;background_background&quot;:&quot;classic&quot;}\">\n\t\t\t\t\t<div class=\"e-con-inner\">\n\t\t<div class=\"elementor-element elementor-element-f4c5f0b e-con-full e-flex e-con e-child\" data-id=\"f4c5f0b\" data-element_type=\"container\">\n\t\t\t\t<div class=\"elementor-element elementor-element-c9b7d1f elementor-widget elementor-widget-shortcode\" data-id=\"c9b7d1f\" data-element_type=\"widget\" data-widget_type=\"shortcode.default\">\n\t\t\t\t<div class=\"elementor-widget-container\">\n\t\t\t\t\t\t\t<div class=\"elementor-shortcode\">\n\t\t<div class=\"ubicaciones\">\n\t\t\t<div class=\"buscador\">\n\t\t\t\t<input type=\"search\" placeholder=\"Direcci\u00f3n CP\"\/>\n\t\t\t\t<button><i aria-hidden=\"true\" class=\"icon icon-search-2\"><\/i><\/button>\n\t\t\t<\/div>\n\t\t\t<div class=\"item_ubicacion\" data-lat=\"38.248806223074766\" data-lon=\"-0.6954924393484337\">\n\t\t\t\t<div class=\"titulo\">Dep\u00f3sito Elche (Alicante)<\/div>\n\t\t\t\t<div class=\"dir\">Partida De Alzabares Bajo, P-i, 27., 03203, Elche (Alicante)<\/div>\n\t\t\t<\/div>\n\t\t\t<div class=\"item_ubicacion\" data-lat=\"39.4503228138885\" data-lon=\"-0.5122549228076088\">\n\t\t\t\t<div class=\"titulo\">Dep\u00f3sito Aldaia (Valencia)<\/div>\n\t\t\t\t<div class=\"dir\">CV-413, 75, 46960 Aldaia, Valencia<\/div>\n\t\t\t<\/div>\n\t\t\t<div class=\"item_ubicacion\" data-lat=\"40.42273865527169\" data-lon=\"0.4335237772175502\">\n\t\t\t\t<div class=\"titulo\">Dep\u00f3sito Benicarl\u00f3 (Castell\u00f3n)<\/div>\n\t\t\t\t<div class=\"dir\">PARTIDA RIU, 7 - 7, 12580, Benicarl\u00f3 (Castell\u00f3n)<\/div>\n\t\t\t<\/div>\n\t\t\t<div class=\"item_ubicacion\" data-lat=\"40.01388538005733\" data-lon=\"-0.038786422793124824\">\n\t\t\t\t<div class=\"titulo\">Dep\u00f3sito Castell\u00f3n<\/div>\n\t\t\t\t<div class=\"dir\">Avinguda Castell Vell 192, 12004 Castell\u00f3 de la Plana (Castell\u00f3n)<\/div>\n\t\t\t<\/div>\n\t\t\t<div class=\"item_ubicacion\" data-lat=\"40.016295979912115\" data-lon=\"-0.045020422793061864\">\n\t\t\t\t<div class=\"titulo\">F\u00e1brica Forcol<\/div>\n\t\t\t\t<div class=\"dir\">Camino Romeral, S\/n, 12004, Castell\u00f3n De La Plana (Castell\u00f3n)<\/div>\n\t\t\t<\/div><\/div><\/div>\n\t\t\t\t\t\t<\/div>\n\t\t\t\t<\/div>\n\t\t\t\t<\/div>\n\t\t<div class=\"elementor-element elementor-element-9011973 e-con-full e-flex e-con e-child\" data-id=\"9011973\" data-element_type=\"container\">\n\t\t\t\t<\/div>\n\t\t\t\t\t<\/div>\n\t\t\t\t<\/div>\n\t\t<div class=\"elementor-element elementor-element-550b5cd e-flex e-con-boxed e-con e-parent\" data-id=\"550b5cd\" data-element_type=\"container\" data-settings=\"{&quot;background_background&quot;:&quot;classic&quot;}\">\n\t\t\t\t\t<div class=\"e-con-inner\">\n\t\t<div class=\"elementor-element elementor-element-3de7d85 e-con-full e-flex e-con e-child\" data-id=\"3de7d85\" data-element_type=\"container\">\n\t\t\t\t<div class=\"elementor-element elementor-element-98e865e elementor-invisible elementor-widget elementor-widget-heading\" data-id=\"98e865e\" data-element_type=\"widget\" data-settings=\"{&quot;_animation&quot;:&quot;fadeInDown&quot;}\" data-widget_type=\"heading.default\">\n\t\t\t\t<div class=\"elementor-widget-container\">\n\t\t\t\t\t<h4 class=\"elementor-heading-title elementor-size-default\">VOUS \u00caTES INT\u00c9RESS\u00c9 PAR NOS PRODUITS?<\/h4>\t\t\t\t<\/div>\n\t\t\t\t<\/div>\n\t\t\t\t<div class=\"elementor-element elementor-element-f3ad80a elementor-invisible elementor-widget elementor-widget-text-editor\" data-id=\"f3ad80a\" data-element_type=\"widget\" data-settings=\"{&quot;_animation&quot;:&quot;fadeInUp&quot;}\" data-widget_type=\"text-editor.default\">\n\t\t\t\t<div class=\"elementor-widget-container\">\n\t\t\t\t\t\t\t\t\tContactez-nous\t\t\t\t\t\t\t\t<\/div>\n\t\t\t\t<\/div>\n\t\t\t\t<\/div>\n\t\t<div class=\"elementor-element elementor-element-35926eb e-con-full e-flex e-con e-child\" data-id=\"35926eb\" data-element_type=\"container\">\n\t\t<div class=\"elementor-element elementor-element-0a16519 e-con-full e-flex e-con e-child\" data-id=\"0a16519\" data-element_type=\"container\">\n\t\t\t\t<div class=\"elementor-element elementor-element-83ec717 elementor-position-left elementor-vertical-align-middle elementor-widget__width-inherit elementor-view-default elementor-mobile-position-top elementor-widget elementor-widget-icon-box\" data-id=\"83ec717\" data-element_type=\"widget\" data-widget_type=\"icon-box.default\">\n\t\t\t\t<div class=\"elementor-widget-container\">\n\t\t\t\t\t\t\t<div class=\"elementor-icon-box-wrapper\">\n\n\t\t\t\t\t\t<div class=\"elementor-icon-box-icon\">\n\t\t\t\t<a href=\"\/contacto\/\" class=\"elementor-icon\" tabindex=\"-1\" aria-label=\"CONTACT\">\n\t\t\t\t<i aria-hidden=\"true\" class=\"icon icon-envelope11\"><\/i>\t\t\t\t<\/a>\n\t\t\t<\/div>\n\t\t\t\n\t\t\t\t\t\t<div class=\"elementor-icon-box-content\">\n\n\t\t\t\t\t\t\t\t\t<div class=\"elementor-icon-box-title\">\n\t\t\t\t\t\t<a href=\"\/contacto\/\" >\n\t\t\t\t\t\t\tCONTACT\t\t\t\t\t\t<\/a>\n\t\t\t\t\t<\/div>\n\t\t\t\t\n\t\t\t\t\n\t\t\t<\/div>\n\t\t\t\n\t\t<\/div>\n\t\t\t\t\t\t<\/div>\n\t\t\t\t<\/div>\n\t\t\t\t<\/div>\n\t\t<div class=\"elementor-element elementor-element-aa40a84 e-con-full e-flex e-con e-child\" data-id=\"aa40a84\" data-element_type=\"container\">\n\t\t\t\t<\/div>\n\t\t\t\t<\/div>\n\t\t\t\t\t<\/div>\n\t\t\t\t<\/div>\n\t\t<div class=\"elementor-element elementor-element-006e68d e-flex e-con-boxed e-con e-parent\" data-id=\"006e68d\" data-element_type=\"container\">\n\t\t\t\t\t<div class=\"e-con-inner\">\n\t\t\t\t<div class=\"elementor-element elementor-element-26f6123 elementor-widget elementor-widget-heading\" data-id=\"26f6123\" data-element_type=\"widget\" data-settings=\"{&quot;_animation&quot;:&quot;none&quot;}\" data-widget_type=\"heading.default\">\n\t\t\t\t<div class=\"elementor-widget-container\">\n\t\t\t\t\t<h4 class=\"elementor-heading-title elementor-size-default\">Nos produits<\/h4>\t\t\t\t<\/div>\n\t\t\t\t<\/div>\n\t\t\t\t\t<\/div>\n\t\t\t\t<\/div>\n\t\t<div class=\"elementor-element elementor-element-c4cebf5 e-flex e-con-boxed e-con e-parent\" data-id=\"c4cebf5\" data-element_type=\"container\">\n\t\t\t\t\t<div class=\"e-con-inner\">\n\t\t<div class=\"elementor-element elementor-element-872bf89 e-con-full e-flex e-con e-child\" data-id=\"872bf89\" data-element_type=\"container\">\n\t\t\t\t<div class=\"elementor-element elementor-element-8852725 elementor-widget elementor-widget-image\" data-id=\"8852725\" data-element_type=\"widget\" data-widget_type=\"image.default\">\n\t\t\t\t<div class=\"elementor-widget-container\">\n\t\t\t\t\t\t\t\t\t\t\t\t\t\t\t\t<a href=\"\/adhesivos-cementosos\/\">\n\t\t\t\t\t\t\t<img decoding=\"async\" width=\"353\" height=\"234\" src=\"https:\/\/forcol.atic.blue\/wp-content\/uploads\/2025\/04\/adhesivos-cementosos.jpg\" class=\"attachment-large size-large wp-image-192\" alt=\"\" srcset=\"https:\/\/forcol.atic.blue\/wp-content\/uploads\/2025\/04\/adhesivos-cementosos.jpg 353w, https:\/\/forcol.atic.blue\/wp-content\/uploads\/2025\/04\/adhesivos-cementosos-300x199.jpg 300w\" sizes=\"(max-width: 353px) 100vw, 353px\" \/>\t\t\t\t\t\t\t\t<\/a>\n\t\t\t\t\t\t\t\t\t\t\t\t\t\t\t<\/div>\n\t\t\t\t<\/div>\n\t\t\t\t<div class=\"elementor-element elementor-element-0acc678 elementor-widget elementor-widget-heading\" data-id=\"0acc678\" data-element_type=\"widget\" data-widget_type=\"heading.default\">\n\t\t\t\t<div class=\"elementor-widget-container\">\n\t\t\t\t\t<h2 class=\"elementor-heading-title elementor-size-default\"><a href=\"\/adhesivos-cementosos\/\">ADH\u00c9SIFS CEMENTAIRES<\/a><\/h2>\t\t\t\t<\/div>\n\t\t\t\t<\/div>\n\t\t\t\t<\/div>\n\t\t<div class=\"elementor-element elementor-element-79466e9 e-con-full e-flex e-con e-child\" data-id=\"79466e9\" data-element_type=\"container\">\n\t\t\t\t<div class=\"elementor-element elementor-element-49844ef elementor-widget elementor-widget-image\" data-id=\"49844ef\" data-element_type=\"widget\" data-widget_type=\"image.default\">\n\t\t\t\t<div class=\"elementor-widget-container\">\n\t\t\t\t\t\t\t\t\t\t\t\t\t\t\t\t<a href=\"\/albanileria\/\">\n\t\t\t\t\t\t\t<img decoding=\"async\" width=\"705\" height=\"504\" src=\"https:\/\/forcol.atic.blue\/wp-content\/uploads\/2025\/04\/ALBANILERIA.jpg\" class=\"attachment-large size-large wp-image-194\" alt=\"\" srcset=\"https:\/\/forcol.atic.blue\/wp-content\/uploads\/2025\/04\/ALBANILERIA.jpg 705w, https:\/\/forcol.atic.blue\/wp-content\/uploads\/2025\/04\/ALBANILERIA-600x429.jpg 600w, https:\/\/forcol.atic.blue\/wp-content\/uploads\/2025\/04\/ALBANILERIA-300x214.jpg 300w\" sizes=\"(max-width: 705px) 100vw, 705px\" \/>\t\t\t\t\t\t\t\t<\/a>\n\t\t\t\t\t\t\t\t\t\t\t\t\t\t\t<\/div>\n\t\t\t\t<\/div>\n\t\t\t\t<div class=\"elementor-element elementor-element-f62fad8 elementor-widget elementor-widget-heading\" data-id=\"f62fad8\" data-element_type=\"widget\" data-widget_type=\"heading.default\">\n\t\t\t\t<div class=\"elementor-widget-container\">\n\t\t\t\t\t<h2 class=\"elementor-heading-title elementor-size-default\"><a href=\"\/albanileria\/\">MA\u00c7ONNERIE<\/a><\/h2>\t\t\t\t<\/div>\n\t\t\t\t<\/div>\n\t\t\t\t<\/div>\n\t\t<div class=\"elementor-element elementor-element-d3571e4 e-con-full e-flex e-con e-child\" data-id=\"d3571e4\" data-element_type=\"container\">\n\t\t\t\t<div class=\"elementor-element elementor-element-9e220e9 elementor-widget elementor-widget-image\" data-id=\"9e220e9\" data-element_type=\"widget\" data-widget_type=\"image.default\">\n\t\t\t\t<div class=\"elementor-widget-container\">\n\t\t\t\t\t\t\t\t\t\t\t\t\t\t\t\t<a href=\"\/morteros-autonivelantes\/\">\n\t\t\t\t\t\t\t<img loading=\"lazy\" decoding=\"async\" width=\"374\" height=\"234\" src=\"https:\/\/forcol.atic.blue\/wp-content\/uploads\/2025\/04\/AUTONIVELANTES.jpg\" class=\"attachment-large size-large wp-image-196\" alt=\"\" srcset=\"https:\/\/forcol.atic.blue\/wp-content\/uploads\/2025\/04\/AUTONIVELANTES.jpg 374w, https:\/\/forcol.atic.blue\/wp-content\/uploads\/2025\/04\/AUTONIVELANTES-300x188.jpg 300w\" sizes=\"(max-width: 374px) 100vw, 374px\" \/>\t\t\t\t\t\t\t\t<\/a>\n\t\t\t\t\t\t\t\t\t\t\t\t\t\t\t<\/div>\n\t\t\t\t<\/div>\n\t\t\t\t<div class=\"elementor-element elementor-element-ea45554 elementor-widget elementor-widget-heading\" data-id=\"ea45554\" data-element_type=\"widget\" data-widget_type=\"heading.default\">\n\t\t\t\t<div class=\"elementor-widget-container\">\n\t\t\t\t\t<h2 class=\"elementor-heading-title elementor-size-default\"><a href=\"\/morteros-autonivelantes\/\">MORTIERS AUTONIVELANTS<\/a><\/h2>\t\t\t\t<\/div>\n\t\t\t\t<\/div>\n\t\t\t\t<\/div>\n\t\t<div class=\"elementor-element elementor-element-46d20a9 e-con-full e-flex e-con e-child\" data-id=\"46d20a9\" data-element_type=\"container\">\n\t\t\t\t<div class=\"elementor-element elementor-element-c18438c elementor-widget elementor-widget-image\" data-id=\"c18438c\" data-element_type=\"widget\" data-widget_type=\"image.default\">\n\t\t\t\t<div class=\"elementor-widget-container\">\n\t\t\t\t\t\t\t\t\t\t\t\t\t\t\t\t<a href=\"\/productos-de-rejuntado\/\">\n\t\t\t\t\t\t\t<img loading=\"lazy\" decoding=\"async\" width=\"302\" height=\"234\" src=\"https:\/\/forcol.atic.blue\/wp-content\/uploads\/2025\/04\/REJUNTADO.jpg\" class=\"attachment-large size-large wp-image-198\" alt=\"\" srcset=\"https:\/\/forcol.atic.blue\/wp-content\/uploads\/2025\/04\/REJUNTADO.jpg 302w, https:\/\/forcol.atic.blue\/wp-content\/uploads\/2025\/04\/REJUNTADO-300x232.jpg 300w\" sizes=\"(max-width: 302px) 100vw, 302px\" \/>\t\t\t\t\t\t\t\t<\/a>\n\t\t\t\t\t\t\t\t\t\t\t\t\t\t\t<\/div>\n\t\t\t\t<\/div>\n\t\t\t\t<div class=\"elementor-element elementor-element-855c3e0 elementor-widget elementor-widget-heading\" data-id=\"855c3e0\" data-element_type=\"widget\" data-widget_type=\"heading.default\">\n\t\t\t\t<div class=\"elementor-widget-container\">\n\t\t\t\t\t<h2 class=\"elementor-heading-title elementor-size-default\"><a href=\"\/productos-de-rejuntado\/\">PRODUITS DE JOINTOIEMENT<\/a><\/h2>\t\t\t\t<\/div>\n\t\t\t\t<\/div>\n\t\t\t\t<\/div>\n\t\t\t\t\t<\/div>\n\t\t\t\t<\/div>\n\t\t\t\t<\/div>\n\t\t","protected":false},"excerpt":{"rendered":"<p>Emplacements Dep\u00f3sito Elche (Alicante)Partida De Alzabares Bajo, P-i, 27., 03203, Elche (Alicante)Dep\u00f3sito Aldaia (Valencia)CV-413, 75, 46960 Aldaia, ValenciaDep\u00f3sito Benicarl\u00f3 (Castell\u00f3n)PARTIDA RIU, 7 &#8211; 7, 12580, Benicarl\u00f3 (Castell\u00f3n)Dep\u00f3sito Castell\u00f3nAvinguda Castell Vell 192, 12004 Castell\u00f3 de la Plana (Castell\u00f3n)F\u00e1brica ForcolCamino Romeral, S\/n, 12004, Castell\u00f3n De La Plana (Castell\u00f3n) VOUS \u00caTES INT\u00c9RESS\u00c9 PAR NOS PRODUITS? Contactez-nous CONTACT Nos [&hellip;]<\/p>\n","protected":false},"author":1,"featured_media":0,"parent":0,"menu_order":0,"comment_status":"closed","ping_status":"closed","template":"","meta":{"_acf_changed":false,"footnotes":""},"class_list":["post-869","page","type-page","status-publish","hentry"],"acf":[],"yoast_head":"<!-- This site is optimized with the Yoast SEO plugin v24.9 - https:\/\/yoast.com\/wordpress\/plugins\/seo\/ -->\n<title>\u00a0Emplacements - Forcol<\/title>\n<meta name=\"robots\" content=\"noindex, follow, max-snippet:-1, max-image-preview:large, max-video-preview:-1\" \/>\n<meta property=\"og:locale\" content=\"fr_FR\" \/>\n<meta property=\"og:type\" content=\"article\" \/>\n<meta property=\"og:title\" content=\"\u00a0Emplacements - Forcol\" \/>\n<meta property=\"og:description\" content=\"Emplacements Dep\u00f3sito Elche (Alicante)Partida De Alzabares Bajo, P-i, 27., 03203, Elche (Alicante)Dep\u00f3sito Aldaia (Valencia)CV-413, 75, 46960 Aldaia, ValenciaDep\u00f3sito Benicarl\u00f3 (Castell\u00f3n)PARTIDA RIU, 7 &#8211; 7, 12580, Benicarl\u00f3 (Castell\u00f3n)Dep\u00f3sito Castell\u00f3nAvinguda Castell Vell 192, 12004 Castell\u00f3 de la Plana (Castell\u00f3n)F\u00e1brica ForcolCamino Romeral, S\/n, 12004, Castell\u00f3n De La Plana (Castell\u00f3n) VOUS \u00caTES INT\u00c9RESS\u00c9 PAR NOS PRODUITS? Contactez-nous CONTACT Nos [&hellip;]\" \/>\n<meta property=\"og:url\" content=\"https:\/\/forcol.atic.blue\/ubicaciones\/\" \/>\n<meta property=\"og:site_name\" content=\"Forcol\" \/>\n<meta property=\"article:modified_time\" content=\"2025-05-29T09:20:36+00:00\" \/>\n<meta property=\"og:image\" content=\"https:\/\/forcol.atic.blue\/wp-content\/uploads\/2025\/05\/Mapa-1.jpg\" \/>\n\t<meta property=\"og:image:width\" content=\"1920\" \/>\n\t<meta property=\"og:image:height\" content=\"1080\" \/>\n\t<meta property=\"og:image:type\" content=\"image\/jpeg\" \/>\n<meta name=\"twitter:card\" content=\"summary_large_image\" \/>\n<meta name=\"twitter:label1\" content=\"Dur\u00e9e de lecture estim\u00e9e\" \/>\n\t<meta name=\"twitter:data1\" content=\"2 minutes\" \/>\n<script type=\"application\/ld+json\" class=\"yoast-schema-graph\">{\"@context\":\"https:\/\/schema.org\",\"@graph\":[{\"@type\":\"WebPage\",\"@id\":\"https:\/\/forcol.atic.blue\/ubicaciones\/\",\"url\":\"https:\/\/forcol.atic.blue\/ubicaciones\/\",\"name\":\"\u00a0Emplacements - Forcol\",\"isPartOf\":{\"@id\":\"https:\/\/forcol.atic.blue\/#website\"},\"primaryImageOfPage\":{\"@id\":\"https:\/\/forcol.atic.blue\/ubicaciones\/#primaryimage\"},\"image\":{\"@id\":\"https:\/\/forcol.atic.blue\/ubicaciones\/#primaryimage\"},\"thumbnailUrl\":\"https:\/\/forcol.atic.blue\/wp-content\/uploads\/2025\/05\/Mapa-1-1024x576.jpg\",\"datePublished\":\"2025-04-22T07:59:00+00:00\",\"dateModified\":\"2025-05-29T09:20:36+00:00\",\"breadcrumb\":{\"@id\":\"https:\/\/forcol.atic.blue\/ubicaciones\/#breadcrumb\"},\"inLanguage\":\"fr-FR\",\"potentialAction\":[{\"@type\":\"ReadAction\",\"target\":[\"https:\/\/forcol.atic.blue\/ubicaciones\/\"]}]},{\"@type\":\"ImageObject\",\"inLanguage\":\"fr-FR\",\"@id\":\"https:\/\/forcol.atic.blue\/ubicaciones\/#primaryimage\",\"url\":\"https:\/\/forcol.atic.blue\/wp-content\/uploads\/2025\/05\/Mapa-1-1024x576.jpg\",\"contentUrl\":\"https:\/\/forcol.atic.blue\/wp-content\/uploads\/2025\/05\/Mapa-1-1024x576.jpg\"},{\"@type\":\"BreadcrumbList\",\"@id\":\"https:\/\/forcol.atic.blue\/ubicaciones\/#breadcrumb\",\"itemListElement\":[{\"@type\":\"ListItem\",\"position\":1,\"name\":\"Portada\",\"item\":\"https:\/\/forcol.atic.blue\/\"},{\"@type\":\"ListItem\",\"position\":2,\"name\":\"\u00a0Emplacements\"}]},{\"@type\":\"WebSite\",\"@id\":\"https:\/\/forcol.atic.blue\/#website\",\"url\":\"https:\/\/forcol.atic.blue\/\",\"name\":\"Forcol\",\"description\":\"\",\"potentialAction\":[{\"@type\":\"SearchAction\",\"target\":{\"@type\":\"EntryPoint\",\"urlTemplate\":\"https:\/\/forcol.atic.blue\/?s={search_term_string}\"},\"query-input\":{\"@type\":\"PropertyValueSpecification\",\"valueRequired\":true,\"valueName\":\"search_term_string\"}}],\"inLanguage\":\"fr-FR\"}]}<\/script>\n<!-- \/ Yoast SEO plugin. -->","yoast_head_json":{"title":"\u00a0Emplacements - Forcol","robots":{"index":"noindex","follow":"follow","max-snippet":"max-snippet:-1","max-image-preview":"max-image-preview:large","max-video-preview":"max-video-preview:-1"},"og_locale":"fr_FR","og_type":"article","og_title":"\u00a0Emplacements - Forcol","og_description":"Emplacements Dep\u00f3sito Elche (Alicante)Partida De Alzabares Bajo, P-i, 27., 03203, Elche (Alicante)Dep\u00f3sito Aldaia (Valencia)CV-413, 75, 46960 Aldaia, ValenciaDep\u00f3sito Benicarl\u00f3 (Castell\u00f3n)PARTIDA RIU, 7 &#8211; 7, 12580, Benicarl\u00f3 (Castell\u00f3n)Dep\u00f3sito Castell\u00f3nAvinguda Castell Vell 192, 12004 Castell\u00f3 de la Plana (Castell\u00f3n)F\u00e1brica ForcolCamino Romeral, S\/n, 12004, Castell\u00f3n De La Plana (Castell\u00f3n) VOUS \u00caTES INT\u00c9RESS\u00c9 PAR NOS PRODUITS? Contactez-nous CONTACT Nos [&hellip;]","og_url":"https:\/\/forcol.atic.blue\/ubicaciones\/","og_site_name":"Forcol","article_modified_time":"2025-05-29T09:20:36+00:00","og_image":[{"width":1920,"height":1080,"url":"https:\/\/forcol.atic.blue\/wp-content\/uploads\/2025\/05\/Mapa-1.jpg","type":"image\/jpeg"}],"twitter_card":"summary_large_image","twitter_misc":{"Dur\u00e9e de lecture estim\u00e9e":"2 minutes"},"schema":{"@context":"https:\/\/schema.org","@graph":[{"@type":"WebPage","@id":"https:\/\/forcol.atic.blue\/ubicaciones\/","url":"https:\/\/forcol.atic.blue\/ubicaciones\/","name":"\u00a0Emplacements - Forcol","isPartOf":{"@id":"https:\/\/forcol.atic.blue\/#website"},"primaryImageOfPage":{"@id":"https:\/\/forcol.atic.blue\/ubicaciones\/#primaryimage"},"image":{"@id":"https:\/\/forcol.atic.blue\/ubicaciones\/#primaryimage"},"thumbnailUrl":"https:\/\/forcol.atic.blue\/wp-content\/uploads\/2025\/05\/Mapa-1-1024x576.jpg","datePublished":"2025-04-22T07:59:00+00:00","dateModified":"2025-05-29T09:20:36+00:00","breadcrumb":{"@id":"https:\/\/forcol.atic.blue\/ubicaciones\/#breadcrumb"},"inLanguage":"fr-FR","potentialAction":[{"@type":"ReadAction","target":["https:\/\/forcol.atic.blue\/ubicaciones\/"]}]},{"@type":"ImageObject","inLanguage":"fr-FR","@id":"https:\/\/forcol.atic.blue\/ubicaciones\/#primaryimage","url":"https:\/\/forcol.atic.blue\/wp-content\/uploads\/2025\/05\/Mapa-1-1024x576.jpg","contentUrl":"https:\/\/forcol.atic.blue\/wp-content\/uploads\/2025\/05\/Mapa-1-1024x576.jpg"},{"@type":"BreadcrumbList","@id":"https:\/\/forcol.atic.blue\/ubicaciones\/#breadcrumb","itemListElement":[{"@type":"ListItem","position":1,"name":"Portada","item":"https:\/\/forcol.atic.blue\/"},{"@type":"ListItem","position":2,"name":"\u00a0Emplacements"}]},{"@type":"WebSite","@id":"https:\/\/forcol.atic.blue\/#website","url":"https:\/\/forcol.atic.blue\/","name":"Forcol","description":"","potentialAction":[{"@type":"SearchAction","target":{"@type":"EntryPoint","urlTemplate":"https:\/\/forcol.atic.blue\/?s={search_term_string}"},"query-input":{"@type":"PropertyValueSpecification","valueRequired":true,"valueName":"search_term_string"}}],"inLanguage":"fr-FR"}]}},"_links":{"self":[{"href":"https:\/\/forcol.atic.blue\/fr\/wp-json\/wp\/v2\/pages\/869","targetHints":{"allow":["GET"]}}],"collection":[{"href":"https:\/\/forcol.atic.blue\/fr\/wp-json\/wp\/v2\/pages"}],"about":[{"href":"https:\/\/forcol.atic.blue\/fr\/wp-json\/wp\/v2\/types\/page"}],"author":[{"embeddable":true,"href":"https:\/\/forcol.atic.blue\/fr\/wp-json\/wp\/v2\/users\/1"}],"replies":[{"embeddable":true,"href":"https:\/\/forcol.atic.blue\/fr\/wp-json\/wp\/v2\/comments?post=869"}],"version-history":[{"count":14,"href":"https:\/\/forcol.atic.blue\/fr\/wp-json\/wp\/v2\/pages\/869\/revisions"}],"predecessor-version":[{"id":1396,"href":"https:\/\/forcol.atic.blue\/fr\/wp-json\/wp\/v2\/pages\/869\/revisions\/1396"}],"wp:attachment":[{"href":"https:\/\/forcol.atic.blue\/fr\/wp-json\/wp\/v2\/media?parent=869"}],"curies":[{"name":"wp","href":"https:\/\/api.w.org\/{rel}","templated":true}]}}