{"id":728,"date":"2025-04-29T08:15:55","date_gmt":"2025-04-29T08:15:55","guid":{"rendered":"https:\/\/forcol.atic.blue\/producto\/forcol-hidroelastico\/"},"modified":"2025-05-28T14:16:14","modified_gmt":"2025-05-28T14:16:14","slug":"forcol-hidroelastico","status":"publish","type":"product","link":"https:\/\/forcol.atic.blue\/fr\/producto\/forcol-hidroelastico\/","title":{"rendered":"Forcol Hidroel\u00e1stico"},"content":{"rendered":"<p>Mortier \u00e9lastique particuli\u00e8rement indiqu\u00e9 pour l\u2019imperm\u00e9abilisation de tous types de surfaces de construction, sujettes ou non \u00e0 des d\u00e9forma-tions. Formul\u00e9 \u00e0 base de ciments, d\u2019agr\u00e9gats s\u00e9-lectionn\u00e9s, d\u2019additifs et de r\u00e9sines qui permettent l\u2019\u00e9tanch\u00e9it\u00e9 \u00e9lastique des piscines, des \u00e9tangs, des piscines de piscine, des receveurs de douche, des salles de bains, des vestiaires, des balcons, etc. Con-vient pour l\u2019imperm\u00e9abilisation par lits \u00e9lastiques, surfaces avec micro-fissures, pr\u00e9fabriqu\u00e9s, murs de sout\u00e8nement en terre, etc. Disponible en pots de 5 et 20 Kg. Couleur grise.<br \/>\nConforme \u00e0 la norme UNE-EN 14891 CM 02 P<br \/>\n(Produit dos\u00e9 sous forme \u00e0 base de ciment et avec des caract\u00e9ristiques \u00e9lastiques)<\/p>\n","protected":false},"excerpt":{"rendered":"<p>Mortier \u00e9lastique particuli\u00e8rement indiqu\u00e9 pour l\u2019imperm\u00e9abilisation de tous types de surfaces de construction, sujettes ou non \u00e0 des d\u00e9forma-tions. Formul\u00e9 \u00e0 base de ciments, d\u2019agr\u00e9gats s\u00e9-lectionn\u00e9s, d\u2019additifs et de r\u00e9sines qui permettent l\u2019\u00e9tanch\u00e9it\u00e9 \u00e9lastique des piscines, des \u00e9tangs, des piscines de piscine, des receveurs de douche, des salles de bains, des vestiaires, des balcons, etc. [&hellip;]<\/p>\n","protected":false},"featured_media":604,"comment_status":"open","ping_status":"closed","template":"","meta":{"_acf_changed":false},"product_brand":[],"product_cat":[45],"product_tag":[],"class_list":{"0":"post-728","1":"product","2":"type-product","3":"status-publish","4":"has-post-thumbnail","6":"product_cat-produits-de-jointoiement","8":"first","9":"outofstock","10":"featured","11":"shipping-taxable","12":"product-type-variable"},"acf":[],"yoast_head":"<!-- This site is optimized with the Yoast SEO plugin v24.9 - https:\/\/yoast.com\/wordpress\/plugins\/seo\/ -->\n<title>Forcol hydro\u00e9lastique pour l&#039;imperm\u00e9abilisation des surfaces<\/title>\n<meta name=\"description\" content=\"Mortier de ciment \u00e9lastique et imperm\u00e9abilisant, id\u00e9al pour les terrasses, les piscines et les zones humides. Haute adh\u00e9rence et flexibilit\u00e9 aux structures.\" \/>\n<meta name=\"robots\" content=\"noindex, follow, max-snippet:-1, max-image-preview:large, max-video-preview:-1\" \/>\n<meta property=\"og:locale\" content=\"fr_FR\" \/>\n<meta property=\"og:type\" content=\"article\" \/>\n<meta property=\"og:title\" content=\"Forcol hydro\u00e9lastique pour l&#039;imperm\u00e9abilisation des surfaces\" \/>\n<meta property=\"og:description\" content=\"Mortier de ciment \u00e9lastique et imperm\u00e9abilisant, id\u00e9al pour les terrasses, les piscines et les zones humides. Haute adh\u00e9rence et flexibilit\u00e9 aux structures.\" \/>\n<meta property=\"og:url\" content=\"https:\/\/forcol.atic.blue\/fr\/producto\/forcol-hidroelastico\/\" \/>\n<meta property=\"og:site_name\" content=\"Forcol\" \/>\n<meta property=\"article:modified_time\" content=\"2025-05-28T14:16:14+00:00\" \/>\n<meta property=\"og:image\" content=\"https:\/\/forcol.atic.blue\/wp-content\/uploads\/2025\/04\/producto-rejuntado-hidroelastico.jpg\" \/>\n\t<meta property=\"og:image:width\" content=\"421\" \/>\n\t<meta property=\"og:image:height\" content=\"558\" \/>\n\t<meta property=\"og:image:type\" content=\"image\/jpeg\" \/>\n<meta name=\"twitter:card\" content=\"summary_large_image\" \/>\n<meta name=\"twitter:label1\" content=\"Dur\u00e9e de lecture estim\u00e9e\" \/>\n\t<meta name=\"twitter:data1\" content=\"1 minute\" \/>\n<script type=\"application\/ld+json\" class=\"yoast-schema-graph\">{\"@context\":\"https:\/\/schema.org\",\"@graph\":[{\"@type\":\"WebPage\",\"@id\":\"https:\/\/forcol.atic.blue\/fr\/producto\/forcol-hidroelastico\/\",\"url\":\"https:\/\/forcol.atic.blue\/fr\/producto\/forcol-hidroelastico\/\",\"name\":\"Forcol hydro\u00e9lastique pour l'imperm\u00e9abilisation des surfaces\",\"isPartOf\":{\"@id\":\"https:\/\/forcol.atic.blue\/#website\"},\"primaryImageOfPage\":{\"@id\":\"https:\/\/forcol.atic.blue\/fr\/producto\/forcol-hidroelastico\/#primaryimage\"},\"image\":{\"@id\":\"https:\/\/forcol.atic.blue\/fr\/producto\/forcol-hidroelastico\/#primaryimage\"},\"thumbnailUrl\":\"https:\/\/forcol.atic.blue\/wp-content\/uploads\/2025\/04\/producto-rejuntado-hidroelastico.jpg\",\"datePublished\":\"2025-04-29T08:15:55+00:00\",\"dateModified\":\"2025-05-28T14:16:14+00:00\",\"description\":\"Mortier de ciment \u00e9lastique et imperm\u00e9abilisant, id\u00e9al pour les terrasses, les piscines et les zones humides. Haute adh\u00e9rence et flexibilit\u00e9 aux structures.\",\"breadcrumb\":{\"@id\":\"https:\/\/forcol.atic.blue\/fr\/producto\/forcol-hidroelastico\/#breadcrumb\"},\"inLanguage\":\"fr-FR\",\"potentialAction\":[{\"@type\":\"ReadAction\",\"target\":[\"https:\/\/forcol.atic.blue\/fr\/producto\/forcol-hidroelastico\/\"]}]},{\"@type\":\"ImageObject\",\"inLanguage\":\"fr-FR\",\"@id\":\"https:\/\/forcol.atic.blue\/fr\/producto\/forcol-hidroelastico\/#primaryimage\",\"url\":\"https:\/\/forcol.atic.blue\/wp-content\/uploads\/2025\/04\/producto-rejuntado-hidroelastico.jpg\",\"contentUrl\":\"https:\/\/forcol.atic.blue\/wp-content\/uploads\/2025\/04\/producto-rejuntado-hidroelastico.jpg\",\"width\":421,\"height\":558},{\"@type\":\"BreadcrumbList\",\"@id\":\"https:\/\/forcol.atic.blue\/fr\/producto\/forcol-hidroelastico\/#breadcrumb\",\"itemListElement\":[{\"@type\":\"ListItem\",\"position\":1,\"name\":\"Portada\",\"item\":\"https:\/\/forcol.atic.blue\/\"},{\"@type\":\"ListItem\",\"position\":2,\"name\":\"Boutique\",\"item\":\"https:\/\/forcol.atic.blue\/tienda\/\"},{\"@type\":\"ListItem\",\"position\":3,\"name\":\"Forcol Hidroel\u00e1stico\"}]},{\"@type\":\"WebSite\",\"@id\":\"https:\/\/forcol.atic.blue\/#website\",\"url\":\"https:\/\/forcol.atic.blue\/\",\"name\":\"Forcol\",\"description\":\"\",\"potentialAction\":[{\"@type\":\"SearchAction\",\"target\":{\"@type\":\"EntryPoint\",\"urlTemplate\":\"https:\/\/forcol.atic.blue\/?s={search_term_string}\"},\"query-input\":{\"@type\":\"PropertyValueSpecification\",\"valueRequired\":true,\"valueName\":\"search_term_string\"}}],\"inLanguage\":\"fr-FR\"}]}<\/script>\n<!-- \/ Yoast SEO plugin. -->","yoast_head_json":{"title":"Forcol hydro\u00e9lastique pour l'imperm\u00e9abilisation des surfaces","description":"Mortier de ciment \u00e9lastique et imperm\u00e9abilisant, id\u00e9al pour les terrasses, les piscines et les zones humides. Haute adh\u00e9rence et flexibilit\u00e9 aux structures.","robots":{"index":"noindex","follow":"follow","max-snippet":"max-snippet:-1","max-image-preview":"max-image-preview:large","max-video-preview":"max-video-preview:-1"},"og_locale":"fr_FR","og_type":"article","og_title":"Forcol hydro\u00e9lastique pour l'imperm\u00e9abilisation des surfaces","og_description":"Mortier de ciment \u00e9lastique et imperm\u00e9abilisant, id\u00e9al pour les terrasses, les piscines et les zones humides. Haute adh\u00e9rence et flexibilit\u00e9 aux structures.","og_url":"https:\/\/forcol.atic.blue\/fr\/producto\/forcol-hidroelastico\/","og_site_name":"Forcol","article_modified_time":"2025-05-28T14:16:14+00:00","og_image":[{"width":421,"height":558,"url":"https:\/\/forcol.atic.blue\/wp-content\/uploads\/2025\/04\/producto-rejuntado-hidroelastico.jpg","type":"image\/jpeg"}],"twitter_card":"summary_large_image","twitter_misc":{"Dur\u00e9e de lecture estim\u00e9e":"1 minute"},"schema":{"@context":"https:\/\/schema.org","@graph":[{"@type":"WebPage","@id":"https:\/\/forcol.atic.blue\/fr\/producto\/forcol-hidroelastico\/","url":"https:\/\/forcol.atic.blue\/fr\/producto\/forcol-hidroelastico\/","name":"Forcol hydro\u00e9lastique pour l'imperm\u00e9abilisation des surfaces","isPartOf":{"@id":"https:\/\/forcol.atic.blue\/#website"},"primaryImageOfPage":{"@id":"https:\/\/forcol.atic.blue\/fr\/producto\/forcol-hidroelastico\/#primaryimage"},"image":{"@id":"https:\/\/forcol.atic.blue\/fr\/producto\/forcol-hidroelastico\/#primaryimage"},"thumbnailUrl":"https:\/\/forcol.atic.blue\/wp-content\/uploads\/2025\/04\/producto-rejuntado-hidroelastico.jpg","datePublished":"2025-04-29T08:15:55+00:00","dateModified":"2025-05-28T14:16:14+00:00","description":"Mortier de ciment \u00e9lastique et imperm\u00e9abilisant, id\u00e9al pour les terrasses, les piscines et les zones humides. Haute adh\u00e9rence et flexibilit\u00e9 aux structures.","breadcrumb":{"@id":"https:\/\/forcol.atic.blue\/fr\/producto\/forcol-hidroelastico\/#breadcrumb"},"inLanguage":"fr-FR","potentialAction":[{"@type":"ReadAction","target":["https:\/\/forcol.atic.blue\/fr\/producto\/forcol-hidroelastico\/"]}]},{"@type":"ImageObject","inLanguage":"fr-FR","@id":"https:\/\/forcol.atic.blue\/fr\/producto\/forcol-hidroelastico\/#primaryimage","url":"https:\/\/forcol.atic.blue\/wp-content\/uploads\/2025\/04\/producto-rejuntado-hidroelastico.jpg","contentUrl":"https:\/\/forcol.atic.blue\/wp-content\/uploads\/2025\/04\/producto-rejuntado-hidroelastico.jpg","width":421,"height":558},{"@type":"BreadcrumbList","@id":"https:\/\/forcol.atic.blue\/fr\/producto\/forcol-hidroelastico\/#breadcrumb","itemListElement":[{"@type":"ListItem","position":1,"name":"Portada","item":"https:\/\/forcol.atic.blue\/"},{"@type":"ListItem","position":2,"name":"Boutique","item":"https:\/\/forcol.atic.blue\/tienda\/"},{"@type":"ListItem","position":3,"name":"Forcol Hidroel\u00e1stico"}]},{"@type":"WebSite","@id":"https:\/\/forcol.atic.blue\/#website","url":"https:\/\/forcol.atic.blue\/","name":"Forcol","description":"","potentialAction":[{"@type":"SearchAction","target":{"@type":"EntryPoint","urlTemplate":"https:\/\/forcol.atic.blue\/?s={search_term_string}"},"query-input":{"@type":"PropertyValueSpecification","valueRequired":true,"valueName":"search_term_string"}}],"inLanguage":"fr-FR"}]}},"_links":{"self":[{"href":"https:\/\/forcol.atic.blue\/fr\/wp-json\/wp\/v2\/product\/728","targetHints":{"allow":["GET"]}}],"collection":[{"href":"https:\/\/forcol.atic.blue\/fr\/wp-json\/wp\/v2\/product"}],"about":[{"href":"https:\/\/forcol.atic.blue\/fr\/wp-json\/wp\/v2\/types\/product"}],"replies":[{"embeddable":true,"href":"https:\/\/forcol.atic.blue\/fr\/wp-json\/wp\/v2\/comments?post=728"}],"wp:featuredmedia":[{"embeddable":true,"href":"https:\/\/forcol.atic.blue\/fr\/wp-json\/wp\/v2\/media\/604"}],"wp:attachment":[{"href":"https:\/\/forcol.atic.blue\/fr\/wp-json\/wp\/v2\/media?parent=728"}],"wp:term":[{"taxonomy":"product_brand","embeddable":true,"href":"https:\/\/forcol.atic.blue\/fr\/wp-json\/wp\/v2\/product_brand?post=728"},{"taxonomy":"product_cat","embeddable":true,"href":"https:\/\/forcol.atic.blue\/fr\/wp-json\/wp\/v2\/product_cat?post=728"},{"taxonomy":"product_tag","embeddable":true,"href":"https:\/\/forcol.atic.blue\/fr\/wp-json\/wp\/v2\/product_tag?post=728"}],"curies":[{"name":"wp","href":"https:\/\/api.w.org\/{rel}","templated":true}]}}