{"id":746,"date":"2025-04-29T07:48:05","date_gmt":"2025-04-29T07:48:05","guid":{"rendered":"https:\/\/forcol.atic.blue\/producto\/forcol-porcelanico\/"},"modified":"2025-05-28T16:04:11","modified_gmt":"2025-05-28T16:04:11","slug":"forcol-porcelanico","status":"publish","type":"product","link":"https:\/\/forcol.atic.blue\/fr\/producto\/forcol-porcelanico\/","title":{"rendered":"Forcol Porcel\u00e1nico"},"content":{"rendered":"<p>FORCOL PORCEL\u00c1NICO est un adh\u00e9sif cimentaire sp\u00e9-cialement con\u00e7u pour la pose de c\u00e9ramique, de gr\u00e8s c\u00e9rame, de marbre, de pierre ou similaires de petit ou grand format, absorbants ou non absorbants, sur des sols int\u00e9rieurs et ext\u00e9rieurs, des plinthes ext\u00e9rieures ou des murs int\u00e9rieurs. Convient \u00e9galement pour la pose de briques de verre.<\/p>\n","protected":false},"excerpt":{"rendered":"<p>FORCOL PORCEL\u00c1NICO est un adh\u00e9sif cimentaire sp\u00e9-cialement con\u00e7u pour la pose de c\u00e9ramique, de gr\u00e8s c\u00e9rame, de marbre, de pierre ou similaires de petit ou grand format, absorbants ou non absorbants, sur des sols int\u00e9rieurs et ext\u00e9rieurs, des plinthes ext\u00e9rieures ou des murs int\u00e9rieurs. Convient \u00e9galement pour la pose de briques de verre.<\/p>\n","protected":false},"featured_media":538,"comment_status":"open","ping_status":"closed","template":"","meta":{"_acf_changed":false},"product_brand":[],"product_cat":[42],"product_tag":[],"class_list":{"0":"post-746","1":"product","2":"type-product","3":"status-publish","4":"has-post-thumbnail","6":"product_cat-adhesifs-cementaires","8":"first","9":"outofstock","10":"shipping-taxable","11":"product-type-variable"},"acf":[],"yoast_head":"<!-- This site is optimized with the Yoast SEO plugin v24.9 - https:\/\/yoast.com\/wordpress\/plugins\/seo\/ -->\n<title>Adh\u00e9sif pour carreaux de c\u00e9ramique et de porcelaine<\/title>\n<meta name=\"description\" content=\"Ciment colle C2T, id\u00e9al pour la pose de c\u00e9ramique, gr\u00e8s c\u00e9rame, marbre et pierre. Convient \u00e9galement pour les blocs de verre.\" \/>\n<meta name=\"robots\" content=\"noindex, follow, max-snippet:-1, max-image-preview:large, max-video-preview:-1\" \/>\n<meta property=\"og:locale\" content=\"fr_FR\" \/>\n<meta property=\"og:type\" content=\"article\" \/>\n<meta property=\"og:title\" content=\"Adh\u00e9sif pour carreaux de c\u00e9ramique et de porcelaine\" \/>\n<meta property=\"og:description\" content=\"Ciment colle C2T, id\u00e9al pour la pose de c\u00e9ramique, gr\u00e8s c\u00e9rame, marbre et pierre. Convient \u00e9galement pour les blocs de verre.\" \/>\n<meta property=\"og:url\" content=\"https:\/\/forcol.atic.blue\/fr\/producto\/forcol-porcelanico\/\" \/>\n<meta property=\"og:site_name\" content=\"Forcol\" \/>\n<meta property=\"article:modified_time\" content=\"2025-05-28T16:04:11+00:00\" \/>\n<meta property=\"og:image\" content=\"https:\/\/forcol.atic.blue\/wp-content\/uploads\/2025\/04\/adhesivo-cementoso-c2t-porcelanico.png\" \/>\n\t<meta property=\"og:image:width\" content=\"436\" \/>\n\t<meta property=\"og:image:height\" content=\"880\" \/>\n\t<meta property=\"og:image:type\" content=\"image\/png\" \/>\n<meta name=\"twitter:card\" content=\"summary_large_image\" \/>\n<meta name=\"twitter:label1\" content=\"Dur\u00e9e de lecture estim\u00e9e\" \/>\n\t<meta name=\"twitter:data1\" content=\"1 minute\" \/>\n<script type=\"application\/ld+json\" class=\"yoast-schema-graph\">{\"@context\":\"https:\/\/schema.org\",\"@graph\":[{\"@type\":\"WebPage\",\"@id\":\"https:\/\/forcol.atic.blue\/fr\/producto\/forcol-porcelanico\/\",\"url\":\"https:\/\/forcol.atic.blue\/fr\/producto\/forcol-porcelanico\/\",\"name\":\"Adh\u00e9sif pour carreaux de c\u00e9ramique et de porcelaine\",\"isPartOf\":{\"@id\":\"https:\/\/forcol.atic.blue\/#website\"},\"primaryImageOfPage\":{\"@id\":\"https:\/\/forcol.atic.blue\/fr\/producto\/forcol-porcelanico\/#primaryimage\"},\"image\":{\"@id\":\"https:\/\/forcol.atic.blue\/fr\/producto\/forcol-porcelanico\/#primaryimage\"},\"thumbnailUrl\":\"https:\/\/forcol.atic.blue\/wp-content\/uploads\/2025\/04\/adhesivo-cementoso-c2t-porcelanico.png\",\"datePublished\":\"2025-04-29T07:48:05+00:00\",\"dateModified\":\"2025-05-28T16:04:11+00:00\",\"description\":\"Ciment colle C2T, id\u00e9al pour la pose de c\u00e9ramique, gr\u00e8s c\u00e9rame, marbre et pierre. Convient \u00e9galement pour les blocs de verre.\",\"breadcrumb\":{\"@id\":\"https:\/\/forcol.atic.blue\/fr\/producto\/forcol-porcelanico\/#breadcrumb\"},\"inLanguage\":\"fr-FR\",\"potentialAction\":[{\"@type\":\"ReadAction\",\"target\":[\"https:\/\/forcol.atic.blue\/fr\/producto\/forcol-porcelanico\/\"]}]},{\"@type\":\"ImageObject\",\"inLanguage\":\"fr-FR\",\"@id\":\"https:\/\/forcol.atic.blue\/fr\/producto\/forcol-porcelanico\/#primaryimage\",\"url\":\"https:\/\/forcol.atic.blue\/wp-content\/uploads\/2025\/04\/adhesivo-cementoso-c2t-porcelanico.png\",\"contentUrl\":\"https:\/\/forcol.atic.blue\/wp-content\/uploads\/2025\/04\/adhesivo-cementoso-c2t-porcelanico.png\",\"width\":436,\"height\":880},{\"@type\":\"BreadcrumbList\",\"@id\":\"https:\/\/forcol.atic.blue\/fr\/producto\/forcol-porcelanico\/#breadcrumb\",\"itemListElement\":[{\"@type\":\"ListItem\",\"position\":1,\"name\":\"Portada\",\"item\":\"https:\/\/forcol.atic.blue\/\"},{\"@type\":\"ListItem\",\"position\":2,\"name\":\"Boutique\",\"item\":\"https:\/\/forcol.atic.blue\/tienda\/\"},{\"@type\":\"ListItem\",\"position\":3,\"name\":\"Forcol Porcel\u00e1nico\"}]},{\"@type\":\"WebSite\",\"@id\":\"https:\/\/forcol.atic.blue\/#website\",\"url\":\"https:\/\/forcol.atic.blue\/\",\"name\":\"Forcol\",\"description\":\"\",\"potentialAction\":[{\"@type\":\"SearchAction\",\"target\":{\"@type\":\"EntryPoint\",\"urlTemplate\":\"https:\/\/forcol.atic.blue\/?s={search_term_string}\"},\"query-input\":{\"@type\":\"PropertyValueSpecification\",\"valueRequired\":true,\"valueName\":\"search_term_string\"}}],\"inLanguage\":\"fr-FR\"}]}<\/script>\n<!-- \/ Yoast SEO plugin. -->","yoast_head_json":{"title":"Adh\u00e9sif pour carreaux de c\u00e9ramique et de porcelaine","description":"Ciment colle C2T, id\u00e9al pour la pose de c\u00e9ramique, gr\u00e8s c\u00e9rame, marbre et pierre. Convient \u00e9galement pour les blocs de verre.","robots":{"index":"noindex","follow":"follow","max-snippet":"max-snippet:-1","max-image-preview":"max-image-preview:large","max-video-preview":"max-video-preview:-1"},"og_locale":"fr_FR","og_type":"article","og_title":"Adh\u00e9sif pour carreaux de c\u00e9ramique et de porcelaine","og_description":"Ciment colle C2T, id\u00e9al pour la pose de c\u00e9ramique, gr\u00e8s c\u00e9rame, marbre et pierre. Convient \u00e9galement pour les blocs de verre.","og_url":"https:\/\/forcol.atic.blue\/fr\/producto\/forcol-porcelanico\/","og_site_name":"Forcol","article_modified_time":"2025-05-28T16:04:11+00:00","og_image":[{"width":436,"height":880,"url":"https:\/\/forcol.atic.blue\/wp-content\/uploads\/2025\/04\/adhesivo-cementoso-c2t-porcelanico.png","type":"image\/png"}],"twitter_card":"summary_large_image","twitter_misc":{"Dur\u00e9e de lecture estim\u00e9e":"1 minute"},"schema":{"@context":"https:\/\/schema.org","@graph":[{"@type":"WebPage","@id":"https:\/\/forcol.atic.blue\/fr\/producto\/forcol-porcelanico\/","url":"https:\/\/forcol.atic.blue\/fr\/producto\/forcol-porcelanico\/","name":"Adh\u00e9sif pour carreaux de c\u00e9ramique et de porcelaine","isPartOf":{"@id":"https:\/\/forcol.atic.blue\/#website"},"primaryImageOfPage":{"@id":"https:\/\/forcol.atic.blue\/fr\/producto\/forcol-porcelanico\/#primaryimage"},"image":{"@id":"https:\/\/forcol.atic.blue\/fr\/producto\/forcol-porcelanico\/#primaryimage"},"thumbnailUrl":"https:\/\/forcol.atic.blue\/wp-content\/uploads\/2025\/04\/adhesivo-cementoso-c2t-porcelanico.png","datePublished":"2025-04-29T07:48:05+00:00","dateModified":"2025-05-28T16:04:11+00:00","description":"Ciment colle C2T, id\u00e9al pour la pose de c\u00e9ramique, gr\u00e8s c\u00e9rame, marbre et pierre. Convient \u00e9galement pour les blocs de verre.","breadcrumb":{"@id":"https:\/\/forcol.atic.blue\/fr\/producto\/forcol-porcelanico\/#breadcrumb"},"inLanguage":"fr-FR","potentialAction":[{"@type":"ReadAction","target":["https:\/\/forcol.atic.blue\/fr\/producto\/forcol-porcelanico\/"]}]},{"@type":"ImageObject","inLanguage":"fr-FR","@id":"https:\/\/forcol.atic.blue\/fr\/producto\/forcol-porcelanico\/#primaryimage","url":"https:\/\/forcol.atic.blue\/wp-content\/uploads\/2025\/04\/adhesivo-cementoso-c2t-porcelanico.png","contentUrl":"https:\/\/forcol.atic.blue\/wp-content\/uploads\/2025\/04\/adhesivo-cementoso-c2t-porcelanico.png","width":436,"height":880},{"@type":"BreadcrumbList","@id":"https:\/\/forcol.atic.blue\/fr\/producto\/forcol-porcelanico\/#breadcrumb","itemListElement":[{"@type":"ListItem","position":1,"name":"Portada","item":"https:\/\/forcol.atic.blue\/"},{"@type":"ListItem","position":2,"name":"Boutique","item":"https:\/\/forcol.atic.blue\/tienda\/"},{"@type":"ListItem","position":3,"name":"Forcol Porcel\u00e1nico"}]},{"@type":"WebSite","@id":"https:\/\/forcol.atic.blue\/#website","url":"https:\/\/forcol.atic.blue\/","name":"Forcol","description":"","potentialAction":[{"@type":"SearchAction","target":{"@type":"EntryPoint","urlTemplate":"https:\/\/forcol.atic.blue\/?s={search_term_string}"},"query-input":{"@type":"PropertyValueSpecification","valueRequired":true,"valueName":"search_term_string"}}],"inLanguage":"fr-FR"}]}},"_links":{"self":[{"href":"https:\/\/forcol.atic.blue\/fr\/wp-json\/wp\/v2\/product\/746","targetHints":{"allow":["GET"]}}],"collection":[{"href":"https:\/\/forcol.atic.blue\/fr\/wp-json\/wp\/v2\/product"}],"about":[{"href":"https:\/\/forcol.atic.blue\/fr\/wp-json\/wp\/v2\/types\/product"}],"replies":[{"embeddable":true,"href":"https:\/\/forcol.atic.blue\/fr\/wp-json\/wp\/v2\/comments?post=746"}],"wp:featuredmedia":[{"embeddable":true,"href":"https:\/\/forcol.atic.blue\/fr\/wp-json\/wp\/v2\/media\/538"}],"wp:attachment":[{"href":"https:\/\/forcol.atic.blue\/fr\/wp-json\/wp\/v2\/media?parent=746"}],"wp:term":[{"taxonomy":"product_brand","embeddable":true,"href":"https:\/\/forcol.atic.blue\/fr\/wp-json\/wp\/v2\/product_brand?post=746"},{"taxonomy":"product_cat","embeddable":true,"href":"https:\/\/forcol.atic.blue\/fr\/wp-json\/wp\/v2\/product_cat?post=746"},{"taxonomy":"product_tag","embeddable":true,"href":"https:\/\/forcol.atic.blue\/fr\/wp-json\/wp\/v2\/product_tag?post=746"}],"curies":[{"name":"wp","href":"https:\/\/api.w.org\/{rel}","templated":true}]}}