{"id":747,"date":"2025-04-29T07:49:48","date_gmt":"2025-04-29T07:49:48","guid":{"rendered":"https:\/\/forcol.atic.blue\/producto\/forcol-advance\/"},"modified":"2025-05-28T15:53:32","modified_gmt":"2025-05-28T15:53:32","slug":"forcol-advance","status":"publish","type":"product","link":"https:\/\/forcol.atic.blue\/fr\/producto\/forcol-advance\/","title":{"rendered":"Forcol Advance"},"content":{"rendered":"<p>FORCOL ADVANCE est un adh\u00e9sif \u00e0 base de ciment sp\u00e9cialement con\u00e7u pour l\u2019installation de c\u00e9ramique, de gr\u00e8s c\u00e9rame, de marbre, de pierre ou de petits ou grands formats similaires, absorbants ou non absorbants, dans les murs int\u00e9rieurs et ext\u00e9rieurs, les plinthes ext\u00e9rieures ou les murs int\u00e9rieurs. Convient \u00e9galement pour la pose de briques de verre. Produit certi\ufb01\u00e9 par le Centre Scien-ti\ufb01que et Technique du B\u00e2timent (CSTB) (marque Qb). Cette certi\ufb01cation est une d\u00e9marche volontaire, r\u00e9alis\u00e9e par un organisme ind\u00e9pendant, visant \u00e0 :<\/p>\n<ul>\n<li>Certi\ufb01er des performances \u00e0 haute valeur ajout\u00e9e qui compl\u00e8tent les exigences des normes europ\u00e9ennes.<\/li>\n<li>Fournir des rep\u00e8res pour la \ufb01abilit\u00e9 permanente de la qualit\u00e9 des produits gr\u00e2ce \u00e0 des classi\ufb01cations nor-malis\u00e9es en plus de la classi\ufb01cation harmonis\u00e9e.<\/li>\n<li>Une plus grande garantie dans l\u2019utilisation du produit car sa \ufb01abilit\u00e9, son ad\u00e9quation et sa qualit\u00e9 sont con-tr\u00f4l\u00e9es par le CSTB.<\/li>\n<\/ul>\n","protected":false},"excerpt":{"rendered":"<p>FORCOL ADVANCE est un adh\u00e9sif \u00e0 base de ciment sp\u00e9cialement con\u00e7u pour l\u2019installation de c\u00e9ramique, de gr\u00e8s c\u00e9rame, de marbre, de pierre ou de petits ou grands formats similaires, absorbants ou non absorbants, dans les murs int\u00e9rieurs et ext\u00e9rieurs, les plinthes ext\u00e9rieures ou les murs int\u00e9rieurs. Convient \u00e9galement pour la pose de briques de verre. [&hellip;]<\/p>\n","protected":false},"featured_media":541,"comment_status":"open","ping_status":"closed","template":"","meta":{"_acf_changed":false},"product_brand":[],"product_cat":[42],"product_tag":[],"class_list":{"0":"post-747","1":"product","2":"type-product","3":"status-publish","4":"has-post-thumbnail","6":"product_cat-adhesifs-cementaires","8":"first","9":"outofstock","10":"shipping-taxable","11":"product-type-variable"},"acf":[],"yoast_head":"<!-- This site is optimized with the Yoast SEO plugin v24.9 - https:\/\/yoast.com\/wordpress\/plugins\/seo\/ -->\n<title>Adh\u00e9sif \u00e0 base de ciment pour la c\u00e9ramique et la pierre | Forcol<\/title>\n<meta name=\"description\" content=\"Adh\u00e9sif cimentaire haute performance, con\u00e7u pour les applications n\u00e9cessitant une adh\u00e9rence et une durabilit\u00e9 \u00e9lev\u00e9es, garantissant un excellent collage.\" \/>\n<meta name=\"robots\" content=\"noindex, follow, max-snippet:-1, max-image-preview:large, max-video-preview:-1\" \/>\n<meta property=\"og:locale\" content=\"fr_FR\" \/>\n<meta property=\"og:type\" content=\"article\" \/>\n<meta property=\"og:title\" content=\"Adh\u00e9sif \u00e0 base de ciment pour la c\u00e9ramique et la pierre | Forcol\" \/>\n<meta property=\"og:description\" content=\"Adh\u00e9sif cimentaire haute performance, con\u00e7u pour les applications n\u00e9cessitant une adh\u00e9rence et une durabilit\u00e9 \u00e9lev\u00e9es, garantissant un excellent collage.\" \/>\n<meta property=\"og:url\" content=\"https:\/\/forcol.atic.blue\/fr\/producto\/forcol-advance\/\" \/>\n<meta property=\"og:site_name\" content=\"Forcol\" \/>\n<meta property=\"article:modified_time\" content=\"2025-05-28T15:53:32+00:00\" \/>\n<meta property=\"og:image\" content=\"https:\/\/forcol.atic.blue\/wp-content\/uploads\/2025\/04\/adhesivo-cementoso-c2t-advance.png\" \/>\n\t<meta property=\"og:image:width\" content=\"436\" \/>\n\t<meta property=\"og:image:height\" content=\"880\" \/>\n\t<meta property=\"og:image:type\" content=\"image\/png\" \/>\n<meta name=\"twitter:card\" content=\"summary_large_image\" \/>\n<meta name=\"twitter:label1\" content=\"Dur\u00e9e de lecture estim\u00e9e\" \/>\n\t<meta name=\"twitter:data1\" content=\"1 minute\" \/>\n<script type=\"application\/ld+json\" class=\"yoast-schema-graph\">{\"@context\":\"https:\/\/schema.org\",\"@graph\":[{\"@type\":\"WebPage\",\"@id\":\"https:\/\/forcol.atic.blue\/fr\/producto\/forcol-advance\/\",\"url\":\"https:\/\/forcol.atic.blue\/fr\/producto\/forcol-advance\/\",\"name\":\"Adh\u00e9sif \u00e0 base de ciment pour la c\u00e9ramique et la pierre | Forcol\",\"isPartOf\":{\"@id\":\"https:\/\/forcol.atic.blue\/#website\"},\"primaryImageOfPage\":{\"@id\":\"https:\/\/forcol.atic.blue\/fr\/producto\/forcol-advance\/#primaryimage\"},\"image\":{\"@id\":\"https:\/\/forcol.atic.blue\/fr\/producto\/forcol-advance\/#primaryimage\"},\"thumbnailUrl\":\"https:\/\/forcol.atic.blue\/wp-content\/uploads\/2025\/04\/adhesivo-cementoso-c2t-advance.png\",\"datePublished\":\"2025-04-29T07:49:48+00:00\",\"dateModified\":\"2025-05-28T15:53:32+00:00\",\"description\":\"Adh\u00e9sif cimentaire haute performance, con\u00e7u pour les applications n\u00e9cessitant une adh\u00e9rence et une durabilit\u00e9 \u00e9lev\u00e9es, garantissant un excellent collage.\",\"breadcrumb\":{\"@id\":\"https:\/\/forcol.atic.blue\/fr\/producto\/forcol-advance\/#breadcrumb\"},\"inLanguage\":\"fr-FR\",\"potentialAction\":[{\"@type\":\"ReadAction\",\"target\":[\"https:\/\/forcol.atic.blue\/fr\/producto\/forcol-advance\/\"]}]},{\"@type\":\"ImageObject\",\"inLanguage\":\"fr-FR\",\"@id\":\"https:\/\/forcol.atic.blue\/fr\/producto\/forcol-advance\/#primaryimage\",\"url\":\"https:\/\/forcol.atic.blue\/wp-content\/uploads\/2025\/04\/adhesivo-cementoso-c2t-advance.png\",\"contentUrl\":\"https:\/\/forcol.atic.blue\/wp-content\/uploads\/2025\/04\/adhesivo-cementoso-c2t-advance.png\",\"width\":436,\"height\":880},{\"@type\":\"BreadcrumbList\",\"@id\":\"https:\/\/forcol.atic.blue\/fr\/producto\/forcol-advance\/#breadcrumb\",\"itemListElement\":[{\"@type\":\"ListItem\",\"position\":1,\"name\":\"Portada\",\"item\":\"https:\/\/forcol.atic.blue\/\"},{\"@type\":\"ListItem\",\"position\":2,\"name\":\"Boutique\",\"item\":\"https:\/\/forcol.atic.blue\/tienda\/\"},{\"@type\":\"ListItem\",\"position\":3,\"name\":\"Forcol Advance\"}]},{\"@type\":\"WebSite\",\"@id\":\"https:\/\/forcol.atic.blue\/#website\",\"url\":\"https:\/\/forcol.atic.blue\/\",\"name\":\"Forcol\",\"description\":\"\",\"potentialAction\":[{\"@type\":\"SearchAction\",\"target\":{\"@type\":\"EntryPoint\",\"urlTemplate\":\"https:\/\/forcol.atic.blue\/?s={search_term_string}\"},\"query-input\":{\"@type\":\"PropertyValueSpecification\",\"valueRequired\":true,\"valueName\":\"search_term_string\"}}],\"inLanguage\":\"fr-FR\"}]}<\/script>\n<!-- \/ Yoast SEO plugin. -->","yoast_head_json":{"title":"Adh\u00e9sif \u00e0 base de ciment pour la c\u00e9ramique et la pierre | Forcol","description":"Adh\u00e9sif cimentaire haute performance, con\u00e7u pour les applications n\u00e9cessitant une adh\u00e9rence et une durabilit\u00e9 \u00e9lev\u00e9es, garantissant un excellent collage.","robots":{"index":"noindex","follow":"follow","max-snippet":"max-snippet:-1","max-image-preview":"max-image-preview:large","max-video-preview":"max-video-preview:-1"},"og_locale":"fr_FR","og_type":"article","og_title":"Adh\u00e9sif \u00e0 base de ciment pour la c\u00e9ramique et la pierre | Forcol","og_description":"Adh\u00e9sif cimentaire haute performance, con\u00e7u pour les applications n\u00e9cessitant une adh\u00e9rence et une durabilit\u00e9 \u00e9lev\u00e9es, garantissant un excellent collage.","og_url":"https:\/\/forcol.atic.blue\/fr\/producto\/forcol-advance\/","og_site_name":"Forcol","article_modified_time":"2025-05-28T15:53:32+00:00","og_image":[{"width":436,"height":880,"url":"https:\/\/forcol.atic.blue\/wp-content\/uploads\/2025\/04\/adhesivo-cementoso-c2t-advance.png","type":"image\/png"}],"twitter_card":"summary_large_image","twitter_misc":{"Dur\u00e9e de lecture estim\u00e9e":"1 minute"},"schema":{"@context":"https:\/\/schema.org","@graph":[{"@type":"WebPage","@id":"https:\/\/forcol.atic.blue\/fr\/producto\/forcol-advance\/","url":"https:\/\/forcol.atic.blue\/fr\/producto\/forcol-advance\/","name":"Adh\u00e9sif \u00e0 base de ciment pour la c\u00e9ramique et la pierre | Forcol","isPartOf":{"@id":"https:\/\/forcol.atic.blue\/#website"},"primaryImageOfPage":{"@id":"https:\/\/forcol.atic.blue\/fr\/producto\/forcol-advance\/#primaryimage"},"image":{"@id":"https:\/\/forcol.atic.blue\/fr\/producto\/forcol-advance\/#primaryimage"},"thumbnailUrl":"https:\/\/forcol.atic.blue\/wp-content\/uploads\/2025\/04\/adhesivo-cementoso-c2t-advance.png","datePublished":"2025-04-29T07:49:48+00:00","dateModified":"2025-05-28T15:53:32+00:00","description":"Adh\u00e9sif cimentaire haute performance, con\u00e7u pour les applications n\u00e9cessitant une adh\u00e9rence et une durabilit\u00e9 \u00e9lev\u00e9es, garantissant un excellent collage.","breadcrumb":{"@id":"https:\/\/forcol.atic.blue\/fr\/producto\/forcol-advance\/#breadcrumb"},"inLanguage":"fr-FR","potentialAction":[{"@type":"ReadAction","target":["https:\/\/forcol.atic.blue\/fr\/producto\/forcol-advance\/"]}]},{"@type":"ImageObject","inLanguage":"fr-FR","@id":"https:\/\/forcol.atic.blue\/fr\/producto\/forcol-advance\/#primaryimage","url":"https:\/\/forcol.atic.blue\/wp-content\/uploads\/2025\/04\/adhesivo-cementoso-c2t-advance.png","contentUrl":"https:\/\/forcol.atic.blue\/wp-content\/uploads\/2025\/04\/adhesivo-cementoso-c2t-advance.png","width":436,"height":880},{"@type":"BreadcrumbList","@id":"https:\/\/forcol.atic.blue\/fr\/producto\/forcol-advance\/#breadcrumb","itemListElement":[{"@type":"ListItem","position":1,"name":"Portada","item":"https:\/\/forcol.atic.blue\/"},{"@type":"ListItem","position":2,"name":"Boutique","item":"https:\/\/forcol.atic.blue\/tienda\/"},{"@type":"ListItem","position":3,"name":"Forcol Advance"}]},{"@type":"WebSite","@id":"https:\/\/forcol.atic.blue\/#website","url":"https:\/\/forcol.atic.blue\/","name":"Forcol","description":"","potentialAction":[{"@type":"SearchAction","target":{"@type":"EntryPoint","urlTemplate":"https:\/\/forcol.atic.blue\/?s={search_term_string}"},"query-input":{"@type":"PropertyValueSpecification","valueRequired":true,"valueName":"search_term_string"}}],"inLanguage":"fr-FR"}]}},"_links":{"self":[{"href":"https:\/\/forcol.atic.blue\/fr\/wp-json\/wp\/v2\/product\/747","targetHints":{"allow":["GET"]}}],"collection":[{"href":"https:\/\/forcol.atic.blue\/fr\/wp-json\/wp\/v2\/product"}],"about":[{"href":"https:\/\/forcol.atic.blue\/fr\/wp-json\/wp\/v2\/types\/product"}],"replies":[{"embeddable":true,"href":"https:\/\/forcol.atic.blue\/fr\/wp-json\/wp\/v2\/comments?post=747"}],"wp:featuredmedia":[{"embeddable":true,"href":"https:\/\/forcol.atic.blue\/fr\/wp-json\/wp\/v2\/media\/541"}],"wp:attachment":[{"href":"https:\/\/forcol.atic.blue\/fr\/wp-json\/wp\/v2\/media?parent=747"}],"wp:term":[{"taxonomy":"product_brand","embeddable":true,"href":"https:\/\/forcol.atic.blue\/fr\/wp-json\/wp\/v2\/product_brand?post=747"},{"taxonomy":"product_cat","embeddable":true,"href":"https:\/\/forcol.atic.blue\/fr\/wp-json\/wp\/v2\/product_cat?post=747"},{"taxonomy":"product_tag","embeddable":true,"href":"https:\/\/forcol.atic.blue\/fr\/wp-json\/wp\/v2\/product_tag?post=747"}],"curies":[{"name":"wp","href":"https:\/\/api.w.org\/{rel}","templated":true}]}}