{"id":749,"date":"2025-04-29T07:52:37","date_gmt":"2025-04-29T07:52:37","guid":{"rendered":"https:\/\/forcol.atic.blue\/producto\/forcol-flexible\/"},"modified":"2025-05-28T15:46:02","modified_gmt":"2025-05-28T15:46:02","slug":"forcol-flexible","status":"publish","type":"product","link":"https:\/\/forcol.atic.blue\/fr\/producto\/forcol-flexible\/","title":{"rendered":"Forcol Flexible"},"content":{"rendered":"<p>FORCOL FLEXIBLE est un adh\u00e9sif \u00e0 base de ciment sp\u00e9cialement con\u00e7u pour l\u2019installation de c\u00e9ramique, de gr\u00e8s c\u00e9rame, de marbre, de pierre ou similaires de petit ou grand format, absorbants ou non absorbants, sur des sols de grandes surfaces, etc., \u00e0 l\u2019int\u00e9rieur comme \u00e0 l\u2019ext\u00e9rieur, sur des sols \u00e0 fort tra\ufb01c et sur des sols an-ciens. \u00c9galement dans le carrelage ext\u00e9rieur lorsqu\u2019une d\u00e9formabilit\u00e9 minimale n\u2019est pas requise.<\/p>\n","protected":false},"excerpt":{"rendered":"<p>FORCOL FLEXIBLE est un adh\u00e9sif \u00e0 base de ciment sp\u00e9cialement con\u00e7u pour l\u2019installation de c\u00e9ramique, de gr\u00e8s c\u00e9rame, de marbre, de pierre ou similaires de petit ou grand format, absorbants ou non absorbants, sur des sols de grandes surfaces, etc., \u00e0 l\u2019int\u00e9rieur comme \u00e0 l\u2019ext\u00e9rieur, sur des sols \u00e0 fort tra\ufb01c et sur des sols [&hellip;]<\/p>\n","protected":false},"featured_media":547,"comment_status":"open","ping_status":"closed","template":"","meta":{"_acf_changed":false},"product_brand":[],"product_cat":[42],"product_tag":[],"class_list":{"0":"post-749","1":"product","2":"type-product","3":"status-publish","4":"has-post-thumbnail","6":"product_cat-adhesifs-cementaires","8":"first","9":"outofstock","10":"featured","11":"shipping-taxable","12":"product-type-variable"},"acf":[],"yoast_head":"<!-- This site is optimized with the Yoast SEO plugin v24.9 - https:\/\/yoast.com\/wordpress\/plugins\/seo\/ -->\n<title>Adh\u00e9sif \u00e0 base de ciment pour c\u00e9ramique et pierre naturelle<\/title>\n<meta name=\"description\" content=\"Colle cimentaire hautes performances pour la pose de c\u00e9ramique, gr\u00e8s c\u00e9rame, marbre et pierre naturelle. A ne pas manquer !\" \/>\n<meta name=\"robots\" content=\"noindex, follow, max-snippet:-1, max-image-preview:large, max-video-preview:-1\" \/>\n<meta property=\"og:locale\" content=\"fr_FR\" \/>\n<meta property=\"og:type\" content=\"article\" \/>\n<meta property=\"og:title\" content=\"Adh\u00e9sif \u00e0 base de ciment pour c\u00e9ramique et pierre naturelle\" \/>\n<meta property=\"og:description\" content=\"Colle cimentaire hautes performances pour la pose de c\u00e9ramique, gr\u00e8s c\u00e9rame, marbre et pierre naturelle. A ne pas manquer !\" \/>\n<meta property=\"og:url\" content=\"https:\/\/forcol.atic.blue\/fr\/producto\/forcol-flexible\/\" \/>\n<meta property=\"og:site_name\" content=\"Forcol\" \/>\n<meta property=\"article:modified_time\" content=\"2025-05-28T15:46:02+00:00\" \/>\n<meta property=\"og:image\" content=\"https:\/\/forcol.atic.blue\/wp-content\/uploads\/2025\/04\/adhesivo-cementoso-c2te-flexible.png\" \/>\n\t<meta property=\"og:image:width\" content=\"436\" \/>\n\t<meta property=\"og:image:height\" content=\"880\" \/>\n\t<meta property=\"og:image:type\" content=\"image\/png\" \/>\n<meta name=\"twitter:card\" content=\"summary_large_image\" \/>\n<meta name=\"twitter:label1\" content=\"Dur\u00e9e de lecture estim\u00e9e\" \/>\n\t<meta name=\"twitter:data1\" content=\"1 minute\" \/>\n<script type=\"application\/ld+json\" class=\"yoast-schema-graph\">{\"@context\":\"https:\/\/schema.org\",\"@graph\":[{\"@type\":\"WebPage\",\"@id\":\"https:\/\/forcol.atic.blue\/fr\/producto\/forcol-flexible\/\",\"url\":\"https:\/\/forcol.atic.blue\/fr\/producto\/forcol-flexible\/\",\"name\":\"Adh\u00e9sif \u00e0 base de ciment pour c\u00e9ramique et pierre naturelle\",\"isPartOf\":{\"@id\":\"https:\/\/forcol.atic.blue\/#website\"},\"primaryImageOfPage\":{\"@id\":\"https:\/\/forcol.atic.blue\/fr\/producto\/forcol-flexible\/#primaryimage\"},\"image\":{\"@id\":\"https:\/\/forcol.atic.blue\/fr\/producto\/forcol-flexible\/#primaryimage\"},\"thumbnailUrl\":\"https:\/\/forcol.atic.blue\/wp-content\/uploads\/2025\/04\/adhesivo-cementoso-c2te-flexible.png\",\"datePublished\":\"2025-04-29T07:52:37+00:00\",\"dateModified\":\"2025-05-28T15:46:02+00:00\",\"description\":\"Colle cimentaire hautes performances pour la pose de c\u00e9ramique, gr\u00e8s c\u00e9rame, marbre et pierre naturelle. A ne pas manquer !\",\"breadcrumb\":{\"@id\":\"https:\/\/forcol.atic.blue\/fr\/producto\/forcol-flexible\/#breadcrumb\"},\"inLanguage\":\"fr-FR\",\"potentialAction\":[{\"@type\":\"ReadAction\",\"target\":[\"https:\/\/forcol.atic.blue\/fr\/producto\/forcol-flexible\/\"]}]},{\"@type\":\"ImageObject\",\"inLanguage\":\"fr-FR\",\"@id\":\"https:\/\/forcol.atic.blue\/fr\/producto\/forcol-flexible\/#primaryimage\",\"url\":\"https:\/\/forcol.atic.blue\/wp-content\/uploads\/2025\/04\/adhesivo-cementoso-c2te-flexible.png\",\"contentUrl\":\"https:\/\/forcol.atic.blue\/wp-content\/uploads\/2025\/04\/adhesivo-cementoso-c2te-flexible.png\",\"width\":436,\"height\":880},{\"@type\":\"BreadcrumbList\",\"@id\":\"https:\/\/forcol.atic.blue\/fr\/producto\/forcol-flexible\/#breadcrumb\",\"itemListElement\":[{\"@type\":\"ListItem\",\"position\":1,\"name\":\"Portada\",\"item\":\"https:\/\/forcol.atic.blue\/\"},{\"@type\":\"ListItem\",\"position\":2,\"name\":\"Boutique\",\"item\":\"https:\/\/forcol.atic.blue\/tienda\/\"},{\"@type\":\"ListItem\",\"position\":3,\"name\":\"Forcol Flexible\"}]},{\"@type\":\"WebSite\",\"@id\":\"https:\/\/forcol.atic.blue\/#website\",\"url\":\"https:\/\/forcol.atic.blue\/\",\"name\":\"Forcol\",\"description\":\"\",\"potentialAction\":[{\"@type\":\"SearchAction\",\"target\":{\"@type\":\"EntryPoint\",\"urlTemplate\":\"https:\/\/forcol.atic.blue\/?s={search_term_string}\"},\"query-input\":{\"@type\":\"PropertyValueSpecification\",\"valueRequired\":true,\"valueName\":\"search_term_string\"}}],\"inLanguage\":\"fr-FR\"}]}<\/script>\n<!-- \/ Yoast SEO plugin. -->","yoast_head_json":{"title":"Adh\u00e9sif \u00e0 base de ciment pour c\u00e9ramique et pierre naturelle","description":"Colle cimentaire hautes performances pour la pose de c\u00e9ramique, gr\u00e8s c\u00e9rame, marbre et pierre naturelle. A ne pas manquer !","robots":{"index":"noindex","follow":"follow","max-snippet":"max-snippet:-1","max-image-preview":"max-image-preview:large","max-video-preview":"max-video-preview:-1"},"og_locale":"fr_FR","og_type":"article","og_title":"Adh\u00e9sif \u00e0 base de ciment pour c\u00e9ramique et pierre naturelle","og_description":"Colle cimentaire hautes performances pour la pose de c\u00e9ramique, gr\u00e8s c\u00e9rame, marbre et pierre naturelle. A ne pas manquer !","og_url":"https:\/\/forcol.atic.blue\/fr\/producto\/forcol-flexible\/","og_site_name":"Forcol","article_modified_time":"2025-05-28T15:46:02+00:00","og_image":[{"width":436,"height":880,"url":"https:\/\/forcol.atic.blue\/wp-content\/uploads\/2025\/04\/adhesivo-cementoso-c2te-flexible.png","type":"image\/png"}],"twitter_card":"summary_large_image","twitter_misc":{"Dur\u00e9e de lecture estim\u00e9e":"1 minute"},"schema":{"@context":"https:\/\/schema.org","@graph":[{"@type":"WebPage","@id":"https:\/\/forcol.atic.blue\/fr\/producto\/forcol-flexible\/","url":"https:\/\/forcol.atic.blue\/fr\/producto\/forcol-flexible\/","name":"Adh\u00e9sif \u00e0 base de ciment pour c\u00e9ramique et pierre naturelle","isPartOf":{"@id":"https:\/\/forcol.atic.blue\/#website"},"primaryImageOfPage":{"@id":"https:\/\/forcol.atic.blue\/fr\/producto\/forcol-flexible\/#primaryimage"},"image":{"@id":"https:\/\/forcol.atic.blue\/fr\/producto\/forcol-flexible\/#primaryimage"},"thumbnailUrl":"https:\/\/forcol.atic.blue\/wp-content\/uploads\/2025\/04\/adhesivo-cementoso-c2te-flexible.png","datePublished":"2025-04-29T07:52:37+00:00","dateModified":"2025-05-28T15:46:02+00:00","description":"Colle cimentaire hautes performances pour la pose de c\u00e9ramique, gr\u00e8s c\u00e9rame, marbre et pierre naturelle. A ne pas manquer !","breadcrumb":{"@id":"https:\/\/forcol.atic.blue\/fr\/producto\/forcol-flexible\/#breadcrumb"},"inLanguage":"fr-FR","potentialAction":[{"@type":"ReadAction","target":["https:\/\/forcol.atic.blue\/fr\/producto\/forcol-flexible\/"]}]},{"@type":"ImageObject","inLanguage":"fr-FR","@id":"https:\/\/forcol.atic.blue\/fr\/producto\/forcol-flexible\/#primaryimage","url":"https:\/\/forcol.atic.blue\/wp-content\/uploads\/2025\/04\/adhesivo-cementoso-c2te-flexible.png","contentUrl":"https:\/\/forcol.atic.blue\/wp-content\/uploads\/2025\/04\/adhesivo-cementoso-c2te-flexible.png","width":436,"height":880},{"@type":"BreadcrumbList","@id":"https:\/\/forcol.atic.blue\/fr\/producto\/forcol-flexible\/#breadcrumb","itemListElement":[{"@type":"ListItem","position":1,"name":"Portada","item":"https:\/\/forcol.atic.blue\/"},{"@type":"ListItem","position":2,"name":"Boutique","item":"https:\/\/forcol.atic.blue\/tienda\/"},{"@type":"ListItem","position":3,"name":"Forcol Flexible"}]},{"@type":"WebSite","@id":"https:\/\/forcol.atic.blue\/#website","url":"https:\/\/forcol.atic.blue\/","name":"Forcol","description":"","potentialAction":[{"@type":"SearchAction","target":{"@type":"EntryPoint","urlTemplate":"https:\/\/forcol.atic.blue\/?s={search_term_string}"},"query-input":{"@type":"PropertyValueSpecification","valueRequired":true,"valueName":"search_term_string"}}],"inLanguage":"fr-FR"}]}},"_links":{"self":[{"href":"https:\/\/forcol.atic.blue\/fr\/wp-json\/wp\/v2\/product\/749","targetHints":{"allow":["GET"]}}],"collection":[{"href":"https:\/\/forcol.atic.blue\/fr\/wp-json\/wp\/v2\/product"}],"about":[{"href":"https:\/\/forcol.atic.blue\/fr\/wp-json\/wp\/v2\/types\/product"}],"replies":[{"embeddable":true,"href":"https:\/\/forcol.atic.blue\/fr\/wp-json\/wp\/v2\/comments?post=749"}],"wp:featuredmedia":[{"embeddable":true,"href":"https:\/\/forcol.atic.blue\/fr\/wp-json\/wp\/v2\/media\/547"}],"wp:attachment":[{"href":"https:\/\/forcol.atic.blue\/fr\/wp-json\/wp\/v2\/media?parent=749"}],"wp:term":[{"taxonomy":"product_brand","embeddable":true,"href":"https:\/\/forcol.atic.blue\/fr\/wp-json\/wp\/v2\/product_brand?post=749"},{"taxonomy":"product_cat","embeddable":true,"href":"https:\/\/forcol.atic.blue\/fr\/wp-json\/wp\/v2\/product_cat?post=749"},{"taxonomy":"product_tag","embeddable":true,"href":"https:\/\/forcol.atic.blue\/fr\/wp-json\/wp\/v2\/product_tag?post=749"}],"curies":[{"name":"wp","href":"https:\/\/api.w.org\/{rel}","templated":true}]}}