{"id":750,"date":"2025-04-29T07:54:48","date_gmt":"2025-04-29T07:54:48","guid":{"rendered":"https:\/\/forcol.atic.blue\/producto\/deformable-flexible-forcol\/"},"modified":"2025-05-28T15:43:50","modified_gmt":"2025-05-28T15:43:50","slug":"forcol-flexible-deformable","status":"publish","type":"product","link":"https:\/\/forcol.atic.blue\/fr\/producto\/forcol-flexible-deformable\/","title":{"rendered":"Forcol flexible deformable"},"content":{"rendered":"<p>FORCOL FLEXIBLE DEFORMABLE est un adh\u00e9sif cireux sp\u00e9cialement con\u00e7u pour l\u2019installation de c\u00e9ramique, de gr\u00e8s c\u00e9rame, de marbre, de pierre ou similaires de petit ou grand format absorbants ou non absorbants dans le rev\u00eatement de fa\u00e7ades, de sols de grandes surfaces, etc., \u00e0 l\u2019int\u00e9rieur comme \u00e0 l\u2019ext\u00e9rieur, dans le chauffage par le sol et les sols \u00e0 fort tra\ufb01c.<\/p>\n","protected":false},"excerpt":{"rendered":"<p>FORCOL FLEXIBLE DEFORMABLE est un adh\u00e9sif cireux sp\u00e9cialement con\u00e7u pour l\u2019installation de c\u00e9ramique, de gr\u00e8s c\u00e9rame, de marbre, de pierre ou similaires de petit ou grand format absorbants ou non absorbants dans le rev\u00eatement de fa\u00e7ades, de sols de grandes surfaces, etc., \u00e0 l\u2019int\u00e9rieur comme \u00e0 l\u2019ext\u00e9rieur, dans le chauffage par le sol et les [&hellip;]<\/p>\n","protected":false},"featured_media":550,"comment_status":"open","ping_status":"closed","template":"","meta":{"_acf_changed":false},"product_brand":[],"product_cat":[42],"product_tag":[],"class_list":{"0":"post-750","1":"product","2":"type-product","3":"status-publish","4":"has-post-thumbnail","6":"product_cat-adhesifs-cementaires","8":"first","9":"outofstock","10":"shipping-taxable","11":"product-type-variable"},"acf":[],"yoast_head":"<!-- This site is optimized with the Yoast SEO plugin v24.9 - https:\/\/yoast.com\/wordpress\/plugins\/seo\/ -->\n<title>Ciment-colle de qualit\u00e9 pour fa\u00e7ades et chauss\u00e9es<\/title>\n<meta name=\"description\" content=\"Adh\u00e9sif \u00e0 base de ciment \u00e0 hautes performances pour la fixation de la c\u00e9ramique, du marbre et de la pierre naturelle. Pour les fa\u00e7ades, les sols et les dallages\" \/>\n<meta name=\"robots\" content=\"noindex, follow, max-snippet:-1, max-image-preview:large, max-video-preview:-1\" \/>\n<meta property=\"og:locale\" content=\"fr_FR\" \/>\n<meta property=\"og:type\" content=\"article\" \/>\n<meta property=\"og:title\" content=\"Ciment-colle de qualit\u00e9 pour fa\u00e7ades et chauss\u00e9es\" \/>\n<meta property=\"og:description\" content=\"Adh\u00e9sif \u00e0 base de ciment \u00e0 hautes performances pour la fixation de la c\u00e9ramique, du marbre et de la pierre naturelle. Pour les fa\u00e7ades, les sols et les dallages\" \/>\n<meta property=\"og:url\" content=\"https:\/\/forcol.atic.blue\/fr\/producto\/forcol-flexible-deformable\/\" \/>\n<meta property=\"og:site_name\" content=\"Forcol\" \/>\n<meta property=\"article:modified_time\" content=\"2025-05-28T15:43:50+00:00\" \/>\n<meta property=\"og:image\" content=\"https:\/\/forcol.atic.blue\/wp-content\/uploads\/2025\/04\/adhesivo-cementoso-c2te-s1-flexible-deformable.png\" \/>\n\t<meta property=\"og:image:width\" content=\"436\" \/>\n\t<meta property=\"og:image:height\" content=\"880\" \/>\n\t<meta property=\"og:image:type\" content=\"image\/png\" \/>\n<meta name=\"twitter:card\" content=\"summary_large_image\" \/>\n<meta name=\"twitter:label1\" content=\"Dur\u00e9e de lecture estim\u00e9e\" \/>\n\t<meta name=\"twitter:data1\" content=\"1 minute\" \/>\n<script type=\"application\/ld+json\" class=\"yoast-schema-graph\">{\"@context\":\"https:\/\/schema.org\",\"@graph\":[{\"@type\":\"WebPage\",\"@id\":\"https:\/\/forcol.atic.blue\/fr\/producto\/forcol-flexible-deformable\/\",\"url\":\"https:\/\/forcol.atic.blue\/fr\/producto\/forcol-flexible-deformable\/\",\"name\":\"Ciment-colle de qualit\u00e9 pour fa\u00e7ades et chauss\u00e9es\",\"isPartOf\":{\"@id\":\"https:\/\/forcol.atic.blue\/#website\"},\"primaryImageOfPage\":{\"@id\":\"https:\/\/forcol.atic.blue\/fr\/producto\/forcol-flexible-deformable\/#primaryimage\"},\"image\":{\"@id\":\"https:\/\/forcol.atic.blue\/fr\/producto\/forcol-flexible-deformable\/#primaryimage\"},\"thumbnailUrl\":\"https:\/\/forcol.atic.blue\/wp-content\/uploads\/2025\/04\/adhesivo-cementoso-c2te-s1-flexible-deformable.png\",\"datePublished\":\"2025-04-29T07:54:48+00:00\",\"dateModified\":\"2025-05-28T15:43:50+00:00\",\"description\":\"Adh\u00e9sif \u00e0 base de ciment \u00e0 hautes performances pour la fixation de la c\u00e9ramique, du marbre et de la pierre naturelle. Pour les fa\u00e7ades, les sols et les dallages\",\"breadcrumb\":{\"@id\":\"https:\/\/forcol.atic.blue\/fr\/producto\/forcol-flexible-deformable\/#breadcrumb\"},\"inLanguage\":\"fr-FR\",\"potentialAction\":[{\"@type\":\"ReadAction\",\"target\":[\"https:\/\/forcol.atic.blue\/fr\/producto\/forcol-flexible-deformable\/\"]}]},{\"@type\":\"ImageObject\",\"inLanguage\":\"fr-FR\",\"@id\":\"https:\/\/forcol.atic.blue\/fr\/producto\/forcol-flexible-deformable\/#primaryimage\",\"url\":\"https:\/\/forcol.atic.blue\/wp-content\/uploads\/2025\/04\/adhesivo-cementoso-c2te-s1-flexible-deformable.png\",\"contentUrl\":\"https:\/\/forcol.atic.blue\/wp-content\/uploads\/2025\/04\/adhesivo-cementoso-c2te-s1-flexible-deformable.png\",\"width\":436,\"height\":880},{\"@type\":\"BreadcrumbList\",\"@id\":\"https:\/\/forcol.atic.blue\/fr\/producto\/forcol-flexible-deformable\/#breadcrumb\",\"itemListElement\":[{\"@type\":\"ListItem\",\"position\":1,\"name\":\"Portada\",\"item\":\"https:\/\/forcol.atic.blue\/\"},{\"@type\":\"ListItem\",\"position\":2,\"name\":\"Boutique\",\"item\":\"https:\/\/forcol.atic.blue\/tienda\/\"},{\"@type\":\"ListItem\",\"position\":3,\"name\":\"Forcol flexible deformable\"}]},{\"@type\":\"WebSite\",\"@id\":\"https:\/\/forcol.atic.blue\/#website\",\"url\":\"https:\/\/forcol.atic.blue\/\",\"name\":\"Forcol\",\"description\":\"\",\"potentialAction\":[{\"@type\":\"SearchAction\",\"target\":{\"@type\":\"EntryPoint\",\"urlTemplate\":\"https:\/\/forcol.atic.blue\/?s={search_term_string}\"},\"query-input\":{\"@type\":\"PropertyValueSpecification\",\"valueRequired\":true,\"valueName\":\"search_term_string\"}}],\"inLanguage\":\"fr-FR\"}]}<\/script>\n<!-- \/ Yoast SEO plugin. -->","yoast_head_json":{"title":"Ciment-colle de qualit\u00e9 pour fa\u00e7ades et chauss\u00e9es","description":"Adh\u00e9sif \u00e0 base de ciment \u00e0 hautes performances pour la fixation de la c\u00e9ramique, du marbre et de la pierre naturelle. Pour les fa\u00e7ades, les sols et les dallages","robots":{"index":"noindex","follow":"follow","max-snippet":"max-snippet:-1","max-image-preview":"max-image-preview:large","max-video-preview":"max-video-preview:-1"},"og_locale":"fr_FR","og_type":"article","og_title":"Ciment-colle de qualit\u00e9 pour fa\u00e7ades et chauss\u00e9es","og_description":"Adh\u00e9sif \u00e0 base de ciment \u00e0 hautes performances pour la fixation de la c\u00e9ramique, du marbre et de la pierre naturelle. Pour les fa\u00e7ades, les sols et les dallages","og_url":"https:\/\/forcol.atic.blue\/fr\/producto\/forcol-flexible-deformable\/","og_site_name":"Forcol","article_modified_time":"2025-05-28T15:43:50+00:00","og_image":[{"width":436,"height":880,"url":"https:\/\/forcol.atic.blue\/wp-content\/uploads\/2025\/04\/adhesivo-cementoso-c2te-s1-flexible-deformable.png","type":"image\/png"}],"twitter_card":"summary_large_image","twitter_misc":{"Dur\u00e9e de lecture estim\u00e9e":"1 minute"},"schema":{"@context":"https:\/\/schema.org","@graph":[{"@type":"WebPage","@id":"https:\/\/forcol.atic.blue\/fr\/producto\/forcol-flexible-deformable\/","url":"https:\/\/forcol.atic.blue\/fr\/producto\/forcol-flexible-deformable\/","name":"Ciment-colle de qualit\u00e9 pour fa\u00e7ades et chauss\u00e9es","isPartOf":{"@id":"https:\/\/forcol.atic.blue\/#website"},"primaryImageOfPage":{"@id":"https:\/\/forcol.atic.blue\/fr\/producto\/forcol-flexible-deformable\/#primaryimage"},"image":{"@id":"https:\/\/forcol.atic.blue\/fr\/producto\/forcol-flexible-deformable\/#primaryimage"},"thumbnailUrl":"https:\/\/forcol.atic.blue\/wp-content\/uploads\/2025\/04\/adhesivo-cementoso-c2te-s1-flexible-deformable.png","datePublished":"2025-04-29T07:54:48+00:00","dateModified":"2025-05-28T15:43:50+00:00","description":"Adh\u00e9sif \u00e0 base de ciment \u00e0 hautes performances pour la fixation de la c\u00e9ramique, du marbre et de la pierre naturelle. Pour les fa\u00e7ades, les sols et les dallages","breadcrumb":{"@id":"https:\/\/forcol.atic.blue\/fr\/producto\/forcol-flexible-deformable\/#breadcrumb"},"inLanguage":"fr-FR","potentialAction":[{"@type":"ReadAction","target":["https:\/\/forcol.atic.blue\/fr\/producto\/forcol-flexible-deformable\/"]}]},{"@type":"ImageObject","inLanguage":"fr-FR","@id":"https:\/\/forcol.atic.blue\/fr\/producto\/forcol-flexible-deformable\/#primaryimage","url":"https:\/\/forcol.atic.blue\/wp-content\/uploads\/2025\/04\/adhesivo-cementoso-c2te-s1-flexible-deformable.png","contentUrl":"https:\/\/forcol.atic.blue\/wp-content\/uploads\/2025\/04\/adhesivo-cementoso-c2te-s1-flexible-deformable.png","width":436,"height":880},{"@type":"BreadcrumbList","@id":"https:\/\/forcol.atic.blue\/fr\/producto\/forcol-flexible-deformable\/#breadcrumb","itemListElement":[{"@type":"ListItem","position":1,"name":"Portada","item":"https:\/\/forcol.atic.blue\/"},{"@type":"ListItem","position":2,"name":"Boutique","item":"https:\/\/forcol.atic.blue\/tienda\/"},{"@type":"ListItem","position":3,"name":"Forcol flexible deformable"}]},{"@type":"WebSite","@id":"https:\/\/forcol.atic.blue\/#website","url":"https:\/\/forcol.atic.blue\/","name":"Forcol","description":"","potentialAction":[{"@type":"SearchAction","target":{"@type":"EntryPoint","urlTemplate":"https:\/\/forcol.atic.blue\/?s={search_term_string}"},"query-input":{"@type":"PropertyValueSpecification","valueRequired":true,"valueName":"search_term_string"}}],"inLanguage":"fr-FR"}]}},"_links":{"self":[{"href":"https:\/\/forcol.atic.blue\/fr\/wp-json\/wp\/v2\/product\/750","targetHints":{"allow":["GET"]}}],"collection":[{"href":"https:\/\/forcol.atic.blue\/fr\/wp-json\/wp\/v2\/product"}],"about":[{"href":"https:\/\/forcol.atic.blue\/fr\/wp-json\/wp\/v2\/types\/product"}],"replies":[{"embeddable":true,"href":"https:\/\/forcol.atic.blue\/fr\/wp-json\/wp\/v2\/comments?post=750"}],"wp:featuredmedia":[{"embeddable":true,"href":"https:\/\/forcol.atic.blue\/fr\/wp-json\/wp\/v2\/media\/550"}],"wp:attachment":[{"href":"https:\/\/forcol.atic.blue\/fr\/wp-json\/wp\/v2\/media?parent=750"}],"wp:term":[{"taxonomy":"product_brand","embeddable":true,"href":"https:\/\/forcol.atic.blue\/fr\/wp-json\/wp\/v2\/product_brand?post=750"},{"taxonomy":"product_cat","embeddable":true,"href":"https:\/\/forcol.atic.blue\/fr\/wp-json\/wp\/v2\/product_cat?post=750"},{"taxonomy":"product_tag","embeddable":true,"href":"https:\/\/forcol.atic.blue\/fr\/wp-json\/wp\/v2\/product_tag?post=750"}],"curies":[{"name":"wp","href":"https:\/\/api.w.org\/{rel}","templated":true}]}}