{"id":751,"date":"2025-04-29T07:56:52","date_gmt":"2025-04-29T07:56:52","guid":{"rendered":"https:\/\/forcol.atic.blue\/producto\/forcol-deformable-prime\/"},"modified":"2025-05-28T15:40:21","modified_gmt":"2025-05-28T15:40:21","slug":"forcol-deformable-prime","status":"publish","type":"product","link":"https:\/\/forcol.atic.blue\/fr\/producto\/forcol-deformable-prime\/","title":{"rendered":"Forcol Deformable Prime"},"content":{"rendered":"<p>FORCOL DEFORMABLE PRIME est une colle \u00e0 ciment sp\u00e9cialement con\u00e7ue pour la pose de c\u00e9ramiques de petit ou grand format, de gr\u00e8s c\u00e9rame, de marbre, de pierre ou similaires de petit ou grand format absorbants ou non absorbants dans le rev\u00eatement de fa\u00e7ades, de sols de grandes surfaces, etc., \u00e0 l\u2019int\u00e9rieur comme \u00e0 l\u2019ext\u00e9rieur, dans les planchers chauffants rayonnants et les sols \u00e0 fort tra\ufb01c. Produit certi\ufb01\u00e9 par le Centre Scien-ti\ufb01que et Technique du B\u00e2timent (CSTB) (marque Qb). Cette certi\ufb01cation est une d\u00e9marche volontaire, r\u00e9alis\u00e9e par un organisme ind\u00e9pendant, visant \u00e0 :<\/p>\n<ul>\n<li>Certi\ufb01er des performances \u00e0 forte valeur ajout\u00e9e qui compl\u00e8tent les exigences des normes europ\u00e9ennes ;<\/li>\n<li>Fournir des rep\u00e8res pour la \ufb01abilit\u00e9 permanente de la qualit\u00e9 des produits gr\u00e2ce \u00e0 des classi\ufb01cations nor-malis\u00e9es en plus de la classi\ufb01cation harmonis\u00e9e et ;<\/li>\n<li>Une plus grande garantie dans l\u2019utilisation du produit car sa \ufb01abilit\u00e9, son ad\u00e9quation et sa qualit\u00e9 sont con-tr\u00f4l\u00e9es par le CSTB.<\/li>\n<\/ul>\n","protected":false},"excerpt":{"rendered":"<p>FORCOL DEFORMABLE PRIME est une colle \u00e0 ciment sp\u00e9cialement con\u00e7ue pour la pose de c\u00e9ramiques de petit ou grand format, de gr\u00e8s c\u00e9rame, de marbre, de pierre ou similaires de petit ou grand format absorbants ou non absorbants dans le rev\u00eatement de fa\u00e7ades, de sols de grandes surfaces, etc., \u00e0 l\u2019int\u00e9rieur comme \u00e0 l\u2019ext\u00e9rieur, dans [&hellip;]<\/p>\n","protected":false},"featured_media":553,"comment_status":"open","ping_status":"closed","template":"","meta":{"_acf_changed":false},"product_brand":[],"product_cat":[42],"product_tag":[],"class_list":{"0":"post-751","1":"product","2":"type-product","3":"status-publish","4":"has-post-thumbnail","6":"product_cat-adhesifs-cementaires","8":"first","9":"outofstock","10":"shipping-taxable","11":"product-type-variable"},"acf":[],"yoast_head":"<!-- This site is optimized with the Yoast SEO plugin v24.9 - https:\/\/yoast.com\/wordpress\/plugins\/seo\/ -->\n<title>Ciment-colle d\u00e9formable pour fa\u00e7ades et chauss\u00e9es | Forcol<\/title>\n<meta name=\"description\" content=\"Ciment colle d\u00e9formable pour la fixation de c\u00e9ramique, gr\u00e8s c\u00e9rame, marbre et pierre, \u00e0 l&#039;int\u00e9rieur et \u00e0 l&#039;ext\u00e9rieur. Adh\u00e9sion et r\u00e9sistance.\" \/>\n<meta name=\"robots\" content=\"noindex, follow, max-snippet:-1, max-image-preview:large, max-video-preview:-1\" \/>\n<meta property=\"og:locale\" content=\"fr_FR\" \/>\n<meta property=\"og:type\" content=\"article\" \/>\n<meta property=\"og:title\" content=\"Ciment-colle d\u00e9formable pour fa\u00e7ades et chauss\u00e9es | Forcol\" \/>\n<meta property=\"og:description\" content=\"Ciment colle d\u00e9formable pour la fixation de c\u00e9ramique, gr\u00e8s c\u00e9rame, marbre et pierre, \u00e0 l&#039;int\u00e9rieur et \u00e0 l&#039;ext\u00e9rieur. Adh\u00e9sion et r\u00e9sistance.\" \/>\n<meta property=\"og:url\" content=\"https:\/\/forcol.atic.blue\/fr\/producto\/forcol-deformable-prime\/\" \/>\n<meta property=\"og:site_name\" content=\"Forcol\" \/>\n<meta property=\"article:modified_time\" content=\"2025-05-28T15:40:21+00:00\" \/>\n<meta property=\"og:image\" content=\"https:\/\/forcol.atic.blue\/wp-content\/uploads\/2025\/04\/adhesivo-cementoso-c2te-s1-deformable-prime.png\" \/>\n\t<meta property=\"og:image:width\" content=\"436\" \/>\n\t<meta property=\"og:image:height\" content=\"880\" \/>\n\t<meta property=\"og:image:type\" content=\"image\/png\" \/>\n<meta name=\"twitter:card\" content=\"summary_large_image\" \/>\n<meta name=\"twitter:label1\" content=\"Dur\u00e9e de lecture estim\u00e9e\" \/>\n\t<meta name=\"twitter:data1\" content=\"1 minute\" \/>\n<script type=\"application\/ld+json\" class=\"yoast-schema-graph\">{\"@context\":\"https:\/\/schema.org\",\"@graph\":[{\"@type\":\"WebPage\",\"@id\":\"https:\/\/forcol.atic.blue\/fr\/producto\/forcol-deformable-prime\/\",\"url\":\"https:\/\/forcol.atic.blue\/fr\/producto\/forcol-deformable-prime\/\",\"name\":\"Ciment-colle d\u00e9formable pour fa\u00e7ades et chauss\u00e9es | Forcol\",\"isPartOf\":{\"@id\":\"https:\/\/forcol.atic.blue\/#website\"},\"primaryImageOfPage\":{\"@id\":\"https:\/\/forcol.atic.blue\/fr\/producto\/forcol-deformable-prime\/#primaryimage\"},\"image\":{\"@id\":\"https:\/\/forcol.atic.blue\/fr\/producto\/forcol-deformable-prime\/#primaryimage\"},\"thumbnailUrl\":\"https:\/\/forcol.atic.blue\/wp-content\/uploads\/2025\/04\/adhesivo-cementoso-c2te-s1-deformable-prime.png\",\"datePublished\":\"2025-04-29T07:56:52+00:00\",\"dateModified\":\"2025-05-28T15:40:21+00:00\",\"description\":\"Ciment colle d\u00e9formable pour la fixation de c\u00e9ramique, gr\u00e8s c\u00e9rame, marbre et pierre, \u00e0 l'int\u00e9rieur et \u00e0 l'ext\u00e9rieur. Adh\u00e9sion et r\u00e9sistance.\",\"breadcrumb\":{\"@id\":\"https:\/\/forcol.atic.blue\/fr\/producto\/forcol-deformable-prime\/#breadcrumb\"},\"inLanguage\":\"fr-FR\",\"potentialAction\":[{\"@type\":\"ReadAction\",\"target\":[\"https:\/\/forcol.atic.blue\/fr\/producto\/forcol-deformable-prime\/\"]}]},{\"@type\":\"ImageObject\",\"inLanguage\":\"fr-FR\",\"@id\":\"https:\/\/forcol.atic.blue\/fr\/producto\/forcol-deformable-prime\/#primaryimage\",\"url\":\"https:\/\/forcol.atic.blue\/wp-content\/uploads\/2025\/04\/adhesivo-cementoso-c2te-s1-deformable-prime.png\",\"contentUrl\":\"https:\/\/forcol.atic.blue\/wp-content\/uploads\/2025\/04\/adhesivo-cementoso-c2te-s1-deformable-prime.png\",\"width\":436,\"height\":880},{\"@type\":\"BreadcrumbList\",\"@id\":\"https:\/\/forcol.atic.blue\/fr\/producto\/forcol-deformable-prime\/#breadcrumb\",\"itemListElement\":[{\"@type\":\"ListItem\",\"position\":1,\"name\":\"Portada\",\"item\":\"https:\/\/forcol.atic.blue\/\"},{\"@type\":\"ListItem\",\"position\":2,\"name\":\"Boutique\",\"item\":\"https:\/\/forcol.atic.blue\/tienda\/\"},{\"@type\":\"ListItem\",\"position\":3,\"name\":\"Forcol Deformable Prime\"}]},{\"@type\":\"WebSite\",\"@id\":\"https:\/\/forcol.atic.blue\/#website\",\"url\":\"https:\/\/forcol.atic.blue\/\",\"name\":\"Forcol\",\"description\":\"\",\"potentialAction\":[{\"@type\":\"SearchAction\",\"target\":{\"@type\":\"EntryPoint\",\"urlTemplate\":\"https:\/\/forcol.atic.blue\/?s={search_term_string}\"},\"query-input\":{\"@type\":\"PropertyValueSpecification\",\"valueRequired\":true,\"valueName\":\"search_term_string\"}}],\"inLanguage\":\"fr-FR\"}]}<\/script>\n<!-- \/ Yoast SEO plugin. -->","yoast_head_json":{"title":"Ciment-colle d\u00e9formable pour fa\u00e7ades et chauss\u00e9es | Forcol","description":"Ciment colle d\u00e9formable pour la fixation de c\u00e9ramique, gr\u00e8s c\u00e9rame, marbre et pierre, \u00e0 l'int\u00e9rieur et \u00e0 l'ext\u00e9rieur. Adh\u00e9sion et r\u00e9sistance.","robots":{"index":"noindex","follow":"follow","max-snippet":"max-snippet:-1","max-image-preview":"max-image-preview:large","max-video-preview":"max-video-preview:-1"},"og_locale":"fr_FR","og_type":"article","og_title":"Ciment-colle d\u00e9formable pour fa\u00e7ades et chauss\u00e9es | Forcol","og_description":"Ciment colle d\u00e9formable pour la fixation de c\u00e9ramique, gr\u00e8s c\u00e9rame, marbre et pierre, \u00e0 l'int\u00e9rieur et \u00e0 l'ext\u00e9rieur. Adh\u00e9sion et r\u00e9sistance.","og_url":"https:\/\/forcol.atic.blue\/fr\/producto\/forcol-deformable-prime\/","og_site_name":"Forcol","article_modified_time":"2025-05-28T15:40:21+00:00","og_image":[{"width":436,"height":880,"url":"https:\/\/forcol.atic.blue\/wp-content\/uploads\/2025\/04\/adhesivo-cementoso-c2te-s1-deformable-prime.png","type":"image\/png"}],"twitter_card":"summary_large_image","twitter_misc":{"Dur\u00e9e de lecture estim\u00e9e":"1 minute"},"schema":{"@context":"https:\/\/schema.org","@graph":[{"@type":"WebPage","@id":"https:\/\/forcol.atic.blue\/fr\/producto\/forcol-deformable-prime\/","url":"https:\/\/forcol.atic.blue\/fr\/producto\/forcol-deformable-prime\/","name":"Ciment-colle d\u00e9formable pour fa\u00e7ades et chauss\u00e9es | Forcol","isPartOf":{"@id":"https:\/\/forcol.atic.blue\/#website"},"primaryImageOfPage":{"@id":"https:\/\/forcol.atic.blue\/fr\/producto\/forcol-deformable-prime\/#primaryimage"},"image":{"@id":"https:\/\/forcol.atic.blue\/fr\/producto\/forcol-deformable-prime\/#primaryimage"},"thumbnailUrl":"https:\/\/forcol.atic.blue\/wp-content\/uploads\/2025\/04\/adhesivo-cementoso-c2te-s1-deformable-prime.png","datePublished":"2025-04-29T07:56:52+00:00","dateModified":"2025-05-28T15:40:21+00:00","description":"Ciment colle d\u00e9formable pour la fixation de c\u00e9ramique, gr\u00e8s c\u00e9rame, marbre et pierre, \u00e0 l'int\u00e9rieur et \u00e0 l'ext\u00e9rieur. Adh\u00e9sion et r\u00e9sistance.","breadcrumb":{"@id":"https:\/\/forcol.atic.blue\/fr\/producto\/forcol-deformable-prime\/#breadcrumb"},"inLanguage":"fr-FR","potentialAction":[{"@type":"ReadAction","target":["https:\/\/forcol.atic.blue\/fr\/producto\/forcol-deformable-prime\/"]}]},{"@type":"ImageObject","inLanguage":"fr-FR","@id":"https:\/\/forcol.atic.blue\/fr\/producto\/forcol-deformable-prime\/#primaryimage","url":"https:\/\/forcol.atic.blue\/wp-content\/uploads\/2025\/04\/adhesivo-cementoso-c2te-s1-deformable-prime.png","contentUrl":"https:\/\/forcol.atic.blue\/wp-content\/uploads\/2025\/04\/adhesivo-cementoso-c2te-s1-deformable-prime.png","width":436,"height":880},{"@type":"BreadcrumbList","@id":"https:\/\/forcol.atic.blue\/fr\/producto\/forcol-deformable-prime\/#breadcrumb","itemListElement":[{"@type":"ListItem","position":1,"name":"Portada","item":"https:\/\/forcol.atic.blue\/"},{"@type":"ListItem","position":2,"name":"Boutique","item":"https:\/\/forcol.atic.blue\/tienda\/"},{"@type":"ListItem","position":3,"name":"Forcol Deformable Prime"}]},{"@type":"WebSite","@id":"https:\/\/forcol.atic.blue\/#website","url":"https:\/\/forcol.atic.blue\/","name":"Forcol","description":"","potentialAction":[{"@type":"SearchAction","target":{"@type":"EntryPoint","urlTemplate":"https:\/\/forcol.atic.blue\/?s={search_term_string}"},"query-input":{"@type":"PropertyValueSpecification","valueRequired":true,"valueName":"search_term_string"}}],"inLanguage":"fr-FR"}]}},"_links":{"self":[{"href":"https:\/\/forcol.atic.blue\/fr\/wp-json\/wp\/v2\/product\/751","targetHints":{"allow":["GET"]}}],"collection":[{"href":"https:\/\/forcol.atic.blue\/fr\/wp-json\/wp\/v2\/product"}],"about":[{"href":"https:\/\/forcol.atic.blue\/fr\/wp-json\/wp\/v2\/types\/product"}],"replies":[{"embeddable":true,"href":"https:\/\/forcol.atic.blue\/fr\/wp-json\/wp\/v2\/comments?post=751"}],"wp:featuredmedia":[{"embeddable":true,"href":"https:\/\/forcol.atic.blue\/fr\/wp-json\/wp\/v2\/media\/553"}],"wp:attachment":[{"href":"https:\/\/forcol.atic.blue\/fr\/wp-json\/wp\/v2\/media?parent=751"}],"wp:term":[{"taxonomy":"product_brand","embeddable":true,"href":"https:\/\/forcol.atic.blue\/fr\/wp-json\/wp\/v2\/product_brand?post=751"},{"taxonomy":"product_cat","embeddable":true,"href":"https:\/\/forcol.atic.blue\/fr\/wp-json\/wp\/v2\/product_cat?post=751"},{"taxonomy":"product_tag","embeddable":true,"href":"https:\/\/forcol.atic.blue\/fr\/wp-json\/wp\/v2\/product_tag?post=751"}],"curies":[{"name":"wp","href":"https:\/\/api.w.org\/{rel}","templated":true}]}}