{"id":753,"date":"2025-04-29T07:59:09","date_gmt":"2025-04-29T07:59:09","guid":{"rendered":"https:\/\/forcol.atic.blue\/producto\/forcol-flexigel-exclusive\/"},"modified":"2025-05-28T15:32:54","modified_gmt":"2025-05-28T15:32:54","slug":"forcol-flexigel-exclusive","status":"publish","type":"product","link":"https:\/\/forcol.atic.blue\/fr\/producto\/forcol-flexigel-exclusive\/","title":{"rendered":"Forcol Flexigel Exclusive"},"content":{"rendered":"<p>FORCOL FLEXIGEL EXCLUSIVE est une colle \u00e0 ciment avec une excellente maniabilit\u00e9 sp\u00e9cialement con\u00e7ue pour l\u2019installation de c\u00e9ramiques de petit ou grand format, de gr\u00e8s c\u00e9rame, de marbre, de pierre ou si-milaires de petit ou grand format, absorbants ou non absorbants dans le rev\u00eatement de fa\u00e7ades, de sols de grandes surfaces, etc., \u00e0 l\u2019int\u00e9rieur comme \u00e0 l\u2019ext\u00e9rieur, sur des planchers chauffants et des sols \u00e0 fort tra\ufb01c avec la derni\u00e8re technologie \u00e0 base de GEL.<\/p>\n","protected":false},"excerpt":{"rendered":"<p>FORCOL FLEXIGEL EXCLUSIVE est une colle \u00e0 ciment avec une excellente maniabilit\u00e9 sp\u00e9cialement con\u00e7ue pour l\u2019installation de c\u00e9ramiques de petit ou grand format, de gr\u00e8s c\u00e9rame, de marbre, de pierre ou si-milaires de petit ou grand format, absorbants ou non absorbants dans le rev\u00eatement de fa\u00e7ades, de sols de grandes surfaces, etc., \u00e0 l\u2019int\u00e9rieur comme [&hellip;]<\/p>\n","protected":false},"featured_media":559,"comment_status":"open","ping_status":"closed","template":"","meta":{"_acf_changed":false},"product_brand":[],"product_cat":[42],"product_tag":[],"class_list":{"0":"post-753","1":"product","2":"type-product","3":"status-publish","4":"has-post-thumbnail","6":"product_cat-adhesifs-cementaires","8":"first","9":"outofstock","10":"shipping-taxable","11":"product-type-variable"},"acf":[],"yoast_head":"<!-- This site is optimized with the Yoast SEO plugin v24.9 - https:\/\/yoast.com\/wordpress\/plugins\/seo\/ -->\n<title>Ciment-colle de premi\u00e8re qualit\u00e9 pour carreaux de qualit\u00e9<\/title>\n<meta name=\"description\" content=\"Ciment colle flexible avec technologie GEL, id\u00e9al pour la pose de carreaux de grand format \u00e0 l&#039;int\u00e9rieur et \u00e0 l&#039;ext\u00e9rieur. Haute adh\u00e9rence.\" \/>\n<meta name=\"robots\" content=\"noindex, follow, max-snippet:-1, max-image-preview:large, max-video-preview:-1\" \/>\n<meta property=\"og:locale\" content=\"fr_FR\" \/>\n<meta property=\"og:type\" content=\"article\" \/>\n<meta property=\"og:title\" content=\"Ciment-colle de premi\u00e8re qualit\u00e9 pour carreaux de qualit\u00e9\" \/>\n<meta property=\"og:description\" content=\"Ciment colle flexible avec technologie GEL, id\u00e9al pour la pose de carreaux de grand format \u00e0 l&#039;int\u00e9rieur et \u00e0 l&#039;ext\u00e9rieur. Haute adh\u00e9rence.\" \/>\n<meta property=\"og:url\" content=\"https:\/\/forcol.atic.blue\/fr\/producto\/forcol-flexigel-exclusive\/\" \/>\n<meta property=\"og:site_name\" content=\"Forcol\" \/>\n<meta property=\"article:modified_time\" content=\"2025-05-28T15:32:54+00:00\" \/>\n<meta property=\"og:image\" content=\"https:\/\/forcol.atic.blue\/wp-content\/uploads\/2025\/04\/adhesivo-cementoso-c2te-s1-flexigel-exclusive.png\" \/>\n\t<meta property=\"og:image:width\" content=\"436\" \/>\n\t<meta property=\"og:image:height\" content=\"880\" \/>\n\t<meta property=\"og:image:type\" content=\"image\/png\" \/>\n<meta name=\"twitter:card\" content=\"summary_large_image\" \/>\n<meta name=\"twitter:label1\" content=\"Dur\u00e9e de lecture estim\u00e9e\" \/>\n\t<meta name=\"twitter:data1\" content=\"1 minute\" \/>\n<script type=\"application\/ld+json\" class=\"yoast-schema-graph\">{\"@context\":\"https:\/\/schema.org\",\"@graph\":[{\"@type\":\"WebPage\",\"@id\":\"https:\/\/forcol.atic.blue\/fr\/producto\/forcol-flexigel-exclusive\/\",\"url\":\"https:\/\/forcol.atic.blue\/fr\/producto\/forcol-flexigel-exclusive\/\",\"name\":\"Ciment-colle de premi\u00e8re qualit\u00e9 pour carreaux de qualit\u00e9\",\"isPartOf\":{\"@id\":\"https:\/\/forcol.atic.blue\/#website\"},\"primaryImageOfPage\":{\"@id\":\"https:\/\/forcol.atic.blue\/fr\/producto\/forcol-flexigel-exclusive\/#primaryimage\"},\"image\":{\"@id\":\"https:\/\/forcol.atic.blue\/fr\/producto\/forcol-flexigel-exclusive\/#primaryimage\"},\"thumbnailUrl\":\"https:\/\/forcol.atic.blue\/wp-content\/uploads\/2025\/04\/adhesivo-cementoso-c2te-s1-flexigel-exclusive.png\",\"datePublished\":\"2025-04-29T07:59:09+00:00\",\"dateModified\":\"2025-05-28T15:32:54+00:00\",\"description\":\"Ciment colle flexible avec technologie GEL, id\u00e9al pour la pose de carreaux de grand format \u00e0 l'int\u00e9rieur et \u00e0 l'ext\u00e9rieur. Haute adh\u00e9rence.\",\"breadcrumb\":{\"@id\":\"https:\/\/forcol.atic.blue\/fr\/producto\/forcol-flexigel-exclusive\/#breadcrumb\"},\"inLanguage\":\"fr-FR\",\"potentialAction\":[{\"@type\":\"ReadAction\",\"target\":[\"https:\/\/forcol.atic.blue\/fr\/producto\/forcol-flexigel-exclusive\/\"]}]},{\"@type\":\"ImageObject\",\"inLanguage\":\"fr-FR\",\"@id\":\"https:\/\/forcol.atic.blue\/fr\/producto\/forcol-flexigel-exclusive\/#primaryimage\",\"url\":\"https:\/\/forcol.atic.blue\/wp-content\/uploads\/2025\/04\/adhesivo-cementoso-c2te-s1-flexigel-exclusive.png\",\"contentUrl\":\"https:\/\/forcol.atic.blue\/wp-content\/uploads\/2025\/04\/adhesivo-cementoso-c2te-s1-flexigel-exclusive.png\",\"width\":436,\"height\":880},{\"@type\":\"BreadcrumbList\",\"@id\":\"https:\/\/forcol.atic.blue\/fr\/producto\/forcol-flexigel-exclusive\/#breadcrumb\",\"itemListElement\":[{\"@type\":\"ListItem\",\"position\":1,\"name\":\"Portada\",\"item\":\"https:\/\/forcol.atic.blue\/\"},{\"@type\":\"ListItem\",\"position\":2,\"name\":\"Boutique\",\"item\":\"https:\/\/forcol.atic.blue\/tienda\/\"},{\"@type\":\"ListItem\",\"position\":3,\"name\":\"Forcol Flexigel Exclusive\"}]},{\"@type\":\"WebSite\",\"@id\":\"https:\/\/forcol.atic.blue\/#website\",\"url\":\"https:\/\/forcol.atic.blue\/\",\"name\":\"Forcol\",\"description\":\"\",\"potentialAction\":[{\"@type\":\"SearchAction\",\"target\":{\"@type\":\"EntryPoint\",\"urlTemplate\":\"https:\/\/forcol.atic.blue\/?s={search_term_string}\"},\"query-input\":{\"@type\":\"PropertyValueSpecification\",\"valueRequired\":true,\"valueName\":\"search_term_string\"}}],\"inLanguage\":\"fr-FR\"}]}<\/script>\n<!-- \/ Yoast SEO plugin. -->","yoast_head_json":{"title":"Ciment-colle de premi\u00e8re qualit\u00e9 pour carreaux de qualit\u00e9","description":"Ciment colle flexible avec technologie GEL, id\u00e9al pour la pose de carreaux de grand format \u00e0 l'int\u00e9rieur et \u00e0 l'ext\u00e9rieur. Haute adh\u00e9rence.","robots":{"index":"noindex","follow":"follow","max-snippet":"max-snippet:-1","max-image-preview":"max-image-preview:large","max-video-preview":"max-video-preview:-1"},"og_locale":"fr_FR","og_type":"article","og_title":"Ciment-colle de premi\u00e8re qualit\u00e9 pour carreaux de qualit\u00e9","og_description":"Ciment colle flexible avec technologie GEL, id\u00e9al pour la pose de carreaux de grand format \u00e0 l'int\u00e9rieur et \u00e0 l'ext\u00e9rieur. Haute adh\u00e9rence.","og_url":"https:\/\/forcol.atic.blue\/fr\/producto\/forcol-flexigel-exclusive\/","og_site_name":"Forcol","article_modified_time":"2025-05-28T15:32:54+00:00","og_image":[{"width":436,"height":880,"url":"https:\/\/forcol.atic.blue\/wp-content\/uploads\/2025\/04\/adhesivo-cementoso-c2te-s1-flexigel-exclusive.png","type":"image\/png"}],"twitter_card":"summary_large_image","twitter_misc":{"Dur\u00e9e de lecture estim\u00e9e":"1 minute"},"schema":{"@context":"https:\/\/schema.org","@graph":[{"@type":"WebPage","@id":"https:\/\/forcol.atic.blue\/fr\/producto\/forcol-flexigel-exclusive\/","url":"https:\/\/forcol.atic.blue\/fr\/producto\/forcol-flexigel-exclusive\/","name":"Ciment-colle de premi\u00e8re qualit\u00e9 pour carreaux de qualit\u00e9","isPartOf":{"@id":"https:\/\/forcol.atic.blue\/#website"},"primaryImageOfPage":{"@id":"https:\/\/forcol.atic.blue\/fr\/producto\/forcol-flexigel-exclusive\/#primaryimage"},"image":{"@id":"https:\/\/forcol.atic.blue\/fr\/producto\/forcol-flexigel-exclusive\/#primaryimage"},"thumbnailUrl":"https:\/\/forcol.atic.blue\/wp-content\/uploads\/2025\/04\/adhesivo-cementoso-c2te-s1-flexigel-exclusive.png","datePublished":"2025-04-29T07:59:09+00:00","dateModified":"2025-05-28T15:32:54+00:00","description":"Ciment colle flexible avec technologie GEL, id\u00e9al pour la pose de carreaux de grand format \u00e0 l'int\u00e9rieur et \u00e0 l'ext\u00e9rieur. Haute adh\u00e9rence.","breadcrumb":{"@id":"https:\/\/forcol.atic.blue\/fr\/producto\/forcol-flexigel-exclusive\/#breadcrumb"},"inLanguage":"fr-FR","potentialAction":[{"@type":"ReadAction","target":["https:\/\/forcol.atic.blue\/fr\/producto\/forcol-flexigel-exclusive\/"]}]},{"@type":"ImageObject","inLanguage":"fr-FR","@id":"https:\/\/forcol.atic.blue\/fr\/producto\/forcol-flexigel-exclusive\/#primaryimage","url":"https:\/\/forcol.atic.blue\/wp-content\/uploads\/2025\/04\/adhesivo-cementoso-c2te-s1-flexigel-exclusive.png","contentUrl":"https:\/\/forcol.atic.blue\/wp-content\/uploads\/2025\/04\/adhesivo-cementoso-c2te-s1-flexigel-exclusive.png","width":436,"height":880},{"@type":"BreadcrumbList","@id":"https:\/\/forcol.atic.blue\/fr\/producto\/forcol-flexigel-exclusive\/#breadcrumb","itemListElement":[{"@type":"ListItem","position":1,"name":"Portada","item":"https:\/\/forcol.atic.blue\/"},{"@type":"ListItem","position":2,"name":"Boutique","item":"https:\/\/forcol.atic.blue\/tienda\/"},{"@type":"ListItem","position":3,"name":"Forcol Flexigel Exclusive"}]},{"@type":"WebSite","@id":"https:\/\/forcol.atic.blue\/#website","url":"https:\/\/forcol.atic.blue\/","name":"Forcol","description":"","potentialAction":[{"@type":"SearchAction","target":{"@type":"EntryPoint","urlTemplate":"https:\/\/forcol.atic.blue\/?s={search_term_string}"},"query-input":{"@type":"PropertyValueSpecification","valueRequired":true,"valueName":"search_term_string"}}],"inLanguage":"fr-FR"}]}},"_links":{"self":[{"href":"https:\/\/forcol.atic.blue\/fr\/wp-json\/wp\/v2\/product\/753","targetHints":{"allow":["GET"]}}],"collection":[{"href":"https:\/\/forcol.atic.blue\/fr\/wp-json\/wp\/v2\/product"}],"about":[{"href":"https:\/\/forcol.atic.blue\/fr\/wp-json\/wp\/v2\/types\/product"}],"replies":[{"embeddable":true,"href":"https:\/\/forcol.atic.blue\/fr\/wp-json\/wp\/v2\/comments?post=753"}],"wp:featuredmedia":[{"embeddable":true,"href":"https:\/\/forcol.atic.blue\/fr\/wp-json\/wp\/v2\/media\/559"}],"wp:attachment":[{"href":"https:\/\/forcol.atic.blue\/fr\/wp-json\/wp\/v2\/media?parent=753"}],"wp:term":[{"taxonomy":"product_brand","embeddable":true,"href":"https:\/\/forcol.atic.blue\/fr\/wp-json\/wp\/v2\/product_brand?post=753"},{"taxonomy":"product_cat","embeddable":true,"href":"https:\/\/forcol.atic.blue\/fr\/wp-json\/wp\/v2\/product_cat?post=753"},{"taxonomy":"product_tag","embeddable":true,"href":"https:\/\/forcol.atic.blue\/fr\/wp-json\/wp\/v2\/product_tag?post=753"}],"curies":[{"name":"wp","href":"https:\/\/api.w.org\/{rel}","templated":true}]}}