{"id":754,"date":"2025-04-29T08:01:57","date_gmt":"2025-04-29T08:01:57","guid":{"rendered":"https:\/\/forcol.atic.blue\/producto\/forcol-flexigel-grand-format\/"},"modified":"2025-05-28T15:23:31","modified_gmt":"2025-05-28T15:23:31","slug":"forcol-flexigel-gran-formato","status":"publish","type":"product","link":"https:\/\/forcol.atic.blue\/fr\/producto\/forcol-flexigel-gran-formato\/","title":{"rendered":"Forcol Flexigel Gran Formato"},"content":{"rendered":"<p>FORCOL FLEXIGEL GRAN FORMATO est un adh\u00e9sif \u00e0 base de ciment avec une excellente maniabilit\u00e9 sp\u00e9cia-lement con\u00e7u pour la pose de tous types et formats de carreaux (gr\u00e8s c\u00e9rame, double cuisson, simple cuisson, ciment, terre cuite, etc.), de toute absorption \u00e0 l\u2019int\u00e9rieur et \u00e0 l\u2019ext\u00e9rieur et particuli\u00e8rement recommand\u00e9 pour les pi\u00e8ces de grand format et pour les supports tr\u00e8s formables avec la derni\u00e8re technologie de base GEL.<\/p>\n","protected":false},"excerpt":{"rendered":"<p>FORCOL FLEXIGEL GRAN FORMATO est un adh\u00e9sif \u00e0 base de ciment avec une excellente maniabilit\u00e9 sp\u00e9cia-lement con\u00e7u pour la pose de tous types et formats de carreaux (gr\u00e8s c\u00e9rame, double cuisson, simple cuisson, ciment, terre cuite, etc.), de toute absorption \u00e0 l\u2019int\u00e9rieur et \u00e0 l\u2019ext\u00e9rieur et particuli\u00e8rement recommand\u00e9 pour les pi\u00e8ces de grand format et [&hellip;]<\/p>\n","protected":false},"featured_media":565,"comment_status":"open","ping_status":"closed","template":"","meta":{"_acf_changed":false},"product_brand":[],"product_cat":[42],"product_tag":[],"class_list":{"0":"post-754","1":"product","2":"type-product","3":"status-publish","4":"has-post-thumbnail","6":"product_cat-adhesifs-cementaires","8":"first","9":"outofstock","10":"shipping-taxable","11":"product-type-variable"},"acf":[],"yoast_head":"<!-- This site is optimized with the Yoast SEO plugin v24.9 - https:\/\/yoast.com\/wordpress\/plugins\/seo\/ -->\n<title>Colle \u00e0 base de ciment avec technologie GEL pour carrelage<\/title>\n<meta name=\"description\" content=\"Colle cimentaire \u00e0 haute maniabilit\u00e9 avec technologie GEL, id\u00e9ale pour la pose de carreaux grand format en int\u00e9rieur et en ext\u00e9rieur.\" \/>\n<meta name=\"robots\" content=\"noindex, follow, max-snippet:-1, max-image-preview:large, max-video-preview:-1\" \/>\n<meta property=\"og:locale\" content=\"fr_FR\" \/>\n<meta property=\"og:type\" content=\"article\" \/>\n<meta property=\"og:title\" content=\"Colle \u00e0 base de ciment avec technologie GEL pour carrelage\" \/>\n<meta property=\"og:description\" content=\"Colle cimentaire \u00e0 haute maniabilit\u00e9 avec technologie GEL, id\u00e9ale pour la pose de carreaux grand format en int\u00e9rieur et en ext\u00e9rieur.\" \/>\n<meta property=\"og:url\" content=\"https:\/\/forcol.atic.blue\/fr\/producto\/forcol-flexigel-gran-formato\/\" \/>\n<meta property=\"og:site_name\" content=\"Forcol\" \/>\n<meta property=\"article:modified_time\" content=\"2025-05-28T15:23:31+00:00\" \/>\n<meta property=\"og:image\" content=\"https:\/\/forcol.atic.blue\/wp-content\/uploads\/2025\/04\/adhesivo-cementoso-c2te-s2-flexigel-gran-formato.png\" \/>\n\t<meta property=\"og:image:width\" content=\"436\" \/>\n\t<meta property=\"og:image:height\" content=\"880\" \/>\n\t<meta property=\"og:image:type\" content=\"image\/png\" \/>\n<meta name=\"twitter:card\" content=\"summary_large_image\" \/>\n<meta name=\"twitter:label1\" content=\"Dur\u00e9e de lecture estim\u00e9e\" \/>\n\t<meta name=\"twitter:data1\" content=\"1 minute\" \/>\n<script type=\"application\/ld+json\" class=\"yoast-schema-graph\">{\"@context\":\"https:\/\/schema.org\",\"@graph\":[{\"@type\":\"WebPage\",\"@id\":\"https:\/\/forcol.atic.blue\/fr\/producto\/forcol-flexigel-gran-formato\/\",\"url\":\"https:\/\/forcol.atic.blue\/fr\/producto\/forcol-flexigel-gran-formato\/\",\"name\":\"Colle \u00e0 base de ciment avec technologie GEL pour carrelage\",\"isPartOf\":{\"@id\":\"https:\/\/forcol.atic.blue\/#website\"},\"primaryImageOfPage\":{\"@id\":\"https:\/\/forcol.atic.blue\/fr\/producto\/forcol-flexigel-gran-formato\/#primaryimage\"},\"image\":{\"@id\":\"https:\/\/forcol.atic.blue\/fr\/producto\/forcol-flexigel-gran-formato\/#primaryimage\"},\"thumbnailUrl\":\"https:\/\/forcol.atic.blue\/wp-content\/uploads\/2025\/04\/adhesivo-cementoso-c2te-s2-flexigel-gran-formato.png\",\"datePublished\":\"2025-04-29T08:01:57+00:00\",\"dateModified\":\"2025-05-28T15:23:31+00:00\",\"description\":\"Colle cimentaire \u00e0 haute maniabilit\u00e9 avec technologie GEL, id\u00e9ale pour la pose de carreaux grand format en int\u00e9rieur et en ext\u00e9rieur.\",\"breadcrumb\":{\"@id\":\"https:\/\/forcol.atic.blue\/fr\/producto\/forcol-flexigel-gran-formato\/#breadcrumb\"},\"inLanguage\":\"fr-FR\",\"potentialAction\":[{\"@type\":\"ReadAction\",\"target\":[\"https:\/\/forcol.atic.blue\/fr\/producto\/forcol-flexigel-gran-formato\/\"]}]},{\"@type\":\"ImageObject\",\"inLanguage\":\"fr-FR\",\"@id\":\"https:\/\/forcol.atic.blue\/fr\/producto\/forcol-flexigel-gran-formato\/#primaryimage\",\"url\":\"https:\/\/forcol.atic.blue\/wp-content\/uploads\/2025\/04\/adhesivo-cementoso-c2te-s2-flexigel-gran-formato.png\",\"contentUrl\":\"https:\/\/forcol.atic.blue\/wp-content\/uploads\/2025\/04\/adhesivo-cementoso-c2te-s2-flexigel-gran-formato.png\",\"width\":436,\"height\":880},{\"@type\":\"BreadcrumbList\",\"@id\":\"https:\/\/forcol.atic.blue\/fr\/producto\/forcol-flexigel-gran-formato\/#breadcrumb\",\"itemListElement\":[{\"@type\":\"ListItem\",\"position\":1,\"name\":\"Portada\",\"item\":\"https:\/\/forcol.atic.blue\/\"},{\"@type\":\"ListItem\",\"position\":2,\"name\":\"Boutique\",\"item\":\"https:\/\/forcol.atic.blue\/tienda\/\"},{\"@type\":\"ListItem\",\"position\":3,\"name\":\"Forcol Flexigel Gran Formato\"}]},{\"@type\":\"WebSite\",\"@id\":\"https:\/\/forcol.atic.blue\/#website\",\"url\":\"https:\/\/forcol.atic.blue\/\",\"name\":\"Forcol\",\"description\":\"\",\"potentialAction\":[{\"@type\":\"SearchAction\",\"target\":{\"@type\":\"EntryPoint\",\"urlTemplate\":\"https:\/\/forcol.atic.blue\/?s={search_term_string}\"},\"query-input\":{\"@type\":\"PropertyValueSpecification\",\"valueRequired\":true,\"valueName\":\"search_term_string\"}}],\"inLanguage\":\"fr-FR\"}]}<\/script>\n<!-- \/ Yoast SEO plugin. -->","yoast_head_json":{"title":"Colle \u00e0 base de ciment avec technologie GEL pour carrelage","description":"Colle cimentaire \u00e0 haute maniabilit\u00e9 avec technologie GEL, id\u00e9ale pour la pose de carreaux grand format en int\u00e9rieur et en ext\u00e9rieur.","robots":{"index":"noindex","follow":"follow","max-snippet":"max-snippet:-1","max-image-preview":"max-image-preview:large","max-video-preview":"max-video-preview:-1"},"og_locale":"fr_FR","og_type":"article","og_title":"Colle \u00e0 base de ciment avec technologie GEL pour carrelage","og_description":"Colle cimentaire \u00e0 haute maniabilit\u00e9 avec technologie GEL, id\u00e9ale pour la pose de carreaux grand format en int\u00e9rieur et en ext\u00e9rieur.","og_url":"https:\/\/forcol.atic.blue\/fr\/producto\/forcol-flexigel-gran-formato\/","og_site_name":"Forcol","article_modified_time":"2025-05-28T15:23:31+00:00","og_image":[{"width":436,"height":880,"url":"https:\/\/forcol.atic.blue\/wp-content\/uploads\/2025\/04\/adhesivo-cementoso-c2te-s2-flexigel-gran-formato.png","type":"image\/png"}],"twitter_card":"summary_large_image","twitter_misc":{"Dur\u00e9e de lecture estim\u00e9e":"1 minute"},"schema":{"@context":"https:\/\/schema.org","@graph":[{"@type":"WebPage","@id":"https:\/\/forcol.atic.blue\/fr\/producto\/forcol-flexigel-gran-formato\/","url":"https:\/\/forcol.atic.blue\/fr\/producto\/forcol-flexigel-gran-formato\/","name":"Colle \u00e0 base de ciment avec technologie GEL pour carrelage","isPartOf":{"@id":"https:\/\/forcol.atic.blue\/#website"},"primaryImageOfPage":{"@id":"https:\/\/forcol.atic.blue\/fr\/producto\/forcol-flexigel-gran-formato\/#primaryimage"},"image":{"@id":"https:\/\/forcol.atic.blue\/fr\/producto\/forcol-flexigel-gran-formato\/#primaryimage"},"thumbnailUrl":"https:\/\/forcol.atic.blue\/wp-content\/uploads\/2025\/04\/adhesivo-cementoso-c2te-s2-flexigel-gran-formato.png","datePublished":"2025-04-29T08:01:57+00:00","dateModified":"2025-05-28T15:23:31+00:00","description":"Colle cimentaire \u00e0 haute maniabilit\u00e9 avec technologie GEL, id\u00e9ale pour la pose de carreaux grand format en int\u00e9rieur et en ext\u00e9rieur.","breadcrumb":{"@id":"https:\/\/forcol.atic.blue\/fr\/producto\/forcol-flexigel-gran-formato\/#breadcrumb"},"inLanguage":"fr-FR","potentialAction":[{"@type":"ReadAction","target":["https:\/\/forcol.atic.blue\/fr\/producto\/forcol-flexigel-gran-formato\/"]}]},{"@type":"ImageObject","inLanguage":"fr-FR","@id":"https:\/\/forcol.atic.blue\/fr\/producto\/forcol-flexigel-gran-formato\/#primaryimage","url":"https:\/\/forcol.atic.blue\/wp-content\/uploads\/2025\/04\/adhesivo-cementoso-c2te-s2-flexigel-gran-formato.png","contentUrl":"https:\/\/forcol.atic.blue\/wp-content\/uploads\/2025\/04\/adhesivo-cementoso-c2te-s2-flexigel-gran-formato.png","width":436,"height":880},{"@type":"BreadcrumbList","@id":"https:\/\/forcol.atic.blue\/fr\/producto\/forcol-flexigel-gran-formato\/#breadcrumb","itemListElement":[{"@type":"ListItem","position":1,"name":"Portada","item":"https:\/\/forcol.atic.blue\/"},{"@type":"ListItem","position":2,"name":"Boutique","item":"https:\/\/forcol.atic.blue\/tienda\/"},{"@type":"ListItem","position":3,"name":"Forcol Flexigel Gran Formato"}]},{"@type":"WebSite","@id":"https:\/\/forcol.atic.blue\/#website","url":"https:\/\/forcol.atic.blue\/","name":"Forcol","description":"","potentialAction":[{"@type":"SearchAction","target":{"@type":"EntryPoint","urlTemplate":"https:\/\/forcol.atic.blue\/?s={search_term_string}"},"query-input":{"@type":"PropertyValueSpecification","valueRequired":true,"valueName":"search_term_string"}}],"inLanguage":"fr-FR"}]}},"_links":{"self":[{"href":"https:\/\/forcol.atic.blue\/fr\/wp-json\/wp\/v2\/product\/754","targetHints":{"allow":["GET"]}}],"collection":[{"href":"https:\/\/forcol.atic.blue\/fr\/wp-json\/wp\/v2\/product"}],"about":[{"href":"https:\/\/forcol.atic.blue\/fr\/wp-json\/wp\/v2\/types\/product"}],"replies":[{"embeddable":true,"href":"https:\/\/forcol.atic.blue\/fr\/wp-json\/wp\/v2\/comments?post=754"}],"wp:featuredmedia":[{"embeddable":true,"href":"https:\/\/forcol.atic.blue\/fr\/wp-json\/wp\/v2\/media\/565"}],"wp:attachment":[{"href":"https:\/\/forcol.atic.blue\/fr\/wp-json\/wp\/v2\/media?parent=754"}],"wp:term":[{"taxonomy":"product_brand","embeddable":true,"href":"https:\/\/forcol.atic.blue\/fr\/wp-json\/wp\/v2\/product_brand?post=754"},{"taxonomy":"product_cat","embeddable":true,"href":"https:\/\/forcol.atic.blue\/fr\/wp-json\/wp\/v2\/product_cat?post=754"},{"taxonomy":"product_tag","embeddable":true,"href":"https:\/\/forcol.atic.blue\/fr\/wp-json\/wp\/v2\/product_tag?post=754"}],"curies":[{"name":"wp","href":"https:\/\/api.w.org\/{rel}","templated":true}]}}