{"id":755,"date":"2025-04-29T08:00:26","date_gmt":"2025-04-29T08:00:26","guid":{"rendered":"https:\/\/forcol.atic.blue\/producto\/forcol-flexigel-exclusive-plus\/"},"modified":"2025-05-28T15:27:16","modified_gmt":"2025-05-28T15:27:16","slug":"forcol-flexigel-exclusive-plus","status":"publish","type":"product","link":"https:\/\/forcol.atic.blue\/fr\/producto\/forcol-flexigel-exclusive-plus\/","title":{"rendered":"Forcol Flexigel Exclusive Plus"},"content":{"rendered":"<p>FORCOL FLEXIGEL EXCLUSIVE PLUS est une colle \u00e0 base de ciment avec une excellente maniabilit\u00e9 sp\u00e9cia-lement con\u00e7ue pour la pose de tous types et formats de carreaux (gr\u00e8s c\u00e9rame, double cuisson, simple cuisson, ciment, terre cuite, etc.) sur des sols et des murs ver-ticaux, particuli\u00e8rement recommand\u00e9e pour les sols de grandes surfaces, \u00e0 l\u2019int\u00e9rieur comme \u00e0 l\u2019ext\u00e9rieur, sur le chauffage par le sol et les sols \u00e0 fort tra\ufb01c. Avec ce format de 15 kg, vous obtenez des performances comme s\u2019il s\u2019agissait d\u2019un format de 25 kg, le tout avec la derni\u00e8re technologie de base GEL.<\/p>\n","protected":false},"excerpt":{"rendered":"<p>FORCOL FLEXIGEL EXCLUSIVE PLUS est une colle \u00e0 base de ciment avec une excellente maniabilit\u00e9 sp\u00e9cia-lement con\u00e7ue pour la pose de tous types et formats de carreaux (gr\u00e8s c\u00e9rame, double cuisson, simple cuisson, ciment, terre cuite, etc.) sur des sols et des murs ver-ticaux, particuli\u00e8rement recommand\u00e9e pour les sols de grandes surfaces, \u00e0 l\u2019int\u00e9rieur comme [&hellip;]<\/p>\n","protected":false},"featured_media":562,"comment_status":"open","ping_status":"closed","template":"","meta":{"_acf_changed":false},"product_brand":[],"product_cat":[42],"product_tag":[],"class_list":{"0":"post-755","1":"product","2":"type-product","3":"status-publish","4":"has-post-thumbnail","6":"product_cat-adhesifs-cementaires","8":"first","9":"outofstock","10":"featured","11":"shipping-taxable","12":"product-type-variable"},"acf":[],"yoast_head":"<!-- This site is optimized with the Yoast SEO plugin v24.9 - https:\/\/yoast.com\/wordpress\/plugins\/seo\/ -->\n<title>Ciment colle avec GEL pour les carreaux de grand format<\/title>\n<meta name=\"description\" content=\"Id\u00e9al pour la pose de carreaux \u00e0 l&#039;int\u00e9rieur et \u00e0 l&#039;ext\u00e9rieur. Adh\u00e9sif pour carrelage compatible avec le gr\u00e8s c\u00e9rame, la double cuisson et bien plus encore!\" \/>\n<meta name=\"robots\" content=\"noindex, follow, max-snippet:-1, max-image-preview:large, max-video-preview:-1\" \/>\n<meta property=\"og:locale\" content=\"fr_FR\" \/>\n<meta property=\"og:type\" content=\"article\" \/>\n<meta property=\"og:title\" content=\"Ciment colle avec GEL pour les carreaux de grand format\" \/>\n<meta property=\"og:description\" content=\"Id\u00e9al pour la pose de carreaux \u00e0 l&#039;int\u00e9rieur et \u00e0 l&#039;ext\u00e9rieur. Adh\u00e9sif pour carrelage compatible avec le gr\u00e8s c\u00e9rame, la double cuisson et bien plus encore!\" \/>\n<meta property=\"og:url\" content=\"https:\/\/forcol.atic.blue\/fr\/producto\/forcol-flexigel-exclusive-plus\/\" \/>\n<meta property=\"og:site_name\" content=\"Forcol\" \/>\n<meta property=\"article:modified_time\" content=\"2025-05-28T15:27:16+00:00\" \/>\n<meta property=\"og:image\" content=\"https:\/\/forcol.atic.blue\/wp-content\/uploads\/2025\/04\/adhesivo-cementoso-c2e-s2-flexigel-exlusive-plus.png\" \/>\n\t<meta property=\"og:image:width\" content=\"436\" \/>\n\t<meta property=\"og:image:height\" content=\"880\" \/>\n\t<meta property=\"og:image:type\" content=\"image\/png\" \/>\n<meta name=\"twitter:card\" content=\"summary_large_image\" \/>\n<meta name=\"twitter:label1\" content=\"Dur\u00e9e de lecture estim\u00e9e\" \/>\n\t<meta name=\"twitter:data1\" content=\"1 minute\" \/>\n<script type=\"application\/ld+json\" class=\"yoast-schema-graph\">{\"@context\":\"https:\/\/schema.org\",\"@graph\":[{\"@type\":\"WebPage\",\"@id\":\"https:\/\/forcol.atic.blue\/fr\/producto\/forcol-flexigel-exclusive-plus\/\",\"url\":\"https:\/\/forcol.atic.blue\/fr\/producto\/forcol-flexigel-exclusive-plus\/\",\"name\":\"Ciment colle avec GEL pour les carreaux de grand format\",\"isPartOf\":{\"@id\":\"https:\/\/forcol.atic.blue\/#website\"},\"primaryImageOfPage\":{\"@id\":\"https:\/\/forcol.atic.blue\/fr\/producto\/forcol-flexigel-exclusive-plus\/#primaryimage\"},\"image\":{\"@id\":\"https:\/\/forcol.atic.blue\/fr\/producto\/forcol-flexigel-exclusive-plus\/#primaryimage\"},\"thumbnailUrl\":\"https:\/\/forcol.atic.blue\/wp-content\/uploads\/2025\/04\/adhesivo-cementoso-c2e-s2-flexigel-exlusive-plus.png\",\"datePublished\":\"2025-04-29T08:00:26+00:00\",\"dateModified\":\"2025-05-28T15:27:16+00:00\",\"description\":\"Id\u00e9al pour la pose de carreaux \u00e0 l'int\u00e9rieur et \u00e0 l'ext\u00e9rieur. Adh\u00e9sif pour carrelage compatible avec le gr\u00e8s c\u00e9rame, la double cuisson et bien plus encore!\",\"breadcrumb\":{\"@id\":\"https:\/\/forcol.atic.blue\/fr\/producto\/forcol-flexigel-exclusive-plus\/#breadcrumb\"},\"inLanguage\":\"fr-FR\",\"potentialAction\":[{\"@type\":\"ReadAction\",\"target\":[\"https:\/\/forcol.atic.blue\/fr\/producto\/forcol-flexigel-exclusive-plus\/\"]}]},{\"@type\":\"ImageObject\",\"inLanguage\":\"fr-FR\",\"@id\":\"https:\/\/forcol.atic.blue\/fr\/producto\/forcol-flexigel-exclusive-plus\/#primaryimage\",\"url\":\"https:\/\/forcol.atic.blue\/wp-content\/uploads\/2025\/04\/adhesivo-cementoso-c2e-s2-flexigel-exlusive-plus.png\",\"contentUrl\":\"https:\/\/forcol.atic.blue\/wp-content\/uploads\/2025\/04\/adhesivo-cementoso-c2e-s2-flexigel-exlusive-plus.png\",\"width\":436,\"height\":880},{\"@type\":\"BreadcrumbList\",\"@id\":\"https:\/\/forcol.atic.blue\/fr\/producto\/forcol-flexigel-exclusive-plus\/#breadcrumb\",\"itemListElement\":[{\"@type\":\"ListItem\",\"position\":1,\"name\":\"Portada\",\"item\":\"https:\/\/forcol.atic.blue\/\"},{\"@type\":\"ListItem\",\"position\":2,\"name\":\"Boutique\",\"item\":\"https:\/\/forcol.atic.blue\/tienda\/\"},{\"@type\":\"ListItem\",\"position\":3,\"name\":\"Forcol Flexigel Exclusive Plus\"}]},{\"@type\":\"WebSite\",\"@id\":\"https:\/\/forcol.atic.blue\/#website\",\"url\":\"https:\/\/forcol.atic.blue\/\",\"name\":\"Forcol\",\"description\":\"\",\"potentialAction\":[{\"@type\":\"SearchAction\",\"target\":{\"@type\":\"EntryPoint\",\"urlTemplate\":\"https:\/\/forcol.atic.blue\/?s={search_term_string}\"},\"query-input\":{\"@type\":\"PropertyValueSpecification\",\"valueRequired\":true,\"valueName\":\"search_term_string\"}}],\"inLanguage\":\"fr-FR\"}]}<\/script>\n<!-- \/ Yoast SEO plugin. -->","yoast_head_json":{"title":"Ciment colle avec GEL pour les carreaux de grand format","description":"Id\u00e9al pour la pose de carreaux \u00e0 l'int\u00e9rieur et \u00e0 l'ext\u00e9rieur. Adh\u00e9sif pour carrelage compatible avec le gr\u00e8s c\u00e9rame, la double cuisson et bien plus encore!","robots":{"index":"noindex","follow":"follow","max-snippet":"max-snippet:-1","max-image-preview":"max-image-preview:large","max-video-preview":"max-video-preview:-1"},"og_locale":"fr_FR","og_type":"article","og_title":"Ciment colle avec GEL pour les carreaux de grand format","og_description":"Id\u00e9al pour la pose de carreaux \u00e0 l'int\u00e9rieur et \u00e0 l'ext\u00e9rieur. Adh\u00e9sif pour carrelage compatible avec le gr\u00e8s c\u00e9rame, la double cuisson et bien plus encore!","og_url":"https:\/\/forcol.atic.blue\/fr\/producto\/forcol-flexigel-exclusive-plus\/","og_site_name":"Forcol","article_modified_time":"2025-05-28T15:27:16+00:00","og_image":[{"width":436,"height":880,"url":"https:\/\/forcol.atic.blue\/wp-content\/uploads\/2025\/04\/adhesivo-cementoso-c2e-s2-flexigel-exlusive-plus.png","type":"image\/png"}],"twitter_card":"summary_large_image","twitter_misc":{"Dur\u00e9e de lecture estim\u00e9e":"1 minute"},"schema":{"@context":"https:\/\/schema.org","@graph":[{"@type":"WebPage","@id":"https:\/\/forcol.atic.blue\/fr\/producto\/forcol-flexigel-exclusive-plus\/","url":"https:\/\/forcol.atic.blue\/fr\/producto\/forcol-flexigel-exclusive-plus\/","name":"Ciment colle avec GEL pour les carreaux de grand format","isPartOf":{"@id":"https:\/\/forcol.atic.blue\/#website"},"primaryImageOfPage":{"@id":"https:\/\/forcol.atic.blue\/fr\/producto\/forcol-flexigel-exclusive-plus\/#primaryimage"},"image":{"@id":"https:\/\/forcol.atic.blue\/fr\/producto\/forcol-flexigel-exclusive-plus\/#primaryimage"},"thumbnailUrl":"https:\/\/forcol.atic.blue\/wp-content\/uploads\/2025\/04\/adhesivo-cementoso-c2e-s2-flexigel-exlusive-plus.png","datePublished":"2025-04-29T08:00:26+00:00","dateModified":"2025-05-28T15:27:16+00:00","description":"Id\u00e9al pour la pose de carreaux \u00e0 l'int\u00e9rieur et \u00e0 l'ext\u00e9rieur. Adh\u00e9sif pour carrelage compatible avec le gr\u00e8s c\u00e9rame, la double cuisson et bien plus encore!","breadcrumb":{"@id":"https:\/\/forcol.atic.blue\/fr\/producto\/forcol-flexigel-exclusive-plus\/#breadcrumb"},"inLanguage":"fr-FR","potentialAction":[{"@type":"ReadAction","target":["https:\/\/forcol.atic.blue\/fr\/producto\/forcol-flexigel-exclusive-plus\/"]}]},{"@type":"ImageObject","inLanguage":"fr-FR","@id":"https:\/\/forcol.atic.blue\/fr\/producto\/forcol-flexigel-exclusive-plus\/#primaryimage","url":"https:\/\/forcol.atic.blue\/wp-content\/uploads\/2025\/04\/adhesivo-cementoso-c2e-s2-flexigel-exlusive-plus.png","contentUrl":"https:\/\/forcol.atic.blue\/wp-content\/uploads\/2025\/04\/adhesivo-cementoso-c2e-s2-flexigel-exlusive-plus.png","width":436,"height":880},{"@type":"BreadcrumbList","@id":"https:\/\/forcol.atic.blue\/fr\/producto\/forcol-flexigel-exclusive-plus\/#breadcrumb","itemListElement":[{"@type":"ListItem","position":1,"name":"Portada","item":"https:\/\/forcol.atic.blue\/"},{"@type":"ListItem","position":2,"name":"Boutique","item":"https:\/\/forcol.atic.blue\/tienda\/"},{"@type":"ListItem","position":3,"name":"Forcol Flexigel Exclusive Plus"}]},{"@type":"WebSite","@id":"https:\/\/forcol.atic.blue\/#website","url":"https:\/\/forcol.atic.blue\/","name":"Forcol","description":"","potentialAction":[{"@type":"SearchAction","target":{"@type":"EntryPoint","urlTemplate":"https:\/\/forcol.atic.blue\/?s={search_term_string}"},"query-input":{"@type":"PropertyValueSpecification","valueRequired":true,"valueName":"search_term_string"}}],"inLanguage":"fr-FR"}]}},"_links":{"self":[{"href":"https:\/\/forcol.atic.blue\/fr\/wp-json\/wp\/v2\/product\/755","targetHints":{"allow":["GET"]}}],"collection":[{"href":"https:\/\/forcol.atic.blue\/fr\/wp-json\/wp\/v2\/product"}],"about":[{"href":"https:\/\/forcol.atic.blue\/fr\/wp-json\/wp\/v2\/types\/product"}],"replies":[{"embeddable":true,"href":"https:\/\/forcol.atic.blue\/fr\/wp-json\/wp\/v2\/comments?post=755"}],"wp:featuredmedia":[{"embeddable":true,"href":"https:\/\/forcol.atic.blue\/fr\/wp-json\/wp\/v2\/media\/562"}],"wp:attachment":[{"href":"https:\/\/forcol.atic.blue\/fr\/wp-json\/wp\/v2\/media?parent=755"}],"wp:term":[{"taxonomy":"product_brand","embeddable":true,"href":"https:\/\/forcol.atic.blue\/fr\/wp-json\/wp\/v2\/product_brand?post=755"},{"taxonomy":"product_cat","embeddable":true,"href":"https:\/\/forcol.atic.blue\/fr\/wp-json\/wp\/v2\/product_cat?post=755"},{"taxonomy":"product_tag","embeddable":true,"href":"https:\/\/forcol.atic.blue\/fr\/wp-json\/wp\/v2\/product_tag?post=755"}],"curies":[{"name":"wp","href":"https:\/\/api.w.org\/{rel}","templated":true}]}}