{"id":756,"date":"2025-04-29T08:03:13","date_gmt":"2025-04-29T08:03:13","guid":{"rendered":"https:\/\/forcol.atic.blue\/producto\/mortier-forcol-m-75-hydrofuge\/"},"modified":"2025-05-28T15:21:16","modified_gmt":"2025-05-28T15:21:16","slug":"forcol-mortero-m-75-hidrofugado","status":"publish","type":"product","link":"https:\/\/forcol.atic.blue\/fr\/producto\/forcol-mortero-m-75-hidrofugado\/","title":{"rendered":"Forcol Mortero M-7,5 Hidrofugado"},"content":{"rendered":"<p>Mortier de ma\u00e7onnerie hydrofug\u00e9 \u00e0 usage g\u00e9n\u00e9ral (G), d\u2019une r\u00e9sistance sup\u00e9rieure \u00e0 7,5 N\/mm2, formul\u00e9 \u00e0 base de ciment blanc et de ciment gris, de granulats calcaires\/siliceux et d\u2019additifs plasti\ufb01ants.<\/p>\n","protected":false},"excerpt":{"rendered":"<p>Mortier de ma\u00e7onnerie hydrofug\u00e9 \u00e0 usage g\u00e9n\u00e9ral (G), d\u2019une r\u00e9sistance sup\u00e9rieure \u00e0 7,5 N\/mm2, formul\u00e9 \u00e0 base de ciment blanc et de ciment gris, de granulats calcaires\/siliceux et d\u2019additifs plasti\ufb01ants.<\/p>\n","protected":false},"featured_media":568,"comment_status":"open","ping_status":"closed","template":"","meta":{"_acf_changed":false},"product_brand":[],"product_cat":[43],"product_tag":[],"class_list":{"0":"post-756","1":"product","2":"type-product","3":"status-publish","4":"has-post-thumbnail","6":"product_cat-maconnerie","8":"first","9":"outofstock","10":"featured","11":"shipping-taxable","12":"product-type-variable"},"acf":[],"yoast_head":"<!-- This site is optimized with the Yoast SEO plugin v24.9 - https:\/\/yoast.com\/wordpress\/plugins\/seo\/ -->\n<title>Mortier de ma\u00e7onnerie imperm\u00e9able \u00e0 usage g\u00e9n\u00e9ral | Forcol<\/title>\n<meta name=\"description\" content=\"Mortier imperm\u00e9able \u00e0 usage g\u00e9n\u00e9ral avec une r\u00e9sistance de 7,5 N\/mm\u00b2. Id\u00e9al pour la ma\u00e7onnerie int\u00e9rieure et ext\u00e9rieure, disponible en blanc et en gris.\" \/>\n<meta name=\"robots\" content=\"noindex, follow, max-snippet:-1, max-image-preview:large, max-video-preview:-1\" \/>\n<meta property=\"og:locale\" content=\"fr_FR\" \/>\n<meta property=\"og:type\" content=\"article\" \/>\n<meta property=\"og:title\" content=\"Mortier de ma\u00e7onnerie imperm\u00e9able \u00e0 usage g\u00e9n\u00e9ral | Forcol\" \/>\n<meta property=\"og:description\" content=\"Mortier imperm\u00e9able \u00e0 usage g\u00e9n\u00e9ral avec une r\u00e9sistance de 7,5 N\/mm\u00b2. Id\u00e9al pour la ma\u00e7onnerie int\u00e9rieure et ext\u00e9rieure, disponible en blanc et en gris.\" \/>\n<meta property=\"og:url\" content=\"https:\/\/forcol.atic.blue\/fr\/producto\/forcol-mortero-m-75-hidrofugado\/\" \/>\n<meta property=\"og:site_name\" content=\"Forcol\" \/>\n<meta property=\"article:modified_time\" content=\"2025-05-28T15:21:16+00:00\" \/>\n<meta property=\"og:image\" content=\"https:\/\/forcol.atic.blue\/wp-content\/uploads\/2025\/04\/albanileria-mortero-hidrofugado-m-75.jpg\" \/>\n\t<meta property=\"og:image:width\" content=\"436\" \/>\n\t<meta property=\"og:image:height\" content=\"880\" \/>\n\t<meta property=\"og:image:type\" content=\"image\/jpeg\" \/>\n<meta name=\"twitter:card\" content=\"summary_large_image\" \/>\n<meta name=\"twitter:label1\" content=\"Dur\u00e9e de lecture estim\u00e9e\" \/>\n\t<meta name=\"twitter:data1\" content=\"1 minute\" \/>\n<script type=\"application\/ld+json\" class=\"yoast-schema-graph\">{\"@context\":\"https:\/\/schema.org\",\"@graph\":[{\"@type\":\"WebPage\",\"@id\":\"https:\/\/forcol.atic.blue\/fr\/producto\/forcol-mortero-m-75-hidrofugado\/\",\"url\":\"https:\/\/forcol.atic.blue\/fr\/producto\/forcol-mortero-m-75-hidrofugado\/\",\"name\":\"Mortier de ma\u00e7onnerie imperm\u00e9able \u00e0 usage g\u00e9n\u00e9ral | Forcol\",\"isPartOf\":{\"@id\":\"https:\/\/forcol.atic.blue\/#website\"},\"primaryImageOfPage\":{\"@id\":\"https:\/\/forcol.atic.blue\/fr\/producto\/forcol-mortero-m-75-hidrofugado\/#primaryimage\"},\"image\":{\"@id\":\"https:\/\/forcol.atic.blue\/fr\/producto\/forcol-mortero-m-75-hidrofugado\/#primaryimage\"},\"thumbnailUrl\":\"https:\/\/forcol.atic.blue\/wp-content\/uploads\/2025\/04\/albanileria-mortero-hidrofugado-m-75.jpg\",\"datePublished\":\"2025-04-29T08:03:13+00:00\",\"dateModified\":\"2025-05-28T15:21:16+00:00\",\"description\":\"Mortier imperm\u00e9able \u00e0 usage g\u00e9n\u00e9ral avec une r\u00e9sistance de 7,5 N\/mm\u00b2. Id\u00e9al pour la ma\u00e7onnerie int\u00e9rieure et ext\u00e9rieure, disponible en blanc et en gris.\",\"breadcrumb\":{\"@id\":\"https:\/\/forcol.atic.blue\/fr\/producto\/forcol-mortero-m-75-hidrofugado\/#breadcrumb\"},\"inLanguage\":\"fr-FR\",\"potentialAction\":[{\"@type\":\"ReadAction\",\"target\":[\"https:\/\/forcol.atic.blue\/fr\/producto\/forcol-mortero-m-75-hidrofugado\/\"]}]},{\"@type\":\"ImageObject\",\"inLanguage\":\"fr-FR\",\"@id\":\"https:\/\/forcol.atic.blue\/fr\/producto\/forcol-mortero-m-75-hidrofugado\/#primaryimage\",\"url\":\"https:\/\/forcol.atic.blue\/wp-content\/uploads\/2025\/04\/albanileria-mortero-hidrofugado-m-75.jpg\",\"contentUrl\":\"https:\/\/forcol.atic.blue\/wp-content\/uploads\/2025\/04\/albanileria-mortero-hidrofugado-m-75.jpg\",\"width\":436,\"height\":880},{\"@type\":\"BreadcrumbList\",\"@id\":\"https:\/\/forcol.atic.blue\/fr\/producto\/forcol-mortero-m-75-hidrofugado\/#breadcrumb\",\"itemListElement\":[{\"@type\":\"ListItem\",\"position\":1,\"name\":\"Portada\",\"item\":\"https:\/\/forcol.atic.blue\/\"},{\"@type\":\"ListItem\",\"position\":2,\"name\":\"Boutique\",\"item\":\"https:\/\/forcol.atic.blue\/tienda\/\"},{\"@type\":\"ListItem\",\"position\":3,\"name\":\"Forcol Mortero M-7,5 Hidrofugado\"}]},{\"@type\":\"WebSite\",\"@id\":\"https:\/\/forcol.atic.blue\/#website\",\"url\":\"https:\/\/forcol.atic.blue\/\",\"name\":\"Forcol\",\"description\":\"\",\"potentialAction\":[{\"@type\":\"SearchAction\",\"target\":{\"@type\":\"EntryPoint\",\"urlTemplate\":\"https:\/\/forcol.atic.blue\/?s={search_term_string}\"},\"query-input\":{\"@type\":\"PropertyValueSpecification\",\"valueRequired\":true,\"valueName\":\"search_term_string\"}}],\"inLanguage\":\"fr-FR\"}]}<\/script>\n<!-- \/ Yoast SEO plugin. -->","yoast_head_json":{"title":"Mortier de ma\u00e7onnerie imperm\u00e9able \u00e0 usage g\u00e9n\u00e9ral | Forcol","description":"Mortier imperm\u00e9able \u00e0 usage g\u00e9n\u00e9ral avec une r\u00e9sistance de 7,5 N\/mm\u00b2. Id\u00e9al pour la ma\u00e7onnerie int\u00e9rieure et ext\u00e9rieure, disponible en blanc et en gris.","robots":{"index":"noindex","follow":"follow","max-snippet":"max-snippet:-1","max-image-preview":"max-image-preview:large","max-video-preview":"max-video-preview:-1"},"og_locale":"fr_FR","og_type":"article","og_title":"Mortier de ma\u00e7onnerie imperm\u00e9able \u00e0 usage g\u00e9n\u00e9ral | Forcol","og_description":"Mortier imperm\u00e9able \u00e0 usage g\u00e9n\u00e9ral avec une r\u00e9sistance de 7,5 N\/mm\u00b2. Id\u00e9al pour la ma\u00e7onnerie int\u00e9rieure et ext\u00e9rieure, disponible en blanc et en gris.","og_url":"https:\/\/forcol.atic.blue\/fr\/producto\/forcol-mortero-m-75-hidrofugado\/","og_site_name":"Forcol","article_modified_time":"2025-05-28T15:21:16+00:00","og_image":[{"width":436,"height":880,"url":"https:\/\/forcol.atic.blue\/wp-content\/uploads\/2025\/04\/albanileria-mortero-hidrofugado-m-75.jpg","type":"image\/jpeg"}],"twitter_card":"summary_large_image","twitter_misc":{"Dur\u00e9e de lecture estim\u00e9e":"1 minute"},"schema":{"@context":"https:\/\/schema.org","@graph":[{"@type":"WebPage","@id":"https:\/\/forcol.atic.blue\/fr\/producto\/forcol-mortero-m-75-hidrofugado\/","url":"https:\/\/forcol.atic.blue\/fr\/producto\/forcol-mortero-m-75-hidrofugado\/","name":"Mortier de ma\u00e7onnerie imperm\u00e9able \u00e0 usage g\u00e9n\u00e9ral | Forcol","isPartOf":{"@id":"https:\/\/forcol.atic.blue\/#website"},"primaryImageOfPage":{"@id":"https:\/\/forcol.atic.blue\/fr\/producto\/forcol-mortero-m-75-hidrofugado\/#primaryimage"},"image":{"@id":"https:\/\/forcol.atic.blue\/fr\/producto\/forcol-mortero-m-75-hidrofugado\/#primaryimage"},"thumbnailUrl":"https:\/\/forcol.atic.blue\/wp-content\/uploads\/2025\/04\/albanileria-mortero-hidrofugado-m-75.jpg","datePublished":"2025-04-29T08:03:13+00:00","dateModified":"2025-05-28T15:21:16+00:00","description":"Mortier imperm\u00e9able \u00e0 usage g\u00e9n\u00e9ral avec une r\u00e9sistance de 7,5 N\/mm\u00b2. Id\u00e9al pour la ma\u00e7onnerie int\u00e9rieure et ext\u00e9rieure, disponible en blanc et en gris.","breadcrumb":{"@id":"https:\/\/forcol.atic.blue\/fr\/producto\/forcol-mortero-m-75-hidrofugado\/#breadcrumb"},"inLanguage":"fr-FR","potentialAction":[{"@type":"ReadAction","target":["https:\/\/forcol.atic.blue\/fr\/producto\/forcol-mortero-m-75-hidrofugado\/"]}]},{"@type":"ImageObject","inLanguage":"fr-FR","@id":"https:\/\/forcol.atic.blue\/fr\/producto\/forcol-mortero-m-75-hidrofugado\/#primaryimage","url":"https:\/\/forcol.atic.blue\/wp-content\/uploads\/2025\/04\/albanileria-mortero-hidrofugado-m-75.jpg","contentUrl":"https:\/\/forcol.atic.blue\/wp-content\/uploads\/2025\/04\/albanileria-mortero-hidrofugado-m-75.jpg","width":436,"height":880},{"@type":"BreadcrumbList","@id":"https:\/\/forcol.atic.blue\/fr\/producto\/forcol-mortero-m-75-hidrofugado\/#breadcrumb","itemListElement":[{"@type":"ListItem","position":1,"name":"Portada","item":"https:\/\/forcol.atic.blue\/"},{"@type":"ListItem","position":2,"name":"Boutique","item":"https:\/\/forcol.atic.blue\/tienda\/"},{"@type":"ListItem","position":3,"name":"Forcol Mortero M-7,5 Hidrofugado"}]},{"@type":"WebSite","@id":"https:\/\/forcol.atic.blue\/#website","url":"https:\/\/forcol.atic.blue\/","name":"Forcol","description":"","potentialAction":[{"@type":"SearchAction","target":{"@type":"EntryPoint","urlTemplate":"https:\/\/forcol.atic.blue\/?s={search_term_string}"},"query-input":{"@type":"PropertyValueSpecification","valueRequired":true,"valueName":"search_term_string"}}],"inLanguage":"fr-FR"}]}},"_links":{"self":[{"href":"https:\/\/forcol.atic.blue\/fr\/wp-json\/wp\/v2\/product\/756","targetHints":{"allow":["GET"]}}],"collection":[{"href":"https:\/\/forcol.atic.blue\/fr\/wp-json\/wp\/v2\/product"}],"about":[{"href":"https:\/\/forcol.atic.blue\/fr\/wp-json\/wp\/v2\/types\/product"}],"replies":[{"embeddable":true,"href":"https:\/\/forcol.atic.blue\/fr\/wp-json\/wp\/v2\/comments?post=756"}],"wp:featuredmedia":[{"embeddable":true,"href":"https:\/\/forcol.atic.blue\/fr\/wp-json\/wp\/v2\/media\/568"}],"wp:attachment":[{"href":"https:\/\/forcol.atic.blue\/fr\/wp-json\/wp\/v2\/media?parent=756"}],"wp:term":[{"taxonomy":"product_brand","embeddable":true,"href":"https:\/\/forcol.atic.blue\/fr\/wp-json\/wp\/v2\/product_brand?post=756"},{"taxonomy":"product_cat","embeddable":true,"href":"https:\/\/forcol.atic.blue\/fr\/wp-json\/wp\/v2\/product_cat?post=756"},{"taxonomy":"product_tag","embeddable":true,"href":"https:\/\/forcol.atic.blue\/fr\/wp-json\/wp\/v2\/product_tag?post=756"}],"curies":[{"name":"wp","href":"https:\/\/api.w.org\/{rel}","templated":true}]}}