{"id":757,"date":"2025-04-29T08:04:32","date_gmt":"2025-04-29T08:04:32","guid":{"rendered":"https:\/\/forcol.atic.blue\/producto\/forcol-concrete-h-25\/"},"modified":"2025-05-28T15:18:12","modified_gmt":"2025-05-28T15:18:12","slug":"forcol-hormigon-h-25","status":"publish","type":"product","link":"https:\/\/forcol.atic.blue\/fr\/producto\/forcol-hormigon-h-25\/","title":{"rendered":"Forcol Hormig\u00f3n H-25"},"content":{"rendered":"<p>B\u00e9ton pr\u00eat \u00e0 l\u2019emploi, pr\u00eat \u00e0 l\u2019emploi, pr\u00eat \u00e0 l\u2019emploi. aires\/siliceux et d\u2019additifs plasti\ufb01ants.<\/p>\n","protected":false},"excerpt":{"rendered":"<p>B\u00e9ton pr\u00eat \u00e0 l\u2019emploi, pr\u00eat \u00e0 l\u2019emploi, pr\u00eat \u00e0 l\u2019emploi. aires\/siliceux et d\u2019additifs plasti\ufb01ants.<\/p>\n","protected":false},"featured_media":571,"comment_status":"open","ping_status":"closed","template":"","meta":{"_acf_changed":false},"product_brand":[],"product_cat":[43],"product_tag":[],"class_list":{"0":"post-757","1":"product","2":"type-product","3":"status-publish","4":"has-post-thumbnail","6":"product_cat-maconnerie","8":"first","9":"outofstock","10":"shipping-taxable","11":"product-type-variable"},"acf":[],"yoast_head":"<!-- This site is optimized with the Yoast SEO plugin v24.9 - https:\/\/yoast.com\/wordpress\/plugins\/seo\/ -->\n<title>B\u00e9ton sec \u00e0 haute r\u00e9sistance pour la construction g\u00e9n\u00e9rale<\/title>\n<meta name=\"description\" content=\"B\u00e9ton sec pr\u00e9-dos\u00e9 d&#039;une r\u00e9sistance de 25 MPa. Id\u00e9al pour les trottoirs, les fondations, les murs et les r\u00e9parations. Application facile et durabilit\u00e9 garantie\" \/>\n<meta name=\"robots\" content=\"noindex, follow, max-snippet:-1, max-image-preview:large, max-video-preview:-1\" \/>\n<meta property=\"og:locale\" content=\"fr_FR\" \/>\n<meta property=\"og:type\" content=\"article\" \/>\n<meta property=\"og:title\" content=\"B\u00e9ton sec \u00e0 haute r\u00e9sistance pour la construction g\u00e9n\u00e9rale\" \/>\n<meta property=\"og:description\" content=\"B\u00e9ton sec pr\u00e9-dos\u00e9 d&#039;une r\u00e9sistance de 25 MPa. Id\u00e9al pour les trottoirs, les fondations, les murs et les r\u00e9parations. Application facile et durabilit\u00e9 garantie\" \/>\n<meta property=\"og:url\" content=\"https:\/\/forcol.atic.blue\/fr\/producto\/forcol-hormigon-h-25\/\" \/>\n<meta property=\"og:site_name\" content=\"Forcol\" \/>\n<meta property=\"article:modified_time\" content=\"2025-05-28T15:18:12+00:00\" \/>\n<meta property=\"og:image\" content=\"https:\/\/forcol.atic.blue\/wp-content\/uploads\/2025\/04\/albanileria-hormigon-h-25.jpg\" \/>\n\t<meta property=\"og:image:width\" content=\"436\" \/>\n\t<meta property=\"og:image:height\" content=\"880\" \/>\n\t<meta property=\"og:image:type\" content=\"image\/jpeg\" \/>\n<meta name=\"twitter:card\" content=\"summary_large_image\" \/>\n<meta name=\"twitter:label1\" content=\"Dur\u00e9e de lecture estim\u00e9e\" \/>\n\t<meta name=\"twitter:data1\" content=\"1 minute\" \/>\n<script type=\"application\/ld+json\" class=\"yoast-schema-graph\">{\"@context\":\"https:\/\/schema.org\",\"@graph\":[{\"@type\":\"WebPage\",\"@id\":\"https:\/\/forcol.atic.blue\/fr\/producto\/forcol-hormigon-h-25\/\",\"url\":\"https:\/\/forcol.atic.blue\/fr\/producto\/forcol-hormigon-h-25\/\",\"name\":\"B\u00e9ton sec \u00e0 haute r\u00e9sistance pour la construction g\u00e9n\u00e9rale\",\"isPartOf\":{\"@id\":\"https:\/\/forcol.atic.blue\/#website\"},\"primaryImageOfPage\":{\"@id\":\"https:\/\/forcol.atic.blue\/fr\/producto\/forcol-hormigon-h-25\/#primaryimage\"},\"image\":{\"@id\":\"https:\/\/forcol.atic.blue\/fr\/producto\/forcol-hormigon-h-25\/#primaryimage\"},\"thumbnailUrl\":\"https:\/\/forcol.atic.blue\/wp-content\/uploads\/2025\/04\/albanileria-hormigon-h-25.jpg\",\"datePublished\":\"2025-04-29T08:04:32+00:00\",\"dateModified\":\"2025-05-28T15:18:12+00:00\",\"description\":\"B\u00e9ton sec pr\u00e9-dos\u00e9 d'une r\u00e9sistance de 25 MPa. Id\u00e9al pour les trottoirs, les fondations, les murs et les r\u00e9parations. Application facile et durabilit\u00e9 garantie\",\"breadcrumb\":{\"@id\":\"https:\/\/forcol.atic.blue\/fr\/producto\/forcol-hormigon-h-25\/#breadcrumb\"},\"inLanguage\":\"fr-FR\",\"potentialAction\":[{\"@type\":\"ReadAction\",\"target\":[\"https:\/\/forcol.atic.blue\/fr\/producto\/forcol-hormigon-h-25\/\"]}]},{\"@type\":\"ImageObject\",\"inLanguage\":\"fr-FR\",\"@id\":\"https:\/\/forcol.atic.blue\/fr\/producto\/forcol-hormigon-h-25\/#primaryimage\",\"url\":\"https:\/\/forcol.atic.blue\/wp-content\/uploads\/2025\/04\/albanileria-hormigon-h-25.jpg\",\"contentUrl\":\"https:\/\/forcol.atic.blue\/wp-content\/uploads\/2025\/04\/albanileria-hormigon-h-25.jpg\",\"width\":436,\"height\":880},{\"@type\":\"BreadcrumbList\",\"@id\":\"https:\/\/forcol.atic.blue\/fr\/producto\/forcol-hormigon-h-25\/#breadcrumb\",\"itemListElement\":[{\"@type\":\"ListItem\",\"position\":1,\"name\":\"Portada\",\"item\":\"https:\/\/forcol.atic.blue\/\"},{\"@type\":\"ListItem\",\"position\":2,\"name\":\"Boutique\",\"item\":\"https:\/\/forcol.atic.blue\/tienda\/\"},{\"@type\":\"ListItem\",\"position\":3,\"name\":\"Forcol Hormig\u00f3n H-25\"}]},{\"@type\":\"WebSite\",\"@id\":\"https:\/\/forcol.atic.blue\/#website\",\"url\":\"https:\/\/forcol.atic.blue\/\",\"name\":\"Forcol\",\"description\":\"\",\"potentialAction\":[{\"@type\":\"SearchAction\",\"target\":{\"@type\":\"EntryPoint\",\"urlTemplate\":\"https:\/\/forcol.atic.blue\/?s={search_term_string}\"},\"query-input\":{\"@type\":\"PropertyValueSpecification\",\"valueRequired\":true,\"valueName\":\"search_term_string\"}}],\"inLanguage\":\"fr-FR\"}]}<\/script>\n<!-- \/ Yoast SEO plugin. -->","yoast_head_json":{"title":"B\u00e9ton sec \u00e0 haute r\u00e9sistance pour la construction g\u00e9n\u00e9rale","description":"B\u00e9ton sec pr\u00e9-dos\u00e9 d'une r\u00e9sistance de 25 MPa. Id\u00e9al pour les trottoirs, les fondations, les murs et les r\u00e9parations. Application facile et durabilit\u00e9 garantie","robots":{"index":"noindex","follow":"follow","max-snippet":"max-snippet:-1","max-image-preview":"max-image-preview:large","max-video-preview":"max-video-preview:-1"},"og_locale":"fr_FR","og_type":"article","og_title":"B\u00e9ton sec \u00e0 haute r\u00e9sistance pour la construction g\u00e9n\u00e9rale","og_description":"B\u00e9ton sec pr\u00e9-dos\u00e9 d'une r\u00e9sistance de 25 MPa. Id\u00e9al pour les trottoirs, les fondations, les murs et les r\u00e9parations. Application facile et durabilit\u00e9 garantie","og_url":"https:\/\/forcol.atic.blue\/fr\/producto\/forcol-hormigon-h-25\/","og_site_name":"Forcol","article_modified_time":"2025-05-28T15:18:12+00:00","og_image":[{"width":436,"height":880,"url":"https:\/\/forcol.atic.blue\/wp-content\/uploads\/2025\/04\/albanileria-hormigon-h-25.jpg","type":"image\/jpeg"}],"twitter_card":"summary_large_image","twitter_misc":{"Dur\u00e9e de lecture estim\u00e9e":"1 minute"},"schema":{"@context":"https:\/\/schema.org","@graph":[{"@type":"WebPage","@id":"https:\/\/forcol.atic.blue\/fr\/producto\/forcol-hormigon-h-25\/","url":"https:\/\/forcol.atic.blue\/fr\/producto\/forcol-hormigon-h-25\/","name":"B\u00e9ton sec \u00e0 haute r\u00e9sistance pour la construction g\u00e9n\u00e9rale","isPartOf":{"@id":"https:\/\/forcol.atic.blue\/#website"},"primaryImageOfPage":{"@id":"https:\/\/forcol.atic.blue\/fr\/producto\/forcol-hormigon-h-25\/#primaryimage"},"image":{"@id":"https:\/\/forcol.atic.blue\/fr\/producto\/forcol-hormigon-h-25\/#primaryimage"},"thumbnailUrl":"https:\/\/forcol.atic.blue\/wp-content\/uploads\/2025\/04\/albanileria-hormigon-h-25.jpg","datePublished":"2025-04-29T08:04:32+00:00","dateModified":"2025-05-28T15:18:12+00:00","description":"B\u00e9ton sec pr\u00e9-dos\u00e9 d'une r\u00e9sistance de 25 MPa. Id\u00e9al pour les trottoirs, les fondations, les murs et les r\u00e9parations. Application facile et durabilit\u00e9 garantie","breadcrumb":{"@id":"https:\/\/forcol.atic.blue\/fr\/producto\/forcol-hormigon-h-25\/#breadcrumb"},"inLanguage":"fr-FR","potentialAction":[{"@type":"ReadAction","target":["https:\/\/forcol.atic.blue\/fr\/producto\/forcol-hormigon-h-25\/"]}]},{"@type":"ImageObject","inLanguage":"fr-FR","@id":"https:\/\/forcol.atic.blue\/fr\/producto\/forcol-hormigon-h-25\/#primaryimage","url":"https:\/\/forcol.atic.blue\/wp-content\/uploads\/2025\/04\/albanileria-hormigon-h-25.jpg","contentUrl":"https:\/\/forcol.atic.blue\/wp-content\/uploads\/2025\/04\/albanileria-hormigon-h-25.jpg","width":436,"height":880},{"@type":"BreadcrumbList","@id":"https:\/\/forcol.atic.blue\/fr\/producto\/forcol-hormigon-h-25\/#breadcrumb","itemListElement":[{"@type":"ListItem","position":1,"name":"Portada","item":"https:\/\/forcol.atic.blue\/"},{"@type":"ListItem","position":2,"name":"Boutique","item":"https:\/\/forcol.atic.blue\/tienda\/"},{"@type":"ListItem","position":3,"name":"Forcol Hormig\u00f3n H-25"}]},{"@type":"WebSite","@id":"https:\/\/forcol.atic.blue\/#website","url":"https:\/\/forcol.atic.blue\/","name":"Forcol","description":"","potentialAction":[{"@type":"SearchAction","target":{"@type":"EntryPoint","urlTemplate":"https:\/\/forcol.atic.blue\/?s={search_term_string}"},"query-input":{"@type":"PropertyValueSpecification","valueRequired":true,"valueName":"search_term_string"}}],"inLanguage":"fr-FR"}]}},"_links":{"self":[{"href":"https:\/\/forcol.atic.blue\/fr\/wp-json\/wp\/v2\/product\/757","targetHints":{"allow":["GET"]}}],"collection":[{"href":"https:\/\/forcol.atic.blue\/fr\/wp-json\/wp\/v2\/product"}],"about":[{"href":"https:\/\/forcol.atic.blue\/fr\/wp-json\/wp\/v2\/types\/product"}],"replies":[{"embeddable":true,"href":"https:\/\/forcol.atic.blue\/fr\/wp-json\/wp\/v2\/comments?post=757"}],"wp:featuredmedia":[{"embeddable":true,"href":"https:\/\/forcol.atic.blue\/fr\/wp-json\/wp\/v2\/media\/571"}],"wp:attachment":[{"href":"https:\/\/forcol.atic.blue\/fr\/wp-json\/wp\/v2\/media?parent=757"}],"wp:term":[{"taxonomy":"product_brand","embeddable":true,"href":"https:\/\/forcol.atic.blue\/fr\/wp-json\/wp\/v2\/product_brand?post=757"},{"taxonomy":"product_cat","embeddable":true,"href":"https:\/\/forcol.atic.blue\/fr\/wp-json\/wp\/v2\/product_cat?post=757"},{"taxonomy":"product_tag","embeddable":true,"href":"https:\/\/forcol.atic.blue\/fr\/wp-json\/wp\/v2\/product_tag?post=757"}],"curies":[{"name":"wp","href":"https:\/\/api.w.org\/{rel}","templated":true}]}}