{"id":761,"date":"2025-04-29T08:09:05","date_gmt":"2025-04-29T08:09:05","guid":{"rendered":"https:\/\/forcol.atic.blue\/producto\/mortier-rapide-forcol-15min\/"},"modified":"2025-05-28T15:06:23","modified_gmt":"2025-05-28T15:06:23","slug":"forcol-mortero-rapido-15min","status":"publish","type":"product","link":"https:\/\/forcol.atic.blue\/fr\/producto\/forcol-mortero-rapido-15min\/","title":{"rendered":"Forcol Mortero r\u00e1pido 15min"},"content":{"rendered":"<p>Mortier hydraulique \u00e0 prise et durcissement ultra-rapides. Convient \u00e0 la \ufb01xation d\u2019\u00e9l\u00e9ments de ma\u00e7onnerie.<\/p>\n","protected":false},"excerpt":{"rendered":"<p>Mortier hydraulique \u00e0 prise et durcissement ultra-rapides. Convient \u00e0 la \ufb01xation d\u2019\u00e9l\u00e9ments de ma\u00e7onnerie.<\/p>\n","protected":false},"featured_media":583,"comment_status":"open","ping_status":"closed","template":"","meta":{"_acf_changed":false},"product_brand":[],"product_cat":[43],"product_tag":[],"class_list":{"0":"post-761","1":"product","2":"type-product","3":"status-publish","4":"has-post-thumbnail","6":"product_cat-maconnerie","8":"first","9":"outofstock","10":"shipping-taxable","11":"product-type-variable"},"acf":[],"yoast_head":"<!-- This site is optimized with the Yoast SEO plugin v24.9 - https:\/\/yoast.com\/wordpress\/plugins\/seo\/ -->\n<title>Mortier ultra rapide pour fixations de ma\u00e7onnerie | Forcol<\/title>\n<meta name=\"description\" content=\"Mortier hydraulique \u00e0 prise ultra-rapide et durcissement en 15 minutes. Id\u00e9al pour les fixations rapides dans les travaux de ma\u00e7onnerie.\" \/>\n<meta name=\"robots\" content=\"noindex, follow, max-snippet:-1, max-image-preview:large, max-video-preview:-1\" \/>\n<meta property=\"og:locale\" content=\"fr_FR\" \/>\n<meta property=\"og:type\" content=\"article\" \/>\n<meta property=\"og:title\" content=\"Mortier ultra rapide pour fixations de ma\u00e7onnerie | Forcol\" \/>\n<meta property=\"og:description\" content=\"Mortier hydraulique \u00e0 prise ultra-rapide et durcissement en 15 minutes. Id\u00e9al pour les fixations rapides dans les travaux de ma\u00e7onnerie.\" \/>\n<meta property=\"og:url\" content=\"https:\/\/forcol.atic.blue\/fr\/producto\/forcol-mortero-rapido-15min\/\" \/>\n<meta property=\"og:site_name\" content=\"Forcol\" \/>\n<meta property=\"article:modified_time\" content=\"2025-05-28T15:06:23+00:00\" \/>\n<meta property=\"og:image\" content=\"https:\/\/forcol.atic.blue\/wp-content\/uploads\/2025\/04\/albanileria-mortero-rapida.png\" \/>\n\t<meta property=\"og:image:width\" content=\"436\" \/>\n\t<meta property=\"og:image:height\" content=\"880\" \/>\n\t<meta property=\"og:image:type\" content=\"image\/png\" \/>\n<meta name=\"twitter:card\" content=\"summary_large_image\" \/>\n<meta name=\"twitter:label1\" content=\"Dur\u00e9e de lecture estim\u00e9e\" \/>\n\t<meta name=\"twitter:data1\" content=\"1 minute\" \/>\n<script type=\"application\/ld+json\" class=\"yoast-schema-graph\">{\"@context\":\"https:\/\/schema.org\",\"@graph\":[{\"@type\":\"WebPage\",\"@id\":\"https:\/\/forcol.atic.blue\/fr\/producto\/forcol-mortero-rapido-15min\/\",\"url\":\"https:\/\/forcol.atic.blue\/fr\/producto\/forcol-mortero-rapido-15min\/\",\"name\":\"Mortier ultra rapide pour fixations de ma\u00e7onnerie | Forcol\",\"isPartOf\":{\"@id\":\"https:\/\/forcol.atic.blue\/#website\"},\"primaryImageOfPage\":{\"@id\":\"https:\/\/forcol.atic.blue\/fr\/producto\/forcol-mortero-rapido-15min\/#primaryimage\"},\"image\":{\"@id\":\"https:\/\/forcol.atic.blue\/fr\/producto\/forcol-mortero-rapido-15min\/#primaryimage\"},\"thumbnailUrl\":\"https:\/\/forcol.atic.blue\/wp-content\/uploads\/2025\/04\/albanileria-mortero-rapida.png\",\"datePublished\":\"2025-04-29T08:09:05+00:00\",\"dateModified\":\"2025-05-28T15:06:23+00:00\",\"description\":\"Mortier hydraulique \u00e0 prise ultra-rapide et durcissement en 15 minutes. Id\u00e9al pour les fixations rapides dans les travaux de ma\u00e7onnerie.\",\"breadcrumb\":{\"@id\":\"https:\/\/forcol.atic.blue\/fr\/producto\/forcol-mortero-rapido-15min\/#breadcrumb\"},\"inLanguage\":\"fr-FR\",\"potentialAction\":[{\"@type\":\"ReadAction\",\"target\":[\"https:\/\/forcol.atic.blue\/fr\/producto\/forcol-mortero-rapido-15min\/\"]}]},{\"@type\":\"ImageObject\",\"inLanguage\":\"fr-FR\",\"@id\":\"https:\/\/forcol.atic.blue\/fr\/producto\/forcol-mortero-rapido-15min\/#primaryimage\",\"url\":\"https:\/\/forcol.atic.blue\/wp-content\/uploads\/2025\/04\/albanileria-mortero-rapida.png\",\"contentUrl\":\"https:\/\/forcol.atic.blue\/wp-content\/uploads\/2025\/04\/albanileria-mortero-rapida.png\",\"width\":436,\"height\":880,\"caption\":\"mortero autonivelante secado r\u00e1pido\"},{\"@type\":\"BreadcrumbList\",\"@id\":\"https:\/\/forcol.atic.blue\/fr\/producto\/forcol-mortero-rapido-15min\/#breadcrumb\",\"itemListElement\":[{\"@type\":\"ListItem\",\"position\":1,\"name\":\"Portada\",\"item\":\"https:\/\/forcol.atic.blue\/\"},{\"@type\":\"ListItem\",\"position\":2,\"name\":\"Boutique\",\"item\":\"https:\/\/forcol.atic.blue\/tienda\/\"},{\"@type\":\"ListItem\",\"position\":3,\"name\":\"Forcol Mortero r\u00e1pido 15min\"}]},{\"@type\":\"WebSite\",\"@id\":\"https:\/\/forcol.atic.blue\/#website\",\"url\":\"https:\/\/forcol.atic.blue\/\",\"name\":\"Forcol\",\"description\":\"\",\"potentialAction\":[{\"@type\":\"SearchAction\",\"target\":{\"@type\":\"EntryPoint\",\"urlTemplate\":\"https:\/\/forcol.atic.blue\/?s={search_term_string}\"},\"query-input\":{\"@type\":\"PropertyValueSpecification\",\"valueRequired\":true,\"valueName\":\"search_term_string\"}}],\"inLanguage\":\"fr-FR\"}]}<\/script>\n<!-- \/ Yoast SEO plugin. -->","yoast_head_json":{"title":"Mortier ultra rapide pour fixations de ma\u00e7onnerie | Forcol","description":"Mortier hydraulique \u00e0 prise ultra-rapide et durcissement en 15 minutes. Id\u00e9al pour les fixations rapides dans les travaux de ma\u00e7onnerie.","robots":{"index":"noindex","follow":"follow","max-snippet":"max-snippet:-1","max-image-preview":"max-image-preview:large","max-video-preview":"max-video-preview:-1"},"og_locale":"fr_FR","og_type":"article","og_title":"Mortier ultra rapide pour fixations de ma\u00e7onnerie | Forcol","og_description":"Mortier hydraulique \u00e0 prise ultra-rapide et durcissement en 15 minutes. Id\u00e9al pour les fixations rapides dans les travaux de ma\u00e7onnerie.","og_url":"https:\/\/forcol.atic.blue\/fr\/producto\/forcol-mortero-rapido-15min\/","og_site_name":"Forcol","article_modified_time":"2025-05-28T15:06:23+00:00","og_image":[{"width":436,"height":880,"url":"https:\/\/forcol.atic.blue\/wp-content\/uploads\/2025\/04\/albanileria-mortero-rapida.png","type":"image\/png"}],"twitter_card":"summary_large_image","twitter_misc":{"Dur\u00e9e de lecture estim\u00e9e":"1 minute"},"schema":{"@context":"https:\/\/schema.org","@graph":[{"@type":"WebPage","@id":"https:\/\/forcol.atic.blue\/fr\/producto\/forcol-mortero-rapido-15min\/","url":"https:\/\/forcol.atic.blue\/fr\/producto\/forcol-mortero-rapido-15min\/","name":"Mortier ultra rapide pour fixations de ma\u00e7onnerie | Forcol","isPartOf":{"@id":"https:\/\/forcol.atic.blue\/#website"},"primaryImageOfPage":{"@id":"https:\/\/forcol.atic.blue\/fr\/producto\/forcol-mortero-rapido-15min\/#primaryimage"},"image":{"@id":"https:\/\/forcol.atic.blue\/fr\/producto\/forcol-mortero-rapido-15min\/#primaryimage"},"thumbnailUrl":"https:\/\/forcol.atic.blue\/wp-content\/uploads\/2025\/04\/albanileria-mortero-rapida.png","datePublished":"2025-04-29T08:09:05+00:00","dateModified":"2025-05-28T15:06:23+00:00","description":"Mortier hydraulique \u00e0 prise ultra-rapide et durcissement en 15 minutes. Id\u00e9al pour les fixations rapides dans les travaux de ma\u00e7onnerie.","breadcrumb":{"@id":"https:\/\/forcol.atic.blue\/fr\/producto\/forcol-mortero-rapido-15min\/#breadcrumb"},"inLanguage":"fr-FR","potentialAction":[{"@type":"ReadAction","target":["https:\/\/forcol.atic.blue\/fr\/producto\/forcol-mortero-rapido-15min\/"]}]},{"@type":"ImageObject","inLanguage":"fr-FR","@id":"https:\/\/forcol.atic.blue\/fr\/producto\/forcol-mortero-rapido-15min\/#primaryimage","url":"https:\/\/forcol.atic.blue\/wp-content\/uploads\/2025\/04\/albanileria-mortero-rapida.png","contentUrl":"https:\/\/forcol.atic.blue\/wp-content\/uploads\/2025\/04\/albanileria-mortero-rapida.png","width":436,"height":880,"caption":"mortero autonivelante secado r\u00e1pido"},{"@type":"BreadcrumbList","@id":"https:\/\/forcol.atic.blue\/fr\/producto\/forcol-mortero-rapido-15min\/#breadcrumb","itemListElement":[{"@type":"ListItem","position":1,"name":"Portada","item":"https:\/\/forcol.atic.blue\/"},{"@type":"ListItem","position":2,"name":"Boutique","item":"https:\/\/forcol.atic.blue\/tienda\/"},{"@type":"ListItem","position":3,"name":"Forcol Mortero r\u00e1pido 15min"}]},{"@type":"WebSite","@id":"https:\/\/forcol.atic.blue\/#website","url":"https:\/\/forcol.atic.blue\/","name":"Forcol","description":"","potentialAction":[{"@type":"SearchAction","target":{"@type":"EntryPoint","urlTemplate":"https:\/\/forcol.atic.blue\/?s={search_term_string}"},"query-input":{"@type":"PropertyValueSpecification","valueRequired":true,"valueName":"search_term_string"}}],"inLanguage":"fr-FR"}]}},"_links":{"self":[{"href":"https:\/\/forcol.atic.blue\/fr\/wp-json\/wp\/v2\/product\/761","targetHints":{"allow":["GET"]}}],"collection":[{"href":"https:\/\/forcol.atic.blue\/fr\/wp-json\/wp\/v2\/product"}],"about":[{"href":"https:\/\/forcol.atic.blue\/fr\/wp-json\/wp\/v2\/types\/product"}],"replies":[{"embeddable":true,"href":"https:\/\/forcol.atic.blue\/fr\/wp-json\/wp\/v2\/comments?post=761"}],"wp:featuredmedia":[{"embeddable":true,"href":"https:\/\/forcol.atic.blue\/fr\/wp-json\/wp\/v2\/media\/583"}],"wp:attachment":[{"href":"https:\/\/forcol.atic.blue\/fr\/wp-json\/wp\/v2\/media?parent=761"}],"wp:term":[{"taxonomy":"product_brand","embeddable":true,"href":"https:\/\/forcol.atic.blue\/fr\/wp-json\/wp\/v2\/product_brand?post=761"},{"taxonomy":"product_cat","embeddable":true,"href":"https:\/\/forcol.atic.blue\/fr\/wp-json\/wp\/v2\/product_cat?post=761"},{"taxonomy":"product_tag","embeddable":true,"href":"https:\/\/forcol.atic.blue\/fr\/wp-json\/wp\/v2\/product_tag?post=761"}],"curies":[{"name":"wp","href":"https:\/\/api.w.org\/{rel}","templated":true}]}}