{"id":764,"date":"2025-04-29T08:12:37","date_gmt":"2025-04-29T08:12:37","guid":{"rendered":"https:\/\/forcol.atic.blue\/producto\/forcol-autolevel-plus-50-fibr\/"},"modified":"2025-05-28T14:54:53","modified_gmt":"2025-05-28T14:54:53","slug":"forcol-autolevel-plus-50-fibr","status":"publish","type":"product","link":"https:\/\/forcol.atic.blue\/fr\/producto\/forcol-autolevel-plus-50-fibr\/","title":{"rendered":"Forcol Autolevel Plus 50 (FIBR)"},"content":{"rendered":"<p>Mortier autonivelant sp\u00e9cial \u00e0 base de ciment et \ufb02uide pour la chape et le nivellement des chauss\u00e9es d\u2019une \u00e9paisseur comprise entre 10 et 50 mm.<\/p>\n","protected":false},"excerpt":{"rendered":"<p>Mortier autonivelant sp\u00e9cial \u00e0 base de ciment et \ufb02uide pour la chape et le nivellement des chauss\u00e9es d\u2019une \u00e9paisseur comprise entre 10 et 50 mm.<\/p>\n","protected":false},"featured_media":592,"comment_status":"open","ping_status":"closed","template":"","meta":{"_acf_changed":false},"product_brand":[],"product_cat":[44],"product_tag":[],"class_list":{"0":"post-764","1":"product","2":"type-product","3":"status-publish","4":"has-post-thumbnail","6":"product_cat-mortiers-autonivelants","8":"first","9":"outofstock","10":"featured","11":"shipping-taxable","12":"product-type-variable"},"acf":[],"yoast_head":"<!-- This site is optimized with the Yoast SEO plugin v24.9 - https:\/\/yoast.com\/wordpress\/plugins\/seo\/ -->\n<title>Mortier fibr\u00e9 autonivelant pour chapes de 10 \u00e0 50 mm<\/title>\n<meta name=\"description\" content=\"Mortier de ciment autonivelant avec fibres, id\u00e9al pour niveler les sols entre eux. Fluidit\u00e9, r\u00e9sistance et durabilit\u00e9 \u00e0 l&#039;int\u00e9rieur et \u00e0 l&#039;ext\u00e9rieur.\" \/>\n<meta name=\"robots\" content=\"noindex, follow, max-snippet:-1, max-image-preview:large, max-video-preview:-1\" \/>\n<meta property=\"og:locale\" content=\"fr_FR\" \/>\n<meta property=\"og:type\" content=\"article\" \/>\n<meta property=\"og:title\" content=\"Mortier fibr\u00e9 autonivelant pour chapes de 10 \u00e0 50 mm\" \/>\n<meta property=\"og:description\" content=\"Mortier de ciment autonivelant avec fibres, id\u00e9al pour niveler les sols entre eux. Fluidit\u00e9, r\u00e9sistance et durabilit\u00e9 \u00e0 l&#039;int\u00e9rieur et \u00e0 l&#039;ext\u00e9rieur.\" \/>\n<meta property=\"og:url\" content=\"https:\/\/forcol.atic.blue\/fr\/producto\/forcol-autolevel-plus-50-fibr\/\" \/>\n<meta property=\"og:site_name\" content=\"Forcol\" \/>\n<meta property=\"article:modified_time\" content=\"2025-05-28T14:54:53+00:00\" \/>\n<meta property=\"og:image\" content=\"https:\/\/forcol.atic.blue\/wp-content\/uploads\/2025\/04\/autonivelante-ct-c25-f7.jpg\" \/>\n\t<meta property=\"og:image:width\" content=\"436\" \/>\n\t<meta property=\"og:image:height\" content=\"880\" \/>\n\t<meta property=\"og:image:type\" content=\"image\/jpeg\" \/>\n<meta name=\"twitter:card\" content=\"summary_large_image\" \/>\n<meta name=\"twitter:label1\" content=\"Dur\u00e9e de lecture estim\u00e9e\" \/>\n\t<meta name=\"twitter:data1\" content=\"1 minute\" \/>\n<script type=\"application\/ld+json\" class=\"yoast-schema-graph\">{\"@context\":\"https:\/\/schema.org\",\"@graph\":[{\"@type\":\"WebPage\",\"@id\":\"https:\/\/forcol.atic.blue\/fr\/producto\/forcol-autolevel-plus-50-fibr\/\",\"url\":\"https:\/\/forcol.atic.blue\/fr\/producto\/forcol-autolevel-plus-50-fibr\/\",\"name\":\"Mortier fibr\u00e9 autonivelant pour chapes de 10 \u00e0 50 mm\",\"isPartOf\":{\"@id\":\"https:\/\/forcol.atic.blue\/#website\"},\"primaryImageOfPage\":{\"@id\":\"https:\/\/forcol.atic.blue\/fr\/producto\/forcol-autolevel-plus-50-fibr\/#primaryimage\"},\"image\":{\"@id\":\"https:\/\/forcol.atic.blue\/fr\/producto\/forcol-autolevel-plus-50-fibr\/#primaryimage\"},\"thumbnailUrl\":\"https:\/\/forcol.atic.blue\/wp-content\/uploads\/2025\/04\/autonivelante-ct-c25-f7.jpg\",\"datePublished\":\"2025-04-29T08:12:37+00:00\",\"dateModified\":\"2025-05-28T14:54:53+00:00\",\"description\":\"Mortier de ciment autonivelant avec fibres, id\u00e9al pour niveler les sols entre eux. Fluidit\u00e9, r\u00e9sistance et durabilit\u00e9 \u00e0 l'int\u00e9rieur et \u00e0 l'ext\u00e9rieur.\",\"breadcrumb\":{\"@id\":\"https:\/\/forcol.atic.blue\/fr\/producto\/forcol-autolevel-plus-50-fibr\/#breadcrumb\"},\"inLanguage\":\"fr-FR\",\"potentialAction\":[{\"@type\":\"ReadAction\",\"target\":[\"https:\/\/forcol.atic.blue\/fr\/producto\/forcol-autolevel-plus-50-fibr\/\"]}]},{\"@type\":\"ImageObject\",\"inLanguage\":\"fr-FR\",\"@id\":\"https:\/\/forcol.atic.blue\/fr\/producto\/forcol-autolevel-plus-50-fibr\/#primaryimage\",\"url\":\"https:\/\/forcol.atic.blue\/wp-content\/uploads\/2025\/04\/autonivelante-ct-c25-f7.jpg\",\"contentUrl\":\"https:\/\/forcol.atic.blue\/wp-content\/uploads\/2025\/04\/autonivelante-ct-c25-f7.jpg\",\"width\":436,\"height\":880},{\"@type\":\"BreadcrumbList\",\"@id\":\"https:\/\/forcol.atic.blue\/fr\/producto\/forcol-autolevel-plus-50-fibr\/#breadcrumb\",\"itemListElement\":[{\"@type\":\"ListItem\",\"position\":1,\"name\":\"Portada\",\"item\":\"https:\/\/forcol.atic.blue\/\"},{\"@type\":\"ListItem\",\"position\":2,\"name\":\"Boutique\",\"item\":\"https:\/\/forcol.atic.blue\/tienda\/\"},{\"@type\":\"ListItem\",\"position\":3,\"name\":\"Forcol Autolevel Plus 50 (FIBR)\"}]},{\"@type\":\"WebSite\",\"@id\":\"https:\/\/forcol.atic.blue\/#website\",\"url\":\"https:\/\/forcol.atic.blue\/\",\"name\":\"Forcol\",\"description\":\"\",\"potentialAction\":[{\"@type\":\"SearchAction\",\"target\":{\"@type\":\"EntryPoint\",\"urlTemplate\":\"https:\/\/forcol.atic.blue\/?s={search_term_string}\"},\"query-input\":{\"@type\":\"PropertyValueSpecification\",\"valueRequired\":true,\"valueName\":\"search_term_string\"}}],\"inLanguage\":\"fr-FR\"}]}<\/script>\n<!-- \/ Yoast SEO plugin. -->","yoast_head_json":{"title":"Mortier fibr\u00e9 autonivelant pour chapes de 10 \u00e0 50 mm","description":"Mortier de ciment autonivelant avec fibres, id\u00e9al pour niveler les sols entre eux. Fluidit\u00e9, r\u00e9sistance et durabilit\u00e9 \u00e0 l'int\u00e9rieur et \u00e0 l'ext\u00e9rieur.","robots":{"index":"noindex","follow":"follow","max-snippet":"max-snippet:-1","max-image-preview":"max-image-preview:large","max-video-preview":"max-video-preview:-1"},"og_locale":"fr_FR","og_type":"article","og_title":"Mortier fibr\u00e9 autonivelant pour chapes de 10 \u00e0 50 mm","og_description":"Mortier de ciment autonivelant avec fibres, id\u00e9al pour niveler les sols entre eux. Fluidit\u00e9, r\u00e9sistance et durabilit\u00e9 \u00e0 l'int\u00e9rieur et \u00e0 l'ext\u00e9rieur.","og_url":"https:\/\/forcol.atic.blue\/fr\/producto\/forcol-autolevel-plus-50-fibr\/","og_site_name":"Forcol","article_modified_time":"2025-05-28T14:54:53+00:00","og_image":[{"width":436,"height":880,"url":"https:\/\/forcol.atic.blue\/wp-content\/uploads\/2025\/04\/autonivelante-ct-c25-f7.jpg","type":"image\/jpeg"}],"twitter_card":"summary_large_image","twitter_misc":{"Dur\u00e9e de lecture estim\u00e9e":"1 minute"},"schema":{"@context":"https:\/\/schema.org","@graph":[{"@type":"WebPage","@id":"https:\/\/forcol.atic.blue\/fr\/producto\/forcol-autolevel-plus-50-fibr\/","url":"https:\/\/forcol.atic.blue\/fr\/producto\/forcol-autolevel-plus-50-fibr\/","name":"Mortier fibr\u00e9 autonivelant pour chapes de 10 \u00e0 50 mm","isPartOf":{"@id":"https:\/\/forcol.atic.blue\/#website"},"primaryImageOfPage":{"@id":"https:\/\/forcol.atic.blue\/fr\/producto\/forcol-autolevel-plus-50-fibr\/#primaryimage"},"image":{"@id":"https:\/\/forcol.atic.blue\/fr\/producto\/forcol-autolevel-plus-50-fibr\/#primaryimage"},"thumbnailUrl":"https:\/\/forcol.atic.blue\/wp-content\/uploads\/2025\/04\/autonivelante-ct-c25-f7.jpg","datePublished":"2025-04-29T08:12:37+00:00","dateModified":"2025-05-28T14:54:53+00:00","description":"Mortier de ciment autonivelant avec fibres, id\u00e9al pour niveler les sols entre eux. Fluidit\u00e9, r\u00e9sistance et durabilit\u00e9 \u00e0 l'int\u00e9rieur et \u00e0 l'ext\u00e9rieur.","breadcrumb":{"@id":"https:\/\/forcol.atic.blue\/fr\/producto\/forcol-autolevel-plus-50-fibr\/#breadcrumb"},"inLanguage":"fr-FR","potentialAction":[{"@type":"ReadAction","target":["https:\/\/forcol.atic.blue\/fr\/producto\/forcol-autolevel-plus-50-fibr\/"]}]},{"@type":"ImageObject","inLanguage":"fr-FR","@id":"https:\/\/forcol.atic.blue\/fr\/producto\/forcol-autolevel-plus-50-fibr\/#primaryimage","url":"https:\/\/forcol.atic.blue\/wp-content\/uploads\/2025\/04\/autonivelante-ct-c25-f7.jpg","contentUrl":"https:\/\/forcol.atic.blue\/wp-content\/uploads\/2025\/04\/autonivelante-ct-c25-f7.jpg","width":436,"height":880},{"@type":"BreadcrumbList","@id":"https:\/\/forcol.atic.blue\/fr\/producto\/forcol-autolevel-plus-50-fibr\/#breadcrumb","itemListElement":[{"@type":"ListItem","position":1,"name":"Portada","item":"https:\/\/forcol.atic.blue\/"},{"@type":"ListItem","position":2,"name":"Boutique","item":"https:\/\/forcol.atic.blue\/tienda\/"},{"@type":"ListItem","position":3,"name":"Forcol Autolevel Plus 50 (FIBR)"}]},{"@type":"WebSite","@id":"https:\/\/forcol.atic.blue\/#website","url":"https:\/\/forcol.atic.blue\/","name":"Forcol","description":"","potentialAction":[{"@type":"SearchAction","target":{"@type":"EntryPoint","urlTemplate":"https:\/\/forcol.atic.blue\/?s={search_term_string}"},"query-input":{"@type":"PropertyValueSpecification","valueRequired":true,"valueName":"search_term_string"}}],"inLanguage":"fr-FR"}]}},"_links":{"self":[{"href":"https:\/\/forcol.atic.blue\/fr\/wp-json\/wp\/v2\/product\/764","targetHints":{"allow":["GET"]}}],"collection":[{"href":"https:\/\/forcol.atic.blue\/fr\/wp-json\/wp\/v2\/product"}],"about":[{"href":"https:\/\/forcol.atic.blue\/fr\/wp-json\/wp\/v2\/types\/product"}],"replies":[{"embeddable":true,"href":"https:\/\/forcol.atic.blue\/fr\/wp-json\/wp\/v2\/comments?post=764"}],"wp:featuredmedia":[{"embeddable":true,"href":"https:\/\/forcol.atic.blue\/fr\/wp-json\/wp\/v2\/media\/592"}],"wp:attachment":[{"href":"https:\/\/forcol.atic.blue\/fr\/wp-json\/wp\/v2\/media?parent=764"}],"wp:term":[{"taxonomy":"product_brand","embeddable":true,"href":"https:\/\/forcol.atic.blue\/fr\/wp-json\/wp\/v2\/product_brand?post=764"},{"taxonomy":"product_cat","embeddable":true,"href":"https:\/\/forcol.atic.blue\/fr\/wp-json\/wp\/v2\/product_cat?post=764"},{"taxonomy":"product_tag","embeddable":true,"href":"https:\/\/forcol.atic.blue\/fr\/wp-json\/wp\/v2\/product_tag?post=764"}],"curies":[{"name":"wp","href":"https:\/\/api.w.org\/{rel}","templated":true}]}}