{"id":765,"date":"2025-04-29T08:13:19","date_gmt":"2025-04-29T08:13:19","guid":{"rendered":"https:\/\/forcol.atic.blue\/producto\/forcol-juntaflex\/"},"modified":"2025-05-28T14:47:31","modified_gmt":"2025-05-28T14:47:31","slug":"forcol-juntaflex","status":"publish","type":"product","link":"https:\/\/forcol.atic.blue\/fr\/producto\/forcol-juntaflex\/","title":{"rendered":"Forcol Juntaflex"},"content":{"rendered":"<p>JUNTAFLEX<br \/>\nMat\u00e9riau de jointoiement CG2 A W pour l\u2019\u00e9tanch\u00e9it\u00e9 des joints de 0 \u00e0 16 mm d\u2019\u00e9paisseur. Fongicide. Hydrofuge. Con\u00e7u pour remplir les joints d\u2019installation \u00e0 l\u2019int\u00e9rieur et \u00e0 l\u2019ext\u00e9rieur, ainsi que dans les piscines. Gamme de 10 couleurs intenses et permanentes sans efflorescence. Disponible en sac de 5 kg et en sac de 25 kg.<\/p>\n","protected":false},"excerpt":{"rendered":"<p>JUNTAFLEX Mat\u00e9riau de jointoiement CG2 A W pour l\u2019\u00e9tanch\u00e9it\u00e9 des joints de 0 \u00e0 16 mm d\u2019\u00e9paisseur. Fongicide. Hydrofuge. Con\u00e7u pour remplir les joints d\u2019installation \u00e0 l\u2019int\u00e9rieur et \u00e0 l\u2019ext\u00e9rieur, ainsi que dans les piscines. Gamme de 10 couleurs intenses et permanentes sans efflorescence. Disponible en sac de 5 kg et en sac de 25 [&hellip;]<\/p>\n","protected":false},"featured_media":595,"comment_status":"open","ping_status":"closed","template":"","meta":{"_acf_changed":false},"product_brand":[],"product_cat":[45],"product_tag":[],"class_list":{"0":"post-765","1":"product","2":"type-product","3":"status-publish","4":"has-post-thumbnail","6":"product_cat-produits-de-jointoiement","8":"first","9":"outofstock","10":"shipping-taxable","11":"product-type-variable"},"acf":[],"yoast_head":"<!-- This site is optimized with the Yoast SEO plugin v24.9 - https:\/\/yoast.com\/wordpress\/plugins\/seo\/ -->\n<title>Mortier flexible avec une finition durable | Forcol<\/title>\n<meta name=\"description\" content=\"Coulis de ciment flexible pour joints jusqu&#039;\u00e0 16 mm. Id\u00e9al pour jointoiement de la c\u00e9ramique, de la mosa\u00efque et de la pierre \u00e0 l&#039;int\u00e9rieur et \u00e0 l&#039;ext\u00e9rieur.\" \/>\n<meta name=\"robots\" content=\"noindex, follow, max-snippet:-1, max-image-preview:large, max-video-preview:-1\" \/>\n<meta property=\"og:locale\" content=\"fr_FR\" \/>\n<meta property=\"og:type\" content=\"article\" \/>\n<meta property=\"og:title\" content=\"Mortier flexible avec une finition durable | Forcol\" \/>\n<meta property=\"og:description\" content=\"Coulis de ciment flexible pour joints jusqu&#039;\u00e0 16 mm. Id\u00e9al pour jointoiement de la c\u00e9ramique, de la mosa\u00efque et de la pierre \u00e0 l&#039;int\u00e9rieur et \u00e0 l&#039;ext\u00e9rieur.\" \/>\n<meta property=\"og:url\" content=\"https:\/\/forcol.atic.blue\/fr\/producto\/forcol-juntaflex\/\" \/>\n<meta property=\"og:site_name\" content=\"Forcol\" \/>\n<meta property=\"article:modified_time\" content=\"2025-05-28T14:47:31+00:00\" \/>\n<meta property=\"og:image\" content=\"https:\/\/forcol.atic.blue\/wp-content\/uploads\/2025\/04\/producto-rejuntado-juntaflex.jpg\" \/>\n\t<meta property=\"og:image:width\" content=\"436\" \/>\n\t<meta property=\"og:image:height\" content=\"636\" \/>\n\t<meta property=\"og:image:type\" content=\"image\/jpeg\" \/>\n<meta name=\"twitter:card\" content=\"summary_large_image\" \/>\n<meta name=\"twitter:label1\" content=\"Dur\u00e9e de lecture estim\u00e9e\" \/>\n\t<meta name=\"twitter:data1\" content=\"1 minute\" \/>\n<script type=\"application\/ld+json\" class=\"yoast-schema-graph\">{\"@context\":\"https:\/\/schema.org\",\"@graph\":[{\"@type\":\"WebPage\",\"@id\":\"https:\/\/forcol.atic.blue\/fr\/producto\/forcol-juntaflex\/\",\"url\":\"https:\/\/forcol.atic.blue\/fr\/producto\/forcol-juntaflex\/\",\"name\":\"Mortier flexible avec une finition durable | Forcol\",\"isPartOf\":{\"@id\":\"https:\/\/forcol.atic.blue\/#website\"},\"primaryImageOfPage\":{\"@id\":\"https:\/\/forcol.atic.blue\/fr\/producto\/forcol-juntaflex\/#primaryimage\"},\"image\":{\"@id\":\"https:\/\/forcol.atic.blue\/fr\/producto\/forcol-juntaflex\/#primaryimage\"},\"thumbnailUrl\":\"https:\/\/forcol.atic.blue\/wp-content\/uploads\/2025\/04\/producto-rejuntado-juntaflex.jpg\",\"datePublished\":\"2025-04-29T08:13:19+00:00\",\"dateModified\":\"2025-05-28T14:47:31+00:00\",\"description\":\"Coulis de ciment flexible pour joints jusqu'\u00e0 16 mm. Id\u00e9al pour jointoiement de la c\u00e9ramique, de la mosa\u00efque et de la pierre \u00e0 l'int\u00e9rieur et \u00e0 l'ext\u00e9rieur.\",\"breadcrumb\":{\"@id\":\"https:\/\/forcol.atic.blue\/fr\/producto\/forcol-juntaflex\/#breadcrumb\"},\"inLanguage\":\"fr-FR\",\"potentialAction\":[{\"@type\":\"ReadAction\",\"target\":[\"https:\/\/forcol.atic.blue\/fr\/producto\/forcol-juntaflex\/\"]}]},{\"@type\":\"ImageObject\",\"inLanguage\":\"fr-FR\",\"@id\":\"https:\/\/forcol.atic.blue\/fr\/producto\/forcol-juntaflex\/#primaryimage\",\"url\":\"https:\/\/forcol.atic.blue\/wp-content\/uploads\/2025\/04\/producto-rejuntado-juntaflex.jpg\",\"contentUrl\":\"https:\/\/forcol.atic.blue\/wp-content\/uploads\/2025\/04\/producto-rejuntado-juntaflex.jpg\",\"width\":436,\"height\":636},{\"@type\":\"BreadcrumbList\",\"@id\":\"https:\/\/forcol.atic.blue\/fr\/producto\/forcol-juntaflex\/#breadcrumb\",\"itemListElement\":[{\"@type\":\"ListItem\",\"position\":1,\"name\":\"Portada\",\"item\":\"https:\/\/forcol.atic.blue\/\"},{\"@type\":\"ListItem\",\"position\":2,\"name\":\"Boutique\",\"item\":\"https:\/\/forcol.atic.blue\/tienda\/\"},{\"@type\":\"ListItem\",\"position\":3,\"name\":\"Forcol Juntaflex\"}]},{\"@type\":\"WebSite\",\"@id\":\"https:\/\/forcol.atic.blue\/#website\",\"url\":\"https:\/\/forcol.atic.blue\/\",\"name\":\"Forcol\",\"description\":\"\",\"potentialAction\":[{\"@type\":\"SearchAction\",\"target\":{\"@type\":\"EntryPoint\",\"urlTemplate\":\"https:\/\/forcol.atic.blue\/?s={search_term_string}\"},\"query-input\":{\"@type\":\"PropertyValueSpecification\",\"valueRequired\":true,\"valueName\":\"search_term_string\"}}],\"inLanguage\":\"fr-FR\"}]}<\/script>\n<!-- \/ Yoast SEO plugin. -->","yoast_head_json":{"title":"Mortier flexible avec une finition durable | Forcol","description":"Coulis de ciment flexible pour joints jusqu'\u00e0 16 mm. Id\u00e9al pour jointoiement de la c\u00e9ramique, de la mosa\u00efque et de la pierre \u00e0 l'int\u00e9rieur et \u00e0 l'ext\u00e9rieur.","robots":{"index":"noindex","follow":"follow","max-snippet":"max-snippet:-1","max-image-preview":"max-image-preview:large","max-video-preview":"max-video-preview:-1"},"og_locale":"fr_FR","og_type":"article","og_title":"Mortier flexible avec une finition durable | Forcol","og_description":"Coulis de ciment flexible pour joints jusqu'\u00e0 16 mm. Id\u00e9al pour jointoiement de la c\u00e9ramique, de la mosa\u00efque et de la pierre \u00e0 l'int\u00e9rieur et \u00e0 l'ext\u00e9rieur.","og_url":"https:\/\/forcol.atic.blue\/fr\/producto\/forcol-juntaflex\/","og_site_name":"Forcol","article_modified_time":"2025-05-28T14:47:31+00:00","og_image":[{"width":436,"height":636,"url":"https:\/\/forcol.atic.blue\/wp-content\/uploads\/2025\/04\/producto-rejuntado-juntaflex.jpg","type":"image\/jpeg"}],"twitter_card":"summary_large_image","twitter_misc":{"Dur\u00e9e de lecture estim\u00e9e":"1 minute"},"schema":{"@context":"https:\/\/schema.org","@graph":[{"@type":"WebPage","@id":"https:\/\/forcol.atic.blue\/fr\/producto\/forcol-juntaflex\/","url":"https:\/\/forcol.atic.blue\/fr\/producto\/forcol-juntaflex\/","name":"Mortier flexible avec une finition durable | Forcol","isPartOf":{"@id":"https:\/\/forcol.atic.blue\/#website"},"primaryImageOfPage":{"@id":"https:\/\/forcol.atic.blue\/fr\/producto\/forcol-juntaflex\/#primaryimage"},"image":{"@id":"https:\/\/forcol.atic.blue\/fr\/producto\/forcol-juntaflex\/#primaryimage"},"thumbnailUrl":"https:\/\/forcol.atic.blue\/wp-content\/uploads\/2025\/04\/producto-rejuntado-juntaflex.jpg","datePublished":"2025-04-29T08:13:19+00:00","dateModified":"2025-05-28T14:47:31+00:00","description":"Coulis de ciment flexible pour joints jusqu'\u00e0 16 mm. Id\u00e9al pour jointoiement de la c\u00e9ramique, de la mosa\u00efque et de la pierre \u00e0 l'int\u00e9rieur et \u00e0 l'ext\u00e9rieur.","breadcrumb":{"@id":"https:\/\/forcol.atic.blue\/fr\/producto\/forcol-juntaflex\/#breadcrumb"},"inLanguage":"fr-FR","potentialAction":[{"@type":"ReadAction","target":["https:\/\/forcol.atic.blue\/fr\/producto\/forcol-juntaflex\/"]}]},{"@type":"ImageObject","inLanguage":"fr-FR","@id":"https:\/\/forcol.atic.blue\/fr\/producto\/forcol-juntaflex\/#primaryimage","url":"https:\/\/forcol.atic.blue\/wp-content\/uploads\/2025\/04\/producto-rejuntado-juntaflex.jpg","contentUrl":"https:\/\/forcol.atic.blue\/wp-content\/uploads\/2025\/04\/producto-rejuntado-juntaflex.jpg","width":436,"height":636},{"@type":"BreadcrumbList","@id":"https:\/\/forcol.atic.blue\/fr\/producto\/forcol-juntaflex\/#breadcrumb","itemListElement":[{"@type":"ListItem","position":1,"name":"Portada","item":"https:\/\/forcol.atic.blue\/"},{"@type":"ListItem","position":2,"name":"Boutique","item":"https:\/\/forcol.atic.blue\/tienda\/"},{"@type":"ListItem","position":3,"name":"Forcol Juntaflex"}]},{"@type":"WebSite","@id":"https:\/\/forcol.atic.blue\/#website","url":"https:\/\/forcol.atic.blue\/","name":"Forcol","description":"","potentialAction":[{"@type":"SearchAction","target":{"@type":"EntryPoint","urlTemplate":"https:\/\/forcol.atic.blue\/?s={search_term_string}"},"query-input":{"@type":"PropertyValueSpecification","valueRequired":true,"valueName":"search_term_string"}}],"inLanguage":"fr-FR"}]}},"_links":{"self":[{"href":"https:\/\/forcol.atic.blue\/fr\/wp-json\/wp\/v2\/product\/765","targetHints":{"allow":["GET"]}}],"collection":[{"href":"https:\/\/forcol.atic.blue\/fr\/wp-json\/wp\/v2\/product"}],"about":[{"href":"https:\/\/forcol.atic.blue\/fr\/wp-json\/wp\/v2\/types\/product"}],"replies":[{"embeddable":true,"href":"https:\/\/forcol.atic.blue\/fr\/wp-json\/wp\/v2\/comments?post=765"}],"wp:featuredmedia":[{"embeddable":true,"href":"https:\/\/forcol.atic.blue\/fr\/wp-json\/wp\/v2\/media\/595"}],"wp:attachment":[{"href":"https:\/\/forcol.atic.blue\/fr\/wp-json\/wp\/v2\/media?parent=765"}],"wp:term":[{"taxonomy":"product_brand","embeddable":true,"href":"https:\/\/forcol.atic.blue\/fr\/wp-json\/wp\/v2\/product_brand?post=765"},{"taxonomy":"product_cat","embeddable":true,"href":"https:\/\/forcol.atic.blue\/fr\/wp-json\/wp\/v2\/product_cat?post=765"},{"taxonomy":"product_tag","embeddable":true,"href":"https:\/\/forcol.atic.blue\/fr\/wp-json\/wp\/v2\/product_tag?post=765"}],"curies":[{"name":"wp","href":"https:\/\/api.w.org\/{rel}","templated":true}]}}