{"id":766,"date":"2025-04-29T08:14:00","date_gmt":"2025-04-29T08:14:00","guid":{"rendered":"https:\/\/forcol.atic.blue\/producto\/nettoyant-pour-joints-forcol\/"},"modified":"2025-05-28T14:37:39","modified_gmt":"2025-05-28T14:37:39","slug":"forcol-limpiajuntas","status":"publish","type":"product","link":"https:\/\/forcol.atic.blue\/fr\/producto\/forcol-limpiajuntas\/","title":{"rendered":"Forcol Limpiajuntas"},"content":{"rendered":"<p>Produit sp\u00e9cialement con\u00e7u pour le nettoyage des carreaux de c\u00e9ramique et des mosa\u00efques de toutes sortes, sur les sols, les murs et les fa\u00e7a-des, \u00e0 l\u2019int\u00e9rieur et \u00e0 l\u2019ext\u00e9rieur. Convient pour l\u2019\u00e9limination des efflorescences et du salp\u00eatre. Dis-ponible en bouteilles de 1 Lt, 5 Lt et 25 Lt.<\/p>\n","protected":false},"excerpt":{"rendered":"<p>Produit sp\u00e9cialement con\u00e7u pour le nettoyage des carreaux de c\u00e9ramique et des mosa\u00efques de toutes sortes, sur les sols, les murs et les fa\u00e7a-des, \u00e0 l\u2019int\u00e9rieur et \u00e0 l\u2019ext\u00e9rieur. Convient pour l\u2019\u00e9limination des efflorescences et du salp\u00eatre. Dis-ponible en bouteilles de 1 Lt, 5 Lt et 25 Lt.<\/p>\n","protected":false},"featured_media":598,"comment_status":"open","ping_status":"closed","template":"","meta":{"_acf_changed":false},"product_brand":[],"product_cat":[45],"product_tag":[],"class_list":{"0":"post-766","1":"product","2":"type-product","3":"status-publish","4":"has-post-thumbnail","6":"product_cat-produits-de-jointoiement","8":"first","9":"outofstock","10":"shipping-taxable","11":"product-type-variable"},"acf":[],"yoast_head":"<!-- This site is optimized with the Yoast SEO plugin v24.9 - https:\/\/yoast.com\/wordpress\/plugins\/seo\/ -->\n<title>Nettoyage complet avec des nettoyants pour joints de qualit\u00e9<\/title>\n<meta name=\"description\" content=\"\u00c9liminez les r\u00e9sidus de ciment et la salet\u00e9 des joints c\u00e9ramiques avec notre nettoyant pour joints. Des surfaces aux finitions impeccables.\" \/>\n<meta name=\"robots\" content=\"noindex, follow, max-snippet:-1, max-image-preview:large, max-video-preview:-1\" \/>\n<meta property=\"og:locale\" content=\"fr_FR\" \/>\n<meta property=\"og:type\" content=\"article\" \/>\n<meta property=\"og:title\" content=\"Nettoyage complet avec des nettoyants pour joints de qualit\u00e9\" \/>\n<meta property=\"og:description\" content=\"\u00c9liminez les r\u00e9sidus de ciment et la salet\u00e9 des joints c\u00e9ramiques avec notre nettoyant pour joints. Des surfaces aux finitions impeccables.\" \/>\n<meta property=\"og:url\" content=\"https:\/\/forcol.atic.blue\/fr\/producto\/forcol-limpiajuntas\/\" \/>\n<meta property=\"og:site_name\" content=\"Forcol\" \/>\n<meta property=\"article:modified_time\" content=\"2025-05-28T14:37:39+00:00\" \/>\n<meta property=\"og:image\" content=\"https:\/\/forcol.atic.blue\/wp-content\/uploads\/2025\/04\/producto-rejuntado-limpiajuntas.jpg\" \/>\n\t<meta property=\"og:image:width\" content=\"386\" \/>\n\t<meta property=\"og:image:height\" content=\"616\" \/>\n\t<meta property=\"og:image:type\" content=\"image\/jpeg\" \/>\n<meta name=\"twitter:card\" content=\"summary_large_image\" \/>\n<meta name=\"twitter:label1\" content=\"Dur\u00e9e de lecture estim\u00e9e\" \/>\n\t<meta name=\"twitter:data1\" content=\"1 minute\" \/>\n<script type=\"application\/ld+json\" class=\"yoast-schema-graph\">{\"@context\":\"https:\/\/schema.org\",\"@graph\":[{\"@type\":\"WebPage\",\"@id\":\"https:\/\/forcol.atic.blue\/fr\/producto\/forcol-limpiajuntas\/\",\"url\":\"https:\/\/forcol.atic.blue\/fr\/producto\/forcol-limpiajuntas\/\",\"name\":\"Nettoyage complet avec des nettoyants pour joints de qualit\u00e9\",\"isPartOf\":{\"@id\":\"https:\/\/forcol.atic.blue\/#website\"},\"primaryImageOfPage\":{\"@id\":\"https:\/\/forcol.atic.blue\/fr\/producto\/forcol-limpiajuntas\/#primaryimage\"},\"image\":{\"@id\":\"https:\/\/forcol.atic.blue\/fr\/producto\/forcol-limpiajuntas\/#primaryimage\"},\"thumbnailUrl\":\"https:\/\/forcol.atic.blue\/wp-content\/uploads\/2025\/04\/producto-rejuntado-limpiajuntas.jpg\",\"datePublished\":\"2025-04-29T08:14:00+00:00\",\"dateModified\":\"2025-05-28T14:37:39+00:00\",\"description\":\"\u00c9liminez les r\u00e9sidus de ciment et la salet\u00e9 des joints c\u00e9ramiques avec notre nettoyant pour joints. Des surfaces aux finitions impeccables.\",\"breadcrumb\":{\"@id\":\"https:\/\/forcol.atic.blue\/fr\/producto\/forcol-limpiajuntas\/#breadcrumb\"},\"inLanguage\":\"fr-FR\",\"potentialAction\":[{\"@type\":\"ReadAction\",\"target\":[\"https:\/\/forcol.atic.blue\/fr\/producto\/forcol-limpiajuntas\/\"]}]},{\"@type\":\"ImageObject\",\"inLanguage\":\"fr-FR\",\"@id\":\"https:\/\/forcol.atic.blue\/fr\/producto\/forcol-limpiajuntas\/#primaryimage\",\"url\":\"https:\/\/forcol.atic.blue\/wp-content\/uploads\/2025\/04\/producto-rejuntado-limpiajuntas.jpg\",\"contentUrl\":\"https:\/\/forcol.atic.blue\/wp-content\/uploads\/2025\/04\/producto-rejuntado-limpiajuntas.jpg\",\"width\":386,\"height\":616},{\"@type\":\"BreadcrumbList\",\"@id\":\"https:\/\/forcol.atic.blue\/fr\/producto\/forcol-limpiajuntas\/#breadcrumb\",\"itemListElement\":[{\"@type\":\"ListItem\",\"position\":1,\"name\":\"Portada\",\"item\":\"https:\/\/forcol.atic.blue\/\"},{\"@type\":\"ListItem\",\"position\":2,\"name\":\"Boutique\",\"item\":\"https:\/\/forcol.atic.blue\/tienda\/\"},{\"@type\":\"ListItem\",\"position\":3,\"name\":\"Forcol Limpiajuntas\"}]},{\"@type\":\"WebSite\",\"@id\":\"https:\/\/forcol.atic.blue\/#website\",\"url\":\"https:\/\/forcol.atic.blue\/\",\"name\":\"Forcol\",\"description\":\"\",\"potentialAction\":[{\"@type\":\"SearchAction\",\"target\":{\"@type\":\"EntryPoint\",\"urlTemplate\":\"https:\/\/forcol.atic.blue\/?s={search_term_string}\"},\"query-input\":{\"@type\":\"PropertyValueSpecification\",\"valueRequired\":true,\"valueName\":\"search_term_string\"}}],\"inLanguage\":\"fr-FR\"}]}<\/script>\n<!-- \/ Yoast SEO plugin. -->","yoast_head_json":{"title":"Nettoyage complet avec des nettoyants pour joints de qualit\u00e9","description":"\u00c9liminez les r\u00e9sidus de ciment et la salet\u00e9 des joints c\u00e9ramiques avec notre nettoyant pour joints. Des surfaces aux finitions impeccables.","robots":{"index":"noindex","follow":"follow","max-snippet":"max-snippet:-1","max-image-preview":"max-image-preview:large","max-video-preview":"max-video-preview:-1"},"og_locale":"fr_FR","og_type":"article","og_title":"Nettoyage complet avec des nettoyants pour joints de qualit\u00e9","og_description":"\u00c9liminez les r\u00e9sidus de ciment et la salet\u00e9 des joints c\u00e9ramiques avec notre nettoyant pour joints. Des surfaces aux finitions impeccables.","og_url":"https:\/\/forcol.atic.blue\/fr\/producto\/forcol-limpiajuntas\/","og_site_name":"Forcol","article_modified_time":"2025-05-28T14:37:39+00:00","og_image":[{"width":386,"height":616,"url":"https:\/\/forcol.atic.blue\/wp-content\/uploads\/2025\/04\/producto-rejuntado-limpiajuntas.jpg","type":"image\/jpeg"}],"twitter_card":"summary_large_image","twitter_misc":{"Dur\u00e9e de lecture estim\u00e9e":"1 minute"},"schema":{"@context":"https:\/\/schema.org","@graph":[{"@type":"WebPage","@id":"https:\/\/forcol.atic.blue\/fr\/producto\/forcol-limpiajuntas\/","url":"https:\/\/forcol.atic.blue\/fr\/producto\/forcol-limpiajuntas\/","name":"Nettoyage complet avec des nettoyants pour joints de qualit\u00e9","isPartOf":{"@id":"https:\/\/forcol.atic.blue\/#website"},"primaryImageOfPage":{"@id":"https:\/\/forcol.atic.blue\/fr\/producto\/forcol-limpiajuntas\/#primaryimage"},"image":{"@id":"https:\/\/forcol.atic.blue\/fr\/producto\/forcol-limpiajuntas\/#primaryimage"},"thumbnailUrl":"https:\/\/forcol.atic.blue\/wp-content\/uploads\/2025\/04\/producto-rejuntado-limpiajuntas.jpg","datePublished":"2025-04-29T08:14:00+00:00","dateModified":"2025-05-28T14:37:39+00:00","description":"\u00c9liminez les r\u00e9sidus de ciment et la salet\u00e9 des joints c\u00e9ramiques avec notre nettoyant pour joints. Des surfaces aux finitions impeccables.","breadcrumb":{"@id":"https:\/\/forcol.atic.blue\/fr\/producto\/forcol-limpiajuntas\/#breadcrumb"},"inLanguage":"fr-FR","potentialAction":[{"@type":"ReadAction","target":["https:\/\/forcol.atic.blue\/fr\/producto\/forcol-limpiajuntas\/"]}]},{"@type":"ImageObject","inLanguage":"fr-FR","@id":"https:\/\/forcol.atic.blue\/fr\/producto\/forcol-limpiajuntas\/#primaryimage","url":"https:\/\/forcol.atic.blue\/wp-content\/uploads\/2025\/04\/producto-rejuntado-limpiajuntas.jpg","contentUrl":"https:\/\/forcol.atic.blue\/wp-content\/uploads\/2025\/04\/producto-rejuntado-limpiajuntas.jpg","width":386,"height":616},{"@type":"BreadcrumbList","@id":"https:\/\/forcol.atic.blue\/fr\/producto\/forcol-limpiajuntas\/#breadcrumb","itemListElement":[{"@type":"ListItem","position":1,"name":"Portada","item":"https:\/\/forcol.atic.blue\/"},{"@type":"ListItem","position":2,"name":"Boutique","item":"https:\/\/forcol.atic.blue\/tienda\/"},{"@type":"ListItem","position":3,"name":"Forcol Limpiajuntas"}]},{"@type":"WebSite","@id":"https:\/\/forcol.atic.blue\/#website","url":"https:\/\/forcol.atic.blue\/","name":"Forcol","description":"","potentialAction":[{"@type":"SearchAction","target":{"@type":"EntryPoint","urlTemplate":"https:\/\/forcol.atic.blue\/?s={search_term_string}"},"query-input":{"@type":"PropertyValueSpecification","valueRequired":true,"valueName":"search_term_string"}}],"inLanguage":"fr-FR"}]}},"_links":{"self":[{"href":"https:\/\/forcol.atic.blue\/fr\/wp-json\/wp\/v2\/product\/766","targetHints":{"allow":["GET"]}}],"collection":[{"href":"https:\/\/forcol.atic.blue\/fr\/wp-json\/wp\/v2\/product"}],"about":[{"href":"https:\/\/forcol.atic.blue\/fr\/wp-json\/wp\/v2\/types\/product"}],"replies":[{"embeddable":true,"href":"https:\/\/forcol.atic.blue\/fr\/wp-json\/wp\/v2\/comments?post=766"}],"wp:featuredmedia":[{"embeddable":true,"href":"https:\/\/forcol.atic.blue\/fr\/wp-json\/wp\/v2\/media\/598"}],"wp:attachment":[{"href":"https:\/\/forcol.atic.blue\/fr\/wp-json\/wp\/v2\/media?parent=766"}],"wp:term":[{"taxonomy":"product_brand","embeddable":true,"href":"https:\/\/forcol.atic.blue\/fr\/wp-json\/wp\/v2\/product_brand?post=766"},{"taxonomy":"product_cat","embeddable":true,"href":"https:\/\/forcol.atic.blue\/fr\/wp-json\/wp\/v2\/product_cat?post=766"},{"taxonomy":"product_tag","embeddable":true,"href":"https:\/\/forcol.atic.blue\/fr\/wp-json\/wp\/v2\/product_tag?post=766"}],"curies":[{"name":"wp","href":"https:\/\/api.w.org\/{rel}","templated":true}]}}