{"id":767,"date":"2025-04-29T08:14:49","date_gmt":"2025-04-29T08:14:49","guid":{"rendered":"https:\/\/forcol.atic.blue\/producto\/forcol-juntaepoxi\/"},"modified":"2025-05-28T14:22:40","modified_gmt":"2025-05-28T14:22:40","slug":"forcol-juntaepoxi","status":"publish","type":"product","link":"https:\/\/forcol.atic.blue\/fr\/producto\/forcol-juntaepoxi\/","title":{"rendered":"Forcol Juntaepoxi"},"content":{"rendered":"<p>Mat\u00e9riau de jointoiement pour r\u00e9sines r\u00e9actives RG 2T pour l\u2019\u00e9tanch\u00e9it\u00e9 des joints acides r\u00e9sistants, de 0 \u00e0 10 mm d\u2019\u00e9paisseur. Faible viscosit\u00e9. Application facile. Convient pour sceller les joints de carreaux anti-acides dans les industries, les communaut\u00e9s et dans les endroits o\u00f9 une prise rapide et anti-acide est n\u00e9cessaire. Gamme de 25 couleurs. Disponible en bouteilles de7et22Kg.<\/p>\n","protected":false},"excerpt":{"rendered":"<p>Mat\u00e9riau de jointoiement pour r\u00e9sines r\u00e9actives RG 2T pour l\u2019\u00e9tanch\u00e9it\u00e9 des joints acides r\u00e9sistants, de 0 \u00e0 10 mm d\u2019\u00e9paisseur. Faible viscosit\u00e9. Application facile. Convient pour sceller les joints de carreaux anti-acides dans les industries, les communaut\u00e9s et dans les endroits o\u00f9 une prise rapide et anti-acide est n\u00e9cessaire. Gamme de 25 couleurs. Disponible en [&hellip;]<\/p>\n","protected":false},"featured_media":601,"comment_status":"open","ping_status":"closed","template":"","meta":{"_acf_changed":false},"product_brand":[],"product_cat":[45],"product_tag":[],"class_list":{"0":"post-767","1":"product","2":"type-product","3":"status-publish","4":"has-post-thumbnail","6":"product_cat-produits-de-jointoiement","8":"first","9":"outofstock","10":"shipping-taxable","11":"product-type-variable"},"acf":[],"yoast_head":"<!-- This site is optimized with the Yoast SEO plugin v24.9 - https:\/\/yoast.com\/wordpress\/plugins\/seo\/ -->\n<title>Mortier \u00e9poxy haute r\u00e9sistance pour carrelage | Forcol<\/title>\n<meta name=\"description\" content=\"Mortier \u00e9poxy \u00e0 deux composants pour le jointoiement de carreaux et de mosa\u00efques. Haute r\u00e9sistance chimique et m\u00e9canique, id\u00e9al pour les zones humides.\" \/>\n<meta name=\"robots\" content=\"noindex, follow, max-snippet:-1, max-image-preview:large, max-video-preview:-1\" \/>\n<meta property=\"og:locale\" content=\"fr_FR\" \/>\n<meta property=\"og:type\" content=\"article\" \/>\n<meta property=\"og:title\" content=\"Mortier \u00e9poxy haute r\u00e9sistance pour carrelage | Forcol\" \/>\n<meta property=\"og:description\" content=\"Mortier \u00e9poxy \u00e0 deux composants pour le jointoiement de carreaux et de mosa\u00efques. Haute r\u00e9sistance chimique et m\u00e9canique, id\u00e9al pour les zones humides.\" \/>\n<meta property=\"og:url\" content=\"https:\/\/forcol.atic.blue\/fr\/producto\/forcol-juntaepoxi\/\" \/>\n<meta property=\"og:site_name\" content=\"Forcol\" \/>\n<meta property=\"article:modified_time\" content=\"2025-05-28T14:22:40+00:00\" \/>\n<meta property=\"og:image\" content=\"https:\/\/forcol.atic.blue\/wp-content\/uploads\/2025\/04\/producto-rejuntado-juntaepoxi.jpg\" \/>\n\t<meta property=\"og:image:width\" content=\"415\" \/>\n\t<meta property=\"og:image:height\" content=\"548\" \/>\n\t<meta property=\"og:image:type\" content=\"image\/jpeg\" \/>\n<meta name=\"twitter:card\" content=\"summary_large_image\" \/>\n<meta name=\"twitter:label1\" content=\"Dur\u00e9e de lecture estim\u00e9e\" \/>\n\t<meta name=\"twitter:data1\" content=\"1 minute\" \/>\n<script type=\"application\/ld+json\" class=\"yoast-schema-graph\">{\"@context\":\"https:\/\/schema.org\",\"@graph\":[{\"@type\":\"WebPage\",\"@id\":\"https:\/\/forcol.atic.blue\/fr\/producto\/forcol-juntaepoxi\/\",\"url\":\"https:\/\/forcol.atic.blue\/fr\/producto\/forcol-juntaepoxi\/\",\"name\":\"Mortier \u00e9poxy haute r\u00e9sistance pour carrelage | Forcol\",\"isPartOf\":{\"@id\":\"https:\/\/forcol.atic.blue\/#website\"},\"primaryImageOfPage\":{\"@id\":\"https:\/\/forcol.atic.blue\/fr\/producto\/forcol-juntaepoxi\/#primaryimage\"},\"image\":{\"@id\":\"https:\/\/forcol.atic.blue\/fr\/producto\/forcol-juntaepoxi\/#primaryimage\"},\"thumbnailUrl\":\"https:\/\/forcol.atic.blue\/wp-content\/uploads\/2025\/04\/producto-rejuntado-juntaepoxi.jpg\",\"datePublished\":\"2025-04-29T08:14:49+00:00\",\"dateModified\":\"2025-05-28T14:22:40+00:00\",\"description\":\"Mortier \u00e9poxy \u00e0 deux composants pour le jointoiement de carreaux et de mosa\u00efques. Haute r\u00e9sistance chimique et m\u00e9canique, id\u00e9al pour les zones humides.\",\"breadcrumb\":{\"@id\":\"https:\/\/forcol.atic.blue\/fr\/producto\/forcol-juntaepoxi\/#breadcrumb\"},\"inLanguage\":\"fr-FR\",\"potentialAction\":[{\"@type\":\"ReadAction\",\"target\":[\"https:\/\/forcol.atic.blue\/fr\/producto\/forcol-juntaepoxi\/\"]}]},{\"@type\":\"ImageObject\",\"inLanguage\":\"fr-FR\",\"@id\":\"https:\/\/forcol.atic.blue\/fr\/producto\/forcol-juntaepoxi\/#primaryimage\",\"url\":\"https:\/\/forcol.atic.blue\/wp-content\/uploads\/2025\/04\/producto-rejuntado-juntaepoxi.jpg\",\"contentUrl\":\"https:\/\/forcol.atic.blue\/wp-content\/uploads\/2025\/04\/producto-rejuntado-juntaepoxi.jpg\",\"width\":415,\"height\":548},{\"@type\":\"BreadcrumbList\",\"@id\":\"https:\/\/forcol.atic.blue\/fr\/producto\/forcol-juntaepoxi\/#breadcrumb\",\"itemListElement\":[{\"@type\":\"ListItem\",\"position\":1,\"name\":\"Portada\",\"item\":\"https:\/\/forcol.atic.blue\/\"},{\"@type\":\"ListItem\",\"position\":2,\"name\":\"Boutique\",\"item\":\"https:\/\/forcol.atic.blue\/tienda\/\"},{\"@type\":\"ListItem\",\"position\":3,\"name\":\"Forcol Juntaepoxi\"}]},{\"@type\":\"WebSite\",\"@id\":\"https:\/\/forcol.atic.blue\/#website\",\"url\":\"https:\/\/forcol.atic.blue\/\",\"name\":\"Forcol\",\"description\":\"\",\"potentialAction\":[{\"@type\":\"SearchAction\",\"target\":{\"@type\":\"EntryPoint\",\"urlTemplate\":\"https:\/\/forcol.atic.blue\/?s={search_term_string}\"},\"query-input\":{\"@type\":\"PropertyValueSpecification\",\"valueRequired\":true,\"valueName\":\"search_term_string\"}}],\"inLanguage\":\"fr-FR\"}]}<\/script>\n<!-- \/ Yoast SEO plugin. -->","yoast_head_json":{"title":"Mortier \u00e9poxy haute r\u00e9sistance pour carrelage | Forcol","description":"Mortier \u00e9poxy \u00e0 deux composants pour le jointoiement de carreaux et de mosa\u00efques. Haute r\u00e9sistance chimique et m\u00e9canique, id\u00e9al pour les zones humides.","robots":{"index":"noindex","follow":"follow","max-snippet":"max-snippet:-1","max-image-preview":"max-image-preview:large","max-video-preview":"max-video-preview:-1"},"og_locale":"fr_FR","og_type":"article","og_title":"Mortier \u00e9poxy haute r\u00e9sistance pour carrelage | Forcol","og_description":"Mortier \u00e9poxy \u00e0 deux composants pour le jointoiement de carreaux et de mosa\u00efques. Haute r\u00e9sistance chimique et m\u00e9canique, id\u00e9al pour les zones humides.","og_url":"https:\/\/forcol.atic.blue\/fr\/producto\/forcol-juntaepoxi\/","og_site_name":"Forcol","article_modified_time":"2025-05-28T14:22:40+00:00","og_image":[{"width":415,"height":548,"url":"https:\/\/forcol.atic.blue\/wp-content\/uploads\/2025\/04\/producto-rejuntado-juntaepoxi.jpg","type":"image\/jpeg"}],"twitter_card":"summary_large_image","twitter_misc":{"Dur\u00e9e de lecture estim\u00e9e":"1 minute"},"schema":{"@context":"https:\/\/schema.org","@graph":[{"@type":"WebPage","@id":"https:\/\/forcol.atic.blue\/fr\/producto\/forcol-juntaepoxi\/","url":"https:\/\/forcol.atic.blue\/fr\/producto\/forcol-juntaepoxi\/","name":"Mortier \u00e9poxy haute r\u00e9sistance pour carrelage | Forcol","isPartOf":{"@id":"https:\/\/forcol.atic.blue\/#website"},"primaryImageOfPage":{"@id":"https:\/\/forcol.atic.blue\/fr\/producto\/forcol-juntaepoxi\/#primaryimage"},"image":{"@id":"https:\/\/forcol.atic.blue\/fr\/producto\/forcol-juntaepoxi\/#primaryimage"},"thumbnailUrl":"https:\/\/forcol.atic.blue\/wp-content\/uploads\/2025\/04\/producto-rejuntado-juntaepoxi.jpg","datePublished":"2025-04-29T08:14:49+00:00","dateModified":"2025-05-28T14:22:40+00:00","description":"Mortier \u00e9poxy \u00e0 deux composants pour le jointoiement de carreaux et de mosa\u00efques. Haute r\u00e9sistance chimique et m\u00e9canique, id\u00e9al pour les zones humides.","breadcrumb":{"@id":"https:\/\/forcol.atic.blue\/fr\/producto\/forcol-juntaepoxi\/#breadcrumb"},"inLanguage":"fr-FR","potentialAction":[{"@type":"ReadAction","target":["https:\/\/forcol.atic.blue\/fr\/producto\/forcol-juntaepoxi\/"]}]},{"@type":"ImageObject","inLanguage":"fr-FR","@id":"https:\/\/forcol.atic.blue\/fr\/producto\/forcol-juntaepoxi\/#primaryimage","url":"https:\/\/forcol.atic.blue\/wp-content\/uploads\/2025\/04\/producto-rejuntado-juntaepoxi.jpg","contentUrl":"https:\/\/forcol.atic.blue\/wp-content\/uploads\/2025\/04\/producto-rejuntado-juntaepoxi.jpg","width":415,"height":548},{"@type":"BreadcrumbList","@id":"https:\/\/forcol.atic.blue\/fr\/producto\/forcol-juntaepoxi\/#breadcrumb","itemListElement":[{"@type":"ListItem","position":1,"name":"Portada","item":"https:\/\/forcol.atic.blue\/"},{"@type":"ListItem","position":2,"name":"Boutique","item":"https:\/\/forcol.atic.blue\/tienda\/"},{"@type":"ListItem","position":3,"name":"Forcol Juntaepoxi"}]},{"@type":"WebSite","@id":"https:\/\/forcol.atic.blue\/#website","url":"https:\/\/forcol.atic.blue\/","name":"Forcol","description":"","potentialAction":[{"@type":"SearchAction","target":{"@type":"EntryPoint","urlTemplate":"https:\/\/forcol.atic.blue\/?s={search_term_string}"},"query-input":{"@type":"PropertyValueSpecification","valueRequired":true,"valueName":"search_term_string"}}],"inLanguage":"fr-FR"}]}},"_links":{"self":[{"href":"https:\/\/forcol.atic.blue\/fr\/wp-json\/wp\/v2\/product\/767","targetHints":{"allow":["GET"]}}],"collection":[{"href":"https:\/\/forcol.atic.blue\/fr\/wp-json\/wp\/v2\/product"}],"about":[{"href":"https:\/\/forcol.atic.blue\/fr\/wp-json\/wp\/v2\/types\/product"}],"replies":[{"embeddable":true,"href":"https:\/\/forcol.atic.blue\/fr\/wp-json\/wp\/v2\/comments?post=767"}],"wp:featuredmedia":[{"embeddable":true,"href":"https:\/\/forcol.atic.blue\/fr\/wp-json\/wp\/v2\/media\/601"}],"wp:attachment":[{"href":"https:\/\/forcol.atic.blue\/fr\/wp-json\/wp\/v2\/media?parent=767"}],"wp:term":[{"taxonomy":"product_brand","embeddable":true,"href":"https:\/\/forcol.atic.blue\/fr\/wp-json\/wp\/v2\/product_brand?post=767"},{"taxonomy":"product_cat","embeddable":true,"href":"https:\/\/forcol.atic.blue\/fr\/wp-json\/wp\/v2\/product_cat?post=767"},{"taxonomy":"product_tag","embeddable":true,"href":"https:\/\/forcol.atic.blue\/fr\/wp-json\/wp\/v2\/product_tag?post=767"}],"curies":[{"name":"wp","href":"https:\/\/api.w.org\/{rel}","templated":true}]}}